{"id":36688,"date":"2026-03-27T13:53:01","date_gmt":"2026-03-27T12:53:01","guid":{"rendered":"https:\/\/www.kern-unternehmensnachfolge.com\/?page_id=36688"},"modified":"2026-03-27T15:17:18","modified_gmt":"2026-03-27T14:17:18","slug":"freiburg","status":"publish","type":"page","link":"https:\/\/www.kern-unternehmensnachfolge.com\/pt\/standort\/freiburg\/","title":{"rendered":"<span class=\"caps\">KERN<\/span> \u2013 Stand\u00adort Freiburg"},"content":{"rendered":"<p><a target=\"_blank\" href=\"https:\/\/www.kern-unternehmensnachfolge.com\/pt\/\" data-id-d=\"0\" data-img-style=\"width: 100%;\"><img decoding=\"async\" src=\"https:\/\/www.kern-unternehmensnachfolge.com\/wp-content\/uploads\/2023\/05\/kern_logo2023_rgb_farbig_transparent.png\" height=\"502\" width=\"1317\" alt=\"Log\u00f3tipo KERN\" style=\"width: 100%;\" loading=\"lazy\"><\/a><\/p>\n<h2 style=\"text-align: left;\">Suces\u00ads\u00e3o de empre\u00adsas, venda de empre\u00adsas, mudan\u00ad\u00e7a de gera\u00e7\u00e3o<\/h2>\n<h1>Treffen Sie die Spezia\u00adlis\u00adten f\u00fcr Unternehmens\u00adnachfolge in Freiburg<\/h1>\n<h3 style=\"text-align: left;\">Ihr <span class=\"caps\">KERN<\/span> Partner in Freiburg<\/h3>\n<h3 style>Jos\u00e9 Andr\u00e9<\/h3>\n<p>Jahrgang 1975, Diplom-Ingenieur (<span class=\"caps\">HTL<\/span>), Fachrich\u00adtung Bautech\u00adnik, dipl. syste\u00admi\u00adscher Business <span class=\"amp\">&amp;<\/span> Manage\u00adment Coach (<span class=\"caps\">CAS<\/span>\/<span class=\"caps\">ECA<\/span>) mit den Schwer\u00adpunk\u00adten Ver\u00e4n\u00adde\u00adrungs-Manage\u00adment, Innova\u00adti\u00adon und Transaktion.<\/p>\n<p><span style=\"width: 100%;\"><img decoding=\"async\" alt title=\"Kern_26-29_06_22_11329-andre Gro\u00df\" data-id=\"24417\" src=\"https:\/\/www.kern-unternehmensnachfolge.com\/wp-content\/uploads\/2022\/09\/Kern_26-29_06_22_11329-andre-Gross-e1663002795808.jpeg\" style=\"aspect-ratio: auto 1280 \/ 720;\" width=\"493\" height=\"277\" data-width=\"493\" data-height=\"277\" data-init-width=\"1280\" data-init-height=\"720\" mt-d=\"0\" ml-d=\"0\" center-v-d=\"false\" mt-t=\"0\" ml-t=\"0\" center-h-d=\"false\" loading=\"lazy\"><\/span><\/p>\n<h3 style>Karl Rehfu\u00df<\/h3>\n<p>Jahrgang 1968, Handels\u00adfach\u00adwirt (<span class=\"caps\">IHK<\/span>). Umfang\u00adrei\u00adche Erfah\u00adrung im Auf- und Ausbau mittel\u00adst\u00e4n\u00addi\u00adscher Unter\u00adneh\u00admen des Fachgro\u00df\u00adhan\u00addels und der Indus\u00adtrie inner\u00adhalb der Baubran\u00adche und deren Infrastruktur.<\/p>\n<p><span style=\"width: 100%;\"><img decoding=\"async\" alt=\"Kern Unternehmensnachfolge - Karl Rehfuss - Kennenlernvideo\" title=\"Kern Unternehmensnachfolge - Karl Rehfuss - Kennenlernvideo\" data-id=\"35291\" src=\"https:\/\/www.kern-unternehmensnachfolge.com\/wp-content\/uploads\/2025\/11\/Kern-Unternehmensnachfolge-Karl-Rehfuss-Kennenlernvideo.webp\" style=\"aspect-ratio: auto 2100 \/ 1400;\" width=\"493\" height=\"328\" data-width=\"493\" data-height=\"328\" data-init-width=\"2100\" data-init-height=\"1400\" mt-d=\"-52.54699999999997\" ml-d=\"0\" center-v-d=\"false\" mt-t=\"0\" ml-t=\"-21.625\" center-h-d=\"false\" loading=\"lazy\"><\/span><\/p>\n<h3 style=\"text-align: center;\">Conno\u00adsco, \u00e9 muito mais do que um simples cliente. A suces\u00ads\u00e3o da sua empre\u00adsa est\u00e1 no nosso cora\u00e7\u00e3o.<\/h3>\n<p>Sie sind auf der Suche nach einem Partner, der Ihre Unternehmens\u00adnachfolge vertrau\u00adens\u00advoll, kompe\u00adtent und engagiert beglei\u00adtet. Bei <span class=\"caps\">KERN<\/span> treffen Sie Menschen, f\u00fcr die Sie mehr sind als eine Beratungs\u00adkun\u00adde. Menschen, die Sie verste\u00adhen und die wissen, was dieser gro\u00dfe Schritt f\u00fcr Sie ganz pers\u00f6n\u00adlich bedeutet.<\/p>\n<p>Oft handelt es sich um hohe und sehr wichti\u00adge Verm\u00f6\u00adgens\u00adwer\u00adte. Es geht um Ihre pers\u00f6n\u00adli\u00adche Absiche\u00adrung, die Zukunft Ihrer Mitar\u00adbei\u00adter oder auch um Wachs\u00adtum und die konkre\u00adte Identi\u00adfi\u00adzie\u00adrung des passen\u00adden K\u00e4ufers oder Verk\u00e4ufers.<\/p>\n<p>Die Erfah\u00adrung und Exper\u00adti\u00adse Ihres <span class=\"caps\">KERN<\/span> Beraters kann Sie vor teuren und schwer\u00adwie\u00adgen\u00adden Fehlern sch\u00fct\u00adzen. Machen Sie jetzt den n\u00e4chs\u00adten Schritt bei Ihrer Unternehmens\u00adnachfolge, dem <a href=\"https:\/\/www.kern-unternehmensnachfolge.com\/pt\/venda-de-uma-empresa-4\/\" target=\"_blank\" style=\"outline: none;\">Venda da empre\u00adsa<\/a> aquisi\u00ad\u00e7\u00e3o de empre\u00adsa ou mudan\u00ad\u00e7a de gera\u00e7\u00e3o.<\/p>\n<p><strong><span class=\"caps\">KERN<\/span> Suces\u00ads\u00e3o Empre\u00adsa\u00adri\u00adal Freiburg<\/strong><br> (alle Partner sind recht\u00adlich eigen\u00adst\u00e4n\u00addig) <br>Kaiser-Joseph-Str. 254<br>79098 Freiburg im Breisgau<\/p>\n<p>Telefo\u00adne&nbsp;<a href=\"tel:+4976155724843\" target=\"_blank\" style=\"outline: none;\">+49 761 55724843<\/a><br><a href=\"mailto:freiburg@kern-unternehmensnachfolge.com\" target=\"_blank\" style=\"outline: none;\">freiburg@kern-unternehmensnachfolge.com<\/a><\/p>","protected":false},"excerpt":{"rendered":"<p>Unternehmensnachfolge, Unternehmensverkauf, Generationswechsel Treffen Sie die Spezialisten f\u00fcr Unternehmensnachfolge in Freiburg Ihr KERN Partner in Freiburg Josef Andr\u00e9 Jahrgang 1975, [&hellip;]<\/p>\n","protected":false},"author":84,"featured_media":0,"parent":27709,"menu_order":0,"comment_status":"closed","ping_status":"closed","template":"","meta":{"wp_typography_post_enhancements_disabled":false,"_kad_blocks_custom_css":"","_kad_blocks_head_custom_js":"","_kad_blocks_body_custom_js":"","_kad_blocks_footer_custom_js":"","site-sidebar-layout":"no-sidebar","site-content-layout":"page-builder","ast-site-content-layout":"full-width-container","site-content-style":"unboxed","site-sidebar-style":"unboxed","ast-global-header-display":"disabled","ast-banner-title-visibility":"disabled","ast-main-header-display":"","ast-hfb-above-header-display":"","ast-hfb-below-header-display":"","ast-hfb-mobile-header-display":"","site-post-title":"","ast-breadcrumbs-content":"","ast-featured-img":"","footer-sml-layout":"disabled","ast-disable-related-posts":"","theme-transparent-header-meta":"","adv-header-id-meta":"","stick-header-meta":"","header-above-stick-meta":"","header-main-stick-meta":"","header-below-stick-meta":"","astra-migrate-meta-layouts":"set","ast-page-background-enabled":"default","ast-page-background-meta":{"desktop":{"background-color":"","background-image":"","background-repeat":"repeat","background-position":"center center","background-size":"auto","background-attachment":"scroll","background-type":"","background-media":"","overlay-type":"","overlay-color":"","overlay-opacity":"","overlay-gradient":""},"tablet":{"background-color":"","background-image":"","background-repeat":"repeat","background-position":"center center","background-size":"auto","background-attachment":"scroll","background-type":"","background-media":"","overlay-type":"","overlay-color":"","overlay-opacity":"","overlay-gradient":""},"mobile":{"background-color":"","background-image":"","background-repeat":"repeat","background-position":"center center","background-size":"auto","background-attachment":"scroll","background-type":"","background-media":"","overlay-type":"","overlay-color":"","overlay-opacity":"","overlay-gradient":""}},"ast-content-background-meta":{"desktop":{"background-color":"var(--ast-global-color-5)","background-image":"","background-repeat":"repeat","background-position":"center center","background-size":"auto","background-attachment":"scroll","background-type":"","background-media":"","overlay-type":"","overlay-color":"","overlay-opacity":"","overlay-gradient":""},"tablet":{"background-color":"var(--ast-global-color-5)","background-image":"","background-repeat":"repeat","background-position":"center center","background-size":"auto","background-attachment":"scroll","background-type":"","background-media":"","overlay-type":"","overlay-color":"","overlay-opacity":"","overlay-gradient":""},"mobile":{"background-color":"var(--ast-global-color-5)","background-image":"","background-repeat":"repeat","background-position":"center center","background-size":"auto","background-attachment":"scroll","background-type":"","background-media":"","overlay-type":"","overlay-color":"","overlay-opacity":"","overlay-gradient":""}},"iawp_total_views":30,"footnotes":"","tve_updated_post":"","tve_custom_css":"","tve_user_custom_css":"","tve_globals":{"e":"1","font_cls":[]},"tcb2_ready":1,"tcb_editor_enabled":1,"tve_landing_page":"f03cab1f326d0a351d40add42e2ef2ff","_tve_header":"0","_tve_footer":"0"},"class_list":["post-36688","page","type-page","status-publish","hentry"],"taxonomy_info":[],"featured_image_src_large":false,"author_info":{"display_name":"Benjamin","author_link":"https:\/\/www.kern-unternehmensnachfolge.com\/pt\/author\/benjamin-onestop\/"},"comment_info":0,"_links":{"self":[{"href":"https:\/\/www.kern-unternehmensnachfolge.com\/pt\/wp-json\/wp\/v2\/pages\/36688","targetHints":{"allow":["GET"]}}],"collection":[{"href":"https:\/\/www.kern-unternehmensnachfolge.com\/pt\/wp-json\/wp\/v2\/pages"}],"about":[{"href":"https:\/\/www.kern-unternehmensnachfolge.com\/pt\/wp-json\/wp\/v2\/types\/page"}],"author":[{"embeddable":true,"href":"https:\/\/www.kern-unternehmensnachfolge.com\/pt\/wp-json\/wp\/v2\/users\/84"}],"replies":[{"embeddable":true,"href":"https:\/\/www.kern-unternehmensnachfolge.com\/pt\/wp-json\/wp\/v2\/comments?post=36688"}],"version-history":[{"count":4,"href":"https:\/\/www.kern-unternehmensnachfolge.com\/pt\/wp-json\/wp\/v2\/pages\/36688\/revisions"}],"predecessor-version":[{"id":36708,"href":"https:\/\/www.kern-unternehmensnachfolge.com\/pt\/wp-json\/wp\/v2\/pages\/36688\/revisions\/36708"}],"up":[{"embeddable":true,"href":"https:\/\/www.kern-unternehmensnachfolge.com\/pt\/wp-json\/wp\/v2\/pages\/27709"}],"wp:attachment":[{"href":"https:\/\/www.kern-unternehmensnachfolge.com\/pt\/wp-json\/wp\/v2\/media?parent=36688"}],"curies":[{"name":"wp","href":"https:\/\/api.w.org\/{rel}","templated":true}]}}