{"id":36631,"date":"2026-03-23T19:52:59","date_gmt":"2026-03-23T18:52:59","guid":{"rendered":"https:\/\/www.kern-unternehmensnachfolge.com\/?page_id=36631"},"modified":"2026-03-23T20:07:53","modified_gmt":"2026-03-23T19:07:53","slug":"hanover","status":"publish","type":"page","link":"https:\/\/www.kern-unternehmensnachfolge.com\/pt\/standort\/hannover\/","title":{"rendered":"<span class=\"caps\">KERN<\/span> \u2013 Stand\u00adort Hannover"},"content":{"rendered":"<p><a target=\"_blank\" href=\"https:\/\/www.kern-unternehmensnachfolge.com\/pt\/\" data-id-d=\"0\" data-img-style=\"width: 100%;\"><img decoding=\"async\" src=\"https:\/\/www.kern-unternehmensnachfolge.com\/wp-content\/uploads\/2023\/05\/kern_logo2023_rgb_farbig_transparent.png\" height=\"502\" width=\"1317\" alt=\"Log\u00f3tipo KERN\" style=\"width: 100%;\" loading=\"lazy\"><\/a><\/p>\n<h2 style=\"text-align: left;\">Suces\u00ads\u00e3o de empre\u00adsas, venda de empre\u00adsas, mudan\u00ad\u00e7a de gera\u00e7\u00e3o<\/h2>\n<h1>Treffen Sie die Spezia\u00adlis\u00adten f\u00fcr Unternehmens\u00adnachfolge in Hannover<\/h1>\n<h3 style=\"text-align: left;\">O seu parce\u00adi\u00adro <span class=\"caps\">KERN<\/span> em Hanover<\/h3>\n<h3 style>Axel Bergmann<\/h3>\n<p>Jahrgang 1958, Bankkauf\u00admann, Dipl.-Kfm. mit Studi\u00adum in M\u00fcnster, Hamburg und New York. Berater und Dozent der <a href=\"http:\/\/www.unternehmensnachfolge-offensive-mittelstand.de\/ueber-uns\/\" target=\"_blank\" style=\"outline: none;\" rel=\"noopener\"><span class=\"caps\">PME<\/span> <span class=\"caps\">OFENSIVA<\/span><\/a> f\u00fcr Unternehmensnachfolge.<\/p>\n<p><span style=\"width: 100%;\"><img decoding=\"async\" alt=\"Axel Bergmann - S\u00f3cio da KERN\" title=\"Axel\" data-id=\"33214\" src=\"https:\/\/www.kern-unternehmensnachfolge.com\/wp-content\/uploads\/2025\/03\/Axel-scaled.jpg\" style=\"aspect-ratio: auto 2520 \/ 1680;\" width=\"493\" height=\"328\" data-width=\"493\" data-height=\"328\" data-init-width=\"2520\" data-init-height=\"1680\" mt-d=\"0\" ml-d=\"0\" center-v-d=\"false\" mt-t=\"0\" ml-t=\"0\" loading=\"lazy\"><\/span><\/p>\n<h3 style>J\u00f6rn Greve<\/h3>\n<p>Jahrgang 1964, Ausbil\u00addung zum Indus\u00adtrie\u00adkauf\u00admann, Studi\u00adum <span class=\"caps\">BWL<\/span> mit Abschluss Diplom-Kaufmann an der Univer\u00adsi\u00adt\u00e4t L\u00fcneburg, spezia\u00adli\u00adsiert auf mittel\u00adst\u00e4n\u00addi\u00adsche Wirtschaft.<\/p>\n<p><span style=\"width: 100%;\"><img decoding=\"async\" alt=\"J\u00f6rn Greve\" title=\"J\u00f6rn Greve\" data-id=\"32574\" src=\"https:\/\/www.kern-unternehmensnachfolge.com\/wp-content\/uploads\/2025\/01\/Header.09.00.jpg\" style=\"aspect-ratio: auto 1206 \/ 807;\" width=\"493\" height=\"330\" data-width=\"493\" data-height=\"330\" data-init-width=\"1206\" data-init-height=\"807\" mt-d=\"0\" ml-d=\"0\" center-v-d=\"false\" mt-t=\"0\" ml-t=\"-21.625\" loading=\"lazy\"><\/span><\/p>\n<h3 style=\"text-align: center;\">Conno\u00adsco, \u00e9 muito mais do que um simples cliente. A suces\u00ads\u00e3o da sua empre\u00adsa est\u00e1 no nosso cora\u00e7\u00e3o.<\/h3>\n<p>Sie sind auf der Suche nach einem Partner, der Ihre Unternehmens\u00adnachfolge vertrau\u00adens\u00advoll, kompe\u00adtent und engagiert beglei\u00adtet. Bei <span class=\"caps\">KERN<\/span> treffen Sie Menschen, f\u00fcr die Sie mehr sind als eine Beratungs\u00adkun\u00adde. Menschen, die Sie verste\u00adhen und die wissen, was dieser gro\u00dfe Schritt f\u00fcr Sie ganz pers\u00f6n\u00adlich bedeutet.<\/p>\n<p>Oft handelt es sich um hohe und sehr wichti\u00adge Verm\u00f6\u00adgens\u00adwer\u00adte. Es geht um Ihre pers\u00f6n\u00adli\u00adche Absiche\u00adrung, die Zukunft Ihrer Mitar\u00adbei\u00adter oder auch um Wachs\u00adtum und die konkre\u00adte Identi\u00adfi\u00adzie\u00adrung des passen\u00adden K\u00e4ufers oder Verk\u00e4ufers.<\/p>\n<p>Die Erfah\u00adrung und Exper\u00adti\u00adse Ihres <span class=\"caps\">KERN<\/span> Beraters kann Sie vor teuren und schwer\u00adwie\u00adgen\u00adden Fehlern sch\u00fct\u00adzen. Machen Sie jetzt den n\u00e4chs\u00adten Schritt bei Ihrer Unternehmens\u00adnachfolge, dem <a href=\"https:\/\/www.kern-unternehmensnachfolge.com\/pt\/venda-de-uma-empresa-4\/\" target=\"_blank\" style=\"outline: none;\">Venda da empre\u00adsa<\/a> aquisi\u00ad\u00e7\u00e3o de empre\u00adsa ou mudan\u00ad\u00e7a de gera\u00e7\u00e3o.<\/p>\n<p><strong><span class=\"caps\">KERN<\/span> Suces\u00ads\u00e3o empre\u00adsa\u00adri\u00adal Hanover<\/strong><br> (alle Partner sind recht\u00adlich eigen\u00adst\u00e4n\u00addig) <br>Luisen\u00adstra\u00ad\u00dfe 5<br>30159 Hanover<\/p>\n<p>Telefon: <a href=\"tel:+495113075670\" target=\"_blank\">+49 (0) 511 \u2013 307 5670<\/a><br><a href=\"mailto:hannover@kern-unternehmensnachfolge.com\" target=\"_blank\" style=\"outline: none;\">hannover@kern-unternehmensnachfolge.com<\/a><\/p>","protected":false},"excerpt":{"rendered":"<p>Unternehmensnachfolge, Unternehmensverkauf, Generationswechsel Treffen Sie die Spezialisten f\u00fcr Unternehmensnachfolge in Hannover Ihr KERN Partner in Hannover Axel Bergmann Jahrgang 1958, [&hellip;]<\/p>\n","protected":false},"author":84,"featured_media":0,"parent":27709,"menu_order":0,"comment_status":"closed","ping_status":"closed","template":"","meta":{"wp_typography_post_enhancements_disabled":false,"_kad_blocks_custom_css":"","_kad_blocks_head_custom_js":"","_kad_blocks_body_custom_js":"","_kad_blocks_footer_custom_js":"","site-sidebar-layout":"no-sidebar","site-content-layout":"page-builder","ast-site-content-layout":"full-width-container","site-content-style":"unboxed","site-sidebar-style":"unboxed","ast-global-header-display":"disabled","ast-banner-title-visibility":"disabled","ast-main-header-display":"","ast-hfb-above-header-display":"","ast-hfb-below-header-display":"","ast-hfb-mobile-header-display":"","site-post-title":"","ast-breadcrumbs-content":"","ast-featured-img":"","footer-sml-layout":"disabled","ast-disable-related-posts":"","theme-transparent-header-meta":"","adv-header-id-meta":"","stick-header-meta":"","header-above-stick-meta":"","header-main-stick-meta":"","header-below-stick-meta":"","astra-migrate-meta-layouts":"set","ast-page-background-enabled":"default","ast-page-background-meta":{"desktop":{"background-color":"","background-image":"","background-repeat":"repeat","background-position":"center center","background-size":"auto","background-attachment":"scroll","background-type":"","background-media":"","overlay-type":"","overlay-color":"","overlay-opacity":"","overlay-gradient":""},"tablet":{"background-color":"","background-image":"","background-repeat":"repeat","background-position":"center center","background-size":"auto","background-attachment":"scroll","background-type":"","background-media":"","overlay-type":"","overlay-color":"","overlay-opacity":"","overlay-gradient":""},"mobile":{"background-color":"","background-image":"","background-repeat":"repeat","background-position":"center center","background-size":"auto","background-attachment":"scroll","background-type":"","background-media":"","overlay-type":"","overlay-color":"","overlay-opacity":"","overlay-gradient":""}},"ast-content-background-meta":{"desktop":{"background-color":"var(--ast-global-color-5)","background-image":"","background-repeat":"repeat","background-position":"center center","background-size":"auto","background-attachment":"scroll","background-type":"","background-media":"","overlay-type":"","overlay-color":"","overlay-opacity":"","overlay-gradient":""},"tablet":{"background-color":"var(--ast-global-color-5)","background-image":"","background-repeat":"repeat","background-position":"center center","background-size":"auto","background-attachment":"scroll","background-type":"","background-media":"","overlay-type":"","overlay-color":"","overlay-opacity":"","overlay-gradient":""},"mobile":{"background-color":"var(--ast-global-color-5)","background-image":"","background-repeat":"repeat","background-position":"center center","background-size":"auto","background-attachment":"scroll","background-type":"","background-media":"","overlay-type":"","overlay-color":"","overlay-opacity":"","overlay-gradient":""}},"iawp_total_views":39,"footnotes":""},"class_list":["post-36631","page","type-page","status-publish","hentry"],"taxonomy_info":[],"featured_image_src_large":false,"author_info":{"display_name":"Benjamin","author_link":"https:\/\/www.kern-unternehmensnachfolge.com\/pt\/author\/benjamin-onestop\/"},"comment_info":0,"_links":{"self":[{"href":"https:\/\/www.kern-unternehmensnachfolge.com\/pt\/wp-json\/wp\/v2\/pages\/36631","targetHints":{"allow":["GET"]}}],"collection":[{"href":"https:\/\/www.kern-unternehmensnachfolge.com\/pt\/wp-json\/wp\/v2\/pages"}],"about":[{"href":"https:\/\/www.kern-unternehmensnachfolge.com\/pt\/wp-json\/wp\/v2\/types\/page"}],"author":[{"embeddable":true,"href":"https:\/\/www.kern-unternehmensnachfolge.com\/pt\/wp-json\/wp\/v2\/users\/84"}],"replies":[{"embeddable":true,"href":"https:\/\/www.kern-unternehmensnachfolge.com\/pt\/wp-json\/wp\/v2\/comments?post=36631"}],"version-history":[{"count":0,"href":"https:\/\/www.kern-unternehmensnachfolge.com\/pt\/wp-json\/wp\/v2\/pages\/36631\/revisions"}],"up":[{"embeddable":true,"href":"https:\/\/www.kern-unternehmensnachfolge.com\/pt\/wp-json\/wp\/v2\/pages\/27709"}],"wp:attachment":[{"href":"https:\/\/www.kern-unternehmensnachfolge.com\/pt\/wp-json\/wp\/v2\/media?parent=36631"}],"curies":[{"name":"wp","href":"https:\/\/api.w.org\/{rel}","templated":true}]}}