{"id":36574,"date":"2026-03-15T13:51:10","date_gmt":"2026-03-15T12:51:10","guid":{"rendered":"https:\/\/www.kern-unternehmensnachfolge.com\/?page_id=36574"},"modified":"2026-03-15T14:12:47","modified_gmt":"2026-03-15T13:12:47","slug":"hamburg","status":"publish","type":"page","link":"https:\/\/www.kern-unternehmensnachfolge.com\/pt\/standort\/hamburg\/","title":{"rendered":"<span class=\"caps\">KERN<\/span> \u2013 Stand\u00adort Hamburg"},"content":{"rendered":"<p><a target=\"_blank\" href=\"https:\/\/www.kern-unternehmensnachfolge.com\/pt\/\" data-id-d=\"0\" data-img-style=\"width: 100%;\"><img decoding=\"async\" src=\"https:\/\/www.kern-unternehmensnachfolge.com\/wp-content\/uploads\/2023\/05\/kern_logo2023_rgb_farbig_transparent.png\" height=\"502\" width=\"1317\" alt=\"Log\u00f3tipo KERN\" style=\"width: 100%;\" loading=\"lazy\"><\/a><\/p>\n<h2 style=\"text-align: left;\">Suces\u00ads\u00e3o de empre\u00adsas, venda de empre\u00adsas, mudan\u00ad\u00e7a de gera\u00e7\u00e3o<\/h2>\n<h1>Treffen Sie die Spezia\u00adlis\u00adten f\u00fcr Unternehmens\u00adnachfolge in Hamburg<\/h1>\n<h3 style=\"text-align: left;\">O seu parce\u00adi\u00adro <span class=\"caps\">KERN<\/span> em Hamburgo<\/h3>\n<h3 style>Nicole Kalon\u00adda<\/h3>\n<p>Jahrgang 1967, Diplom Infor\u00adma\u00adti\u00adke\u00adrin, Schwer\u00adpunkt Wirtschafts\u00adin\u00adfor\u00adma\u00adtik und Control\u00adling. Business-Coach und Exper\u00adtin f\u00fcr Unternehmens\u00adnachfolge, Unter\u00adnehmens\u00adverkauf, -kauf und -bewer\u00adtung. Jahre\u00adlan\u00adge Exper\u00adti\u00adse in der Struk\u00adtu\u00adrie\u00adrung von M<span class=\"amp\">&amp;<\/span>A Prozessen.<\/p>\n<p><span style=\"width: 100%;\"><img decoding=\"async\" alt=\"Nicole Kalonda - KERN Unternehmensberaterin\" title=\"Nicole Kalonda - KERN Unternehmensberaterin\" data-id=\"36541\" src=\"https:\/\/www.kern-unternehmensnachfolge.com\/wp-content\/uploads\/2026\/03\/Nicole-Kalonda-KERN-Unternehmensberaterin.webp\" style=\"aspect-ratio: auto 900 \/ 640;\" width=\"493\" height=\"350\" data-width=\"493\" data-height=\"350\" data-init-width=\"900\" data-init-height=\"640\" mt-d=\"-13.51600000000002\" ml-d=\"0\" center-v-d=\"false\" mt-t=\"0\" ml-t=\"0\" loading=\"lazy\"><\/span><\/p>\n<h3 style>G\u00f6tz Kehrein<\/h3>\n<p>Jahrgang 1963, Dipl.-Kaufmann, Fachrich\u00adtun\u00adgen: Wirtschafts\u00adpr\u00fc\u00adfung, Steuer- und Wirtschafts\u00adrecht. Zerti\u00adfi\u00adzier\u00adter Change Manager, Business-Coach und Business-Trainer, Exper\u00adte f\u00fcr Unternehmens\u00adnachfolge, Unter\u00adnehmens\u00adverkauf, -kauf und -bewertung.<\/p>\n<p><span style=\"width: 100%;\"><img decoding=\"async\" alt title=\"Kern_26-29_06_22_11162-kehrein Gro\u00df\" data-id=\"24428\" src=\"https:\/\/www.kern-unternehmensnachfolge.com\/wp-content\/uploads\/2022\/09\/Kern_26-29_06_22_11162-kehrein-Gross.jpeg\" style=\"aspect-ratio: auto 1280 \/ 853;\" width=\"493\" height=\"328\" data-width=\"493\" data-height=\"328\" data-init-width=\"1280\" data-init-height=\"853\" mt-d=\"-17.35899999999998\" ml-d=\"0\" center-v-d=\"false\" mt-t=\"0\" ml-t=\"-21.625\" loading=\"lazy\"><\/span><\/p>\n<h3 style=\"text-align: center;\">Conno\u00adsco, \u00e9 muito mais do que um simples cliente. A suces\u00ads\u00e3o da sua empre\u00adsa est\u00e1 no nosso cora\u00e7\u00e3o.<\/h3>\n<p>Sie sind auf der Suche nach einem Partner, der Ihre Unternehmens\u00adnachfolge vertrau\u00adens\u00advoll, kompe\u00adtent und engagiert beglei\u00adtet. Bei <span class=\"caps\">KERN<\/span> treffen Sie Menschen, f\u00fcr die Sie mehr sind als eine Beratungs\u00adkun\u00adde. Menschen, die Sie verste\u00adhen und die wissen, was dieser gro\u00dfe Schritt f\u00fcr Sie ganz pers\u00f6n\u00adlich bedeutet.<\/p>\n<p>Oft handelt es sich um hohe und sehr wichti\u00adge Verm\u00f6\u00adgens\u00adwer\u00adte. Es geht um Ihre pers\u00f6n\u00adli\u00adche Absiche\u00adrung, die Zukunft Ihrer Mitar\u00adbei\u00adter oder auch um Wachs\u00adtum und die konkre\u00adte Identi\u00adfi\u00adzie\u00adrung des passen\u00adden K\u00e4ufers oder Verk\u00e4ufers.<\/p>\n<p>Die Erfah\u00adrung und Exper\u00adti\u00adse Ihres <span class=\"caps\">KERN<\/span> Beraters kann Sie vor teuren und schwer\u00adwie\u00adgen\u00adden Fehlern sch\u00fct\u00adzen. Machen Sie jetzt den n\u00e4chs\u00adten Schritt bei Ihrer Unternehmens\u00adnachfolge, dem <a href=\"https:\/\/www.kern-unternehmensnachfolge.com\/pt\/venda-de-uma-empresa-4\/\" target=\"_blank\" style=\"outline: none;\">Venda da empre\u00adsa<\/a> aquisi\u00ad\u00e7\u00e3o de empre\u00adsa ou mudan\u00ad\u00e7a de gera\u00e7\u00e3o.<\/p>\n<p><strong><span class=\"caps\">KERN<\/span> Suces\u00ads\u00e3o Empre\u00adsa\u00adri\u00adal Hambur\u00adgo<\/strong><br> (alle Partner sind recht\u00adlich eigen\u00adst\u00e4n\u00addig) <br>Ballin\u00addamm 39<br>20095 Hambur\u00adgo<\/p>\n<p><a href=\"mailto:hamburg@kern-unternehmensnachfolge.com\" target=\"_blank\" style=\"outline: none;\">hamburg@kern-unternehmensnachfolge.com<\/a><\/p>","protected":false},"excerpt":{"rendered":"<p>Unternehmensnachfolge, Unternehmensverkauf, Generationswechsel Treffen Sie die Spezialisten f\u00fcr Unternehmensnachfolge in Hamburg Ihr KERN Partner in Hamburg Nicole Kalonda Jahrgang 1967, [&hellip;]<\/p>\n","protected":false},"author":84,"featured_media":0,"parent":27709,"menu_order":0,"comment_status":"closed","ping_status":"closed","template":"","meta":{"wp_typography_post_enhancements_disabled":false,"_kad_blocks_custom_css":"","_kad_blocks_head_custom_js":"","_kad_blocks_body_custom_js":"","_kad_blocks_footer_custom_js":"","site-sidebar-layout":"no-sidebar","site-content-layout":"page-builder","ast-site-content-layout":"full-width-container","site-content-style":"unboxed","site-sidebar-style":"unboxed","ast-global-header-display":"disabled","ast-banner-title-visibility":"disabled","ast-main-header-display":"","ast-hfb-above-header-display":"","ast-hfb-below-header-display":"","ast-hfb-mobile-header-display":"","site-post-title":"","ast-breadcrumbs-content":"","ast-featured-img":"","footer-sml-layout":"disabled","ast-disable-related-posts":"","theme-transparent-header-meta":"","adv-header-id-meta":"","stick-header-meta":"","header-above-stick-meta":"","header-main-stick-meta":"","header-below-stick-meta":"","astra-migrate-meta-layouts":"set","ast-page-background-enabled":"default","ast-page-background-meta":{"desktop":{"background-color":"","background-image":"","background-repeat":"repeat","background-position":"center center","background-size":"auto","background-attachment":"scroll","background-type":"","background-media":"","overlay-type":"","overlay-color":"","overlay-opacity":"","overlay-gradient":""},"tablet":{"background-color":"","background-image":"","background-repeat":"repeat","background-position":"center center","background-size":"auto","background-attachment":"scroll","background-type":"","background-media":"","overlay-type":"","overlay-color":"","overlay-opacity":"","overlay-gradient":""},"mobile":{"background-color":"","background-image":"","background-repeat":"repeat","background-position":"center center","background-size":"auto","background-attachment":"scroll","background-type":"","background-media":"","overlay-type":"","overlay-color":"","overlay-opacity":"","overlay-gradient":""}},"ast-content-background-meta":{"desktop":{"background-color":"var(--ast-global-color-5)","background-image":"","background-repeat":"repeat","background-position":"center center","background-size":"auto","background-attachment":"scroll","background-type":"","background-media":"","overlay-type":"","overlay-color":"","overlay-opacity":"","overlay-gradient":""},"tablet":{"background-color":"var(--ast-global-color-5)","background-image":"","background-repeat":"repeat","background-position":"center center","background-size":"auto","background-attachment":"scroll","background-type":"","background-media":"","overlay-type":"","overlay-color":"","overlay-opacity":"","overlay-gradient":""},"mobile":{"background-color":"var(--ast-global-color-5)","background-image":"","background-repeat":"repeat","background-position":"center center","background-size":"auto","background-attachment":"scroll","background-type":"","background-media":"","overlay-type":"","overlay-color":"","overlay-opacity":"","overlay-gradient":""}},"iawp_total_views":96,"footnotes":""},"class_list":["post-36574","page","type-page","status-publish","hentry"],"taxonomy_info":[],"featured_image_src_large":false,"author_info":{"display_name":"Benjamin","author_link":"https:\/\/www.kern-unternehmensnachfolge.com\/pt\/author\/benjamin-onestop\/"},"comment_info":0,"_links":{"self":[{"href":"https:\/\/www.kern-unternehmensnachfolge.com\/pt\/wp-json\/wp\/v2\/pages\/36574","targetHints":{"allow":["GET"]}}],"collection":[{"href":"https:\/\/www.kern-unternehmensnachfolge.com\/pt\/wp-json\/wp\/v2\/pages"}],"about":[{"href":"https:\/\/www.kern-unternehmensnachfolge.com\/pt\/wp-json\/wp\/v2\/types\/page"}],"author":[{"embeddable":true,"href":"https:\/\/www.kern-unternehmensnachfolge.com\/pt\/wp-json\/wp\/v2\/users\/84"}],"replies":[{"embeddable":true,"href":"https:\/\/www.kern-unternehmensnachfolge.com\/pt\/wp-json\/wp\/v2\/comments?post=36574"}],"version-history":[{"count":0,"href":"https:\/\/www.kern-unternehmensnachfolge.com\/pt\/wp-json\/wp\/v2\/pages\/36574\/revisions"}],"up":[{"embeddable":true,"href":"https:\/\/www.kern-unternehmensnachfolge.com\/pt\/wp-json\/wp\/v2\/pages\/27709"}],"wp:attachment":[{"href":"https:\/\/www.kern-unternehmensnachfolge.com\/pt\/wp-json\/wp\/v2\/media?parent=36574"}],"curies":[{"name":"wp","href":"https:\/\/api.w.org\/{rel}","templated":true}]}}