{"id":28869,"date":"2023-09-10T16:28:10","date_gmt":"2023-09-10T14:28:10","guid":{"rendered":"https:\/\/kern-unternehmensnachfolge.com\/?page_id=28869"},"modified":"2026-02-15T14:43:29","modified_gmt":"2026-02-15T13:43:29","slug":"peso-do-consultor-2","status":"publish","type":"page","link":"https:\/\/www.kern-unternehmensnachfolge.com\/pt\/ratgeber-schaefer\/","title":{"rendered":"Unternehmens\u00adnachfolge Ratge\u00adber Sch\u00e4fer"},"content":{"rendered":"<h6>30 Exper\u00adten ver\u00f6f\u00adfent\u00adli\u00adchen 200 Seiten geball\u00adtes Know-How<\/h6>\n<h1>Ultima\u00adti\u00adver Ratge\u00adber <span class=\"caps\">GRATIS<\/span>: Wie die Unternehmens\u00adnachfolge zu Ihrem gr\u00f6\u00dften Erfolg wird.<\/h1>\n<p><span style=\"width: 100%;\"><img decoding=\"async\" alt=\"Guia de sucess\u00e3o empresarial PDF\" width=\"430\" height=\"355\" title=\"guia de sucess\u00e3o2022-500\" data-id=\"21776\" src=\"https:\/\/www.kern-unternehmensnachfolge.com\/wp-content\/uploads\/2022\/03\/ratgeber-unternehmensnachfolge2022-500.png\" style=\"aspect-ratio: auto 500 \/ 413;\" data-width=\"430\" data-height=\"355\" data-init-width=\"500\" data-init-height=\"413\" loading=\"lazy\"><\/span>     <!-- Original logos -->  <a href=\"#lightbox-1\" data-lightbox=\"lightbox-1\" data-img=\"https:\/\/www.kern-unternehmensnachfolge.com\/wp-content\/uploads\/2025\/03\/UDZ-Siegel_Nils-Koerber.webp\" target=\"_blank\"> <img decoding=\"async\" src=\"https:\/\/www.kern-unternehmensnachfolge.com\/wp-content\/uploads\/2025\/03\/UDZ-Siegel_Nils-Koerber.webp\" alt=\"UDZ Selo Nils K\u00f6rber\"> <\/a>   <a href=\"#lightbox-2\" data-lightbox=\"lightbox-2\" data-img=\"https:\/\/www.kern-unternehmensnachfolge.com\/wp-content\/uploads\/2024\/05\/german-customer-arwards2024-150x150.jpeg\" target=\"_blank\"> <img decoding=\"async\" src=\"https:\/\/www.kern-unternehmensnachfolge.com\/wp-content\/uploads\/2024\/05\/german-customer-arwards2024-150x150.jpeg\" alt=\"Pr\u00e9mios de clientes alem\u00e3es 2024\"> <\/a>   <a href=\"https:\/\/www.provenexpert.com\/kern-zukunft-fuer-lebenswerke\/\" target=\"_blank\" rel=\"noopener\"> <img decoding=\"async\" src=\"https:\/\/www.kern-unternehmensnachfolge.com\/wp-content\/uploads\/2025\/10\/Proven-Expert-Von-Kunden-Empfohlen-2025.webp\" alt=\"Especialista comprovado - Recomendado pelos clientes 2025\"> <\/a>   <a href=\"https:\/\/die-deutsche-wirtschaft.de\/top-mittelstand-deutschland-kern-zukunft-fuer-lebenswerke\/\" target=\"_blank\" rel=\"noopener\"> <img decoding=\"async\" src=\"https:\/\/www.kern-unternehmensnachfolge.com\/wp-content\/uploads\/2025\/08\/Top-Branche-Siegel-KERN.webp\" alt=\"Empresa de m\u00e9dio porte de ponta\"> <\/a>   <a href=\"https:\/\/die-deutsche-wirtschaft.de\/exzellenzberater\/kern-unternehmensnachfolge-erfolgreicher\/\" target=\"_blank\" rel=\"noopener\"> <img decoding=\"async\" src=\"https:\/\/www.kern-unternehmensnachfolge.com\/wp-content\/uploads\/2025\/03\/Exzellenzberater-Deutscher-Mittelstand-2023.webp\" alt=\"Consultor de Excel\u00eancia 2023\"> <\/a>   <a href=\"https:\/\/die-deutsche-wirtschaft.de\/exzellenzberater\/kern-unternehmensnachfolge-erfolgreicher\/\" target=\"_blank\" rel=\"noopener\"> <img decoding=\"async\" src=\"https:\/\/www.kern-unternehmensnachfolge.com\/wp-content\/uploads\/2025\/03\/Exzellenzberater-Deutscher-Mittelstand-2024.webp\" alt=\"Consultor de Excel\u00eancia 2024\"> <\/a>   <a href=\"#lightbox-6\" data-lightbox=\"lightbox-6\" data-img=\"https:\/\/www.kern-unternehmensnachfolge.com\/wp-content\/uploads\/2025\/09\/Exzellenter-Nachfolgeberater-Award-2025.webp\" target=\"_blank\"> <img decoding=\"async\" src=\"https:\/\/www.kern-unternehmensnachfolge.com\/wp-content\/uploads\/2025\/09\/Exzellenter-Nachfolgeberater-Award-2025.webp\" alt=\"Exzellenter Nachfolgeberater Award 2025\"> <\/a>   <a href=\"https:\/\/vimeo.com\/775891851\" target=\"_blank\" rel=\"noopener\"> <img decoding=\"async\" src=\"https:\/\/www.kern-unternehmensnachfolge.com\/wp-content\/uploads\/2023\/07\/kern-german-brand-award-2021-132x300.jpeg\" alt=\"Pr\u00e9mio Marca Alem\u00e3 2021\"> <\/a>   <a href=\"https:\/\/vimeo.com\/787837024\" target=\"_blank\" rel=\"noopener\"> <img decoding=\"async\" src=\"https:\/\/www.kern-unternehmensnachfolge.com\/wp-content\/uploads\/2025\/03\/Innovator-des-Jahres-2021.webp\" alt=\"Inovador 2021\"> <\/a>   <a href=\"#lightbox-3\" data-lightbox=\"lightbox-3\" data-img=\"https:\/\/www.kern-unternehmensnachfolge.com\/wp-content\/uploads\/2023\/06\/TC_19_Member_Strich-211x300.jpg\" target=\"_blank\"> <img decoding=\"async\" src=\"https:\/\/www.kern-unternehmensnachfolge.com\/wp-content\/uploads\/2023\/06\/TC_19_Member_Strich-211x300.jpg\" alt=\"TC 19 Membro\"> <\/a>   <a href=\"https:\/\/vimeo.com\/775920300\" target=\"_blank\" rel=\"noopener\"> <img decoding=\"async\" src=\"https:\/\/www.kern-unternehmensnachfolge.com\/wp-content\/uploads\/2023\/06\/TC_20_Member_Strich-210x300.jpg\" alt=\"TC 20 Membro\"> <\/a>   <a href=\"https:\/\/www.top-consultant.de\/kern-unternehmensnachfolge-erfolgreicher-2023\/\" target=\"_blank\" rel=\"noopener\"> <img decoding=\"async\" src=\"https:\/\/www.kern-unternehmensnachfolge.com\/wp-content\/uploads\/2023\/06\/tc_23_member_strich-210x300.jpg\" alt=\"TC 23 Membro\"> <\/a>   <a href=\"#lightbox-4\" data-lightbox=\"lightbox-4\" data-img=\"https:\/\/www.kern-unternehmensnachfolge.com\/wp-content\/uploads\/2025\/04\/SZ-Institut-Beste-Berater-Mittelstand.webp\" target=\"_blank\"> <img decoding=\"async\" src=\"https:\/\/www.kern-unternehmensnachfolge.com\/wp-content\/uploads\/2025\/04\/SZ-Institut-Beste-Berater-Mittelstand.webp\" alt=\"SZ Melhores consultores para pequenas e m\u00e9dias empresas\"> <\/a>   <a href=\"#lightbox-5\" data-lightbox=\"lightbox-5\" data-img=\"https:\/\/www.kern-unternehmensnachfolge.com\/wp-content\/uploads\/2025\/06\/WirtschaftsWoche-Beste-Berater-Mittelstand.webp\" target=\"_blank\"> <img decoding=\"async\" src=\"https:\/\/www.kern-unternehmensnachfolge.com\/wp-content\/uploads\/2025\/06\/WirtschaftsWoche-Beste-Berater-Mittelstand.webp\" alt=\"WirtschaftsWoche Melhores consultores para m\u00e9dias empresas\"> <\/a>  <!-- Duplicate logos for seamless loop -->  <a href=\"#lightbox-1\" data-lightbox=\"lightbox-1\" data-img=\"https:\/\/www.kern-unternehmensnachfolge.com\/wp-content\/uploads\/2025\/03\/UDZ-Siegel_Nils-Koerber.webp\" target=\"_blank\"> <img decoding=\"async\" src=\"https:\/\/www.kern-unternehmensnachfolge.com\/wp-content\/uploads\/2025\/03\/UDZ-Siegel_Nils-Koerber.webp\" alt=\"UDZ Selo Nils K\u00f6rber\"> <\/a>   <a href=\"#lightbox-2\" data-lightbox=\"lightbox-2\" data-img=\"https:\/\/www.kern-unternehmensnachfolge.com\/wp-content\/uploads\/2024\/05\/german-customer-arwards2024-150x150.jpeg\" target=\"_blank\"> <img decoding=\"async\" src=\"https:\/\/www.kern-unternehmensnachfolge.com\/wp-content\/uploads\/2024\/05\/german-customer-arwards2024-150x150.jpeg\" alt=\"Pr\u00e9mios de clientes alem\u00e3es 2024\"> <\/a>   <a href=\"https:\/\/www.provenexpert.com\/kern-zukunft-fuer-lebenswerke\/\" target=\"_blank\" rel=\"noopener\"> <img decoding=\"async\" src=\"https:\/\/www.kern-unternehmensnachfolge.com\/wp-content\/uploads\/2025\/10\/Proven-Expert-Von-Kunden-Empfohlen-2025.webp\" alt=\"Especialista comprovado - Recomendado pelos clientes 2025\"> <\/a>   <a href=\"https:\/\/die-deutsche-wirtschaft.de\/top-mittelstand-deutschland-kern-zukunft-fuer-lebenswerke\/\" target=\"_blank\" rel=\"noopener\"> <img decoding=\"async\" src=\"https:\/\/www.kern-unternehmensnachfolge.com\/wp-content\/uploads\/2025\/08\/Top-Branche-Siegel-KERN.webp\" alt=\"Empresa de m\u00e9dio porte de ponta\"> <\/a>   <a href=\"https:\/\/die-deutsche-wirtschaft.de\/exzellenzberater\/kern-unternehmensnachfolge-erfolgreicher\/\" target=\"_blank\" rel=\"noopener\"> <img decoding=\"async\" src=\"https:\/\/www.kern-unternehmensnachfolge.com\/wp-content\/uploads\/2025\/03\/Exzellenzberater-Deutscher-Mittelstand-2023.webp\" alt=\"Consultor de Excel\u00eancia 2023\"> <\/a>   <a href=\"https:\/\/die-deutsche-wirtschaft.de\/exzellenzberater\/kern-unternehmensnachfolge-erfolgreicher\/\" target=\"_blank\" rel=\"noopener\"> <img decoding=\"async\" src=\"https:\/\/www.kern-unternehmensnachfolge.com\/wp-content\/uploads\/2025\/03\/Exzellenzberater-Deutscher-Mittelstand-2024.webp\" alt=\"Consultor de Excel\u00eancia 2024\"> <\/a>   <a href=\"#lightbox-6\" data-lightbox=\"lightbox-6\" data-img=\"https:\/\/www.kern-unternehmensnachfolge.com\/wp-content\/uploads\/2025\/09\/Exzellenter-Nachfolgeberater-Award-2025.webp\" target=\"_blank\"> <img decoding=\"async\" src=\"https:\/\/www.kern-unternehmensnachfolge.com\/wp-content\/uploads\/2025\/09\/Exzellenter-Nachfolgeberater-Award-2025.webp\" alt=\"Exzellenter Nachfolgeberater Award 2025\"> <\/a>   <a href=\"https:\/\/vimeo.com\/775891851\" target=\"_blank\" rel=\"noopener\"> <img decoding=\"async\" src=\"https:\/\/www.kern-unternehmensnachfolge.com\/wp-content\/uploads\/2023\/07\/kern-german-brand-award-2021-132x300.jpeg\" alt=\"Pr\u00e9mio Marca Alem\u00e3 2021\"> <\/a>   <a href=\"https:\/\/vimeo.com\/787837024\" target=\"_blank\" rel=\"noopener\"> <img decoding=\"async\" src=\"https:\/\/www.kern-unternehmensnachfolge.com\/wp-content\/uploads\/2025\/03\/Innovator-des-Jahres-2021.webp\" alt=\"Inovador 2021\"> <\/a>   <a href=\"#lightbox-3\" data-lightbox=\"lightbox-3\" data-img=\"https:\/\/www.kern-unternehmensnachfolge.com\/wp-content\/uploads\/2023\/06\/TC_19_Member_Strich-211x300.jpg\" target=\"_blank\"> <img decoding=\"async\" src=\"https:\/\/www.kern-unternehmensnachfolge.com\/wp-content\/uploads\/2023\/06\/TC_19_Member_Strich-211x300.jpg\" alt=\"TC 19 Membro\"> <\/a>   <a href=\"https:\/\/vimeo.com\/775920300\" target=\"_blank\" rel=\"noopener\"> <img decoding=\"async\" src=\"https:\/\/www.kern-unternehmensnachfolge.com\/wp-content\/uploads\/2023\/06\/TC_20_Member_Strich-210x300.jpg\" alt=\"TC 20 Membro\"> <\/a>   <a href=\"https:\/\/www.top-consultant.de\/kern-unternehmensnachfolge-erfolgreicher-2023\/\" target=\"_blank\" rel=\"noopener\"> <img decoding=\"async\" src=\"https:\/\/www.kern-unternehmensnachfolge.com\/wp-content\/uploads\/2023\/06\/tc_23_member_strich-210x300.jpg\" alt=\"TC 23 Membro\"> <\/a>   <a href=\"#lightbox-4\" data-lightbox=\"lightbox-4\" data-img=\"https:\/\/www.kern-unternehmensnachfolge.com\/wp-content\/uploads\/2025\/04\/SZ-Institut-Beste-Berater-Mittelstand.webp\" target=\"_blank\"> <img decoding=\"async\" src=\"https:\/\/www.kern-unternehmensnachfolge.com\/wp-content\/uploads\/2025\/04\/SZ-Institut-Beste-Berater-Mittelstand.webp\" alt=\"SZ Melhores consultores para pequenas e m\u00e9dias empresas\"> <\/a>   <a href=\"#lightbox-5\" data-lightbox=\"lightbox-5\" data-img=\"https:\/\/www.kern-unternehmensnachfolge.com\/wp-content\/uploads\/2025\/06\/WirtschaftsWoche-Beste-Berater-Mittelstand.webp\" target=\"_blank\"> <img decoding=\"async\" src=\"https:\/\/www.kern-unternehmensnachfolge.com\/wp-content\/uploads\/2025\/06\/WirtschaftsWoche-Beste-Berater-Mittelstand.webp\" alt=\"WirtschaftsWoche Melhores consultores para m\u00e9dias empresas\"> <\/a>    <!-- Lightbox containers -->   <span>\u2715<\/span> <img decoding=\"async\" src=\"https:\/\/www.kern-unternehmensnachfolge.com\/wp-content\/uploads\/2025\/03\/UDZ-Siegel_Nils-Koerber.webp\" alt=\"UDZ Selo Nils K\u00f6rber\"> <span class=\"caps\">UDZ<\/span> Selo Nils K\u00f6rber     <span>\u2715<\/span> <img decoding=\"async\" src=\"https:\/\/www.kern-unternehmensnachfolge.com\/wp-content\/uploads\/2024\/05\/german-customer-arwards2024-150x150.jpeg\" alt=\"Pr\u00e9mios de clientes alem\u00e3es 2024\"> Pr\u00e9mi\u00ados de clientes alem\u00e3es 2024     <span>\u2715<\/span> <img decoding=\"async\" src=\"https:\/\/www.kern-unternehmensnachfolge.com\/wp-content\/uploads\/2023\/06\/TC_19_Member_Strich-211x300.jpg\" alt=\"TC 19 Membro\"> <span class=\"caps\">TC<\/span> 19 Membro     <span>\u2715<\/span> <img decoding=\"async\" src=\"https:\/\/www.kern-unternehmensnachfolge.com\/wp-content\/uploads\/2025\/04\/SZ-Institut-Beste-Berater-Mittelstand.webp\" alt=\"SZ - Melhores consultores para pequenas e m\u00e9dias empresas\">  Beste Berater Mittel\u00adstand \u2013 <span class=\"caps\">SZ<\/span> Insti\u00adtut      <span>\u2715<\/span> <img decoding=\"async\" src=\"https:\/\/www.kern-unternehmensnachfolge.com\/wp-content\/uploads\/2025\/06\/WirtschaftsWoche-Beste-Berater-Mittelstand.webp\" alt=\"WirtschaftsWoche - Melhores consultores para pequenas e m\u00e9dias empresas\">  Beste Berater Mittel\u00adstand \u2013 Wirtschafts\u00adWo\u00adche      <span>\u2715<\/span> <img decoding=\"async\" src=\"https:\/\/www.kern-unternehmensnachfolge.com\/wp-content\/uploads\/2025\/09\/Exzellenter-Nachfolgeberater-Award-2025.webp\" alt=\"Exzellenter Nachfolgeberater Award 2025\">  Exzel\u00adlen\u00adter Nachfol\u00adge\u00adbe\u00adra\u00adter Award 2025    <!-- JavaScript for lightbox functionality -->  <\/p>\n<h5 style=\"text-align: left;\"><a href=\"https:\/\/www.kern-unternehmensnachfolge.com\/pt\/\">P\u00e1gina inicial<\/a> | <a href=\"\/pt\/impressao\/\" target=\"_blank\" style=\"outline: none;\">Impres\u00ads\u00e3o<\/a> | <a href=\"\/pt\/protecao-de-dados\/\" target=\"_blank\" style=\"outline: none;\">Prote\u00ad\u00e7\u00e3o de&nbsp;dados<\/a><\/h5>","protected":false},"excerpt":{"rendered":"<p>30 Experten ver\u00f6ffentlichen 200 Seiten geballtes Know-How Ultimativer Ratgeber GRATIS: Wie die Unternehmensnachfolge zu Ihrem gr\u00f6\u00dften Erfolg wird. \u2715 UDZ [&hellip;]<\/p>\n","protected":false},"author":1,"featured_media":0,"parent":0,"menu_order":0,"comment_status":"closed","ping_status":"closed","template":"","meta":{"wp_typography_post_enhancements_disabled":false,"_kad_blocks_custom_css":"","_kad_blocks_head_custom_js":"","_kad_blocks_body_custom_js":"","_kad_blocks_footer_custom_js":"","site-sidebar-layout":"default","site-content-layout":"default","ast-site-content-layout":"default","site-content-style":"default","site-sidebar-style":"default","ast-global-header-display":"","ast-banner-title-visibility":"","ast-main-header-display":"","ast-hfb-above-header-display":"","ast-hfb-below-header-display":"","ast-hfb-mobile-header-display":"","site-post-title":"","ast-breadcrumbs-content":"","ast-featured-img":"","footer-sml-layout":"","ast-disable-related-posts":"","theme-transparent-header-meta":"default","adv-header-id-meta":"","stick-header-meta":"default","header-above-stick-meta":"","header-main-stick-meta":"","header-below-stick-meta":"","astra-migrate-meta-layouts":"default","ast-page-background-enabled":"default","ast-page-background-meta":{"desktop":{"background-color":"","background-image":"","background-repeat":"repeat","background-position":"center center","background-size":"auto","background-attachment":"scroll","background-type":"","background-media":"","overlay-type":"","overlay-color":"","overlay-opacity":"","overlay-gradient":""},"tablet":{"background-color":"","background-image":"","background-repeat":"repeat","background-position":"center center","background-size":"auto","background-attachment":"scroll","background-type":"","background-media":"","overlay-type":"","overlay-color":"","overlay-opacity":"","overlay-gradient":""},"mobile":{"background-color":"","background-image":"","background-repeat":"repeat","background-position":"center center","background-size":"auto","background-attachment":"scroll","background-type":"","background-media":"","overlay-type":"","overlay-color":"","overlay-opacity":"","overlay-gradient":""}},"ast-content-background-meta":{"desktop":{"background-color":"var(--ast-global-color-5)","background-image":"","background-repeat":"repeat","background-position":"center center","background-size":"auto","background-attachment":"scroll","background-type":"","background-media":"","overlay-type":"","overlay-color":"","overlay-opacity":"","overlay-gradient":""},"tablet":{"background-color":"var(--ast-global-color-5)","background-image":"","background-repeat":"repeat","background-position":"center center","background-size":"auto","background-attachment":"scroll","background-type":"","background-media":"","overlay-type":"","overlay-color":"","overlay-opacity":"","overlay-gradient":""},"mobile":{"background-color":"var(--ast-global-color-5)","background-image":"","background-repeat":"repeat","background-position":"center center","background-size":"auto","background-attachment":"scroll","background-type":"","background-media":"","overlay-type":"","overlay-color":"","overlay-opacity":"","overlay-gradient":""}},"iawp_total_views":1,"footnotes":"","tve_updated_post":"<div class=\"thrv_wrapper thrv-page-section tcb-window-width\" style=\"width: 1620px; left: -270px;\" data-css=\"tve-u-163b9911b8b\">\n<div class=\"tve-page-section-out\" data-css=\"tve-u-163b99094a9\"><\/div>\n<div class=\"tve-page-section-in tve_empty_dropzone\" data-css=\"tve-u-163b990549c\"><div class=\"thrv_wrapper thrv-columns\"><div class=\"tcb-flex-row tcb-resized tcb--cols--2\" data-css=\"tve-u-163b9938463\"><div class=\"tcb-flex-col\" data-css=\"tve-u-163b992ee43\" style=\"\"><div class=\"tcb-col tve_empty_dropzone\"><div class=\"thrv_wrapper tve_image_caption\" data-css=\"tve-u-163b990eb90\"><span class=\"tve_image_frame\" style=\"width: 100%;\"><img class=\"tve_image wp-image-46\" alt=\"\" width=\"300\" height=\"138\" title=\"logo-kern-dark\" data-id=\"46\" src=\"https:\/\/www.kern-unternehmensnachfolge.com\/wp-content\/uploads\/2018\/05\/logo-kern-dark-300x138.png\" style=\"width: 100%;\"><\/span><\/div><\/div><\/div><div class=\"tcb-flex-col\" data-css=\"tve-u-163b992ee47\" style=\"\"><div class=\"tcb-col tve_empty_dropzone\"><div class=\"thrv_wrapper thrv_heading\" data-tag=\"h4\"><h4 data-css=\"tve-u-163b998d7dd\" style=\"text-align: center;\">Rufen Sie mich an: 0 54 61 \/ 80 92 840&nbsp;<\/h4><\/div><\/div><\/div><\/div><\/div><\/div>\n<\/div><div class=\"thrv_wrapper thrv-page-section tcb-window-width tcb-video-background-parent on_hover\" style=\"width: 1620px; left: -270px;\" data-css=\"tve-u-163b990441c\">\n<div class=\"tve-page-section-out tcb-video-background-el\" data-css=\"tve-u-163b983ac36\"><div id=\"tcb-yt-163b98345ec\" class=\"tcb-yt-bg\" data-url=\"https:\/\/youtu.be\/USS-DfG3mJg\" data-yt-id=\"USS-DfG3mJg\"><\/div><\/div>\n<div class=\"tve-page-section-in tve_empty_dropzone\" data-css=\"tve-u-163b98064e5\"><div class=\"tcb-clear\" data-css=\"tve-u-163b98064dd\"><div class=\"thrv_wrapper thrv_heading\" data-tag=\"h2\" data-css=\"tve-u-163b98064e7\"><h2 data-css=\"tve-u-163b98064df\" style=\"text-align: left;\">Die Spezialisten f\u00fcr Unternehmensnachfolge. Beste Berater f\u00fcr den Mittelstand*<\/h2><\/div><\/div><div class=\"thrv_wrapper thrv-columns\" data-css=\"tve-u-163b98064e1\"><div class=\"tcb-flex-row tcb--cols--2\" data-css=\"tve-u-163b98064e0\"><div class=\"tcb-flex-col\"><div class=\"tcb-col tve_empty_dropzone\"><div class=\"thrv_wrapper thrv-button\" data-css=\"tve-u-163b98064e3\" data-tcb_hover_state_parent=\"\" data-button-style=\"rounded\" style=\"\">\n<a href=\"#\" class=\"tcb-button-link\">\n<span class=\"tcb-button-texts\"><span class=\"tcb-button-text thrv-inline-text\" data-css=\"tve-u-163b98064dc\">Kostenlose Erstberatung<\/span><\/span>\n<\/a>\n<\/div><\/div><\/div><div class=\"tcb-flex-col\"><div class=\"tcb-col tve_empty_dropzone\"><div class=\"thrv_wrapper thrv-button tcb-with-icon\" data-css=\"tve-u-163b98064e6\" data-tcb_hover_state_parent=\"\" data-button-style=\"default\">\n<a href=\"#\" class=\"tcb-button-link\"><span class=\"tcb-button-icon\">\n<div class=\"thrv_wrapper thrv_icon tve_no_drag tve_no_icons tcb-icon-inherit-style tcb-icon-display\" data-css=\"tve-u-163b98064de\"><svg class=\"tcb-icon\" viewBox=\"0 0 24 28\" data-name=\"play-circle-o\">\n<path d=\"M18.5 14c0 0.359-0.187 0.688-0.5 0.859l-8.5 5c-0.156 0.094-0.328 0.141-0.5 0.141s-0.344-0.047-0.5-0.125c-0.313-0.187-0.5-0.516-0.5-0.875v-10c0-0.359 0.187-0.688 0.5-0.875 0.313-0.172 0.703-0.172 1 0.016l8.5 5c0.313 0.172 0.5 0.5 0.5 0.859zM20.5 14c0-4.688-3.813-8.5-8.5-8.5s-8.5 3.813-8.5 8.5 3.813 8.5 8.5 8.5 8.5-3.813 8.5-8.5zM24 14c0 6.625-5.375 12-12 12s-12-5.375-12-12 5.375-12 12-12 12 5.375 12 12z\"><\/path>\n<\/svg><\/div>\n<\/span>\n<span class=\"tcb-button-texts\"><span class=\"tcb-button-text thrv-inline-text\">Video starten<\/span><\/span>\n<\/a>\n<\/div><\/div><\/div><\/div><\/div><\/div>\n<\/div>","tve_custom_css":"@media (min-width: 300px){#tve_editor [data-css=\"tve-u-163b998d7dd\"] { color: rgb(0, 115, 198) !important; font-size: 18px !important; }[data-css=\"tve-u-163b9938463\"] > .tcb-flex-col > .tcb-col { justify-content: center; }[data-css=\"tve-u-163b992ee47\"] { max-width: 34%; }[data-css=\"tve-u-163b992ee43\"] { max-width: 66%; }[data-css=\"tve-u-163b9911b8b\"] .tve-page-section-in { justify-content: center; display: flex; flex-direction: column; }[data-css=\"tve-u-163b990eb90\"] { width: 175px; margin-top: 0px !important; margin-bottom: 0px !important; }[data-css=\"tve-u-163b99094a9\"] { background-color: rgb(255, 255, 255) !important; }[data-css=\"tve-u-163b990549c\"] { max-width: 1080px; min-height: 125px !important; }#tve_editor [data-css=\"tve-u-163b98064dc\"] { color: rgb(255, 255, 255) !important; }[data-css=\"tve-u-163b98064dd\"]::after { clear: both; }[data-css=\"tve-u-163b98064de\"] { margin-left: 0px !important; }[data-css=\"tve-u-163b98064df\"] { line-height: 1.3em !important; }[data-css=\"tve-u-163b98064e0\"] { padding-top: 5px !important; padding-bottom: 5px !important; padding-left: 0px !important; }[data-css=\"tve-u-163b98064e1\"] { max-width: 700px; margin-top: 0px !important; }[data-css=\"tve-u-163b98064e3\"] { display: block; max-width: 100%; width: 100%; }[data-css=\"tve-u-163b98064e3\"] .tcb-button-link { min-height: 54.7619px; font-size: 1.33333em; padding-top: 0px; padding-bottom: 0px; overflow: hidden; border-radius: 8px; background-color: rgb(0, 115, 198) !important; background-image: none !important; }#tve_editor [data-css=\"tve-u-163b98064df\"] { color: rgb(255, 255, 255) !important; font-size: 52px !important; }[data-css=\"tve-u-163b98064e5\"] { max-width: 1080px; min-height: 750px !important; }[data-css=\"tve-u-163b98064e6\"] { display: block; max-width: 100%; width: 100%; }[data-css=\"tve-u-163b98064e6\"] .tcb-button-link { min-height: 54.7619px; font-size: 1.33333em; padding-top: 0px; padding-bottom: 0px; overflow: hidden; color: rgb(255, 255, 255); border: 2px solid rgb(255, 255, 255); border-radius: 7px; background-color: rgba(0, 115, 198, 0) !important; background-image: none !important; }[data-css=\"tve-u-163b98064e7\"] { max-width: 690px; float: left; z-index: 3; position: relative; width: 100%; margin-bottom: 0px !important; margin-left: auto !important; margin-right: auto !important; }[data-css=\"tve-u-163b983ac36\"] { box-shadow: rgba(0, 0, 0, 0.2) 0px 3px 10px inset; background-image: linear-gradient(rgba(0, 115, 198, 0.86), rgba(0, 115, 198, 0.86)) !important; background-size: auto !important; background-position: 50% 50% !important; background-attachment: scroll !important; background-repeat: no-repeat !important; }[data-css=\"tve-u-163b990441c\"] .tve-page-section-in { display: flex; justify-content: center; flex-direction: column; }[data-css=\"tve-u-163b990441c\"] { border: none; margin-top: 0px !important; padding-top: 40px !important; padding-bottom: 40px !important; }}","tve_user_custom_css":"","tve_globals":{"e":"1","font_cls":[]},"tcb2_ready":1,"tcb_editor_enabled":1,"tve_landing_page":"tcb2-blank-page-styled","_tve_header":"0","_tve_footer":"0"},"class_list":["post-28869","page","type-page","status-publish","hentry"],"taxonomy_info":[],"featured_image_src_large":false,"author_info":{"display_name":"filialleiter","author_link":"https:\/\/www.kern-unternehmensnachfolge.com\/pt\/author\/filialleiter\/"},"comment_info":0,"_links":{"self":[{"href":"https:\/\/www.kern-unternehmensnachfolge.com\/pt\/wp-json\/wp\/v2\/pages\/28869","targetHints":{"allow":["GET"]}}],"collection":[{"href":"https:\/\/www.kern-unternehmensnachfolge.com\/pt\/wp-json\/wp\/v2\/pages"}],"about":[{"href":"https:\/\/www.kern-unternehmensnachfolge.com\/pt\/wp-json\/wp\/v2\/types\/page"}],"author":[{"embeddable":true,"href":"https:\/\/www.kern-unternehmensnachfolge.com\/pt\/wp-json\/wp\/v2\/users\/1"}],"replies":[{"embeddable":true,"href":"https:\/\/www.kern-unternehmensnachfolge.com\/pt\/wp-json\/wp\/v2\/comments?post=28869"}],"version-history":[{"count":0,"href":"https:\/\/www.kern-unternehmensnachfolge.com\/pt\/wp-json\/wp\/v2\/pages\/28869\/revisions"}],"wp:attachment":[{"href":"https:\/\/www.kern-unternehmensnachfolge.com\/pt\/wp-json\/wp\/v2\/media?parent=28869"}],"curies":[{"name":"wp","href":"https:\/\/api.w.org\/{rel}","templated":true}]}}