{"id":28342,"date":"2023-07-18T02:09:04","date_gmt":"2023-07-18T00:09:04","guid":{"rendered":"https:\/\/kern-unternehmensnachfolge.com\/?page_id=28342"},"modified":"2026-03-03T07:17:53","modified_gmt":"2026-03-03T06:17:53","slug":"bremen","status":"publish","type":"page","link":"https:\/\/www.kern-unternehmensnachfolge.com\/pt\/standort\/bremen\/","title":{"rendered":"<span class=\"caps\">KERN<\/span> \u2013 Gesamt Unter\u00adnehmens\u00adverkauf Bremen"},"content":{"rendered":"<p><a target=\"_blank\" href=\"https:\/\/www.kern-unternehmensnachfolge.com\/pt\/\" data-id-d=\"0\" data-img-style=\"width: 100%;\"><img decoding=\"async\" src=\"https:\/\/www.kern-unternehmensnachfolge.com\/wp-content\/uploads\/2023\/05\/kern_logo2023_rgb_farbig_transparent.png\" height=\"502\" width=\"1317\" alt=\"Log\u00f3tipo KERN\" style=\"width: 100%;\" loading=\"lazy\"><\/a><\/p>\n<h4 style=\"text-align: center;\">Consul\u00adta inicial gratui\u00adta: <a href=\"tel:+49-421-69208840\" style=\"outline: none;\" target=\"_blank\">+49 421 69208840<\/a><\/h4>\n<h2 style=\"text-align: left;\">Suces\u00ads\u00e3o de empre\u00adsas, venda de empre\u00adsas, mudan\u00ad\u00e7a de gera\u00e7\u00e3o<\/h2>\n<h1>Treffen Sie die Spezia\u00adlis\u00adten f\u00fcr Unternehmens\u00adnachfolge in Bremen und der Weser-Ems-Region<\/h1>\n<h3 style=\"text-align: left;\">O seu parce\u00adi\u00adro <span class=\"caps\">KERN<\/span> em Bremen e na regi\u00e3o de Weser-Ems<\/h3>\n<h3 style>Hubert Winkler<\/h3>\n<p>Jahrgang 1986, Master of Enginee\u00adring, zerti\u00adfi\u00adzier\u00adter Berater f\u00fcr Unternehmens\u00adnachfolge, Exper\u00adte f\u00fcr Unter\u00adnehmens\u00adverkauf, -kauf und -bewertung.<\/p>\n<p><span style=\"width: 100%;\"><img decoding=\"async\" alt=\"Kern_26-29_06_22_10801-winkler-768x432\" title=\"Kern_26-29_06_22_10801-winkler-768x432\" data-id=\"32750\" src=\"https:\/\/www.kern-unternehmensnachfolge.com\/wp-content\/uploads\/2025\/01\/Kern_26-29_06_22_10801-winkler-768x432-1.jpg\" style=\"aspect-ratio: auto 768 \/ 432;\" width=\"493\" height=\"277\" data-width=\"493\" data-height=\"277\" data-init-width=\"768\" data-init-height=\"432\" loading=\"lazy\"><\/span><\/p>\n<h3 style>Peter Czornik<\/h3>\n<p>Jahrgang 1986, M.Sc. und <span class=\"caps\">MBA<\/span> mit Studi\u00adum in M\u00fcnchen, K\u00f6ln und Derby. Exper\u00adte f\u00fcr Unternehmens\u00adnachfolge an den Stand\u00ador\u00adten Bremen und&nbsp;Kiel.<\/p>\n<p><span style=\"width: 100%;\"><img decoding=\"async\" alt=\"Kennenlernen Video - Peter Czornik\" title=\"Kennenlernen Video - Peter Czornik\" data-id=\"36330\" src=\"https:\/\/www.kern-unternehmensnachfolge.com\/wp-content\/uploads\/2026\/03\/Kennenlernen-Video-Peter-Czornik.webp\" style=\"aspect-ratio: auto 1400 \/ 1080;\" width=\"493\" height=\"380\" data-width=\"493\" data-height=\"380\" data-init-width=\"1400\" data-init-height=\"1080\" ml-d=\"0\" mt-d=\"0\" center-v-d=\"false\" ml-t=\"0\" mt-t=\"-15.968000000000018\" loading=\"lazy\"><\/span><\/p>\n<h3 style>Susan\u00adne Dahncke<\/h3>\n<p>Jahrgang 1966, Diplom-Kauffrau, Change\u00adma\u00adna\u00adge\u00adrin, tiefen\u00adpsy\u00adcho\u00adlo\u00adgi\u00adscher Coach und syste\u00admi\u00adsche Berate\u00adrin. Spezia\u00adlis\u00adtin f\u00fcr famili\u00aden\u00adin\u00adter\u00adne Unternehmensnachfolge.<\/p>\n<p><span style=\"width: 100%;\"><img decoding=\"async\" alt=\"Kennenlernen Video - Susanne Dahncke\" title=\"Kennenlernen Video - Susanne Dahncke\" data-id=\"35980\" src=\"https:\/\/www.kern-unternehmensnachfolge.com\/wp-content\/uploads\/2026\/02\/Kennenlernen-Video-Susanne-Dahncke.webp\" style=\"aspect-ratio: auto 1400 \/ 1080;\" width=\"493\" height=\"380\" data-width=\"493\" data-height=\"380\" data-init-width=\"1400\" data-init-height=\"1080\" mt-d=\"-23\" ml-d=\"0\" center-v-d=\"false\" loading=\"lazy\" mt-m=\"-9\" center-v-m=\"false\"><\/span><\/p>\n<h3 style>Prof. Dr. Lioba&nbsp;Werth<\/h3>\n<p>Profes\u00adso\u00adrin f\u00fcr Wirtschafts-, Organi\u00adsa\u00adti\u00adons- und Sozial\u00adpsy\u00adcho\u00adlo\u00adgie, seit \u00fcber 25 Jahren selbst\u00adst\u00e4n\u00addig als Coach, Berate\u00adrin und Traine\u00adrin. Gefrag\u00adte Autorin und Keynote Speakerin.<\/p>\n<p><span style=\"width: 100%;\"><img decoding=\"async\" alt=\"Kennenlernen Video - Lioba Werth\" title=\"Kennenlernen Video - Lioba Werth\" data-id=\"35958\" src=\"https:\/\/www.kern-unternehmensnachfolge.com\/wp-content\/uploads\/2026\/02\/Kennenlernen-Video-Lioba-Werth.webp\" style=\"aspect-ratio: auto 1400 \/ 1080;\" width=\"493\" height=\"380\" data-width=\"493\" data-height=\"380\" data-init-width=\"1400\" data-init-height=\"1080\" ml-d=\"0\" mt-d=\"-27\" center-v-d=\"false\" ml-t=\"0\" mt-t=\"-15.968000000000018\" loading=\"lazy\"><\/span><\/p>\n<h3 style>Nils Koerber<\/h3>\n<p>Nasceu em 1964, formou-se e estudou adminis\u00adtra\u00ad\u00e7\u00e3o de empre\u00adsas e econo\u00admia, coach e forma\u00addor certi\u00adfi\u00adca\u00addo, orador, media\u00addor, modera\u00addor de conflitos.<\/p>\n<p><span style=\"width: 100%;\"><img decoding=\"async\" alt=\"sucess\u00e3o de empresas-bremen-koerber\" title=\"sucess\u00e3o de empresas-bremen-koerber\" data-id=\"32749\" src=\"https:\/\/www.kern-unternehmensnachfolge.com\/wp-content\/uploads\/2025\/01\/unternehmensnachfolge-bremen-koerber-768x429-1.jpg\" style=\"aspect-ratio: auto 768 \/ 429;\" width=\"493\" height=\"275\" data-width=\"493\" data-height=\"275\" data-init-width=\"768\" data-init-height=\"429\" loading=\"lazy\"><\/span><\/p>\n<h3 style=\"text-align: center;\">Conno\u00adsco, \u00e9 muito mais do que um simples cliente. A suces\u00ads\u00e3o da sua empre\u00adsa est\u00e1 no nosso cora\u00e7\u00e3o.<\/h3>\n<p>Sie sind auf der Suche nach einem Partner, der Ihre Unternehmens\u00adnachfolge vertrau\u00adens\u00advoll, kompe\u00adtent und engagiert beglei\u00adtet. Bei <span class=\"caps\">KERN<\/span> treffen Sie Menschen, f\u00fcr die Sie mehr sind als eine Beratungs\u00adkun\u00adde. Menschen, die Sie verste\u00adhen und die wissen, was dieser gro\u00dfe Schritt f\u00fcr Sie ganz pers\u00f6n\u00adlich bedeutet.<\/p>\n<p>Oft handelt es sich um hohe und sehr wichti\u00adge Verm\u00f6\u00adgens\u00adwer\u00adte. Es geht um Ihre pers\u00f6n\u00adli\u00adche Absiche\u00adrung, die Zukunft Ihrer Mitar\u00adbei\u00adter oder auch um Wachs\u00adtum und die konkre\u00adte Identi\u00adfi\u00adzie\u00adrung des passen\u00adden K\u00e4ufers oder Verk\u00e4ufers.<\/p>\n<p>Die Erfah\u00adrung und Exper\u00adti\u00adse Ihres <span class=\"caps\">KERN<\/span> Beraters kann Sie vor teuren und schwer\u00adwie\u00adgen\u00adden Fehlern sch\u00fct\u00adzen. Machen Sie jetzt den n\u00e4chs\u00adten Schritt bei Ihrer Unternehmens\u00adnachfolge, dem <a href=\"https:\/\/www.kern-unternehmensnachfolge.com\/pt\/venda-de-uma-empresa-4\/\" target=\"_blank\" style>Venda da empre\u00adsa<\/a> aquisi\u00ad\u00e7\u00e3o de empre\u00adsa ou mudan\u00ad\u00e7a de gera\u00e7\u00e3o.<\/p>\n<p><strong><span class=\"caps\">KERN<\/span> Suces\u00ads\u00e3o empre\u00adsa\u00adri\u00adal Bremen<\/strong> (alle Partner sind recht\u00adlich eigen\u00adst\u00e4n\u00addig) August-Bebel-Allee 128329 Bremen<\/p>\n<p>Telefo\u00adne <a href=\"tel:+4969208840\" target=\"_blank\" style=\"outline: none;\">+49 421 69208840 <\/a><a href=\"mailto:bremen@kern-unternehmensnachfolge.com\" target=\"_blank\" style=\"outline: none;\">bremen@kern-unternehmensnachfolge.com<\/a><\/p>\n<p><span style=\"width: 100%;\"><a href=\"https:\/\/search.google.com\/local\/writereview?placeid=ChIJ86jwfA8osUcRcS9K9urRvNE\" target=\"_blank\" rel=\"noopener\"><img decoding=\"async\" alt title=\"avaliar-me - Google\" data-id=\"32554\" src=\"https:\/\/www.kern-unternehmensnachfolge.com\/wp-content\/uploads\/2025\/01\/bewerten-Sie-mich-Google.png\" style=\"aspect-ratio: auto 300 \/ 300;\" width=\"220\" height=\"220\" data-width=\"220\" data-height=\"220\" data-init-width=\"300\" data-init-height=\"300\" loading=\"lazy\"><\/a><\/span><\/p>","protected":false},"excerpt":{"rendered":"<p>Kostenlose Erstberatung: +49 421 69208840 Unternehmensnachfolge, Unternehmensverkauf, Generationswechsel Treffen Sie die Spezialisten f\u00fcr Unternehmensnachfolge in Bremen und der Weser-Ems-Region Ihr [&hellip;]<\/p>\n","protected":false},"author":1,"featured_media":0,"parent":27709,"menu_order":0,"comment_status":"closed","ping_status":"closed","template":"","meta":{"wp_typography_post_enhancements_disabled":false,"_kad_blocks_custom_css":"","_kad_blocks_head_custom_js":"","_kad_blocks_body_custom_js":"","_kad_blocks_footer_custom_js":"","site-sidebar-layout":"no-sidebar","site-content-layout":"page-builder","ast-site-content-layout":"default","site-content-style":"default","site-sidebar-style":"default","ast-global-header-display":"disabled","ast-banner-title-visibility":"disabled","ast-main-header-display":"","ast-hfb-above-header-display":"","ast-hfb-below-header-display":"","ast-hfb-mobile-header-display":"","site-post-title":"","ast-breadcrumbs-content":"","ast-featured-img":"","footer-sml-layout":"disabled","ast-disable-related-posts":"","theme-transparent-header-meta":"","adv-header-id-meta":"","stick-header-meta":"","header-above-stick-meta":"","header-main-stick-meta":"","header-below-stick-meta":"","astra-migrate-meta-layouts":"default","ast-page-background-enabled":"default","ast-page-background-meta":{"desktop":{"background-color":"","background-image":"","background-repeat":"repeat","background-position":"center center","background-size":"auto","background-attachment":"scroll","background-type":"","background-media":"","overlay-type":"","overlay-color":"","overlay-opacity":"","overlay-gradient":""},"tablet":{"background-color":"","background-image":"","background-repeat":"repeat","background-position":"center center","background-size":"auto","background-attachment":"scroll","background-type":"","background-media":"","overlay-type":"","overlay-color":"","overlay-opacity":"","overlay-gradient":""},"mobile":{"background-color":"","background-image":"","background-repeat":"repeat","background-position":"center center","background-size":"auto","background-attachment":"scroll","background-type":"","background-media":"","overlay-type":"","overlay-color":"","overlay-opacity":"","overlay-gradient":""}},"ast-content-background-meta":{"desktop":{"background-color":"var(--ast-global-color-5)","background-image":"","background-repeat":"repeat","background-position":"center center","background-size":"auto","background-attachment":"scroll","background-type":"","background-media":"","overlay-type":"","overlay-color":"","overlay-opacity":"","overlay-gradient":""},"tablet":{"background-color":"var(--ast-global-color-5)","background-image":"","background-repeat":"repeat","background-position":"center center","background-size":"auto","background-attachment":"scroll","background-type":"","background-media":"","overlay-type":"","overlay-color":"","overlay-opacity":"","overlay-gradient":""},"mobile":{"background-color":"var(--ast-global-color-5)","background-image":"","background-repeat":"repeat","background-position":"center center","background-size":"auto","background-attachment":"scroll","background-type":"","background-media":"","overlay-type":"","overlay-color":"","overlay-opacity":"","overlay-gradient":""}},"iawp_total_views":184,"footnotes":""},"class_list":["post-28342","page","type-page","status-publish","hentry"],"taxonomy_info":[],"featured_image_src_large":false,"author_info":{"display_name":"filialleiter","author_link":"https:\/\/www.kern-unternehmensnachfolge.com\/pt\/author\/filialleiter\/"},"comment_info":0,"_links":{"self":[{"href":"https:\/\/www.kern-unternehmensnachfolge.com\/pt\/wp-json\/wp\/v2\/pages\/28342","targetHints":{"allow":["GET"]}}],"collection":[{"href":"https:\/\/www.kern-unternehmensnachfolge.com\/pt\/wp-json\/wp\/v2\/pages"}],"about":[{"href":"https:\/\/www.kern-unternehmensnachfolge.com\/pt\/wp-json\/wp\/v2\/types\/page"}],"author":[{"embeddable":true,"href":"https:\/\/www.kern-unternehmensnachfolge.com\/pt\/wp-json\/wp\/v2\/users\/1"}],"replies":[{"embeddable":true,"href":"https:\/\/www.kern-unternehmensnachfolge.com\/pt\/wp-json\/wp\/v2\/comments?post=28342"}],"version-history":[{"count":0,"href":"https:\/\/www.kern-unternehmensnachfolge.com\/pt\/wp-json\/wp\/v2\/pages\/28342\/revisions"}],"up":[{"embeddable":true,"href":"https:\/\/www.kern-unternehmensnachfolge.com\/pt\/wp-json\/wp\/v2\/pages\/27709"}],"wp:attachment":[{"href":"https:\/\/www.kern-unternehmensnachfolge.com\/pt\/wp-json\/wp\/v2\/media?parent=28342"}],"curies":[{"name":"wp","href":"https:\/\/api.w.org\/{rel}","templated":true}]}}