{"id":2105,"date":"2018-07-26T22:30:39","date_gmt":"2018-07-26T20:30:39","guid":{"rendered":"https:\/\/great-kare.185-125-174-66.plesk.page\/?page_id=2105"},"modified":"2023-07-21T21:46:19","modified_gmt":"2023-07-21T19:46:19","slug":"financiamento-do-preco-de-compra-mudanca-de-geracao","status":"publish","type":"page","link":"https:\/\/www.kern-unternehmensnachfolge.com\/pt\/kaufpreisfinanzierung-generationswechsel\/","title":{"rendered":"Garan\u00adtir o finan\u00adcia\u00admen\u00adto do pre\u00e7o de compra no caso de uma mudan\u00ad\u00e7a de gera\u00e7\u00e3o"},"content":{"rendered":"<h1 style=\"text-align: left;\">Uma mudan\u00ad\u00e7a geracio\u00adnal tamb\u00e9m pode ser combi\u00adna\u00adda com o financiamento<\/h1>\n<p>Jeder Generations\u00adwechsel in einer Famili\u00aden\u00adun\u00adter\u00adneh\u00admung bedingt auch eine ausf\u00fchr\u00adlich wirtschaft\u00adli\u00adche und finan\u00adzi\u00adel\u00adle Betrach\u00adtung im Gesamt\u00adpro\u00adzess. Geht es doch um erbrecht\u00adli\u00adche Aspek\u00adte, steuer\u00adli\u00adche Vor- und Nachtei\u00adle oder um das Thema \u201eGerech\u00adtig\u00adkeit\u201c in einem Famili\u00aden\u00adsys\u00adtem mit mehre\u00adren Nachfol\u00adgern oder Betroffenen.&nbsp;<\/p>\n<h3><span>Schen\u00adken oder erben ist nicht die einzi\u00adge L\u00f6sung<\/span><\/h3>\n<p>M\u00f6gli\u00adcher\u00adwei\u00adse ist die Famili\u00aden\u00adun\u00adter\u00adneh\u00admung der gr\u00f6\u00dfte und wichtigs\u00adte Werte\u00adbau\u00adstein f\u00fcr die Alters\u00adver\u00adsor\u00adgung des \u00dcberge\u00adbers. Oder mehre\u00adre Geschwis\u00adter sollen erbrecht\u00adlich bedacht werden und der \u00dcberneh\u00admer und das Unter\u00adneh\u00admen sp\u00e4ter keinen existen\u00adzi\u00adell bedroh\u00adli\u00adchen Situa\u00adtio\u00adnen ausge\u00adsetzt sein. Streit will vermie\u00adden werden und zugleich w\u00fcnscht sich der \u00dcberge\u00adber eine verl\u00e4ss\u00adli\u00adche Sicher\u00adheit f\u00fcr seinen neuen Lebensabschnitt.<\/p>\n<p>Auch Famili\u00aden\u00adun\u00adter\u00adneh\u00admen arbei\u00adten finan\u00adzi\u00adell nicht nur im Sonnen\u00adschein, sonder sind ebenso St\u00fcrmen und Unwet\u00adtern ausge\u00adsetzt. Gewin\u00adne und Ertr\u00e4\u00adge sind nie sicher und ein Renten\u00admo\u00addell f\u00fcr den \u00dcberge\u00adber birgt m\u00f6gli\u00adcher\u00adwei\u00adse gef\u00e4hr\u00adli\u00adche emotio\u00adna\u00adle Verstri\u00adckun\u00adgen bei finan\u00adzi\u00adel\u00adlen Engp\u00e4s\u00adsen in der Firma. Was sind dann die Alter\u00adna\u00adti\u00adven? Der Verkauf einer Unter\u00adneh\u00admung inner\u00adhalb einer Familie, kann im Sinne von Gerech\u00adtig\u00adkeit, der Auftei\u00adlung anderer Verm\u00f6\u00adgens\u00adwer\u00adte und dem Sicher\u00adheits\u00adbe\u00add\u00fcrf\u00adniss des \u00dcberge\u00adbers, eine richti\u00adge und wichti\u00adge Alter\u00adna\u00adti\u00adve&nbsp;sein.<\/p>\n<p style>F\u00f6rder\u00admit\u00adtel helfen beim Generations\u00adwechsel allen Betroffenen<\/p>\n<p>Wir helfen Ihnen eine Finan\u00adzie\u00adrung auf die Beine zu stellen. Mit den aktuell optimals\u00adten Bedin\u00adgun\u00adgen und Kondi\u00adtio\u00adnen. H\u00e4ufig gef\u00f6r\u00addert durch spezi\u00adel\u00adle Program\u00adme in den jewei\u00adli\u00adgen Bundes\u00adl\u00e4n\u00addern. Durch unsere Unabh\u00e4n\u00adgig\u00adkeit und Neutra\u00adli\u00adt\u00e4t haben wir einen direk\u00adten Zugang zu allen renom\u00admier\u00adten Finanz\u00addienst\u00adleis\u00adtern in Deutsch\u00adland, \u00d6ster\u00adreich und der Schweiz. Dies k\u00f6nnen im klassi\u00adschen Sinne Banken oder Sparkas\u00adsen sein. Aber auch Family-Offices, Finanz\u00adin\u00adves\u00adto\u00adren oder Einzel\u00adper\u00adso\u00adnen, sind poten\u00adti\u00adel\u00adle Ansprech\u00adpart\u00adner f\u00fcr eine belast\u00adba\u00adre Finan\u00adzie\u00adrung eines Genera\u00adti\u00adons\u00adwech\u00adsels. Unter\u00adsch\u00e4t\u00adzen Sie dabei nicht den Zeitauf\u00adwand und die umfang\u00adrei\u00adche Vorar\u00adbeit zu Pr\u00e4sen\u00adta\u00adti\u00adon gegen\u00ad\u00fcber den geeig\u00adne\u00adten Finanzierungspartnern.<\/p>","protected":false},"excerpt":{"rendered":"<p>Ein Generationswechsel kann auch mit einer Finanzierung verbunden werden Jeder Generationswechsel in einer Familienunternehmung bedingt auch eine ausf\u00fchrlich wirtschaftliche und [&hellip;]<\/p>\n","protected":false},"author":1,"featured_media":0,"parent":0,"menu_order":0,"comment_status":"closed","ping_status":"closed","template":"","meta":{"wp_typography_post_enhancements_disabled":false,"_kad_blocks_custom_css":"","_kad_blocks_head_custom_js":"","_kad_blocks_body_custom_js":"","_kad_blocks_footer_custom_js":"","site-sidebar-layout":"no-sidebar","site-content-layout":"page-builder","ast-site-content-layout":"default","site-content-style":"default","site-sidebar-style":"default","ast-global-header-display":"","ast-banner-title-visibility":"","ast-main-header-display":"","ast-hfb-above-header-display":"","ast-hfb-below-header-display":"","ast-hfb-mobile-header-display":"","site-post-title":"disabled","ast-breadcrumbs-content":"","ast-featured-img":"disabled","footer-sml-layout":"","ast-disable-related-posts":"","theme-transparent-header-meta":"default","adv-header-id-meta":"","stick-header-meta":"default","header-above-stick-meta":"","header-main-stick-meta":"","header-below-stick-meta":"","astra-migrate-meta-layouts":"default","ast-page-background-enabled":"default","ast-page-background-meta":{"desktop":{"background-color":"","background-image":"","background-repeat":"repeat","background-position":"center center","background-size":"auto","background-attachment":"scroll","background-type":"","background-media":"","overlay-type":"","overlay-color":"","overlay-opacity":"","overlay-gradient":""},"tablet":{"background-color":"","background-image":"","background-repeat":"repeat","background-position":"center center","background-size":"auto","background-attachment":"scroll","background-type":"","background-media":"","overlay-type":"","overlay-color":"","overlay-opacity":"","overlay-gradient":""},"mobile":{"background-color":"","background-image":"","background-repeat":"repeat","background-position":"center center","background-size":"auto","background-attachment":"scroll","background-type":"","background-media":"","overlay-type":"","overlay-color":"","overlay-opacity":"","overlay-gradient":""}},"ast-content-background-meta":{"desktop":{"background-color":"var(--ast-global-color-5)","background-image":"","background-repeat":"repeat","background-position":"center center","background-size":"auto","background-attachment":"scroll","background-type":"","background-media":"","overlay-type":"","overlay-color":"","overlay-opacity":"","overlay-gradient":""},"tablet":{"background-color":"var(--ast-global-color-5)","background-image":"","background-repeat":"repeat","background-position":"center center","background-size":"auto","background-attachment":"scroll","background-type":"","background-media":"","overlay-type":"","overlay-color":"","overlay-opacity":"","overlay-gradient":""},"mobile":{"background-color":"var(--ast-global-color-5)","background-image":"","background-repeat":"repeat","background-position":"center center","background-size":"auto","background-attachment":"scroll","background-type":"","background-media":"","overlay-type":"","overlay-color":"","overlay-opacity":"","overlay-gradient":""}},"iawp_total_views":0,"footnotes":""},"class_list":["post-2105","page","type-page","status-publish","hentry"],"taxonomy_info":[],"featured_image_src_large":false,"author_info":{"display_name":"filialleiter","author_link":"https:\/\/www.kern-unternehmensnachfolge.com\/pt\/author\/filialleiter\/"},"comment_info":0,"_links":{"self":[{"href":"https:\/\/www.kern-unternehmensnachfolge.com\/pt\/wp-json\/wp\/v2\/pages\/2105","targetHints":{"allow":["GET"]}}],"collection":[{"href":"https:\/\/www.kern-unternehmensnachfolge.com\/pt\/wp-json\/wp\/v2\/pages"}],"about":[{"href":"https:\/\/www.kern-unternehmensnachfolge.com\/pt\/wp-json\/wp\/v2\/types\/page"}],"author":[{"embeddable":true,"href":"https:\/\/www.kern-unternehmensnachfolge.com\/pt\/wp-json\/wp\/v2\/users\/1"}],"replies":[{"embeddable":true,"href":"https:\/\/www.kern-unternehmensnachfolge.com\/pt\/wp-json\/wp\/v2\/comments?post=2105"}],"version-history":[{"count":0,"href":"https:\/\/www.kern-unternehmensnachfolge.com\/pt\/wp-json\/wp\/v2\/pages\/2105\/revisions"}],"wp:attachment":[{"href":"https:\/\/www.kern-unternehmensnachfolge.com\/pt\/wp-json\/wp\/v2\/media?parent=2105"}],"curies":[{"name":"wp","href":"https:\/\/api.w.org\/{rel}","templated":true}]}}