{"id":1626,"date":"2018-07-10T07:20:36","date_gmt":"2018-07-10T05:20:36","guid":{"rendered":"https:\/\/great-kare.185-125-174-66.plesk.page\/?page_id=1626"},"modified":"2025-01-13T01:38:13","modified_gmt":"2025-01-13T00:38:13","slug":"o-dolfinho","status":"publish","type":"page","link":"https:\/\/www.kern-unternehmensnachfolge.com\/pt\/der-delphin\/","title":{"rendered":"O golfin\u00adho"},"content":{"rendered":"<h1>Der abstra\u00adhier\u00adte Delphin im Logo von <span class=\"caps\">KERN<\/span>. Beson\u00adde\u00adre Eigen\u00adschaf\u00adten, \u00fcbertrag\u00adbar auf das Wirtschaftsleben<\/h1>\n<h3>Warum hat <span class=\"caps\">KERN<\/span> mit zwei \u201eB\u00f6gen\u201c den Delphin im Firmenlogo?Warum passt ein Delphin zur Unternehmensnachfolge?<\/h3>\n<h3><span>1. Flexi\u00adbi\u00adli\u00adt\u00e4t<\/span><\/h3>\n<p>L\u00f6sun\u00adgen suchen, sich dabei st\u00e4ndig hinter\u00adfra\u00adgen. Wenn Delphi\u00adne nicht bekom\u00admen, was sie wollen, ver\u00e4n\u00addern sie sehr schnell ihre Vorgehensweise.<\/p>\n<h3>2. pergun\u00adta<\/h3>\n<p align=\"justify\"><span style=\"color: rgb(112, 112, 112);\">Disso\u00adcia\u00ad\u00e7\u00e3o e tomada de meta-posi\u00e7\u00f5es no desen\u00advol\u00advi\u00admen\u00adto de estrat\u00e9gias<\/span><\/p>\n<h3><span style=\"color: rgb(0, 115, 198);\">3. Z\u00e4hig\u00adkeit<\/span><\/h3>\n<p align=\"justify\">Delphi\u00adne geben nicht leicht auf. Es sei denn, sie erken\u00adnen einen Nutzen darin \u2013 im Sinne einer besse\u00adren L\u00f6sung.<\/p>\n<h3><span style=\"color: rgb(0, 115, 198);\">4. ganhar<\/span><\/h3>\n<p align=\"justify\"><span style=\"color: rgb(112, 112, 112);\">Delphi\u00adne haben Freude daran zu gewin\u00adnen. Ihr Gehirn ist zu emotio\u00adna\u00adlen Empfin\u00addun\u00adgen f\u00e4hig. Manager, die dementspre\u00adchend handeln, haben nicht das Bed\u00fcrf\u00adnis, dass ein anderer verliert.<\/span><\/p>\n<h3><span style=\"color: rgb(0, 115, 198);\">5. coope\u00adra\u00ad\u00e7\u00e3o<\/span><\/h3>\n<p><span style=\"color: rgb(112, 112, 112);\">Delphi\u00adne arbei\u00adten gut mit anderen zusam\u00admen, aber handeln auch allein auf kompe\u00adten\u00adte Weise. Koope\u00adrie\u00adren bringt in der Summe mehr als Konkur\u00adrenz oder die unabh\u00e4n\u00adgi\u00adge Suche nach priva\u00adten Vorteilen.<\/span><\/p>\n<h3>6. vis\u00e3o<\/h3>\n<p><span>A vis\u00e3o do seu pr\u00f3prio camin\u00adho, do objetivo da equipa ou do objetivo da empre\u00adsa \u00e9 a primei\u00adra coisa a criar identi\u00adfi\u00adca\u00ad\u00e7\u00e3o com um objetivo.<\/span><\/p>\n<h3><span style=\"color: rgb(0, 115, 198);\">7. eleg\u00e2n\u00adcia<\/span><\/h3>\n<p>Delphi\u00adne lieben pr\u00e4zi\u00adse, saube\u00adre und vor allem einfa\u00adche \u2013 eben elegan\u00adte \u2013 L\u00f6sun\u00adgen. <a href=\"https:\/\/www.kern-unternehmensnachfolge.com\/pt\/como-posso-vender-melhor-a-minha-empresa-factores-de-sucesso\/\" target=\"_blank\" style=\"outline: none;\">Elegan\u00adte Verhand\u00adlungs\u00adf\u00fch\u00adrung<\/a> hei\u00dft beispiels\u00adwei\u00adse, dass die L\u00f6sung f\u00fcr beide Partei\u00aden langfris\u00adtig zur Zufrie\u00adden\u00adheit f\u00fchren und Sinn ergeben muss.<\/p>\n<p align=\"justify\">Nota sobre a hist\u00f3ria do golfin\u00adho no log\u00f3ti\u00adpo da marca&nbsp;<span class=\"caps\">KERN<\/span>:&nbsp;<\/p>\n<p align=\"justify\">Im Jahr 2004 bis Anfang 2023 hatten wir unser Marken\u00adlo\u00adgo mit einem stili\u00adsier\u00adten, sprin\u00adgen\u00adden Delphin ausge\u00adstat\u00adtet. Im Rahmen unserer weite\u00adren Inter\u00adna\u00adtio\u00adna\u00adli\u00adsie\u00adrung und einem Relaunch unseres Marken\u00adlo\u00adgos und der Subli\u00adne, haben wir den Delphin stark \u201emoder\u00adni\u00adsiert\u201c und abstra\u00adhiert. Die beiden dynami\u00adschen B\u00f6gen \u00fcber dem N symbo\u00adli\u00adsie\u00adren heute den Delphin aus der Geschich\u00adte von&nbsp;<span class=\"caps\">KERN<\/span>.<\/p>\n<p align=\"justify\">Mais coisas inter\u00ades\u00adsan\u00adtes no livro <a href=\"https:\/\/www.amazon.de\/DelphinStrategien-ManagementStrategien-chaotischen-Dudley-Lynch\/dp\/3980636313\" target=\"_blank\" style=\"outline: none;\" rel=\"noopener\">\u201eDelphin\u00adstra\u00adte\u00adgien\u201c<\/a> von Dudley Lynch und Paul Kordis. (Zu bestel\u00adlen unter der ISBN-Nummer 3-89459-009-2 \/ Business\u00adbook of the year in den <span class=\"caps\">USA<\/span>). Hier finden Sie \u00fcbrigens auch auf Seite 289 ff die Liste aller Eigen\u00adschaf\u00adten von Delphinen.<\/p>\n<p align=\"justify\" style>Und <span class=\"caps\">KERN<\/span> ist seit Jahren aktives F\u00f6rder\u00admit\u00adglied im Verein \u201cGesell\u00adschaft zur Rettung der Delphine\u201d.<\/p>\n<p align=\"justify\">Die \u201cGesell\u00adschaft zur Rettung der Delphi\u00adne e.V.\u201d setzt sich weltweit f\u00fcr wild leben\u00adde Delfi\u00adne, den Schutz ihrer Lebens\u00adr\u00e4u\u00adme, f\u00fcr Nachhal\u00adtig\u00adkeit, Meeres\u00adschutz, sanften Delfin\u00adtou\u00adris\u00admus und gegen Delfina\u00adri\u00aden&nbsp;ein.<\/p>\n<p align=\"justify\" style>Weite\u00adre, allge\u00admei\u00adne Infor\u00adma\u00adtio\u00adnen \u00fcber Delphi\u00adne finden Sie in einer Dokumen\u00adta\u00adti\u00adon &gt; <a href=\"https:\/\/www.youtube.com\/watch?v=qF4C-1jhXTo\" target=\"_blank\" style=\"outline: none;\" rel=\"noopener\">aqui<\/a><\/p>","protected":false},"excerpt":{"rendered":"<p>Der abstrahierte Delphin im Logo von KERN. Besondere Eigenschaften, \u00fcbertragbar auf das Wirtschaftsleben Warum hat KERN mit zwei &#8222;B\u00f6gen&#8220; den [&hellip;]<\/p>\n","protected":false},"author":1,"featured_media":0,"parent":0,"menu_order":0,"comment_status":"closed","ping_status":"closed","template":"","meta":{"wp_typography_post_enhancements_disabled":false,"_kad_blocks_custom_css":"","_kad_blocks_head_custom_js":"","_kad_blocks_body_custom_js":"","_kad_blocks_footer_custom_js":"","site-sidebar-layout":"no-sidebar","site-content-layout":"plain-container","ast-site-content-layout":"default","site-content-style":"default","site-sidebar-style":"default","ast-global-header-display":"","ast-banner-title-visibility":"","ast-main-header-display":"","ast-hfb-above-header-display":"","ast-hfb-below-header-display":"","ast-hfb-mobile-header-display":"","site-post-title":"disabled","ast-breadcrumbs-content":"","ast-featured-img":"disabled","footer-sml-layout":"","ast-disable-related-posts":"","theme-transparent-header-meta":"default","adv-header-id-meta":"","stick-header-meta":"default","header-above-stick-meta":"","header-main-stick-meta":"","header-below-stick-meta":"","astra-migrate-meta-layouts":"default","ast-page-background-enabled":"default","ast-page-background-meta":{"desktop":{"background-color":"","background-image":"","background-repeat":"repeat","background-position":"center center","background-size":"auto","background-attachment":"scroll","background-type":"","background-media":"","overlay-type":"","overlay-color":"","overlay-opacity":"","overlay-gradient":""},"tablet":{"background-color":"","background-image":"","background-repeat":"repeat","background-position":"center center","background-size":"auto","background-attachment":"scroll","background-type":"","background-media":"","overlay-type":"","overlay-color":"","overlay-opacity":"","overlay-gradient":""},"mobile":{"background-color":"","background-image":"","background-repeat":"repeat","background-position":"center center","background-size":"auto","background-attachment":"scroll","background-type":"","background-media":"","overlay-type":"","overlay-color":"","overlay-opacity":"","overlay-gradient":""}},"ast-content-background-meta":{"desktop":{"background-color":"var(--ast-global-color-5)","background-image":"","background-repeat":"repeat","background-position":"center center","background-size":"auto","background-attachment":"scroll","background-type":"","background-media":"","overlay-type":"","overlay-color":"","overlay-opacity":"","overlay-gradient":""},"tablet":{"background-color":"var(--ast-global-color-5)","background-image":"","background-repeat":"repeat","background-position":"center center","background-size":"auto","background-attachment":"scroll","background-type":"","background-media":"","overlay-type":"","overlay-color":"","overlay-opacity":"","overlay-gradient":""},"mobile":{"background-color":"var(--ast-global-color-5)","background-image":"","background-repeat":"repeat","background-position":"center center","background-size":"auto","background-attachment":"scroll","background-type":"","background-media":"","overlay-type":"","overlay-color":"","overlay-opacity":"","overlay-gradient":""}},"iawp_total_views":40,"footnotes":"","tve_updated_post":"<div class=\"thrv_wrapper thrv-page-section tcb-window-width\" style=\"\" data-css=\"tve-u-16482907d10\">\n<div class=\"tve-page-section-out\" data-css=\"tve-u-16482907d11\" style=\"\"><\/div>\n<div class=\"tve-page-section-in tve_empty_dropzone\" data-css=\"tve-u-16482907d0e\"><div class=\"tcb-clear\" data-css=\"tve-u-16482907d0d\"><div class=\"thrv_wrapper thrv_text_element\" data-tag=\"h1\" data-css=\"tve-u-16482907d0f\"><h1 class=\"\" data-css=\"tve-u-165206144f0\">Der abstrahierte Delphin im Logo von KERN. Besondere Eigenschaften, \u00fcbertragbar auf das Wirtschaftsleben<\/h1><\/div><\/div><\/div>\n<\/div><div class=\"thrv_wrapper thrv-page-section tcb-window-width\" style=\"\" data-css=\"tve-u-1648292109c\">\n<div class=\"tve-page-section-out\" data-css=\"tve-u-1648292109b\"><\/div>\n<div class=\"tve-page-section-in tve_empty_dropzone\" data-css=\"tve-u-1648292109d\"><div class=\"thrv_wrapper thrv-columns\" style=\"--tcb-col-el-width: 1080;\"><div class=\"tcb-flex-row tcb--cols--1\" data-css=\"tve-u-1648299be4f\"><div class=\"tcb-flex-col\"><div class=\"tcb-col\"><div class=\"thrv_wrapper thrv_text_element tve_empty_dropzone\" style=\"\" data-css=\"tve-u-16482b7fb6f\" data-float=\"1\" data-tag=\"h3\"><h3 class=\"\">Warum hat KERN mit zwei \"B\u00f6gen\" den Delphin im Firmenlogo?<br>Warum passt ein Delphin zur Unternehmensnachfolge?<\/h3><\/div><\/div><\/div><\/div><\/div><div class=\"thrv_wrapper thrv_contentbox_shortcode thrv-content-box\" data-css=\"tve-u-164829210a0\">\n<div class=\"tve-content-box-background\" data-css=\"tve-u-164829210a7\"><\/div>\n<div class=\"tve-cb tve_empty_dropzone\" data-css=\"tve-u-16482aeebaa\"><div class=\"thrv_wrapper thrv_text_element tve_empty_dropzone\" style=\"\" data-css=\"tve-u-16339520431\" data-float=\"1\" data-tag=\"h3\"><h3 class=\"\" data-css=\"tve-u-16482af1b7c\"><span data-css=\"tve-u-16482af1bae\">1. Flexibilit\u00e4t<\/span><\/h3><p data-css=\"tve-u-16482af56b9\">L\u00f6sungen suchen, sich dabei st\u00e4ndig hinterfragen. Wenn Delphine nicht bekommen, was sie wollen, ver\u00e4ndern sie sehr schnell ihre Vorgehensweise.<\/p><h3 class=\"\">2. In Frage stellen<\/h3><p align=\"justify\" data-css=\"tve-u-16482af6317\"><span data-css=\"tve-u-16482b6a265\" style=\"color: rgb(112, 112, 112);\">Dissoziation und das Einnehmen von Meta-Positionen bei der Strategieentwicklung<\/span><\/p><h3 class=\"\"><span data-css=\"tve-u-16482af1bd9\" style=\"color: rgb(0, 115, 198);\">3. Z\u00e4higkeit<\/span><\/h3><p align=\"justify\" data-css=\"tve-u-16482af767d\">Delphine geben nicht leicht auf. Es sei denn, sie erkennen einen Nutzen darin - im Sinne einer besseren L\u00f6sung.<\/p><h3 class=\"\"><span data-css=\"tve-u-16482af1bdc\" style=\"color: rgb(0, 115, 198);\">4. Gewinnen<\/span><\/h3><p align=\"justify\" data-css=\"tve-u-16482af83f7\"><span data-css=\"tve-u-16482b6a269\" style=\"color: rgb(112, 112, 112);\">Delphine haben Freude daran zu gewinnen. Ihr Gehirn ist zu emotionalen Empfindungen f\u00e4hig. Manager, die dementsprechend handeln, haben nicht das Bed\u00fcrfnis, dass ein anderer verliert.<\/span><\/p><h3 class=\"\"><span data-css=\"tve-u-16482af1be6\" style=\"color: rgb(0, 115, 198);\">5. Kooperation<\/span><\/h3><p data-css=\"tve-u-16482af9186\"><span data-css=\"tve-u-16482b6a275\" style=\"color: rgb(112, 112, 112);\">Delphine arbeiten gut mit anderen zusammen, aber handeln auch allein auf kompetente Weise. Kooperieren bringt in der Summe mehr als Konkurrenz oder die unabh\u00e4ngige Suche nach privaten Vorteilen.<\/span><\/p><h3 class=\"\" data-css=\"tve-u-16482ae7aa6\">6. Vision<\/h3><p data-css=\"tve-u-16482afabe1\"><span data-css=\"tve-u-16482b6c5fc\">Visionen zum eigenen Weg, zum Teamziel oder in der Firma schaffen erst Identifikation mit einem Ziel.<\/span><\/p><h3 class=\"\"><span data-css=\"tve-u-16482af1be7\" style=\"color: rgb(0, 115, 198);\">7. Eleganz<\/span><\/h3><p data-css=\"tve-u-16482afb986\">Delphine lieben pr\u00e4zise, saubere und vor allem einfache \u2013 eben elegante \u2013 L\u00f6sungen. <a href=\"https:\/\/www.kern-unternehmensnachfolge.com\/wie-kann-ich-am-besten-meine-firma-verkaufen-erfolgsfaktoren\/\" target=\"_blank\" class=\"\" style=\"outline: none;\">Elegante Verhandlungsf\u00fchrung<\/a> hei\u00dft beispielsweise, dass die L\u00f6sung f\u00fcr beide Parteien langfristig zur Zufriedenheit f\u00fchren und Sinn ergeben muss.<\/p><\/div><\/div>\n<\/div><div class=\"thrv_wrapper thrv_text_element\"><p align=\"justify\">Hinweis zur Geschichte des Delphins im Markenlogo von KERN: <\/p><p align=\"justify\">Im Jahr 2004 bis Anfang 2023 hatten wir unser Markenlogo mit einem stilisierten, springenden Delphin ausgestattet. Im Rahmen unserer weiteren Internationalisierung und einem Relaunch unseres Markenlogos und der Subline, haben wir den Delphin stark \"modernisiert\" und abstrahiert. Die beiden dynamischen B\u00f6gen \u00fcber dem N symbolisieren heute den Delphin aus der Geschichte von KERN.<\/p><p align=\"justify\">Mehr Interessantes im Buch <a href=\"https:\/\/www.amazon.de\/DelphinStrategien-ManagementStrategien-chaotischen-Dudley-Lynch\/dp\/3980636313\" target=\"_blank\" class=\"\" style=\"outline: none;\">\u201eDelphinstrategien\u201c<\/a> von Dudley Lynch und Paul Kordis. (Zu bestellen unter der ISBN-Nummer 3-89459-009-2 \/ Businessbook of the year in den USA). Hier finden Sie \u00fcbrigens auch auf Seite 289 ff die Liste aller Eigenschaften von Delphinen.<\/p><p align=\"justify\" data-css=\"tve-u-1748c15eb07\" style=\"\">Und KERN ist seit Jahren aktives F\u00f6rdermitglied im Verein \u201cGesellschaft zur Rettung der Delphine\u201d.<\/p><p align=\"justify\">Die \u201cGesellschaft zur Rettung der Delphine e.V.\u201d setzt sich weltweit f\u00fcr wild lebende Delfine, den Schutz ihrer Lebensr\u00e4ume, f\u00fcr Nachhaltigkeit, Meeresschutz, sanften Delfintourismus und gegen Delfinarien ein.<\/p><p align=\"justify\" data-css=\"tve-u-1748c160b31\" style=\"\">Weitere, allgemeine Informationen \u00fcber Delphine finden Sie in einer Dokumentation &gt; <a href=\"https:\/\/www.youtube.com\/watch?v=qF4C-1jhXTo\" target=\"_blank\" class=\"\" style=\"outline: none;\">hier<\/a><\/p><\/div><\/div>\n<\/div>","tve_custom_css":"@media (min-width: 300px){[data-css=\"tve-u-16482b7fb6f\"] { max-width: 100%; }[data-css=\"tve-u-16482b6a275\"] { color: rgb(112, 112, 112) !important; }[data-css=\"tve-u-16482b6a269\"] { color: rgb(112, 112, 112) !important; }[data-css=\"tve-u-16482b6a265\"] { color: rgb(112, 112, 112) !important; }:not(#tve) [data-css=\"tve-u-16482afb986\"] { color: rgb(112, 112, 112) !important; }:not(#tve) [data-css=\"tve-u-16482afabe1\"] { color: rgb(112, 112, 112) !important; }:not(#tve) [data-css=\"tve-u-16482af9186\"] { color: rgb(112, 112, 112) !important; }:not(#tve) [data-css=\"tve-u-16482af83f7\"] { color: rgb(0, 0, 0) !important; }:not(#tve) [data-css=\"tve-u-16482af767d\"] { color: rgb(112, 112, 112) !important; }:not(#tve) [data-css=\"tve-u-16482af6317\"] { color: rgb(0, 0, 0) !important; }:not(#tve) [data-css=\"tve-u-16482af56b9\"] { color: rgb(112, 112, 112) !important; }[data-css=\"tve-u-16482af1be7\"] { color: rgb(0, 115, 198) !important; }[data-css=\"tve-u-16482af1be6\"] { color: rgb(0, 115, 198) !important; }[data-css=\"tve-u-16482af1bdc\"] { color: rgb(0, 115, 198) !important; }[data-css=\"tve-u-16482af1bd9\"] { color: rgb(0, 115, 198) !important; }:not(#tve) [data-css=\"tve-u-16482af1b7c\"] { color: rgb(0, 115, 198) !important; }:not(#tve) .thrv-content-box [data-css=\"tve-u-16482aeebaa\"] p, :not(#tve) .thrv-content-box [data-css=\"tve-u-16482aeebaa\"] li, :not(#tve) .thrv-content-box [data-css=\"tve-u-16482aeebaa\"] blockquote, :not(#tve) .thrv-content-box [data-css=\"tve-u-16482aeebaa\"] address, :not(#tve) .thrv-content-box [data-css=\"tve-u-16482aeebaa\"] .tcb-plain-text, :not(#tve) .thrv-content-box [data-css=\"tve-u-16482aeebaa\"] h1, :not(#tve) .thrv-content-box [data-css=\"tve-u-16482aeebaa\"] h2, :not(#tve) .thrv-content-box [data-css=\"tve-u-16482aeebaa\"] h3, :not(#tve) .thrv-content-box [data-css=\"tve-u-16482aeebaa\"] h4, :not(#tve) .thrv-content-box [data-css=\"tve-u-16482aeebaa\"] h5, :not(#tve) .thrv-content-box [data-css=\"tve-u-16482aeebaa\"] h6 { color: rgb(0, 115, 198); }:not(#tve) [data-css=\"tve-u-16482ae7aa6\"] { color: rgb(0, 115, 198) !important; }[data-css=\"tve-u-1648299be4f\"] { margin-left: -30px; }[data-css=\"tve-u-1648299be4f\"] > .tcb-flex-col { padding-left: 30px; }[data-css=\"tve-u-16482907d0d\"]::after { clear: both; }[data-css=\"tve-u-16482907d0e\"] { max-width: 1080px; min-width: auto; min-height: 180px !important; }[data-css=\"tve-u-16482907d0f\"] { max-width: 930px; float: left; z-index: 3; position: relative; width: 100%; margin-bottom: 0px !important; margin-left: auto !important; margin-right: auto !important; }[data-css=\"tve-u-16482907d10\"] .tve-page-section-in { display: flex; justify-content: center; flex-direction: column; }[data-css=\"tve-u-16482907d10\"] { border: medium; margin-top: -60px !important; padding: 50px 10px 40px !important; }[data-css=\"tve-u-16482907d11\"] { box-shadow: rgba(0, 0, 0, 0.2) 0px 3px 10px inset; background-image: linear-gradient(70deg, rgba(12, 50, 110, 0.65) 0%, rgba(102, 97, 68, 0.65) 70%, rgba(245, 173, 0, 0.65) 100%), url(\"https:\/\/www.kern-unternehmensnachfolge.com\/wp-content\/uploads\/2025\/01\/Der-Kern-Delphin.jpg\") !important; background-size: auto, cover !important; background-attachment: scroll, scroll !important; --background-image: linear-gradient(70deg, rgba(12, 50, 110, 0.65) 0%, rgba(102, 97, 68, 0.65) 70%, rgba(245, 173, 0, 0.65) 100%), url(\"https:\/\/www.kern-unternehmensnachfolge.com\/wp-content\/uploads\/2025\/01\/Der-Kern-Delphin.jpg\") !important; --background-size: auto,cover !important; --background-position: 50% 50%,50% 50% !important; --background-attachment: scroll, scroll !important; --background-repeat: no-repeat, no-repeat !important; --tve-applied-background-image: linear-gradient(70deg, rgba(12, 50, 110, 0.65) 0%, rgba(102, 97, 68, 0.65) 70%, rgba(245, 173, 0, 0.65) 100%), url(\"https:\/\/www.kern-unternehmensnachfolge.com\/wp-content\/uploads\/2025\/01\/Der-Kern-Delphin.jpg\") !important; background-position: 50% 50%, 50% 50% !important; background-repeat: no-repeat, no-repeat !important; }[data-css=\"tve-u-1648292109b\"] { background-color: rgb(255, 255, 255) !important; }[data-css=\"tve-u-1648292109c\"] { padding: 50px 10px 70px !important; }[data-css=\"tve-u-1648292109d\"] { max-width: 1080px; min-width: auto; }[data-css=\"tve-u-164829210a0\"] { padding: 20px !important; margin-bottom: 30px !important; margin-top: 0px !important; }[data-css=\"tve-u-164829210a7\"] { background-color: rgb(248, 248, 248) !important; }[data-css=\"tve-u-16482aeebaa\"] { min-height: 1px; }:not(#tve) [data-css=\"tve-u-165206144f0\"] { color: rgb(246, 247, 249) !important; }:not(#tve) [data-css=\"tve-u-1748c15eb07\"] { font-weight: var(--g-bold-weight,bold) !important; }:not(#tve) [data-css=\"tve-u-1748c160b31\"] { font-weight: var(--g-bold-weight,bold) !important; }}","tve_user_custom_css":"","tve_globals":{"e":"1","font_cls":[]},"tcb2_ready":1,"tcb_editor_enabled":1,"tve_landing_page":"","_tve_header":"0","_tve_footer":"0"},"class_list":["post-1626","page","type-page","status-publish","hentry"],"taxonomy_info":[],"featured_image_src_large":false,"author_info":{"display_name":"filialleiter","author_link":"https:\/\/www.kern-unternehmensnachfolge.com\/pt\/author\/filialleiter\/"},"comment_info":0,"_links":{"self":[{"href":"https:\/\/www.kern-unternehmensnachfolge.com\/pt\/wp-json\/wp\/v2\/pages\/1626","targetHints":{"allow":["GET"]}}],"collection":[{"href":"https:\/\/www.kern-unternehmensnachfolge.com\/pt\/wp-json\/wp\/v2\/pages"}],"about":[{"href":"https:\/\/www.kern-unternehmensnachfolge.com\/pt\/wp-json\/wp\/v2\/types\/page"}],"author":[{"embeddable":true,"href":"https:\/\/www.kern-unternehmensnachfolge.com\/pt\/wp-json\/wp\/v2\/users\/1"}],"replies":[{"embeddable":true,"href":"https:\/\/www.kern-unternehmensnachfolge.com\/pt\/wp-json\/wp\/v2\/comments?post=1626"}],"version-history":[{"count":0,"href":"https:\/\/www.kern-unternehmensnachfolge.com\/pt\/wp-json\/wp\/v2\/pages\/1626\/revisions"}],"wp:attachment":[{"href":"https:\/\/www.kern-unternehmensnachfolge.com\/pt\/wp-json\/wp\/v2\/media?parent=1626"}],"curies":[{"name":"wp","href":"https:\/\/api.w.org\/{rel}","templated":true}]}}