{"id":9006,"date":"2020-03-13T20:47:08","date_gmt":"2020-03-13T19:47:08","guid":{"rendered":"https:\/\/great-kare.185-125-174-66.plesk.page\/?page_id=9006"},"modified":"2023-02-01T16:02:35","modified_gmt":"2023-02-01T15:02:35","slug":"sprzedaz-w-wiedenskiej-firmie-wolfgang-fichtingers-expert-tip","status":"publish","type":"page","link":"https:\/\/www.kern-unternehmensnachfolge.com\/pl\/unternehmensverkauf-in-wien-wolfgang-fichtingers-expertentipp\/","title":{"rendered":"Sprze\u00adda\u017c firmy w Wiedniu Porada eksper\u00adta Wolfgan\u00adga Fichtingera"},"content":{"rendered":"<p>  <a href=\"https:\/\/www.kern-unternehmensnachfolge.com\/pl\/\" data-id-d=\"0\"><img loading=\"lazy\" decoding=\"async\" src=\"https:\/\/www.kern-unternehmensnachfolge.com\/wp-content\/uploads\/2019\/09\/kern-logo2019-final.png\" height=\"497\" width=\"1331\" alt=\"Logo KERN 2019 z delfinem w kolorach Ocean Blue i Narrow Black\" style><\/a><\/p>\n<h4 style=\"text-align: center;\">Bezp\u0142at\u00adna konsult\u00adac\u00adja wst\u0119p\u00adna: <a href=\"tel:+43-274288000\" style=\"outline: none;\">&nbsp;+43-2742-88000<\/a><\/h4>\n<h1 style=\"text-align: center;\">Wolfgang Ficht\u00adin\u00adgers Exper\u00adten\u00adtipp f\u00fcr Ihren <a href=\"https:\/\/www.kern-unternehmensnachfolge.com\/pl\/partner-lokalizacyjny\/vienna-fichtinger\/\" style=\"outline: none;\">Sprze\u00adda\u017c firmy w Wiedniu<\/a><\/h1>\n<p style=\"text-align: center;\">Do profi\u00adlu eksper\u00adta ds. sprze\u00adda\u017cy przedsi\u0119\u00adbi\u00adorstw i <a href=\"https:\/\/www.kern-unternehmensnachfolge.com\/pl\/partner-lokalizacyjny\/vienna-fichtinger\/\" style=\"outline: none;\">Sukces\u00adja przedsi\u0119\u00adbi\u00adorst\u00adwa<\/a> w Wiedniu<\/p>\n<h3 style=\"text-align: left;\">Tw\u00f3j partner <span class=\"caps\">KERN<\/span> w Wiedniu<\/h3>\n<p>Prosz\u0119 w\u0142\u0105czy\u0107 JavaScript w przegl\u0105d\u00adar\u00adce, aby wype\u0142\u00adni\u0107 ten formularz.Imi\u0119 <span>*<\/span>Imi\u0119 i nazwis\u00adko Firma \/ Organi\u00adzac\u00adja Adres e-mail <span>*<\/span>Telefon <span>*<\/span>Ich m\u00f6chte Beratung zu\u2026<\/p>\n<ul id=\"wpforms-9000-field_5\">\n<li>Sprze\u00adda\u017c&nbsp;firmy<\/li>\n<li>Przej\u0119cie firmy<\/li>\n<li>Zmiana pokolenio\u00adwa<\/li>\n<\/ul>\n<p>Wniosek <span>*<\/span>Zgoda <span class=\"caps\">DSGVO<\/span> <span>*<\/span><\/p>\n<ul id=\"wpforms-9000-field_6\">\n<li>Ich stimme der Speiche\u00adrung meiner Daten zur Beant\u00adwor\u00adtung dieser Anfra\u00adge sowie dem Erhalt von E-Mails zum Thema Unternehmens\u00adnachfolge gem\u00e4\u00df Daten\u00adschutz\u00ader\u00adk\u00e4\u00adrung&nbsp;zu.<\/li>\n<\/ul>\n<p>Wy\u015blij stron\u0119 internetow\u0105&nbsp;<!-- .wpforms-container --><\/p>\n<p><span style=\"width: 100%;\"><img loading=\"lazy\" decoding=\"async\" alt title=\"core-fichtinger400\" data-id=\"8979\" src=\"https:\/\/www.kern-unternehmensnachfolge.com\/wp-content\/uploads\/2020\/03\/kern-fichtinger400.jpg\" style width=\"400\" height=\"400\"><\/span>  <\/p>\n<p style=\"text-align: left;\"><strong><span class=\"caps\">KERN<\/span> Business Succes\u00adsi\u00adon Vienna<\/strong>Recht\u00adlich eigen\u00adst\u00e4n\u00addi\u00adger Stand\u00adort\u00adTrap\u00adpl\u00adstr. <span class=\"caps\">8A<\/span> \u2013 3151 St. Georgen am Steinfelde<\/p>\n<p style=\"text-align: left;\">Telefon <a href=\"tel:+43%202742%2088000\" style=\"outline: none;\" target=\"_blank\" rel=\"noopener\">+43 2742 88000<\/a><a href=\"mailto:fichtinger@kern-unternehmensnachfolge.com\" style=\"outline: none;\" target=\"_blank\" rel=\"noopener\">fichtinger@kern-unternehmensnachfolge.com<\/a><\/p>","protected":false},"excerpt":{"rendered":"<p>Kostenlose Erstberatung: &nbsp;+43-2742-88000 Wolfgang Fichtingers Expertentipp f\u00fcr Ihren Unternehmensverkauf in Wien Zum Profil Ihres Experten f\u00fcr Unternehmensverkauf und Unternehmensnachfolge in [&hellip;]<\/p>\n","protected":false},"author":1,"featured_media":0,"parent":0,"menu_order":0,"comment_status":"closed","ping_status":"closed","template":"","meta":{"wp_typography_post_enhancements_disabled":false,"site-sidebar-layout":"no-sidebar","site-content-layout":"plain-container","ast-site-content-layout":"default","site-content-style":"default","site-sidebar-style":"default","ast-global-header-display":"","ast-banner-title-visibility":"","ast-main-header-display":"disabled","ast-hfb-above-header-display":"","ast-hfb-below-header-display":"","ast-hfb-mobile-header-display":"","site-post-title":"disabled","ast-breadcrumbs-content":"","ast-featured-img":"disabled","footer-sml-layout":"","ast-disable-related-posts":"","theme-transparent-header-meta":"default","adv-header-id-meta":"","stick-header-meta":"default","header-above-stick-meta":"","header-main-stick-meta":"","header-below-stick-meta":"","astra-migrate-meta-layouts":"default","ast-page-background-enabled":"default","ast-page-background-meta":{"desktop":{"background-color":"","background-image":"","background-repeat":"repeat","background-position":"center center","background-size":"auto","background-attachment":"scroll","background-type":"","background-media":"","overlay-type":"","overlay-color":"","overlay-opacity":"","overlay-gradient":""},"tablet":{"background-color":"","background-image":"","background-repeat":"repeat","background-position":"center center","background-size":"auto","background-attachment":"scroll","background-type":"","background-media":"","overlay-type":"","overlay-color":"","overlay-opacity":"","overlay-gradient":""},"mobile":{"background-color":"","background-image":"","background-repeat":"repeat","background-position":"center center","background-size":"auto","background-attachment":"scroll","background-type":"","background-media":"","overlay-type":"","overlay-color":"","overlay-opacity":"","overlay-gradient":""}},"ast-content-background-meta":{"desktop":{"background-color":"var(--ast-global-color-5)","background-image":"","background-repeat":"repeat","background-position":"center center","background-size":"auto","background-attachment":"scroll","background-type":"","background-media":"","overlay-type":"","overlay-color":"","overlay-opacity":"","overlay-gradient":""},"tablet":{"background-color":"var(--ast-global-color-5)","background-image":"","background-repeat":"repeat","background-position":"center center","background-size":"auto","background-attachment":"scroll","background-type":"","background-media":"","overlay-type":"","overlay-color":"","overlay-opacity":"","overlay-gradient":""},"mobile":{"background-color":"var(--ast-global-color-5)","background-image":"","background-repeat":"repeat","background-position":"center center","background-size":"auto","background-attachment":"scroll","background-type":"","background-media":"","overlay-type":"","overlay-color":"","overlay-opacity":"","overlay-gradient":""}},"iawp_total_views":1,"footnotes":""},"class_list":["post-9006","page","type-page","status-publish","hentry"],"_links":{"self":[{"href":"https:\/\/www.kern-unternehmensnachfolge.com\/pl\/wp-json\/wp\/v2\/pages\/9006","targetHints":{"allow":["GET"]}}],"collection":[{"href":"https:\/\/www.kern-unternehmensnachfolge.com\/pl\/wp-json\/wp\/v2\/pages"}],"about":[{"href":"https:\/\/www.kern-unternehmensnachfolge.com\/pl\/wp-json\/wp\/v2\/types\/page"}],"author":[{"embeddable":true,"href":"https:\/\/www.kern-unternehmensnachfolge.com\/pl\/wp-json\/wp\/v2\/users\/1"}],"replies":[{"embeddable":true,"href":"https:\/\/www.kern-unternehmensnachfolge.com\/pl\/wp-json\/wp\/v2\/comments?post=9006"}],"version-history":[{"count":0,"href":"https:\/\/www.kern-unternehmensnachfolge.com\/pl\/wp-json\/wp\/v2\/pages\/9006\/revisions"}],"wp:attachment":[{"href":"https:\/\/www.kern-unternehmensnachfolge.com\/pl\/wp-json\/wp\/v2\/media?parent=9006"}],"curies":[{"name":"wp","href":"https:\/\/api.w.org\/{rel}","templated":true}]}}