{"id":8925,"date":"2020-03-11T12:54:55","date_gmt":"2020-03-11T11:54:55","guid":{"rendered":"https:\/\/great-kare.185-125-174-66.plesk.page\/?page_id=8925"},"modified":"2022-12-07T22:18:52","modified_gmt":"2022-12-07T21:18:52","slug":"firma-sprzedaz-w-wuerzburgu-wolfgang-a-buergers-expert-tip","status":"publish","type":"page","link":"https:\/\/www.kern-unternehmensnachfolge.com\/pl\/unternehmensverkauf-in-wuerzburg-wolfgang-a-buergers-expertentipp\/","title":{"rendered":"Sprze\u00adda\u017c przedsi\u0119\u00adbi\u00adorst\u00adwa w W\u00fcrzbur\u00adgu Wolfgang A. B\u00fcrgers Expert Tip"},"content":{"rendered":"<p><a href=\"https:\/\/www.kern-unternehmensnachfolge.com\/pl\/\" data-id-d=\"0\" data-img-style><img loading=\"lazy\" decoding=\"async\" src=\"https:\/\/www.kern-unternehmensnachfolge.com\/wp-content\/uploads\/2019\/09\/kern-logo2019-final.png\" height=\"497\" width=\"1331\" alt=\"Logo KERN 2019 z delfinem w kolorach Ocean Blue i Narrow Black\" style><\/a><\/p>\n<h4 style=\"text-align: center;\">Bezp\u0142at\u00adna konsult\u00adac\u00adja wst\u0119p\u00adna:&nbsp;<a href=\"tel:+491786844292\" target=\"_blank\" rel=\"noopener\">+49 178 6844292<\/a><\/h4>\n<h1 style=\"text-align: center;\">Porada eksper\u00adta Wolfgan\u00adga A. B\u00fcrgera dla Pa\u0144st\u00adwa <a href=\"https:\/\/www.kern-unternehmensnachfolge.com\/pl\/partner-lokalizacyjny\/sukcesja-firmy-wiesbaden3-2\/\" style=\"outline: none;\">Sprze\u00adda\u017c przedsi\u0119\u00adbi\u00adorst\u00adwa w W\u00fcrzburgu<\/a><\/h1>\n<p style=\"text-align: center;\">Do profi\u00adlu eksper\u00adta ds. sprze\u00adda\u017cy przedsi\u0119\u00adbi\u00adorstw i <a href=\"https:\/\/www.kern-unternehmensnachfolge.com\/pl\/partner-lokalizacyjny\/sukcesja-firmy-wiesbaden3-2\/\" style=\"outline: none;\">Sukces\u00adja przedsi\u0119\u00adbi\u00adorst\u00adwa<\/a> w W\u00fcrburgu<\/p>\n<h3 style=\"text-align: left;\">Tw\u00f3j partner <span class=\"caps\">KERN<\/span> w W\u00fcrzburgu<\/h3>\n\n<p><span style=\"width: 100%;\"><img loading=\"lazy\" decoding=\"async\" alt title=\"portret-kontakt-buerger\" data-id=\"8108\" src=\"https:\/\/www.kern-unternehmensnachfolge.com\/wp-content\/uploads\/2019\/12\/portrait-kontakt-buerger.jpg\" style width=\"597\" height=\"299\"><\/span><\/p>\n<p style=\"text-align: left;\"><strong><span class=\"caps\">KERN<\/span> Sukces\u00adja przedsi\u0119\u00adbi\u00adorst\u00adwa W\u00fcrzburg<\/strong>Recht\u00adlich eigen\u00adst\u00e4n\u00addi\u00adger Stand\u00adort\u00adMarkt\u00adplatz 197070 W\u00fcrzburg<\/p>\n<p>Telefon&nbsp;<a href=\"tel:+491786844292\" target=\"_blank\" rel=\"noopener\">+49 178 6844292<\/a><a href=\"mailto:buerger@kern-unternehmensnachfolge.com\" style=\"outline: none;\" target=\"_blank\" rel=\"noopener\">buerger@kern-unternehmensnachfolge.com<\/a><\/p>","protected":false},"excerpt":{"rendered":"<p>Kostenlose Erstberatung:&nbsp;+49 178 6844292 Wolfgang A. B\u00fcrgers Expertentipp f\u00fcr Ihren Unternehmensverkauf in W\u00fcrzburg Zum Profil Ihres Experten f\u00fcr Unternehmensverkauf und [&hellip;]<\/p>\n","protected":false},"author":1,"featured_media":0,"parent":0,"menu_order":0,"comment_status":"closed","ping_status":"closed","template":"","meta":{"wp_typography_post_enhancements_disabled":false,"site-sidebar-layout":"no-sidebar","site-content-layout":"plain-container","ast-site-content-layout":"default","site-content-style":"default","site-sidebar-style":"default","ast-global-header-display":"","ast-banner-title-visibility":"","ast-main-header-display":"disabled","ast-hfb-above-header-display":"","ast-hfb-below-header-display":"","ast-hfb-mobile-header-display":"","site-post-title":"disabled","ast-breadcrumbs-content":"","ast-featured-img":"disabled","footer-sml-layout":"","ast-disable-related-posts":"","theme-transparent-header-meta":"default","adv-header-id-meta":"","stick-header-meta":"default","header-above-stick-meta":"","header-main-stick-meta":"","header-below-stick-meta":"","astra-migrate-meta-layouts":"default","ast-page-background-enabled":"default","ast-page-background-meta":{"desktop":{"background-color":"","background-image":"","background-repeat":"repeat","background-position":"center center","background-size":"auto","background-attachment":"scroll","background-type":"","background-media":"","overlay-type":"","overlay-color":"","overlay-opacity":"","overlay-gradient":""},"tablet":{"background-color":"","background-image":"","background-repeat":"repeat","background-position":"center center","background-size":"auto","background-attachment":"scroll","background-type":"","background-media":"","overlay-type":"","overlay-color":"","overlay-opacity":"","overlay-gradient":""},"mobile":{"background-color":"","background-image":"","background-repeat":"repeat","background-position":"center center","background-size":"auto","background-attachment":"scroll","background-type":"","background-media":"","overlay-type":"","overlay-color":"","overlay-opacity":"","overlay-gradient":""}},"ast-content-background-meta":{"desktop":{"background-color":"var(--ast-global-color-5)","background-image":"","background-repeat":"repeat","background-position":"center center","background-size":"auto","background-attachment":"scroll","background-type":"","background-media":"","overlay-type":"","overlay-color":"","overlay-opacity":"","overlay-gradient":""},"tablet":{"background-color":"var(--ast-global-color-5)","background-image":"","background-repeat":"repeat","background-position":"center center","background-size":"auto","background-attachment":"scroll","background-type":"","background-media":"","overlay-type":"","overlay-color":"","overlay-opacity":"","overlay-gradient":""},"mobile":{"background-color":"var(--ast-global-color-5)","background-image":"","background-repeat":"repeat","background-position":"center center","background-size":"auto","background-attachment":"scroll","background-type":"","background-media":"","overlay-type":"","overlay-color":"","overlay-opacity":"","overlay-gradient":""}},"iawp_total_views":0,"footnotes":""},"class_list":["post-8925","page","type-page","status-publish","hentry"],"_links":{"self":[{"href":"https:\/\/www.kern-unternehmensnachfolge.com\/pl\/wp-json\/wp\/v2\/pages\/8925","targetHints":{"allow":["GET"]}}],"collection":[{"href":"https:\/\/www.kern-unternehmensnachfolge.com\/pl\/wp-json\/wp\/v2\/pages"}],"about":[{"href":"https:\/\/www.kern-unternehmensnachfolge.com\/pl\/wp-json\/wp\/v2\/types\/page"}],"author":[{"embeddable":true,"href":"https:\/\/www.kern-unternehmensnachfolge.com\/pl\/wp-json\/wp\/v2\/users\/1"}],"replies":[{"embeddable":true,"href":"https:\/\/www.kern-unternehmensnachfolge.com\/pl\/wp-json\/wp\/v2\/comments?post=8925"}],"version-history":[{"count":0,"href":"https:\/\/www.kern-unternehmensnachfolge.com\/pl\/wp-json\/wp\/v2\/pages\/8925\/revisions"}],"wp:attachment":[{"href":"https:\/\/www.kern-unternehmensnachfolge.com\/pl\/wp-json\/wp\/v2\/media?parent=8925"}],"curies":[{"name":"wp","href":"https:\/\/api.w.org\/{rel}","templated":true}]}}