{"id":6837,"date":"2019-04-24T14:10:06","date_gmt":"2019-04-24T12:10:06","guid":{"rendered":"https:\/\/great-kare.185-125-174-66.plesk.page\/?page_id=6837"},"modified":"2022-12-07T22:28:36","modified_gmt":"2022-12-07T21:28:36","slug":"sprzedaz-przedsiebiorstwa-hamburg-kehrein-expert-tip","status":"publish","type":"page","link":"https:\/\/www.kern-unternehmensnachfolge.com\/pl\/unternehmensverkauf-hamburg-kehrein-expertentipp\/","title":{"rendered":"Unter\u00adnehmens\u00adverkauf in Hamburg \u2013 Goetz Kehrein Expertentipp"},"content":{"rendered":"<p><a target=\"_blank\" href=\"https:\/\/www.kern-unternehmensnachfolge.com\/pl\/\" data-id-d=\"0\" data-img-style rel=\"noopener\"><img loading=\"lazy\" decoding=\"async\" src=\"https:\/\/www.kern-unternehmensnachfolge.com\/wp-content\/uploads\/2019\/09\/kern-logo2019-final.png\" height=\"497\" width=\"1331\" alt=\"Logo KERN 2019 z delfinem w kolorach Ocean Blue i Narrow Black\" style><\/a><\/p>\n<h4 style=\"text-align: center;\">Bezp\u0142at\u00adna konsult\u00adac\u00adja wst\u0119p\u00adna: <a href=\"tel:+49-40-36191342\" target=\"_blank\" style=\"outline: none;\" rel=\"noopener\">+49 40 361 913&nbsp;42<\/a><\/h4>\n<h1 style=\"text-align: center;\">G\u00f6tz Kehreins Exper\u00adten\u00adtipp f\u00fcr Ihren <a href=\"https:\/\/www.kern-unternehmensnachfolge.com\/pl\/partner-lokalizacyjny\/hamburg-kehrein\/\" style=\"outline: none;\">Sprze\u00adda\u017c firmy<\/a> w Hamburgu<\/h1>\n<p style=\"text-align: center;\">Zum Profil Ihres Exper\u00adten f\u00fcr <a href=\"https:\/\/www.kern-unternehmensnachfolge.com\/pl\/partner-lokalizacyjny\/hamburg-kehrein\/\">Sprze\u00adda\u017c firmy<\/a> i <a href=\"https:\/\/www.kern-unternehmensnachfolge.com\/pl\/partner-lokalizacyjny\/hamburg-kehrein\/\">Sukces\u00adja przedsi\u0119\u00adbi\u00adorst\u00adwa<\/a> w Hamburgu<\/p>\n<h3 style=\"text-align: left;\">Tw\u00f3j partner <span class=\"caps\">KERN<\/span> w Hamburgu<\/h3>\n\n<p><span style=\"width: 100%;\"><img decoding=\"async\" alt title=\"goetz-kehrein-kontakt1\" data-id=\"6238\" src=\"https:\/\/www.kern-unternehmensnachfolge.com\/wp-content\/uploads\/2019\/02\/goetz-kehrein-kontakt1.jpg\" style width=\"900\" height=\"623\" loading=\"lazy\"><\/span><\/p>\n<p style=\"text-align: left;\"><strong><span class=\"caps\">KERN<\/span> Corpo\u00adra\u00adte Succes\u00adsi\u00adon Hamburg<\/strong>Recht\u00adlich eigen\u00adst\u00e4n\u00addi\u00adger Stand\u00adort\u00adG\u00f6tz Kehrein\u00adDoberaner Weg 18a22143 Hamburg<\/p>\n<p>Telefon&nbsp;<a href=\"tel:+494036191342\">+49 40 361 913 42<\/a>Mobile <a href=\"tel:+49-176-76897090\" target=\"_blank\" rel=\"noopener\">+49 176 768 970 90<\/a><a href=\"mailto:kehrein@die-nachfolgespezialisten.eu\" target=\"_blank\" rel=\"noopener\">kehrein@die-nachfolgespezialisten.eu<\/a><\/p>\n<p><span style=\"width: 100%;\"><a href=\"https:\/\/search.google.com\/local\/writereview?placeid=ChIJs4R_WIOLsUcRMFjtS7GycmQ\" target=\"_blank\" rel=\"noopener\"><img decoding=\"async\" alt title=\"Rate-me-google\" data-id=\"528\" src=\"https:\/\/www.kern-unternehmensnachfolge.com\/wp-content\/uploads\/2018\/06\/bewerten-sie-mich-google.png\" style width=\"300\" height=\"300\" loading=\"lazy\"><\/a><\/span><\/p>","protected":false},"excerpt":{"rendered":"<p>Kostenlose Erstberatung: +49 40 361 913 42 G\u00f6tz Kehreins Expertentipp f\u00fcr Ihren Unternehmensverkauf in Hamburg Zum Profil Ihres Experten f\u00fcr [&hellip;]<\/p>\n","protected":false},"author":5,"featured_media":0,"parent":0,"menu_order":0,"comment_status":"closed","ping_status":"closed","template":"","meta":{"wp_typography_post_enhancements_disabled":false,"_kad_blocks_custom_css":"","_kad_blocks_head_custom_js":"","_kad_blocks_body_custom_js":"","_kad_blocks_footer_custom_js":"","site-sidebar-layout":"no-sidebar","site-content-layout":"plain-container","ast-site-content-layout":"default","site-content-style":"default","site-sidebar-style":"default","ast-global-header-display":"","ast-banner-title-visibility":"","ast-main-header-display":"disabled","ast-hfb-above-header-display":"","ast-hfb-below-header-display":"","ast-hfb-mobile-header-display":"","site-post-title":"disabled","ast-breadcrumbs-content":"","ast-featured-img":"disabled","footer-sml-layout":"","ast-disable-related-posts":"","theme-transparent-header-meta":"default","adv-header-id-meta":"","stick-header-meta":"default","header-above-stick-meta":"","header-main-stick-meta":"","header-below-stick-meta":"","astra-migrate-meta-layouts":"default","ast-page-background-enabled":"default","ast-page-background-meta":{"desktop":{"background-color":"","background-image":"","background-repeat":"repeat","background-position":"center center","background-size":"auto","background-attachment":"scroll","background-type":"","background-media":"","overlay-type":"","overlay-color":"","overlay-opacity":"","overlay-gradient":""},"tablet":{"background-color":"","background-image":"","background-repeat":"repeat","background-position":"center center","background-size":"auto","background-attachment":"scroll","background-type":"","background-media":"","overlay-type":"","overlay-color":"","overlay-opacity":"","overlay-gradient":""},"mobile":{"background-color":"","background-image":"","background-repeat":"repeat","background-position":"center center","background-size":"auto","background-attachment":"scroll","background-type":"","background-media":"","overlay-type":"","overlay-color":"","overlay-opacity":"","overlay-gradient":""}},"ast-content-background-meta":{"desktop":{"background-color":"var(--ast-global-color-5)","background-image":"","background-repeat":"repeat","background-position":"center center","background-size":"auto","background-attachment":"scroll","background-type":"","background-media":"","overlay-type":"","overlay-color":"","overlay-opacity":"","overlay-gradient":""},"tablet":{"background-color":"var(--ast-global-color-5)","background-image":"","background-repeat":"repeat","background-position":"center center","background-size":"auto","background-attachment":"scroll","background-type":"","background-media":"","overlay-type":"","overlay-color":"","overlay-opacity":"","overlay-gradient":""},"mobile":{"background-color":"var(--ast-global-color-5)","background-image":"","background-repeat":"repeat","background-position":"center center","background-size":"auto","background-attachment":"scroll","background-type":"","background-media":"","overlay-type":"","overlay-color":"","overlay-opacity":"","overlay-gradient":""}},"iawp_total_views":16,"footnotes":""},"class_list":["post-6837","page","type-page","status-publish","hentry"],"taxonomy_info":[],"featured_image_src_large":false,"author_info":{"display_name":"Nils Koerber","author_link":"https:\/\/www.kern-unternehmensnachfolge.com\/pl\/author\/nils-koerber\/"},"comment_info":0,"_links":{"self":[{"href":"https:\/\/www.kern-unternehmensnachfolge.com\/pl\/wp-json\/wp\/v2\/pages\/6837","targetHints":{"allow":["GET"]}}],"collection":[{"href":"https:\/\/www.kern-unternehmensnachfolge.com\/pl\/wp-json\/wp\/v2\/pages"}],"about":[{"href":"https:\/\/www.kern-unternehmensnachfolge.com\/pl\/wp-json\/wp\/v2\/types\/page"}],"author":[{"embeddable":true,"href":"https:\/\/www.kern-unternehmensnachfolge.com\/pl\/wp-json\/wp\/v2\/users\/5"}],"replies":[{"embeddable":true,"href":"https:\/\/www.kern-unternehmensnachfolge.com\/pl\/wp-json\/wp\/v2\/comments?post=6837"}],"version-history":[{"count":0,"href":"https:\/\/www.kern-unternehmensnachfolge.com\/pl\/wp-json\/wp\/v2\/pages\/6837\/revisions"}],"wp:attachment":[{"href":"https:\/\/www.kern-unternehmensnachfolge.com\/pl\/wp-json\/wp\/v2\/media?parent=6837"}],"curies":[{"name":"wp","href":"https:\/\/api.w.org\/{rel}","templated":true}]}}