{"id":37226,"date":"2026-05-08T21:39:14","date_gmt":"2026-05-08T19:39:14","guid":{"rendered":"https:\/\/www.kern-unternehmensnachfolge.com\/?page_id=37226"},"modified":"2026-05-08T21:51:43","modified_gmt":"2026-05-08T19:51:43","slug":"berlin","status":"publish","type":"page","link":"https:\/\/www.kern-unternehmensnachfolge.com\/pl\/standort\/berlin\/","title":{"rendered":"<span class=\"caps\">KERN<\/span> \u2013 Stand\u00adort Berlin"},"content":{"rendered":"<p><a target=\"_blank\" href=\"https:\/\/www.kern-unternehmensnachfolge.com\/pl\/\" data-id-d=\"0\" data-img-style=\"width: 100%;\"><img decoding=\"async\" src=\"https:\/\/www.kern-unternehmensnachfolge.com\/wp-content\/uploads\/2023\/05\/kern_logo2023_rgb_farbig_transparent.png\" height=\"502\" width=\"1317\" alt=\"Logo KERN\" style=\"width: 100%;\" loading=\"lazy\"><\/a><\/p>\n<h2 style=\"text-align: left;\">Sukces\u00adja firmy, sprze\u00adda\u017c firmy, zmiana pokoleniowa<\/h2>\n<h1>Treffen Sie die Spezia\u00adlis\u00adten f\u00fcr Unternehmens\u00adnachfolge in Berlin<\/h1>\n<h3 style=\"text-align: left;\">Ihr <span class=\"caps\">KERN<\/span> Partner in Berlin<\/h3>\n<h3 style>Danilo Manca<\/h3>\n<p>Diplom-Medien\u00ad\u00f6ko\u00adnom (<span class=\"caps\">FH<\/span>) und seit 2015 unter\u00adneh\u00adme\u00adrisch t\u00e4tig im Bereich der Unternehmens\u00adnachfolge. Er ein 360\u00b0-Verst\u00e4ndnis mit: woran Prozes\u00adse schei\u00adtern \u2013 und wie sie gelingen.<\/p>\n<p><span style=\"width: 100%;\"><img decoding=\"async\" alt=\"Expertentipp - Danilo Manca\" title=\"Expertentipp - Danilo Manca\" data-id=\"36333\" src=\"https:\/\/www.kern-unternehmensnachfolge.com\/wp-content\/uploads\/2026\/03\/Expertentipp-Danilo-Manca.webp\" style=\"aspect-ratio: auto 1400 \/ 1080;\" width=\"493\" height=\"380\" data-width=\"493\" data-height=\"380\" data-init-width=\"1400\" data-init-height=\"1080\" mt-d=\"-22.610000000000014\" ml-d=\"0\" center-v-d=\"false\" mt-t=\"0\" ml-t=\"0\" loading=\"lazy\"><\/span><\/p>\n<h3 style>Micha\u0142 Wicht<\/h3>\n<p>Jahrgang 1971. Kaufmann und Dipl.-Betriebswirt mit langj\u00e4h\u00adri\u00adger Gesch\u00e4fts\u00adf\u00fch\u00adrungs- und Manage\u00admen\u00adt\u00ader\u00adfah\u00adrung in inter\u00adna\u00adtio\u00adna\u00adlen <span class=\"caps\">KMU<\/span>\u2018s und Gro\u00dfkon\u00adzer\u00adnen und Spezia\u00adlist im Bereich Lean-Management.<\/p>\n<p><span style=\"width: 100%;\"><img decoding=\"async\" alt title=\"Kern_26-29_06_22_11390-wicht Gro\u00df\" data-id=\"24438\" src=\"https:\/\/www.kern-unternehmensnachfolge.com\/wp-content\/uploads\/2022\/09\/Kern_26-29_06_22_11390-wicht-Gross-e1663016036494.jpeg\" style=\"aspect-ratio: auto 1280 \/ 720;\" width=\"493\" height=\"277\" data-width=\"493\" data-height=\"277\" data-init-width=\"1280\" data-init-height=\"720\" mt-d=\"0\" ml-d=\"0\" center-v-d=\"false\" mt-t=\"0\" ml-t=\"-21.625\" loading=\"lazy\"><\/span><\/p>\n<h3 style=\"text-align: center;\">U nas jeste\u015b kim\u015b wi\u0119cej ni\u017c tylko klien\u00adtem. Sukces Pa\u0144st\u00adwa firmy jest bliski nasze\u00admu&nbsp;sercu.<\/h3>\n<p style=\"text-align: center;\">Sie sind auf der Suche nach einem Partner, der Ihre Unternehmens\u00adnachfolge vertrau\u00adens\u00advoll, kompe\u00adtent und engagiert beglei\u00adtet. Bei <span class=\"caps\">KERN<\/span> treffen Sie Menschen, f\u00fcr die Sie mehr sind als eine Beratungs\u00adkun\u00adde. Menschen, die Sie verste\u00adhen und die wissen, was dieser gro\u00dfe Schritt f\u00fcr Sie ganz pers\u00f6n\u00adlich bedeutet.<\/p>\n<p style=\"text-align: center;\">Oft handelt es sich um hohe und sehr wichti\u00adge Verm\u00f6\u00adgens\u00adwer\u00adte. Es geht um Ihre pers\u00f6n\u00adli\u00adche Absiche\u00adrung, die Zukunft Ihrer Mitar\u00adbei\u00adter oder auch um Wachs\u00adtum und die konkre\u00adte Identi\u00adfi\u00adzie\u00adrung des passen\u00adden K\u00e4ufers oder Verk\u00e4ufers.<\/p>\n<p style=\"text-align: center;\">Die Erfah\u00adrung und Exper\u00adti\u00adse Ihres <span class=\"caps\">KERN<\/span> Beraters kann Sie vor teuren und schwer\u00adwie\u00adgen\u00adden Fehlern sch\u00fct\u00adzen. Machen Sie jetzt den n\u00e4chs\u00adten Schritt bei Ihrer Unternehmens\u00adnachfolge, dem&nbsp;<a href=\"https:\/\/www.kern-unternehmensnachfolge.com\/pl\/sprzedaz-firmy-5\/\" target=\"_blank\" style=\"outline: none;\">Sprze\u00adda\u017c firmy<\/a> przej\u0119cie firmy lub zmiana generacji.<\/p>\n<p><strong><span class=\"caps\">KERN<\/span> Business Succes\u00adsi\u00adon Berlin<\/strong><br> (alle Partner sind recht\u00adlich eigen\u00adst\u00e4n\u00addig) <br>Uhland\u00adstra\u00ad\u00dfe 175<br>10719 Berlin<\/p>\n<p><a href=\"mailto:berlin@kern-unternehmensnachfolge.com\" target=\"_blank\" style=\"outline: none;\">berlin@kern-unternehmensnachfolge.com<\/a><\/p>","protected":false},"excerpt":{"rendered":"<p>Unternehmensnachfolge, Unternehmensverkauf, Generationswechsel Treffen Sie die Spezialisten f\u00fcr Unternehmensnachfolge in Berlin Ihr KERN Partner in Berlin Danilo Manca Diplom-Medien\u00f6konom (FH) [&hellip;]<\/p>\n","protected":false},"author":84,"featured_media":0,"parent":27709,"menu_order":0,"comment_status":"closed","ping_status":"closed","template":"","meta":{"wp_typography_post_enhancements_disabled":false,"_kad_blocks_custom_css":"","_kad_blocks_head_custom_js":"","_kad_blocks_body_custom_js":"","_kad_blocks_footer_custom_js":"","site-sidebar-layout":"no-sidebar","site-content-layout":"page-builder","ast-site-content-layout":"full-width-container","site-content-style":"unboxed","site-sidebar-style":"unboxed","ast-global-header-display":"disabled","ast-banner-title-visibility":"disabled","ast-main-header-display":"","ast-hfb-above-header-display":"","ast-hfb-below-header-display":"","ast-hfb-mobile-header-display":"","site-post-title":"","ast-breadcrumbs-content":"","ast-featured-img":"","footer-sml-layout":"disabled","ast-disable-related-posts":"","theme-transparent-header-meta":"","adv-header-id-meta":"","stick-header-meta":"","header-above-stick-meta":"","header-main-stick-meta":"","header-below-stick-meta":"","astra-migrate-meta-layouts":"set","ast-page-background-enabled":"default","ast-page-background-meta":{"desktop":{"background-color":"","background-image":"","background-repeat":"repeat","background-position":"center center","background-size":"auto","background-attachment":"scroll","background-type":"","background-media":"","overlay-type":"","overlay-color":"","overlay-opacity":"","overlay-gradient":""},"tablet":{"background-color":"","background-image":"","background-repeat":"repeat","background-position":"center center","background-size":"auto","background-attachment":"scroll","background-type":"","background-media":"","overlay-type":"","overlay-color":"","overlay-opacity":"","overlay-gradient":""},"mobile":{"background-color":"","background-image":"","background-repeat":"repeat","background-position":"center center","background-size":"auto","background-attachment":"scroll","background-type":"","background-media":"","overlay-type":"","overlay-color":"","overlay-opacity":"","overlay-gradient":""}},"ast-content-background-meta":{"desktop":{"background-color":"var(--ast-global-color-5)","background-image":"","background-repeat":"repeat","background-position":"center center","background-size":"auto","background-attachment":"scroll","background-type":"","background-media":"","overlay-type":"","overlay-color":"","overlay-opacity":"","overlay-gradient":""},"tablet":{"background-color":"var(--ast-global-color-5)","background-image":"","background-repeat":"repeat","background-position":"center center","background-size":"auto","background-attachment":"scroll","background-type":"","background-media":"","overlay-type":"","overlay-color":"","overlay-opacity":"","overlay-gradient":""},"mobile":{"background-color":"var(--ast-global-color-5)","background-image":"","background-repeat":"repeat","background-position":"center center","background-size":"auto","background-attachment":"scroll","background-type":"","background-media":"","overlay-type":"","overlay-color":"","overlay-opacity":"","overlay-gradient":""}},"iawp_total_views":1,"footnotes":"","tve_updated_post":"","tve_custom_css":"","tve_user_custom_css":"","tve_globals":{"e":"1","font_cls":[]},"tcb2_ready":1,"tcb_editor_enabled":1,"tve_landing_page":"f03cab1f326d0a351d40add42e2ef2ff","_tve_header":"0","_tve_footer":"0"},"class_list":["post-37226","page","type-page","status-publish","hentry"],"taxonomy_info":[],"featured_image_src_large":false,"author_info":{"display_name":"Benjamin","author_link":"https:\/\/www.kern-unternehmensnachfolge.com\/pl\/author\/benjamin-onestop\/"},"comment_info":0,"_links":{"self":[{"href":"https:\/\/www.kern-unternehmensnachfolge.com\/pl\/wp-json\/wp\/v2\/pages\/37226","targetHints":{"allow":["GET"]}}],"collection":[{"href":"https:\/\/www.kern-unternehmensnachfolge.com\/pl\/wp-json\/wp\/v2\/pages"}],"about":[{"href":"https:\/\/www.kern-unternehmensnachfolge.com\/pl\/wp-json\/wp\/v2\/types\/page"}],"author":[{"embeddable":true,"href":"https:\/\/www.kern-unternehmensnachfolge.com\/pl\/wp-json\/wp\/v2\/users\/84"}],"replies":[{"embeddable":true,"href":"https:\/\/www.kern-unternehmensnachfolge.com\/pl\/wp-json\/wp\/v2\/comments?post=37226"}],"version-history":[{"count":5,"href":"https:\/\/www.kern-unternehmensnachfolge.com\/pl\/wp-json\/wp\/v2\/pages\/37226\/revisions"}],"predecessor-version":[{"id":37233,"href":"https:\/\/www.kern-unternehmensnachfolge.com\/pl\/wp-json\/wp\/v2\/pages\/37226\/revisions\/37233"}],"up":[{"embeddable":true,"href":"https:\/\/www.kern-unternehmensnachfolge.com\/pl\/wp-json\/wp\/v2\/pages\/27709"}],"wp:attachment":[{"href":"https:\/\/www.kern-unternehmensnachfolge.com\/pl\/wp-json\/wp\/v2\/media?parent=37226"}],"curies":[{"name":"wp","href":"https:\/\/api.w.org\/{rel}","templated":true}]}}