{"id":30417,"date":"2024-04-25T10:21:48","date_gmt":"2024-04-25T08:21:48","guid":{"rendered":"https:\/\/kern-unternehmensnachfolge.com\/?page_id=30417"},"modified":"2025-06-10T09:37:34","modified_gmt":"2025-06-10T07:37:34","slug":"sprzedaz-firmy-8","status":"publish","type":"page","link":"https:\/\/www.kern-unternehmensnachfolge.com\/pl\/unternehmensverkauf-angebote\/","title":{"rendered":"Oferty sprze\u00adda\u017cy firm: <span class=\"caps\">KERN<\/span> Gie\u0142da Sp\u00f3\u0142ek"},"content":{"rendered":"<h1 data-hide=\"true\" id=\"t-1654808931777\" style=\"text-align: center;\">Oferty sprze\u00adda\u017cy&nbsp;firm<\/h1>\n<h2 data-pm-slice=\"1 1 []\" style=\"text-align: center;\"><span data-color=\"var(--blue-10)\" style><span class=\"caps\">KERN<\/span> Unter\u00adneh\u00admens\u00adb\u00f6r\u00adse<\/span><\/h2>\n<p data-pm-slice=\"1 1 []\"><span data-color=\"var(--blue-10)\">Sie suchen nach diskre\u00adten Unter\u00adnehmens\u00adverkauf-Angebo\u00adten? Die <span class=\"caps\">KERN<\/span> Unter\u00adneh\u00admens\u00adb\u00f6r\u00adse bietet einen gesch\u00fctz\u00adten Rahmen f\u00fcr den Firmen\u00adkauf und unter\u00adst\u00fctzt Sie mit langj\u00e4h\u00adri\u00adger Erfah\u00adrung bei einer erfolg\u00adrei\u00adchen Transaktion.<\/span><\/p>\n<p>Profi\u00adtie\u00adren Sie von unserem gro\u00dfen Netzwerk und der detail\u00adlier\u00adten Kennt\u00adnis im Mittel\u00adstand. Wir erschlie\u00ad\u00dfen Ihnen den Zugang zu <strong>exklu\u00adsi\u00adven Angebo\u00adten<\/strong>, die nicht \u00f6ffent\u00adlich auf dem Markt verf\u00fcg\u00adbar sind.<span><img decoding=\"async\" alt data-id=\"31534\" width=\"187\" data-init-width=\"1747\" height=\"180\" data-init-height=\"1680\" title=\"KERN_Erfolgsgarantie_RGB_mehrfarbig_08.24 (2)\" loading=\"lazy\" src=\"https:\/\/www.kern-unternehmensnachfolge.com\/wp-content\/uploads\/2023\/03\/KERN_Erfolgsgarantie_RGB_mehrfarbig_08.24-2.png\" data-width=\"187\" data-height=\"180\" style=\"aspect-ratio: auto 1747 \/ 1680;\"><\/span>\/div<span class=\"amp\">&amp;<\/span>amp;amp;amp;amp;amp;amp;amp;amp;amp;amp;amp;amp;amp;amp;amp;amp;amp;amp;amp;amp;amp;amp;amp;amp;amp;amp;amp;am;<\/p>\n<h2><span style=\"font-weight: normal;\">Sprze\u00adda\u017c&nbsp;firmy<\/span><\/h2>\n<p dir=\"ltr\">Als Unter\u00adneh\u00admer haben Sie den Gro\u00dfteil des Lebens in den Aufbau und Erfolg Ihres Unter\u00adneh\u00admens inves\u00adtiert. Nun steht m\u00f6gli\u00adcher\u00adwei\u00adse die \u00dcberga\u00adbe Ihres Lebens\u00adwerks an, sei es aus Alters\u00adgr\u00fcn\u00adden, um neue Heraus\u00adfor\u00adde\u00adrun\u00adgen anzuneh\u00admen oder um den Ruhestand zu genie\u00ad\u00dfen. Ein <a href=\"https:\/\/www.kern-unternehmensnachfolge.com\/pl\/firma-sprzedaz-10-najlepszych-wskazowek-dla-kupujacego-wygasniecie-ceny-zakupu\/\" target=\"_blank\" style=\"outline: none;\">Sprze\u00adda\u017c firmy<\/a> ist dann eine logische und oft lohnen\u00adde Option.<\/p>\n<h3 dir=\"ltr\"><span style=\"font-weight: normal;\">Nachfol\u00adge f\u00fcr Ihr Lebenswerk<\/span><\/h3>\n<p data-pm-slice=\"1 1 []\"><span data-color=\"var(--blue-10)\">F\u00fcr Inhaber und Inhabe\u00adrin\u00adnen ist die Nachfol\u00adge\u00adpla\u00adnung ein entschei\u00adden\u00adder Schritt, um das Lebens\u00adwerk zu sichern. Dabei gibt es verschie\u00adde\u00adne M\u00f6glich\u00adkei\u00adten, wie ein Unter\u00adneh\u00admen in die H\u00e4nde eines geeig\u00adne\u00adten Nachfol\u00adgers \u00fcberge\u00adben werden kann.<\/span> Eine Option ist der Verkauf an einen strate\u00adgi\u00adschen Inves\u00adtor oder an ein anderes Unter\u00adneh\u00admen aus der Branche. Alter\u00adna\u00adtiv k\u00f6nnen Sie Ihr Unter\u00adneh\u00admen an Ihre Mitar\u00adbei\u00adter oder an einen Famili\u00aden\u00adan\u00adge\u00adh\u00f6\u00adri\u00adgen \u00fcberge\u00adben. Eine fr\u00fchzei\u00adti\u00adge Planung und eine<a href=\"https:\/\/www.kern-unternehmensnachfolge.com\/pl\/sprzedaz-firmy-7\/\" style=\"outline: none;\"> profes\u00adsio\u00adnel\u00adle Nachfol\u00adge\u00adbe\u00adra\u00adtung<\/a> sind hierbei entscheidend.<\/p>\n<h2><span style=\"font-weight: normal;\">Przej\u0119cie firmy<\/span><\/h2>\n<p data-pm-slice=\"1 1 []\"><span data-color=\"var(--blue-10)\">Nieza\u00adle\u017c\u00adnie od tego, czy jeste\u015b firm\u0105 przemys\u0142o\u00adw\u0105, grup\u0105 firm czy szybko rozwi\u00adja\u00adj\u0105c\u0105 si\u0119 firm\u0105 <span class=\"caps\">IT<\/span><\/span><strong><span data-color=\"var(--blue-10)\"> <\/span><\/strong><span data-color=\"var(--blue-10)\">erwer\u00adben m\u00f6chten \u2013 die gr\u00fcnd\u00adli\u00adche Analy\u00adse Ihrer Gesch\u00e4fts\u00adzie\u00adle und der Markt\u00adbe\u00addin\u00adgun\u00adgen ist entschei\u00addend. Wir helfen Ihnen, passen\u00adde \u00dcbernah\u00adme\u00adob\u00adjek\u00adte zu identifizieren.<\/span><\/p>\n<h3 dir=\"ltr\"><span style=\"font-weight: normal;\">Inves\u00adti\u00adti\u00adon in Erfolg<\/span><\/h3>\n<p dir=\"ltr\">Ein Unter\u00adnehmens\u00adkauf ist nicht nur eine finan\u00adzi\u00adel\u00adle, sondern auch eine strate\u00adgi\u00adsche Weichen\u00adstel\u00adlung, die das Poten\u00adzi\u00adal hat, Ihr Gesch\u00e4fts\u00adfeld wesent\u00adlich zu erwei\u00adtern. Es ist entschei\u00addend, dass die Inves\u00adti\u00adti\u00adon auf soliden Finanz\u00adana\u00adly\u00adsen und einer realis\u00adti\u00adschen Bewer\u00adtung der zuk\u00fcnf\u00adti\u00adgen Wachs\u00adtums\u00adm\u00f6g\u00adlich\u00adkei\u00adten basiert.<\/p>\n<h3 dir=\"ltr\"><span style=\"font-weight: normal;\">Wie finde ich den passen\u00adden K\u00e4ufer?<\/span><\/h3>\n<p data-pm-slice=\"1 1 []\"><span data-color=\"var(--blue-10)\">Die Suche nach dem passen\u00adden K\u00e4ufer oder <\/span><strong><span data-color=\"var(--blue-10)\">Nast\u0119p\u00adca<\/span><\/strong><span data-color=\"var(--blue-10)\"> ist ein entschei\u00adden\u00adder Schritt f\u00fcr den Erfolg des Firmen\u00adver\u00adkaufs. Dabei spielt die \u00dcberein\u00adstim\u00admung in Werten, Branchen\u00adkennt\u00adnis und Unter\u00adneh\u00admens\u00adkul\u00adtur eine zentra\u00adle Rolle. Die Suche kann \u00fcber eine profes\u00adsio\u00adnel\u00adle <\/span><strong><span data-color=\"var(--blue-10)\">Nachfol\u00adge\u00adb\u00f6r\u00adse<\/span><\/strong><span data-color=\"var(--blue-10)\"> oder Online Unter\u00adneh\u00admens\u00adb\u00f6r\u00adsen deutlich erleich\u00adtert werden. Sie bietet eine diskre\u00adte und geziel\u00adte Vermitt\u00adlung zwischen Unter\u00adneh\u00admen und poten\u00adzi\u00adel\u00adlen K\u00e4ufern.<\/span><\/p>\n<h3 dir=\"ltr\"><span style=\"font-weight: normal;\">Wie finde ich die passen\u00adde&nbsp;Firma?<\/span><\/h3>\n<p dir=\"ltr\">Die Suche nach dem richti\u00adgen \u00dcbernah\u00adme\u00adob\u00adjekt erfor\u00addert Weitblick, Erfah\u00adrung, eine gr\u00fcnd\u00adli\u00adche Analy\u00adse der eigenen Gesch\u00e4fts\u00adzie\u00adle und der Markt\u00adbe\u00addin\u00adgun\u00adgen. Wir helfen Ihnen dabei, Unter\u00adneh\u00admen zu identi\u00adfi\u00adzie\u00adren, die Ihre strate\u00adgi\u00adschen Ziele unter\u00adst\u00fct\u00adzen und eine solide finan\u00adzi\u00adel\u00adle Gesund\u00adheit aufwei\u00adsen. Unsere Exper\u00adten nutzen dabei sowohl quanti\u00adta\u00adti\u00adve als auch quali\u00adta\u00adti\u00adve Daten, um sicher\u00adzu\u00adstel\u00adlen, dass die Akqui\u00adsi\u00adti\u00adon Ihren langfris\u00adti\u00adgen Erfolg f\u00f6rdert.<\/p>\n<h3 dir=\"ltr\"><span style=\"font-weight: normal;\">Welche Arten von Deals gibt&nbsp;es?<\/span><\/h3>\n<p dir=\"ltr\">Es gibt verschie\u00adde\u00adne Arten von Deals, die beim Verkauf eines Unter\u00adneh\u00admens m\u00f6glich sind. Die am h\u00e4ufigs\u00adten verwen\u00adde\u00adten Deal-Struk\u00adtu\u00adren bzw. Zielgrup\u00adpen&nbsp;sind:<\/p>\n<ul>\n<li dir=\"ltr\"><strong>Share Deal:<\/strong> Z <a href=\"https:\/\/www.kern-unternehmensnachfolge.com\/pl\/share-deal\/\" target=\"_blank\" style=\"outline: none;\">Share Deal<\/a> erwirbt der K\u00e4ufer alle Antei\u00adle an der Gesellschaft.<\/li>\n<li dir=\"ltr\"><strong>Asset Deal:<\/strong> Z <a href=\"https:\/\/www.kern-unternehmensnachfolge.com\/pl\/asset-deal\/\" target=\"_blank\">Transak\u00adc\u00adja dotyc\u00adz\u0105\u00adca aktyw\u00f3w<\/a> erwirbt der K\u00e4ufer bestimm\u00adte Verm\u00f6\u00adgens\u00adwer\u00adte des Unter\u00adneh\u00admens, z. B. Immobi\u00adli\u00aden, Maschi\u00adnen oder Kundenstamm.<\/li>\n<li><strong>Manage\u00adment Buy-out (<span class=\"caps\">MBO<\/span>):<\/strong> Z <a href=\"https:\/\/www.kern-unternehmensnachfolge.com\/pl\/management-buy-out-mbo\/\" target=\"_blank\"><span class=\"caps\">MBO<\/span><\/a> kaufen das Manage\u00adment oder Mitar\u00adbei\u00adter des Unter\u00adneh\u00admens das Unter\u00adneh\u00admen vom bishe\u00adri\u00adgen Eigent\u00fcmer.<\/li>\n<li><strong>Manage\u00adment Buy-in (<span class=\"caps\">MBI<\/span>)<\/strong>: Bei einem <a href=\"https:\/\/www.kern-unternehmensnachfolge.com\/pl\/zarzadzanie-kupowanie-mbi\/\" target=\"_blank\" style=\"outline: none;\"><span class=\"caps\">MBI<\/span><\/a> kauft eine exter\u00adne Manage\u00adment\u00adgrup\u00adpe das Unternehmen.<\/li>\n<li><strong>Inwestor strate\u00adgicz\u00adny<\/strong>: <a href=\"https:\/\/www.kern-unternehmensnachfolge.com\/pl\/sprzedaz-firmy-4\/\" target=\"_blank\">Przej\u0119cie firmy<\/a> przez inn\u0105 firm\u0119 w celu stwor\u00adze\u00adnia strate\u00adgicz\u00adnych synergii.<\/li>\n<li><strong>Inwestor finan\u00adso\u00adwy<\/strong>: Invest\u00adment durch Priva\u00adte Equity-Firmen oder \u00e4hnli\u00adche, prim\u00e4r zur finan\u00adzi\u00adel\u00adlen Rendite.<\/li>\n<\/ul>\n<h3 dir=\"ltr\"><span style=\"font-weight: normal;\">Wie finan\u00adziert man eine Firmen\u00fcbernahme?<\/span><\/h3>\n<p dir=\"ltr\">Die Wahl der richti\u00adgen Finan\u00adzie\u00adrungs\u00adform h\u00e4ngt von verschie\u00adde\u00adnen Fakto\u00adren ab, z. B. von der Finanz\u00adsi\u00adtua\u00adti\u00adon des K\u00e4ufers, dem Kaufpreis der Firma und den Risiken des Unter\u00adneh\u00admens\u00adkaufs. Es gibt verschie\u00adde\u00adne Finanzierungsm\u00f6glichkeiten:<\/p>\n<ul>\n<li dir=\"ltr\"><strong>Kapita\u0142 w\u0142asny:<\/strong> Die Finan\u00adzie\u00adrung aus Eigen\u00adka\u00adpi\u00adtal ist die g\u00fcnstigs\u00adte, aber auch risiko\u00adreichs\u00adte Variante.<\/li>\n<li dir=\"ltr\"><strong>Bankkre\u00addi\u00adte: <\/strong>Banken bieten Unter\u00adneh\u00admens\u00adkre\u00addi\u00adte f\u00fcr die Finan\u00adzie\u00adrung von <a href=\"https:\/\/www.kern-unternehmensnachfolge.com\/pl\/przejecie-firmy-2\/\" target=\"_blank\" style=\"outline: none;\">Firmen\u00ad\u00fcber\u00adnah\u00admen<\/a> .<\/li>\n<li dir=\"ltr\"><strong>Mezza\u00adni\u00adne-Finan\u00adzie\u00adrung:<\/strong> Mezza\u00adni\u00adne-Finan\u00adzie\u00adrung ist eine hybri\u00adde Finan\u00adzie\u00adrungs\u00adform, die Elemen\u00adte von Eigen- und Fremd\u00adka\u00adpi\u00adtal mitein\u00adan\u00adder verbindet.<\/li>\n<li dir=\"ltr\"><strong>F\u00f6rder\u00admit\u00adtel:<\/strong> In bestimm\u00adten F\u00e4llen k\u00f6nnen \u00f6ffent\u00adli\u00adche F\u00f6rder\u00admit\u00adtel oder Zusch\u00fcs\u00adse f\u00fcr Unter\u00adneh\u00admens\u00adk\u00e4u\u00adfe zur Verf\u00fc\u00adgung stehen.<\/li>\n<\/ul>\n<p dir=\"ltr\"><span class=\"caps\">KERN<\/span> Unternehmens\u00adnachfolge ber\u00e4t Sie umfas\u00adsend zu den verschie\u00adde\u00adnen Struk\u00adtu\u00adren und hilft Ihnen, die f\u00fcr Sie optima\u00adle L\u00f6sung zu finden.<\/p>\n<h3 dir=\"ltr\"><span style=\"font-weight: normal;\">Wie wird der Unter\u00adnehmens\u00adverkauf besteuert?<\/span><\/h3>\n<p dir=\"ltr\">Die Besteue\u00adrung des Unter\u00adneh\u00admens\u00adver\u00adkaufs h\u00e4ngt von verschie\u00adde\u00adnen Fakto\u00adren ab, wie beispiels\u00adwei\u00adse der Rechts\u00adform des Unter\u00adneh\u00admens, der H\u00f6he des Verkaufs\u00ader\u00adl\u00f6\u00adses und der Halte\u00addau\u00ader beim Verkauf von Antei\u00adlen. Es fallen verschie\u00adde\u00adne Steuern an, z. B. Gewer\u00adbe\u00adsteu\u00ader (D), Einkom\u00admen\u00adsteu\u00ader, K\u00f6rper\u00adschaft\u00adsteu\u00ader, Grund\u00ader\u00adwerbs\u00adsteu\u00ader oder auch die Umsatz\u00adsteu\u00ader. Eine profes\u00adsio\u00adnel\u00adle Beratung durch einen Steuer\u00adbe\u00adra\u00adter oder<a href=\"https:\/\/www.kern-unternehmensnachfolge.com\/pl\/prawnik-zajmujacy-sie-sukcesja-biznesowa-2\/\" style=\"outline: none;\"> Prawnik zajmu\u00adj\u0105\u00adcy si\u0119 sukces\u00adj\u0105 firm<\/a> ist hierbei unverzichtbar.<\/p>\n<h3 dir=\"ltr\"><span style=\"font-weight: normal;\">Welche Steuern fallen beim Unter\u00adnehmens\u00adkauf&nbsp;an?<\/span><\/h3>\n<p dir=\"ltr\">Beim Kauf eines Unter\u00adneh\u00admens m\u00fcssen ebenfalls verschie\u00adde\u00adne Steuern ber\u00fcck\u00adsich\u00adtigt werden, darun\u00adter die Grund\u00ader\u00adwerb\u00adsteu\u00ader bei Immobi\u00adli\u00aden\u00adtrans\u00adak\u00adtio\u00adnen und Umsatz\u00adsteu\u00ader, falls es sich um einen Asset-Deal handelt.<\/p>\n<h3 data-pm-slice=\"1 1 []\" style=\"text-align: center;\"><span style=\"font-weight: normal;\"><span data-color=\"var(--blue-10)\">Check\u00adlis\u00adte f\u00fcr eine erfolg\u00adrei\u00adche Unternehmenstransaktion<\/span><\/span><\/h3>\n<p data-pm-slice=\"1 1 []\"><span data-color=\"var(--blue-10)\">Wir unter\u00adst\u00fct\u00adzen Kaufin\u00adter\u00ades\u00adsen\u00adten und Verk\u00e4u\u00adfer bei allen Schrit\u00adten des Unter\u00adneh\u00admens\u00adver\u00adkaufs und helfen Ihnen, Ihr Ziel eines erfolg\u00adrei\u00adchen und reibungs\u00adlo\u00adsen \u00dcbergangs zu errei\u00adchen. Kontak\u00adtie\u00adren Sie uns f\u00fcr ein unver\u00adbind\u00adli\u00adches Beratungsgespr\u00e4ch!<\/span><\/p>\n<h3 data-pm-slice=\"1 1 []\" style=\"text-align: center;\"><span style=\"font-weight: normal;\"><span data-color=\"var(--blue-10)\">Tipps f\u00fcr beide Seiten<\/span><\/span><\/h3>\n<p><strong><span data-color=\"var(--blue-10)\">Skonsul\u00adtuj si\u0119 z konsul\u00adtan\u00adtem<\/span><\/strong><span data-color=\"var(--blue-10)\">:<\/span><span data-color=\"var(--blue-10)\"><\/span><span data-color=\"var(--blue-10)\"><\/span><span data-color=\"var(--blue-10)\">Arbei\u00adten Sie mit Exper\u00adten f\u00fcr M<span class=\"amp\">&amp;<\/span>A, Steuer\u00adbe\u00adra\u00adtung und Recht zusammen.<\/span><\/p>\n<p><strong><span data-color=\"var(--blue-10)\">Komuni\u00adka\u00adc\u00adja<\/span><\/strong><span data-color=\"var(--blue-10)\">:<\/span><span data-color=\"var(--blue-10)\">Trans\u00adpa\u00adren\u00adte und diskre\u00adte Kommu\u00adni\u00adka\u00adti\u00adon ist entschei\u00addend, um Vertrau\u00aden aufzu\u00adbau\u00aden und den Gesch\u00e4fts\u00adbe\u00adtrieb nicht zu beeintr\u00e4chtigen.<\/span><\/p>\n<p><strong><span data-color=\"var(--blue-10)\">Zarz\u0105d\u00adza\u00adnie czasem<\/span><\/strong><span data-color=\"var(--blue-10)\">:<\/span><span data-color=\"var(--blue-10)\">Sorgen Sie daf\u00fcr, dass gen\u00fcgend Zeit f\u00fcr alle Schrit\u00adte einge\u00adplant wird, insbe\u00adson\u00adde\u00adre f\u00fcr Verhand\u00adlun\u00adgen und die Due-Diligence-Pr\u00fcfung<\/span><\/p>\n<p><span data-color=\"var(--blue-10)\"><\/span><\/p>\n<h2 dir=\"ltr\"><span style=\"font-weight: normal;\">Die Bedeu\u00adtung einer profes\u00adsio\u00adnel\u00adlen M<span class=\"amp\">&amp;<\/span>A-Beratung<\/span><\/h2>\n<p dir=\"ltr\">Als poten\u00adzi\u00adel\u00adler K\u00e4ufer suchen Sie nach attrak\u00adti\u00adven \u00dcbernah\u00adme\u00adkan\u00addi\u00adda\u00adten, die perfekt zu Ihren Wachs\u00adtums\u00adpl\u00e4\u00adnen passen. <span class=\"caps\">KERN<\/span> Unternehmens\u00adnachfolge unter\u00adst\u00fctzt Sie dabei, das richti\u00adge Unter\u00adneh\u00admen zu finden und die Trans\u00adak\u00adti\u00adon erfolg\u00adreich abzuwickeln.<\/p>\n<p data-pm-slice=\"1 1 []\"><span data-color=\"var(--blue-10)\">Unser Team identi\u00adfi\u00adziert f\u00fcr Sie passen\u00adde Unter\u00adnehmens\u00adverkauf Angebo\u00adte in der entspre\u00adchen\u00adden Rubrik, die perfekt zu Ihren Zielen passen<\/span>. Wir pr\u00fcfen diese Kandi\u00adda\u00adten sorgf\u00e4l\u00adtig und liefern Ihnen eine quali\u00adfi\u00adzier\u00adte Vorauswahl, die perfekt auf Ihre Ziele und Anfor\u00adde\u00adrun\u00adgen zugeschnit\u00adten&nbsp;ist.<\/p>\n<h4 id=\"t-1687981588691\" style=\"text-align: center;\"><span style=\"font-weight: normal;\">Czy masz poufne pytania?<\/span><\/h4>\n<p><span><img decoding=\"async\" alt=\"Nils Koerber - Portret\" data-id=\"32418\" width=\"100\" data-init-width=\"150\" height=\"100\" data-init-height=\"150\" title=\"Nils Koerber - Portret\" src=\"https:\/\/www.kern-unternehmensnachfolge.com\/wp-content\/uploads\/2025\/01\/Nils-Koerber-Portrait.jpg\" data-width=\"100\" data-height=\"100\" style=\"aspect-ratio: auto 150 \/ 150;\" loading=\"lazy\"><\/span><\/p>\n<p dir=\"ltr\" style=\"text-align: center;\">Zarezer\u00adwuj wybran\u0105 dat\u0119 bezpo\u015b\u00adred\u00adnio online!<\/p>\n<p dir=\"ltr\" style=\"text-align: center;\">Nie mog\u0119 si\u0119 docze\u00adka\u0107, aby ci\u0119 pozna\u0107.<\/p>\n<p dir=\"ltr\" style=\"text-align: center;\">Nils Koerber<\/p>\n<p><span><img decoding=\"async\" alt=\"Lokalizacje KERN\" data-id=\"32415\" data-init-width=\"768\" data-init-height=\"545\" title=\"Lokalizacje KERN\" src=\"https:\/\/www.kern-unternehmensnachfolge.com\/wp-content\/uploads\/2025\/01\/KERN-Standorte_Faehnchen_mit_Hintergrund_09.2024.webp\" data-width=\"493\" data-height=\"350\" width=\"493\" height=\"350\" data-link-wrap=\"true\" style=\"aspect-ratio: auto 768 \/ 545;\" loading=\"lazy\"><\/span><\/p>","protected":false},"excerpt":{"rendered":"<p>Unternehmensverkauf Angebote KERN Unternehmensb\u00f6rse Sie suchen nach diskreten Unternehmensverkauf-Angeboten? Die KERN Unternehmensb\u00f6rse bietet einen gesch\u00fctzten Rahmen f\u00fcr den Firmenkauf und [&hellip;]<\/p>\n","protected":false},"author":33,"featured_media":0,"parent":0,"menu_order":0,"comment_status":"closed","ping_status":"closed","template":"","meta":{"wp_typography_post_enhancements_disabled":false,"_kad_blocks_custom_css":"","_kad_blocks_head_custom_js":"","_kad_blocks_body_custom_js":"","_kad_blocks_footer_custom_js":"","site-sidebar-layout":"no-sidebar","site-content-layout":"page-builder","ast-site-content-layout":"full-width-container","site-content-style":"unboxed","site-sidebar-style":"unboxed","ast-global-header-display":"","ast-banner-title-visibility":"","ast-main-header-display":"","ast-hfb-above-header-display":"","ast-hfb-below-header-display":"","ast-hfb-mobile-header-display":"","site-post-title":"disabled","ast-breadcrumbs-content":"","ast-featured-img":"","footer-sml-layout":"","ast-disable-related-posts":"","theme-transparent-header-meta":"default","adv-header-id-meta":"","stick-header-meta":"default","header-above-stick-meta":"","header-main-stick-meta":"","header-below-stick-meta":"","astra-migrate-meta-layouts":"set","ast-page-background-enabled":"default","ast-page-background-meta":{"desktop":{"background-color":"","background-image":"","background-repeat":"repeat","background-position":"center center","background-size":"auto","background-attachment":"scroll","background-type":"","background-media":"","overlay-type":"","overlay-color":"","overlay-opacity":"","overlay-gradient":""},"tablet":{"background-color":"","background-image":"","background-repeat":"repeat","background-position":"center center","background-size":"auto","background-attachment":"scroll","background-type":"","background-media":"","overlay-type":"","overlay-color":"","overlay-opacity":"","overlay-gradient":""},"mobile":{"background-color":"","background-image":"","background-repeat":"repeat","background-position":"center center","background-size":"auto","background-attachment":"scroll","background-type":"","background-media":"","overlay-type":"","overlay-color":"","overlay-opacity":"","overlay-gradient":""}},"ast-content-background-meta":{"desktop":{"background-color":"var(--ast-global-color-5)","background-image":"","background-repeat":"repeat","background-position":"center center","background-size":"auto","background-attachment":"scroll","background-type":"","background-media":"","overlay-type":"","overlay-color":"","overlay-opacity":"","overlay-gradient":""},"tablet":{"background-color":"var(--ast-global-color-5)","background-image":"","background-repeat":"repeat","background-position":"center center","background-size":"auto","background-attachment":"scroll","background-type":"","background-media":"","overlay-type":"","overlay-color":"","overlay-opacity":"","overlay-gradient":""},"mobile":{"background-color":"var(--ast-global-color-5)","background-image":"","background-repeat":"repeat","background-position":"center center","background-size":"auto","background-attachment":"scroll","background-type":"","background-media":"","overlay-type":"","overlay-color":"","overlay-opacity":"","overlay-gradient":""}},"iawp_total_views":517,"footnotes":""},"class_list":["post-30417","page","type-page","status-publish","hentry"],"taxonomy_info":[],"featured_image_src_large":false,"author_info":{"display_name":"Michael Feier","author_link":"https:\/\/www.kern-unternehmensnachfolge.com\/pl\/author\/michael-feier\/"},"comment_info":0,"_links":{"self":[{"href":"https:\/\/www.kern-unternehmensnachfolge.com\/pl\/wp-json\/wp\/v2\/pages\/30417","targetHints":{"allow":["GET"]}}],"collection":[{"href":"https:\/\/www.kern-unternehmensnachfolge.com\/pl\/wp-json\/wp\/v2\/pages"}],"about":[{"href":"https:\/\/www.kern-unternehmensnachfolge.com\/pl\/wp-json\/wp\/v2\/types\/page"}],"author":[{"embeddable":true,"href":"https:\/\/www.kern-unternehmensnachfolge.com\/pl\/wp-json\/wp\/v2\/users\/33"}],"replies":[{"embeddable":true,"href":"https:\/\/www.kern-unternehmensnachfolge.com\/pl\/wp-json\/wp\/v2\/comments?post=30417"}],"version-history":[{"count":0,"href":"https:\/\/www.kern-unternehmensnachfolge.com\/pl\/wp-json\/wp\/v2\/pages\/30417\/revisions"}],"wp:attachment":[{"href":"https:\/\/www.kern-unternehmensnachfolge.com\/pl\/wp-json\/wp\/v2\/media?parent=30417"}],"curies":[{"name":"wp","href":"https:\/\/api.w.org\/{rel}","templated":true}]}}