{"id":29275,"date":"2023-10-28T02:45:24","date_gmt":"2023-10-28T00:45:24","guid":{"rendered":"https:\/\/kern-unternehmensnachfolge.com\/?page_id=29275"},"modified":"2025-06-04T13:57:02","modified_gmt":"2025-06-04T11:57:02","slug":"sprzedaz-firmy","status":"publish","type":"page","link":"https:\/\/www.kern-unternehmensnachfolge.com\/pl\/unternehmenskaufvertrag\/","title":{"rendered":"Umowa kupna-sprze\u00adda\u017cy przedsi\u0119\u00adbi\u00adorst\u00adwa: wz\u00f3r, lista kontrol\u00adna i najwa\u017c\u00adnie\u00adjs\u00adze wskaz\u00f3wki"},"content":{"rendered":"<h1 data-hide=\"true\" id=\"t-1654808931777\" style=\"text-align: center;\">Der Unternehmenskaufvertrag: Muster, Checkliste und die wichtigsten Tipps<\/h1>\n<p style=\"text-align: center;\">24. Februar 2022 von Nils Koerber<\/p>\n<p><em>Der Unternehmenskaufvertrag ist \u2013 obwohl nicht immer der Abschluss eines M&amp;A Prozesses \u2013 ein wichtiger Meilenstein.<\/em><\/p>\n<p>Der Unternehmenskaufvertrag ist \u2013 obwohl nicht immer der Abschluss eines M&amp;A Prozesses \u2013 ein wichtiger Meilenstein.&nbsp;<strong>Da jeder Unternehmenskauf bzw. -Verkauf auf individuellen Gegebenheiten beruht<\/strong>, muss der entsprechende Vertrag diese Details widerspiegeln.<\/p>\n<p>Unternehmer schlie\u00dfen mit der Zeit unz\u00e4hlige Vertr\u00e4ge ab. Eine Orientierung bieten oftmals die regionalen Industrie- und Handelskammern durch Mustervertr\u00e4ge.&nbsp;<strong>Diese sind allerdings auch nur als Muster zu behandeln<\/strong>. Einzelfragen sollten stets mit einem M&amp;A-erfahrenen Rechtsanwalt oder der Beratung der Industrie- und Handelskammern gekl\u00e4rt werden.<\/p>\n<h3>Inhaltsverzeichnis<\/h3>\n<ul>\n<li><a href=\"#1\" style=\"outline: none;\">Unternehmenskaufvertrag Muster<\/a><\/li>\n<li><a href=\"#tve-jump-18b77dc8855\" style=\"outline: none;\">Was ist grunds\u00e4tzlich zu beachten?<\/a><a href=\"#tve-jump-18b77dd5c71\" style=\"outline: currentcolor;\"><\/a><\/li>\n<li><a href=\"#tve-jump-18b77dd5c71\" style=\"outline: currentcolor;\">Wer erstellt den Erstentwurf<\/a><\/li>\n<li><a href=\"#4\" style=\"outline: currentcolor;\">Die 10 wichtigsten Inhalte f\u00fcr den Unternehmenskaufvertrag [Checkliste]<\/a><a href=\"#11\" style=\"outline: currentcolor;\"><\/a><\/li>\n<li><a href=\"#5\" style=\"outline: currentcolor;\">Wichtige Tipps f\u00fcr die Vertragsverhandlungen<\/a><a href=\"#12\" style=\"outline: currentcolor;\"><\/a><\/li>\n<li><a href=\"#5\" style=\"outline: none;\">Bonus: Weitere Vertr\u00e4ge beim Unternehmensverkauf<\/a><\/li>\n<\/ul>\n<h2 style=\"\"><span style=\"font-weight: normal;\">Unternehmenskaufvertrag Muster f\u00fcr M&amp;A Transaktionen<\/span><\/h2>\n<p>Im fr\u00fchen Stadium eines M&amp;A Prozesses ist zun\u00e4chst eine Orientierung sinnvoll, wie der Vertrag f\u00fcr einen Unternehmenskauf grunds\u00e4tzlich aussehen kann. Ein Muster ist hierbei eine gro\u00dfe Hilfe und&nbsp;<strong>gibt Aufschluss \u00fcber Umfang, Gestalt oder Inhalte<\/strong>. W\u00e4hrend ohne Zweifel noch individuelle Ver\u00e4nderungen vorgenommen werden m\u00fcssen, ist das folgende Muster der erste Schritt zur erfolgreichen Transaktion.<\/p>\n<p>Die Industrie- und Handelskammern engagieren sich ebenfalls sehr stark zum Thema Unternehmensnachfolge.&nbsp;<\/p>\n<p dir=\"ltr\" style=\"text-align: center;\">Die IHK-Frankfurt am Main stellt auf ihrer Homepage eine <strong>sehr gute, allgemein gehaltene Kaufvertragsvorlage zum Download<\/strong> zur Verf\u00fcgung.Hier k\u00f6nnen Sie die Vorlage zum Unternehmenskaufvertrag der IHK herunterladen.<\/p>\n<p>Im Folgenden erl\u00e4utern wir Ihnen, was einen&nbsp;<a href=\"https:\/\/www.kern-unternehmensnachfolge.com\/share-deal-asset-deal\/\" style=\"outline: currentcolor;\">Share Deal vs. Asset Deal<\/a> ausmacht.<\/p>\n<h3 style=\"\"><span style=\"font-weight: normal;\">Mustervertrag Share Deal \u2013 Verkauf von Anteilen<\/span><\/h3>\n<p><strong>Bei einem Anteilsverkauf (Share Deal) wechselt nur die Inhaberschaft an diesen Anteilen<\/strong>; alle von der Gesellschaft selbst mit Dritten geschlossenen Vertr\u00e4ge bleiben grunds\u00e4tzlich unver\u00e4ndert bestehen. Wichtig sind dann unter anderem folgende Aspekte:<\/p>\n<ul>\n<li>Sind alle vertraglichen Regelungen, einschlie\u00dflich Vertragsnachtr\u00e4gen und -erg\u00e4nzungen, dokumentiert und auffindbar?<\/li>\n<li>Entsprechen alle Vertr\u00e4ge dem aktuellen Stand der Gesetzgebung und Rechtsprechung?<\/li>\n<li>Sind die Einkaufs-, Kunden- oder anderen Vertr\u00e4ge standardisiert?<\/li>\n<li>Enthalten Vertr\u00e4ge etwa K\u00fcndigungsrechte des Vertragspartners im Falle eines Inhaberwechsels, so-genannte \u201eChange-of-Control\u201c-Klauseln?<\/li>\n<\/ul>\n<p>Eine umfangreiche Vorlage, die als Mustervertrag f\u00fcr einen Share Deal genutzt werden kann, bietet das&nbsp;<a href=\"https:\/\/www.juraforum.de\/muster-vorlagen\/unternehmenskaufvertrag\" style=\"outline: currentcolor;\" target=\"_blank\" rel=\"noopener\">Juraforum<\/a>.<\/p>\n<h3 style=\"\"><span style=\"font-weight: normal;\">Vertragsvorlage Asset Deal \u2013 Verkauf von Assets<\/span><\/h3>\n<p>Erwirbt der K\u00e4ufer im Wege der Einzelrechtsnachfolge definierte Verm\u00f6gensgegenst\u00e4nde wie Maschinen, Lagerbest\u00e4nde etc. (<a href=\"https:\/\/www.kern-unternehmensnachfolge.com\/asset-deal\" target=\"_blank\">Asset Deal<\/a>), <strong>gehen die von der Gesellschaft geschlossen Vertr\u00e4ge beim&nbsp;<\/strong><a href=\"https:\/\/www.kern-unternehmensnachfolge.com\/unternehmensverkauf\/\" style=\"outline: none;\"><strong>Unternehmensverkauf<\/strong><\/a><strong>&nbsp;nicht automatisch \u00fcber<\/strong>. In solchen F\u00e4llen muss die Vertrags\u00fcbernahme besonders geregelt werden; zumeist ist bei solchen Vertr\u00e4gen auch die Zustimmung des Vertragspartners hierf\u00fcr erforderlich.<\/p>\n<p>Im Vorfeld eines&nbsp;<a href=\"https:\/\/www.kern-unternehmensnachfolge.com\/firmenverkauf\/\">Firmenverkaufs<\/a>&nbsp;kann es hilfreich sein, diese Zustimmung zu einer Vertrags\u00fcbertragung bereits standardm\u00e4\u00dfig in den Vertrag einzubauen oder auch hier individuell vorab einzuholen, um im Verkaufsprozess Zeit zu gewinnen.&nbsp;<strong>Ganz besondere Aufmerksamkeit ist beim Asset Deal der \u00dcbertragung von Datenst\u00e4mmen zu widmen<\/strong>. Die&nbsp;<a href=\"https:\/\/www.datenschutz-grundverordnung.eu\/\" target=\"_blank\" rel=\"noopener\">DSGVO<\/a> zieht hierf\u00fcr relativ enge Grenzen.<\/p>\n<h2 style=\"\"><span style=\"font-weight: normal;\">Was ist grunds\u00e4tzlich zu beachten?<\/span><\/h2>\n<p>Der Vertrag f\u00fcr einen Unternehmenskauf wird oftmals auf Basis des zuvor dargelegten \u201e<a href=\"https:\/\/www.kern-unternehmensnachfolge.com\/letter-of-intent-loi\/\">Letter of Intent<\/a>\u201c verfasst. In den folgenden Verhandlungen ergeben sich aus den verschiedenen Ansichten&nbsp;<strong>Kompromisse, die in festen Klauseln enden<\/strong>.<\/p>\n<p>Wichtig ist, dass die zu diskutierenden Punkte nicht als l\u00e4stige Feinheiten gesehen werden. Jeder sp\u00e4ter unterschriebene Punkt des Vertrags stellt eine Verpflichtung ein, die sich nicht einfach umgehen l\u00e4sst.&nbsp;<strong>Daher sollte der Prozess der Erstellung des Unternehmenskaufvertrags als Chance gesehen werden<\/strong>, alle relevanten Details f\u00fcr die Zukunft eindeutig festzuhalten.<\/p>\n<p>\u00c4hnlich verh\u00e4lt es sich mit der&nbsp;<a href=\"https:\/\/www.kern-unternehmensnachfolge.com\/due-diligence\/\">Due Diligence<\/a>, die ebenfalls&nbsp;<strong>keine Last ist, sondern eine wichtige Pr\u00fcfung f\u00fcr den Erfolg<\/strong> des gesamten Prozesses darstellt.<\/p>\n<h2 id=\"t-1687981588690\" style=\"\"><span style=\"font-weight: normal;\">Wer erstellt den Erstentwurf?<\/span><\/h2>\n<p>Der erste Entwurf kann sowohl vom Verk\u00e4ufer als auch K\u00e4ufer initiiert werden, wobei es&nbsp;<strong>in der Regel der Verk\u00e4ufer ist, der die ersten Entw\u00fcrfe anfertigen l\u00e4sst<\/strong>. Zumindest die entscheidenden Vertragseckdaten sollten vom Verk\u00e4ufer aufgestellt werden. Das hat f\u00fcr die Grundstruktur eines Unternehmenskaufvertrages eine hohe Bedeutung.<\/p>\n<p>Zudem ist es legitim, dass die Seite, die f\u00fcr den ersten Entwurf die Verantwortung tr\u00e4gt, auch die eigene Sichtweise deutlicher formulieren wird. Da es nahezu&nbsp;<strong>unvermeidbar zu Verhandlungen kommen wird, bei denen der Verk\u00e4ufer Kompromisse einr\u00e4umen muss<\/strong>, ergibt sich am Ende ein Vertrag, der f\u00fcr beide Seiten beim Unternehmenskauf annehmbar ist.<\/p>\n<h4 style=\"text-align: center;\"><span style=\"font-weight: normal;\">Sie haben vertrauliche Fragen?<\/span><\/h4>\n<p><span><img decoding=\"async\" alt=\"Nils Koerber - Portrait\" data-id=\"32418\" width=\"100\" data-init-width=\"150\" height=\"100\" data-init-height=\"150\" title=\"Nils Koerber - Portrait\" src=\"https:\/\/www.kern-unternehmensnachfolge.com\/wp-content\/uploads\/2025\/01\/Nils-Koerber-Portrait.jpg\" data-width=\"100\" data-height=\"100\" style=\"aspect-ratio: auto 150 \/ 150;\" loading=\"lazy\"><\/span><\/p>\n<p dir=\"ltr\" style=\"text-align: center;\">Buchen Sie direkt online Ihren Wunschtermin!<\/p>\n<p dir=\"ltr\" style=\"text-align: center;\">Ich freue mich darauf SIe kennenzulernen.<\/p>\n<p dir=\"ltr\" style=\"text-align: center;\">Nils Koerber<\/p>\n<p><span><img decoding=\"async\" alt=\"KERN-Standorte\" data-id=\"32415\" data-init-width=\"768\" data-init-height=\"545\" title=\"KERN-Standorte\" src=\"https:\/\/www.kern-unternehmensnachfolge.com\/wp-content\/uploads\/2025\/01\/KERN-Standorte_Faehnchen_mit_Hintergrund_09.2024.webp\" data-width=\"493\" data-height=\"350\" width=\"493\" height=\"350\" data-link-wrap=\"true\" style=\"aspect-ratio: auto 768 \/ 545;\" loading=\"lazy\"><\/span><\/p>\n<h3 style=\"\"><span style=\"font-weight: normal;\">Warum man keinen Notar f\u00fcr den Erstentwurf einschalten sollte<\/span><\/h3>\n<p>Je nach&nbsp;<a href=\"https:\/\/www.kern-unternehmensnachfolge.com\/mergers-and-acquisition-prozess\/\">M&amp;A Prozess<\/a>&nbsp;wird ein Notar f\u00fcr die Beurkundung der abschlie\u00dfenden Unterzeichnungen notwendig. F\u00fcr einen Erstentwurf besteht allerdings keine Pflicht f\u00fcr eine notarielle Beurkundung.&nbsp;<strong>Dies ist aus Kostengr\u00fcnden auch zu vermeiden<\/strong>, da ein Notar bereit f\u00fcr den Erstentwurf eine (nicht unerhebliche) Geb\u00fchr verlangen wird. Die Geb\u00fchr ist dabei unabh\u00e4ngig vom Erfolg des Prozesses.<\/p>\n<p>Ein erfahrener M&amp;A Berater und\/oder Rechtsanwalt ist ebenfalls oftmals in der Lage, einen ersten Entwurf f\u00fcr Kaufvertr\u00e4ge zu erstellen. Ein Verk\u00e4ufer kann mit dem Rechtsanwalt seines Vertrauens \u00fcber die Honorierung nach Aufwand, Festpreis oder erfolgsbezogen verhandeln. Rechtsanw\u00e4lte, die auf Unternehmensverk\u00e4ufe spezialisiert sind, sind nicht immer unmittelbar zu erkennen.&nbsp;<strong>Im Idealfall kann der M&amp;A Berater Kontakte verschaffen und Empfehlungen aussprechen.<\/strong><\/p>\n<p>Alternativ zeigt sich oftmals im pers\u00f6nlichen Gespr\u00e4ch, wie hoch der Erfahrungsschatz des Rechtsanwalts auf diesem Gebiet ist.<\/p>\n<ul>\n<li>Sind ihm die speziellen Anspr\u00fcche Ihres M&amp;A Prozesses ein Begriff?<\/li>\n<li>Hat er bereits erstellte Kaufvertr\u00e4ge zur Hand, die er als Muster verwenden&nbsp;kann?<\/li>\n<li>Kennt er die Anforderungen an einen rechtssicheren Vertrag?<\/li>\n<\/ul>\n<p>Und dabei sollte es nicht nur einmal im Jahr eine M&amp;A-Rechtsberatung gegeben haben, sondern das&nbsp;<strong>Fachwissen vieler Transaktionen ist auch in der Rechtsberatung von hohem Wert<\/strong> f\u00fcr den Mandanten.<\/p>\n<p><span><img decoding=\"async\" alt=\"\" data-id=\"32620\" width=\"100\" data-init-width=\"300\" height=\"100\" data-init-height=\"300\" title=\"Nils-Koerber-kerngruender-300x300\" src=\"https:\/\/www.kern-unternehmensnachfolge.com\/wp-content\/uploads\/2025\/01\/Nils-Koerber-kerngruender-300x300-1.jpg\" data-width=\"100\" data-height=\"100\" style=\"aspect-ratio: auto 300 \/ 300;\" loading=\"lazy\"><\/span><\/p>\n<h4 style=\"\">&#8222;Lassen Sie sich vom M&amp;A Berater Ihres Vertrauens einen kompetenten Rechtsanwalt f\u00fcr den Erstentwurf Ihres Unternehmenskaufvertrags empfehlen. So sparen Sie Kosten, sichern sich das beste Know-how und legen den Grundstein f\u00fcr die weiteren Verhandlungen.&#8220;<\/h4>\n<h2 style=\"\"><span style=\"font-weight: normal;\">Die 10 wichtigsten Inhalte f\u00fcr den Unternehmenskaufvertrag [Checkliste]<\/span><\/h2>\n<p>Neben individuellen Elementen, die sich innerhalb von Branchen und einzelnen Unternehmen unterscheiden, existieren grundlegende Inhalte, die bei jedem Unternehmenskaufvertrag ber\u00fccksichtigt werden m\u00fcssen.&nbsp;<\/p>\n<h3>Weitere Inhalte im Kaufvertrag<\/h3>\n<p>Neben den genannten 10 Inhalten unserer Checkliste sollten zwingend weitere Fragen im Unternehmenskaufvertrag beantwortet werden.&nbsp;<\/p>\n<ul>\n<li>Sind der V<strong>ertragsgegenstand und der Kaufpreis sowie Kaufpreismechanismus<\/strong>&nbsp;exakt definiert?<\/li>\n<li>Welche Anlagen werden angef\u00fchrt?<\/li>\n<li>Existieren relevante Forderungen?<\/li>\n<li>Existieren relevante Verbindlichkeiten?<\/li>\n<li>Welche&nbsp;<strong>Rechte und Verpflichtung&nbsp;<\/strong>gelten f\u00fcr die Vertragsparteien?<\/li>\n<li>M\u00fcssen Abgaben geleistet werden?<\/li>\n<li>Welche Mitwirkung wird vertraglich geregelt?<\/li>\n<li>Wie genau hat die Umsetzung zu erfolgen?<\/li>\n<\/ul>\n<p><span><img loading=\"lazy\" decoding=\"async\" alt=\"KERN-Grafik-zu-den-10-wichtigsten-Elementen-eines-Unternehmenskaufvertrags\" data-id=\"24528\" width=\"495\" data-init-width=\"1024\" height=\"371\" data-init-height=\"768\" title=\"KERN-Die-10-wichtigsten-Elemente-eines-Unternehmenskaufvertrags\" src=\"https:\/\/www.kern-unternehmensnachfolge.com\/wp-content\/uploads\/2022\/09\/KERN-Die-10-wichtigsten-Elemente-eines-Unternehmenskaufvertrags-1.png\" data-width=\"495\" data-height=\"371\" style=\"aspect-ratio: auto 1024 \/ 768;\"><\/span><\/p>\n<h3 style=\"text-align: left;\">Wer \u00fcbernimmt die Kosten? K\u00e4ufer oder Verk\u00e4ufer?<\/h3>\n<p>W\u00e4hrend es in Deutschland grunds\u00e4tzlich m\u00f6glich ist, nahezu alles vertraglich zu regeln, hat sich etabliert, dass der <strong>K\u00e4ufer die Kosten f\u00fcr die m\u00f6gliche notarielle Beurkundung<\/strong>&nbsp;des Unternehmenskaufvertrags tr\u00e4gt. Und der K\u00e4ufer tr\u00e4gt seine Kosten f\u00fcr seine anwaltliche Beratung.<\/p>\n<p style=\"\">Der Gedankengang ist hierbei simpel:&nbsp;<strong>Im Endeffekt zahlt der K\u00e4ufer die Kosten ohnehin.&nbsp;<\/strong>Denn: Wird vereinbart, dass der Verk\u00e4ufer die Kosten zu tragen hat, wird dieser die Kosten aller Wahrscheinlichkeit im Gesamtpreis mit einberechnen.<\/p>\n<h3 style=\"text-align: left;\">Achtung: Steuerliche und rechtliche Besonderheiten!<\/h3>\n<p>Jeder M&amp;A Prozess obliegt den geltenden steuerlichen und rechtlichen Regelungen. Dies ist jedoch nicht unbedingt als Last anzusehen, sondern kann&nbsp;<strong>h\u00e4ufig auch Chancen f\u00fcr die \u00dcbertragung bieten<\/strong>.<\/p>\n<p><strong>Ein Beispiel:<\/strong> Bei der Ver\u00e4u\u00dferung einzelnen Wirtschaftsg\u00fcter einer GmbH im Rahmen eines Asset Deals fallen Gewerbe- sowie K\u00f6rperschaftssteuer an. Entschlie\u00dft sich eine Muttergesellschaft stattdessen dazu, im Rahmen eines Share Deals eine <a href=\"https:\/\/www.kern-unternehmensnachfolge.com\/gmbh-verkaufen\/\" target=\"_blank\">GmbH zu verkaufen<\/a>, sind die Ver\u00e4u\u00dferungsgewinne steuerfrei (5 % des Ver\u00e4u\u00dferungsgewinns werden als nicht abzugsf\u00e4hige Betriebsausgabe behandelt).<\/p>\n<p>Im Rahmen der<a href=\"https:\/\/www.kern-unternehmensnachfolge.com\/m-a-beratung\/\">&nbsp;M&amp;A Beratung<\/a>&nbsp;und\/oder Unterst\u00fctzung durch einen fachkundigen Rechtsanwalt k\u00f6nnen solche M\u00f6glichkeiten besprochen werden. Entscheidend ist, dass die&nbsp;<strong>richtigen Inhalte im Unternehmenskaufvertrag festgehalten werden<\/strong> und fr\u00fchzeitig auf der Verk\u00e4uferseite ein gutes steuerliches Konstrukt durchdacht und vorbereitet werden sollte.<\/p>\n<h4 style=\"text-align: center;\"><span style=\"font-weight: normal;\"><\/span>Neben steuerlichen Fallstricken lauert ein h\u00e4ufiger Fehler auch bereits bei der Berechnung des Unternehmenswertes. Vermeiden Sie diesen Fehler mit unserem Webinar:<\/h4>\n<p><span><a href=\"https:\/\/www.kern-unternehmensnachfolge.com\/partner\/\"><img loading=\"lazy\" decoding=\"async\" alt=\"Webinar-Die-7-teuersten-Fehler-bei-der-Unternehmensbewertung\" data-id=\"21859\" data-init-width=\"900\" data-init-height=\"563\" title=\"Webinar-Die-7-teuersten-Fehler-bei-der-Unternehmensbewertung\" src=\"https:\/\/www.kern-unternehmensnachfolge.com\/wp-content\/uploads\/2022\/03\/Webinar-Die-7-teuersten-Fehler-bei-der-Unternehmensbewertung.jpg\" data-width=\"455\" data-height=\"285\" width=\"455\" height=\"285\" data-link-wrap=\"true\" style=\"aspect-ratio: auto 900 \/ 563;\"><\/a><\/span><\/p>\n<h2 style=\"\"><span style=\"font-weight: normal;\">Wichtige Tipps f\u00fcr die Vertragsverhandlungen<\/span><\/h2>\n<p>Der Erstentwurf des Unternehmenskaufvertrags ist unbedingt auch als solcher zu betrachten. Er wird&nbsp;<strong>unvermeidbar Passagen enthalten, die der gegen\u00fcberstehenden Partei nicht zusagen<\/strong>. Als vorbeugende Ma\u00dfnahme f\u00fcr erfolgreiche Verhandlungen ist es ratsam, sich in die andere Partei hineinzuversetzen.<\/p>\n<ul>\n<li>Welche Punkte werden ihr besonders wichtig sein?<\/li>\n<li>Kann man hier bereits gro\u00dfz\u00fcgig&nbsp;sein?<\/li>\n<li>Welche Punkte sind der anderen Partei weniger wichtig?<\/li>\n<li>K\u00f6nnen diese zu eigenen Gunsten formuliert werden?<\/li>\n<\/ul>\n<p>Eine weitere Taktik sieht vor, dass bestimmte Inhalte bewusst so gestaltet werden, dass eine Diskussion unvermeidbar ist. In den Verhandlungen wird bei diesen Inhalten nachgegeben, um der gegen\u00fcberstehenden Partei \u201eeinen Sieg\u201c zu erm\u00f6glichen.&nbsp;<strong>Tats\u00e4chlich ist der gemachte Kompromiss aber genau das Ergebnis, das von Beginn an angestrebt wurde.<\/strong><\/p>\n<h2 style=\"\"><span style=\"font-weight: normal;\">Bonus: Weitere Vertr\u00e4ge beim Unternehmensverkauf<\/span><\/h2>\n<p>Wenn Sie eine&nbsp;<a href=\"https:\/\/www.kern-unternehmensnachfolge.com\/wie-kann-ich-am-besten-meine-firma-verkaufen-der-ablauf\/\">Firma verkaufen<\/a>, wird die Transaktion in der Regel nicht nur vom Unternehmenskaufvertrag besiegelt.&nbsp;<strong>Weitere Vertr\u00e4ge kommen zum Einsatz und sollten gr\u00fcndlich geplant bzw. gepr\u00fcft werden.<\/strong><\/p>\n<p>Als wichtige Vertr\u00e4ge sind zu nennen:&nbsp;<strong>Arbeits- und Mietvertr\u00e4ge.&nbsp;<\/strong>Doch auch etwa&nbsp;<strong>Vertr\u00e4ge mit Lieferanten oder Kunden<\/strong> sind Teil eines ordnungsgem\u00e4\u00dfen M&amp;A Prozesses.<\/p>\n<h3 style=\"\"><span style=\"font-weight: normal;\">\u00dcber den Autor<\/span><\/h3>\n<p><span><img decoding=\"async\" alt=\"\" data-id=\"32620\" width=\"100\" data-init-width=\"300\" height=\"100\" data-init-height=\"300\" title=\"Nils-Koerber-kerngruender-300x300\" src=\"https:\/\/www.kern-unternehmensnachfolge.com\/wp-content\/uploads\/2025\/01\/Nils-Koerber-kerngruender-300x300-1.jpg\" data-width=\"100\" data-height=\"100\" style=\"aspect-ratio: auto 300 \/ 300;\" loading=\"lazy\"><\/span><\/p>\n<h4 style=\"\">Nils Koerber<\/h4>\n<p style=\"\">Jahrgang 1964, Ausbildung und Studium als Kaufmann und Betriebswirt, zertifizierter Coach und Trainer f\u00fcr Nachfolgeprozesse in Familienunternehmen, ausgebildeter Mediator (Wirtschaftsmediation) und Konfliktmoderator. Seit 2004 Mitbegr\u00fcnder und Inhaber von KERN &#8211; Unternehmensnachfolge. Erfolgreicher. Langj\u00e4hrig erfahrener Praktiker in allen Fragen der Unternehmensnachfolge in Familienunternehmen. Spezialisiert auf M&amp;A-Prozesse im Mittelstand.&nbsp;<a href=\"https:\/\/www.kern-unternehmensnachfolge.com\/standort\/bremen-koerber\" style=\"outline: none;\">Mehr erfahren &gt;<\/a><\/p>\n","protected":false},"excerpt":{"rendered":"<p>Der Unternehmenskaufvertrag: Muster, Checkliste und die wichtigsten Tipps 24. Februar 2022 von Nils Koerber Der Unternehmenskaufvertrag ist \u2013 obwohl nicht [&hellip;]<\/p>\n","protected":false},"author":1,"featured_media":0,"parent":0,"menu_order":0,"comment_status":"closed","ping_status":"closed","template":"","meta":{"wp_typography_post_enhancements_disabled":false,"_kad_blocks_custom_css":"","_kad_blocks_head_custom_js":"","_kad_blocks_body_custom_js":"","_kad_blocks_footer_custom_js":"","site-sidebar-layout":"no-sidebar","site-content-layout":"page-builder","ast-site-content-layout":"full-width-container","site-content-style":"unboxed","site-sidebar-style":"unboxed","ast-global-header-display":"","ast-banner-title-visibility":"","ast-main-header-display":"","ast-hfb-above-header-display":"","ast-hfb-below-header-display":"","ast-hfb-mobile-header-display":"","site-post-title":"disabled","ast-breadcrumbs-content":"","ast-featured-img":"","footer-sml-layout":"","ast-disable-related-posts":"","theme-transparent-header-meta":"default","adv-header-id-meta":"","stick-header-meta":"default","header-above-stick-meta":"","header-main-stick-meta":"","header-below-stick-meta":"","astra-migrate-meta-layouts":"set","ast-page-background-enabled":"default","ast-page-background-meta":{"desktop":{"background-color":"","background-image":"","background-repeat":"repeat","background-position":"center center","background-size":"auto","background-attachment":"scroll","background-type":"","background-media":"","overlay-type":"","overlay-color":"","overlay-opacity":"","overlay-gradient":""},"tablet":{"background-color":"","background-image":"","background-repeat":"repeat","background-position":"center center","background-size":"auto","background-attachment":"scroll","background-type":"","background-media":"","overlay-type":"","overlay-color":"","overlay-opacity":"","overlay-gradient":""},"mobile":{"background-color":"","background-image":"","background-repeat":"repeat","background-position":"center center","background-size":"auto","background-attachment":"scroll","background-type":"","background-media":"","overlay-type":"","overlay-color":"","overlay-opacity":"","overlay-gradient":""}},"ast-content-background-meta":{"desktop":{"background-color":"var(--ast-global-color-5)","background-image":"","background-repeat":"repeat","background-position":"center center","background-size":"auto","background-attachment":"scroll","background-type":"","background-media":"","overlay-type":"","overlay-color":"","overlay-opacity":"","overlay-gradient":""},"tablet":{"background-color":"var(--ast-global-color-5)","background-image":"","background-repeat":"repeat","background-position":"center center","background-size":"auto","background-attachment":"scroll","background-type":"","background-media":"","overlay-type":"","overlay-color":"","overlay-opacity":"","overlay-gradient":""},"mobile":{"background-color":"var(--ast-global-color-5)","background-image":"","background-repeat":"repeat","background-position":"center center","background-size":"auto","background-attachment":"scroll","background-type":"","background-media":"","overlay-type":"","overlay-color":"","overlay-opacity":"","overlay-gradient":""}},"iawp_total_views":268,"footnotes":""},"class_list":["post-29275","page","type-page","status-publish","hentry"],"taxonomy_info":[],"featured_image_src_large":false,"author_info":{"display_name":"filialleiter","author_link":"https:\/\/www.kern-unternehmensnachfolge.com\/pl\/author\/filialleiter\/"},"comment_info":0,"_links":{"self":[{"href":"https:\/\/www.kern-unternehmensnachfolge.com\/pl\/wp-json\/wp\/v2\/pages\/29275","targetHints":{"allow":["GET"]}}],"collection":[{"href":"https:\/\/www.kern-unternehmensnachfolge.com\/pl\/wp-json\/wp\/v2\/pages"}],"about":[{"href":"https:\/\/www.kern-unternehmensnachfolge.com\/pl\/wp-json\/wp\/v2\/types\/page"}],"author":[{"embeddable":true,"href":"https:\/\/www.kern-unternehmensnachfolge.com\/pl\/wp-json\/wp\/v2\/users\/1"}],"replies":[{"embeddable":true,"href":"https:\/\/www.kern-unternehmensnachfolge.com\/pl\/wp-json\/wp\/v2\/comments?post=29275"}],"version-history":[{"count":0,"href":"https:\/\/www.kern-unternehmensnachfolge.com\/pl\/wp-json\/wp\/v2\/pages\/29275\/revisions"}],"wp:attachment":[{"href":"https:\/\/www.kern-unternehmensnachfolge.com\/pl\/wp-json\/wp\/v2\/media?parent=29275"}],"curies":[{"name":"wp","href":"https:\/\/api.w.org\/{rel}","templated":true}]}}