{"id":2055,"date":"2018-07-26T15:44:53","date_gmt":"2018-07-26T13:44:53","guid":{"rendered":"https:\/\/great-kare.185-125-174-66.plesk.page\/?page_id=2055"},"modified":"2022-10-10T17:54:21","modified_gmt":"2022-10-10T15:54:21","slug":"podejscie-ukierunkowane","status":"publish","type":"page","link":"https:\/\/www.kern-unternehmensnachfolge.com\/pl\/gezielte-ansprache\/","title":{"rendered":"Ukier\u00adun\u00adkowa\u00adne podej\u015bcie do odpowied\u00adnich multi\u00adpli\u00adka\u00adtor\u00f3w i rekla\u00adma na gie\u0142d\u00adzie firmowej"},"content":{"rendered":"<h1 style=\"text-align: left;\"><span>Ukier\u00adun\u00adkowa\u00adne podej\u015bcie do odpowied\u00adnich podmiot\u00f3w<\/span><\/h1>\n<p>Als einer der gr\u00f6\u00dften Spezia\u00adlis\u00adten f\u00fcr Unternehmens\u00adnachfolge im Mittel\u00adstand pflegen wir inten\u00adsi\u00adve Kontak\u00adte in allen L\u00e4ndern der DACH-Region zu regio\u00adna\u00adlen und \u00fcberre\u00adgio\u00adna\u00adlen Banken, Sparkas\u00adsen und Finanz\u00addienst\u00adleis\u00adtern. Frei und unabh\u00e4n\u00adgig. Regel\u00adm\u00e4s\u00adsig kommu\u00adni\u00adzie\u00adren wir vertrau\u00adlich und direkt mit den entschei\u00adden\u00adden Multi\u00adpli\u00adka\u00adto\u00adren. Jedoch unter dem \u201eRadar\u201c der \u00fcblichen, \u00f6ffent\u00adli\u00adchen Zug\u00e4n\u00adge. Das schafft eine Verbrei\u00adtung zu einer Vielzahl relevan\u00adter Inves\u00adto\u00adren in k\u00fcrzes\u00adter Zeit. Und wir nutzen unser Netzwerk zu Steuer\u00adbe\u00adra\u00adtern, Rechts\u00adan\u00adw\u00e4l\u00adten und M<span class=\"amp\">&amp;<\/span>A-Spezialisten, mit denen wir in perma\u00adnen\u00adter Verbin\u00addung stehen. Immer neutral und sicher, ohne die Offen\u00adle\u00adgung Ihrer Identit\u00e4t.<\/p>\n<h3><span style=\"color: rgb(0, 115, 198);\">Geziel\u00adte Anspra\u00adche relevan\u00adter Multi\u00adpli\u00adka\u00adto\u00adren und Annon\u00adcie\u00adrung in den wichtigs\u00adten M<span class=\"amp\">&amp;<\/span>A-B\u00f6rsen<\/span><\/h3>\n<p>Wir sind offizi\u00adel\u00adler Partner der wichtigs\u00adten B\u00f6rsen in Deutsch\u00adland, \u00d6ster\u00adreich und der Schweiz. U.a. von <a href=\"https:\/\/www.nexxt-change.org\/DE\/Startseite\/inhalt.html\" target=\"_blank\" style=\"outline: none;\" rel=\"noopener\"><span class=\"caps\">NEXXT-CHANGE<\/span><\/a>, <a href=\"https:\/\/www.dub.de\/\" target=\"_blank\" style=\"outline: none;\" rel=\"noopener\"><span class=\"caps\">DUB<\/span>.<span class=\"caps\">PL<\/span>,<\/a> und betrei\u00adben zus\u00e4tz\u00adlich auch eine eigene KERN-B\u00f6rse f\u00fcr &nbsp;den schnel\u00adlen \u00dcberblick aktuel\u00adler Angebo\u00adte auf K\u00e4ufer und Verk\u00e4u\u00adfer\u00adsei\u00adte. Erg\u00e4n\u00adzend bieten wir Ihnen den Service der indivi\u00addu\u00adel\u00adlen Unter\u00adneh\u00admens\u00adsu\u00adche und geziel\u00adten Anspra\u00adche. Ein erfolg\u00adrei\u00adches <a href=\"https:\/\/www.kern-unternehmensnachfolge.com\/pl\/target-scouting-company-buying\/\" target=\"_blank\" style=\"outline: none;\" rel=\"noopener\">Instru\u00adment <span class=\"caps\">CORE<\/span>, <\/a>welches schnell und diskret die passen\u00adde Firma identi\u00adfi\u00adziert und die direk\u00adte Verbin\u00addung zu einem K\u00e4ufer herstellt. So haben Sie dem Wettbe\u00adwerb anderer K\u00e4ufer gegen\u00ad\u00fcber immer die entschei\u00adden\u00adde Nasen\u00adl\u00e4n\u00adge voraus.<\/p>\n<h3><span>Tajem\u00adni\u00adca sukce\u00adsu? Jasne kryte\u00adria i ogrom\u00adna si\u0142a rozpowszechniania!<\/span><\/h3>\n<p>Wichtig sind hierf\u00fcr klare Such-Krite\u00adri\u00aden und die Kraft des natio\u00adna\u00adlen und inter\u00adna\u00adtio\u00adna\u00adlen Zugangs zu inter\u00ades\u00adsan\u00adten Unter\u00adneh\u00admen. Schlie\u00df\u00adlich wollen Sie nicht Jahre warten oder auf den g\u00f6ttli\u00adchen Zufall hoffen. Mit der geziel\u00adten Strate\u00adgie einer breit angeleg\u00adten Anspra\u00adche errei\u00adchen wir gemein\u00adsam mit Ihren Ihr&nbsp;Ziel.<\/p>\n<h3 style=\"text-align: center;\">Strona <strong>Zwiadow\u00adca docelo\u00adwy <span class=\"caps\">KERN<\/span><\/strong>. Die bew\u00e4hr\u00adte Strate\u00adgie f\u00fcr Ihren Firmenkauf.<\/h3>\n<p style=\"text-align: center;\">\u00dcberlas\u00adsen Sie Ihr Invest\u00adment nicht dem Zufall! &nbsp;Wir suchen und finden f\u00fcr Sie das passen\u00adde Unternehmen.<\/p>\n<p><span><a href=\"https:\/\/www.kern-unternehmensnachfolge.com\/pl\/target-scouting-company-buying\/\"><img decoding=\"async\" alt data-id=\"24833\" width=\"400\" data-init-width=\"521\" height=\"226\" data-init-height=\"294\" title=\"podstawowy zwiad docelowy\" loading=\"lazy\" src=\"https:\/\/www.kern-unternehmensnachfolge.com\/wp-content\/uploads\/2022\/10\/kern-targetscouting.jpg\" data-width=\"400\" data-height=\"226\" data-link-wrap=\"true\"><\/a><\/span><\/p>","protected":false},"excerpt":{"rendered":"<p>Gezielte Ansprache relevanter Multiplikatoren Als einer der gr\u00f6\u00dften Spezialisten f\u00fcr Unternehmensnachfolge im Mittelstand pflegen wir intensive Kontakte in allen L\u00e4ndern [&hellip;]<\/p>\n","protected":false},"author":1,"featured_media":0,"parent":0,"menu_order":0,"comment_status":"closed","ping_status":"closed","template":"","meta":{"wp_typography_post_enhancements_disabled":false,"site-sidebar-layout":"no-sidebar","site-content-layout":"page-builder","ast-site-content-layout":"default","site-content-style":"default","site-sidebar-style":"default","ast-global-header-display":"","ast-banner-title-visibility":"","ast-main-header-display":"","ast-hfb-above-header-display":"","ast-hfb-below-header-display":"","ast-hfb-mobile-header-display":"","site-post-title":"disabled","ast-breadcrumbs-content":"","ast-featured-img":"disabled","footer-sml-layout":"","ast-disable-related-posts":"","theme-transparent-header-meta":"","adv-header-id-meta":"","stick-header-meta":"default","header-above-stick-meta":"","header-main-stick-meta":"","header-below-stick-meta":"","astra-migrate-meta-layouts":"default","ast-page-background-enabled":"default","ast-page-background-meta":{"desktop":{"background-color":"","background-image":"","background-repeat":"repeat","background-position":"center center","background-size":"auto","background-attachment":"scroll","background-type":"","background-media":"","overlay-type":"","overlay-color":"","overlay-opacity":"","overlay-gradient":""},"tablet":{"background-color":"","background-image":"","background-repeat":"repeat","background-position":"center center","background-size":"auto","background-attachment":"scroll","background-type":"","background-media":"","overlay-type":"","overlay-color":"","overlay-opacity":"","overlay-gradient":""},"mobile":{"background-color":"","background-image":"","background-repeat":"repeat","background-position":"center center","background-size":"auto","background-attachment":"scroll","background-type":"","background-media":"","overlay-type":"","overlay-color":"","overlay-opacity":"","overlay-gradient":""}},"ast-content-background-meta":{"desktop":{"background-color":"var(--ast-global-color-5)","background-image":"","background-repeat":"repeat","background-position":"center center","background-size":"auto","background-attachment":"scroll","background-type":"","background-media":"","overlay-type":"","overlay-color":"","overlay-opacity":"","overlay-gradient":""},"tablet":{"background-color":"var(--ast-global-color-5)","background-image":"","background-repeat":"repeat","background-position":"center center","background-size":"auto","background-attachment":"scroll","background-type":"","background-media":"","overlay-type":"","overlay-color":"","overlay-opacity":"","overlay-gradient":""},"mobile":{"background-color":"var(--ast-global-color-5)","background-image":"","background-repeat":"repeat","background-position":"center center","background-size":"auto","background-attachment":"scroll","background-type":"","background-media":"","overlay-type":"","overlay-color":"","overlay-opacity":"","overlay-gradient":""}},"iawp_total_views":2,"footnotes":""},"class_list":["post-2055","page","type-page","status-publish","hentry"],"_links":{"self":[{"href":"https:\/\/www.kern-unternehmensnachfolge.com\/pl\/wp-json\/wp\/v2\/pages\/2055","targetHints":{"allow":["GET"]}}],"collection":[{"href":"https:\/\/www.kern-unternehmensnachfolge.com\/pl\/wp-json\/wp\/v2\/pages"}],"about":[{"href":"https:\/\/www.kern-unternehmensnachfolge.com\/pl\/wp-json\/wp\/v2\/types\/page"}],"author":[{"embeddable":true,"href":"https:\/\/www.kern-unternehmensnachfolge.com\/pl\/wp-json\/wp\/v2\/users\/1"}],"replies":[{"embeddable":true,"href":"https:\/\/www.kern-unternehmensnachfolge.com\/pl\/wp-json\/wp\/v2\/comments?post=2055"}],"version-history":[{"count":0,"href":"https:\/\/www.kern-unternehmensnachfolge.com\/pl\/wp-json\/wp\/v2\/pages\/2055\/revisions"}],"wp:attachment":[{"href":"https:\/\/www.kern-unternehmensnachfolge.com\/pl\/wp-json\/wp\/v2\/media?parent=2055"}],"curies":[{"name":"wp","href":"https:\/\/api.w.org\/{rel}","templated":true}]}}