{"id":17828,"date":"2021-05-19T14:22:44","date_gmt":"2021-05-19T12:22:44","guid":{"rendered":"https:\/\/great-kare.185-125-174-66.plesk.page\/?page_id=17828"},"modified":"2025-05-13T08:27:24","modified_gmt":"2025-05-13T06:27:24","slug":"gwarancja-sukcesu","status":"publish","type":"page","link":"https:\/\/www.kern-unternehmensnachfolge.com\/pl\/erfolgsgarantie\/","title":{"rendered":"Gwaran\u00adc\u00adja zwrotu pieni\u0119d\u00adzy&nbsp;<span class=\"caps\">KERN<\/span>"},"content":{"rendered":"<h1><a href=\"https:\/\/www.kern-unternehmensnachfolge.com\/pl\/gwarancja-sukcesu\/\" target=\"_blank\" style=\"outline: none;\">Die erste und einzi\u00adge M<span class=\"amp\">&amp;<\/span>A-ERFOLGSGARANTIE f\u00fcr Ihren Unter\u00adnehmens\u00adverkauf ohne Risiko<\/a><\/h1>\n<h5 style=\"text-align: left;\"><span style=\"font-weight: normal;\">Der Verkauf Ihres Unter\u00adneh\u00admens ist f\u00fcr Sie von gr\u00f6\u00dfter Bedeu\u00adtung. Bei welchem Berater sind Sie am besten aufge\u00adho\u00adben? Mit der einzig\u00adar\u00adti\u00adgen <span class=\"caps\">KERN<\/span> M<span class=\"amp\">&amp;<\/span>A-ERFOLGSGARANTIE erhal\u00adten Sie Ihr Geld zur\u00fcck,&nbsp;<\/span><span style=\"font-weight: normal;\">wenn unseren recht\u00adlich selbst\u00adst\u00e4n\u00addi\u00adgen KERN-Stand\u00ador\u00adten Ihr Unter\u00adnehmens\u00adverkauf nicht gelin\u00adgen sollte.&nbsp;<\/span><span style=\"font-weight: normal;\">Sichern Sie den Verkauf Ihres Lebens\u00adwerkes indivi\u00addu\u00adell zu 100%&nbsp;ab.<\/span><\/h5>\n<h4 style=\"text-align: left;\"><a href=\"https:\/\/www.provenexpert.com\/kern-zukunft-fuer-lebenswerke\/\" style=\"outline: none;\" target=\"_blank\" rel=\"noopener\">\u2605\u2605\u2605\u2605\u2605 &nbsp;5.0 Sterne aus Kunden\u00adbe\u00adwer\u00adtun\u00adgen auf Proven\u00adex\u00adpert<\/a>&nbsp;<\/h4>\n<h2 style=\"text-align: left;\">Die M<span class=\"amp\">&amp;<\/span>A-Garantie f\u00fcr Ihren Unter\u00adnehmens\u00adverkauf: &nbsp;Wir verkau\u00adfen Ihre Firma inner\u00adhalb von 24 Monaten oder Sie erhal\u00adten Ihr Geld zur\u00fcck.<\/h2>\n<p><span class=\"caps\">KERN<\/span>, als ausge\u00adzeich\u00adne\u00adte Beratungs\u00admar\u00adke f\u00fcr Famili\u00aden\u00adun\u00adter\u00adneh\u00admen, garantiert \u00fcber den recht\u00adlich selbst\u00adst\u00e4n\u00addi\u00adgen KERN-Partner exklu\u00adsiv, inner\u00adhalb von maximal 24 Monaten, den Verkauf Ihrer Unternehmung.<\/p>\n<p>Przenie\u00adsi\u00ade\u00adnie dorob\u00adku \u017cycia firmy w przysz\u0142o\u015b\u0107 i jej pomy\u015bl\u00adna sprze\u00adda\u017c to wyj\u0105t\u00adko\u00adwy proces. Ryzyko i wyzwa\u00adnia w sferze podat\u00adko\u00adwej, gospodar\u00adc\u00adzej, prawnej i emocjo\u00adnal\u00adnej s\u0105 ogromne.<\/p>\n<p>Vertrau\u00aden Sie der langj\u00e4h\u00adri\u00adgen Beratungs\u00admar\u00adke f\u00fcr Unternehmens\u00adnachfolge in Deutsch\u00adland, \u00d6ster\u00adreich und der Schweiz. Ausge\u00adzeich\u00adnet von der <span class=\"caps\">S\u00dcDDEUTSCHEN<\/span> <span class=\"caps\">ZEITUNG<\/span> als eine der besten Unter\u00adneh\u00admens\u00adbe\u00adra\u00adtun\u00adgen und vielen weite\u00adren Anerken\u00adnun\u00adgen als beste Berater.<\/p>\n<p><strong>Wir garan\u00adtie\u00adren Ihnen \u00fcber den recht\u00adlich selbst\u00adst\u00e4n\u00addi\u00adgen KERN-Stand\u00adort exklu\u00adsiv, inner\u00adhalb von maximal 24 Monaten (ab Vertriebs\u00adstart), den erfolg\u00adrei\u00adchen Verkauf Ihrer Unter\u00adneh\u00admung. Falls unsere Experten:innen dies nicht schaf\u00adfen und Sie nach diesem Zeitraum die Zusam\u00admen\u00adar\u00adbeit beenden m\u00f6chten, erhal\u00adten Sie s\u00e4mtli\u00adche Vorlauf\u00adkos\u00adten der geplan\u00adten Trans\u00adak\u00adti\u00adon garantiert von uns zur\u00fcck.&nbsp;<\/strong><\/p>\n<p><strong>Nehmen Sie bei Inter\u00ades\u00adse gerne direkt <a href=\"mailto:kontakt@kern-unternehmensnachfolge.com%C2%A0\" style=\"outline: none;\" target=\"_blank\"><strong>Za po\u015bred\u00adnict\u00adwem poczty elektro\u00adnicz\u00adnej<\/strong><\/a> Kontakt mit uns auf und lassen Sie uns eine zus\u00e4tz\u00adlich Verein\u00adba\u00adrung f\u00fcr Ihre Sicher\u00adheit beim Verkauf schliessen.<\/strong><\/p>\n<p>Lub zadzwo\u0144 do nas&nbsp;<strong>t\u00e4glich von 8 bis 8 unter +49 421 94 80 2000&nbsp;<\/strong>.<\/p>\n<p style>Rozpo\u00adcz\u00adnij wideo z gwaran\u00adc\u00adj\u0105 sukcesu<\/p>\n<h3 style=\"text-align: left;\">Passen f\u00fcr Ihr Projekt diese Voraussetzungen?<\/h3>\n<ul>\n<li style><span style>Ein Wertgut\u00adach\u00adten in Anleh\u00adnung nach dem anerkann\u00adten Standard <span class=\"caps\">IDWS1<\/span> (Insti\u00adtut der Deutschen Wirtschafts\u00adpr\u00fc\u00adfer) wird von uns erstellt. Diese <a href=\"https:\/\/www.kern-unternehmensnachfolge.com\/pl\/wycena-przedsiebiorstwa-2\/\" target=\"_blank\" style=\"outline: none;\">Wycena przedsi\u0119\u00adbi\u00adorst\u00adwa<\/a> selbst ist unabh\u00e4n\u00adgig von der Garan\u00adtie. Sie ist die Basis f\u00fcr die Garan\u00adtie und eine Auftrags\u00adan\u00adnah\u00adme durch den recht\u00adlich selbst\u00adst\u00e4n\u00addi\u00adgen KERN-Standort.<\/span><\/li>\n<li style><span style>Gemein\u00adsa\u00adme Verst\u00e4n\u00addi\u00adgung von Verk\u00e4u\u00adfer und KERN-Berater auf einen Mindest\u00adpreis, der erzielt werden sollte. Ihr Unter\u00adneh\u00admen sollte in der Vergan\u00adgen\u00adheit und zuk\u00fcnf\u00adtig eine stabi\u00adle und gute Ertrags\u00adsi\u00adtua\u00adti\u00adon abbil\u00adden k\u00f6nnen.<\/span><\/li>\n<li><span>Ihr Unter\u00adneh\u00admen hat in den letzten 3 Wirtschafts\u00adjah\u00adren (nach Zahlung eines realis\u00adti\u00adschen Unter\u00adneh\u00admer-\/GF-Gehalts) einen durch\u00adschnitt\u00adli\u00adchen Gewinn von mindes\u00adtens 400.000.\u2013 <span class=\"caps\">EUR<\/span>\/<span class=\"caps\">CHF<\/span> vor Steuern und nach Abschrei\u00adbun\u00adgen erwirtschaftet.<\/span><\/li>\n<li style><span style>Korrek\u00adte und umfas\u00adsen\u00adde Ausk\u00fcnf\u00adte des Verk\u00e4u\u00adfers \u00fcber die wirtschaft\u00adli\u00adchen, recht\u00adli\u00adchen und steuer\u00adli\u00adchen Daten der Unter\u00adneh\u00admung vom Beginn bis zum Ende der Transaktion.<\/span><\/li>\n<li style><span style>Unein\u00adge\u00adschr\u00e4nk\u00adte Beglei\u00adtung aller Gespr\u00e4\u00adche durch und mit dem beauf\u00adtrag\u00adten KERN-Experten.<\/span><\/li>\n<li style><span style>Termin\u00adge\u00adrech\u00adte \u00dcberlas\u00adsung von notwen\u00addi\u00adgen Infor\u00adma\u00adtio\u00adnen im Trans\u00adak\u00adti\u00adons\u00adpro\u00adzess sowie ein p\u00fcnkt\u00adli\u00adcher Ausgleich von Rechnungen.<\/span><\/li>\n<li style><span style>Ertrags\u00adver\u00adschlech\u00adte\u00adrun\u00adgen im Umsatz und Gewinn von mehr als 5% im laufen\u00adden Verkaufs\u00adpro\u00adzess k\u00f6nnen in gemein\u00adsa\u00admer Abstim\u00admung eine Anpas\u00adsung des Verkaufs\u00adprei\u00adses erfor\u00adder\u00adlich machen.<\/span><\/li>\n<li style><span style>Bei Vertrags\u00adk\u00fcn\u00addi\u00adgung des Verk\u00e4u\u00adfers, vor Ablauf der Garan\u00adtie\u00adzeit, erlischt jegli\u00adcher Anspruch.<\/span><\/li>\n<li><span>Lassen Sie uns gerne pers\u00f6n\u00adlich \u00fcber Ihre indivi\u00addu\u00adel\u00adlen Verein\u00adba\u00adrun\u00adgen zu Ihrer Sicher\u00adheit mit der einzig\u00adar\u00adti\u00adgen KERN-Garan\u00adtie sprechen.<\/span><\/li>\n<\/ul>\n<p><span style><img decoding=\"async\" alt data-id=\"31534\" width=\"533\" data-init-width=\"1747\" height=\"513\" data-init-height=\"1680\" title=\"KERN_Erfolgsgarantie_RGB_mehrfarbig_08.24 (2)\" src=\"https:\/\/www.kern-unternehmensnachfolge.com\/wp-content\/uploads\/2023\/03\/KERN_Erfolgsgarantie_RGB_mehrfarbig_08.24-2.png\" data-width=\"533\" data-height=\"513\" style=\"aspect-ratio: auto 1747 \/ 1680;\" ml-d=\"-0.17200000000002547\" mt-d=\"0\" loading=\"lazy\"><\/span><\/p>\n<h2 data-hide=\"true\" id=\"t-1654808931768\" style=\"text-align: center;\">Skontak\u00adtuj si\u0119 teraz i dowiedz si\u0119 wi\u0119cej<\/h2>\n<h5 style=\"text-align: center;\">Pr\u00fcfen Sie gemein\u00adsam im Gespr\u00e4ch mit uns, die erste und exklu\u00adsi\u00adve M<span class=\"amp\">&amp;<\/span>A-Erfolgsgarantie von <span class=\"caps\">KERN<\/span> f\u00fcr den Verkauf Ihres Lebens\u00adwerkes. Erhal\u00adten Sie 100% Sicher\u00adheit f\u00fcr diese wichti\u00adge Entschei\u00addung. Sichern Sie Ihren <a data-lt-tmp-id=\"lt-93516\" href=\"https:\/\/www.kern-unternehmensnachfolge.com\/pl\/firma-sprzedaz-10-najlepszych-wskazowek-dla-kupujacego-wygasniecie-ceny-zakupu\/\" spellcheck=\"false\" style=\"outline: none;\" target=\"_blank\">Sprze\u00adda\u017c firmy<\/a> z jedyn\u0105 w swoim rodza\u00adju gwaran\u00adc\u00adj\u0105 sukce\u00adsu <span class=\"caps\">KERN<\/span> M<span class=\"amp\">&amp;<\/span>A! &nbsp;<\/h5>","protected":false},"excerpt":{"rendered":"<p>Die erste und einzige M&amp;A-ERFOLGSGARANTIE f\u00fcr Ihren Unternehmensverkauf ohne Risiko Der Verkauf Ihres Unternehmens ist f\u00fcr Sie von gr\u00f6\u00dfter Bedeutung. [&hellip;]<\/p>\n","protected":false},"author":1,"featured_media":0,"parent":0,"menu_order":0,"comment_status":"closed","ping_status":"closed","template":"","meta":{"wp_typography_post_enhancements_disabled":false,"_kad_blocks_custom_css":"","_kad_blocks_head_custom_js":"","_kad_blocks_body_custom_js":"","_kad_blocks_footer_custom_js":"","site-sidebar-layout":"no-sidebar","site-content-layout":"default","ast-site-content-layout":"default","site-content-style":"default","site-sidebar-style":"default","ast-global-header-display":"","ast-banner-title-visibility":"","ast-main-header-display":"","ast-hfb-above-header-display":"","ast-hfb-below-header-display":"","ast-hfb-mobile-header-display":"","site-post-title":"disabled","ast-breadcrumbs-content":"","ast-featured-img":"","footer-sml-layout":"","ast-disable-related-posts":"","theme-transparent-header-meta":"default","adv-header-id-meta":"","stick-header-meta":"default","header-above-stick-meta":"","header-main-stick-meta":"","header-below-stick-meta":"","astra-migrate-meta-layouts":"default","ast-page-background-enabled":"default","ast-page-background-meta":{"desktop":{"background-color":"","background-image":"","background-repeat":"repeat","background-position":"center center","background-size":"auto","background-attachment":"scroll","background-type":"","background-media":"","overlay-type":"","overlay-color":"","overlay-opacity":"","overlay-gradient":""},"tablet":{"background-color":"","background-image":"","background-repeat":"repeat","background-position":"center center","background-size":"auto","background-attachment":"scroll","background-type":"","background-media":"","overlay-type":"","overlay-color":"","overlay-opacity":"","overlay-gradient":""},"mobile":{"background-color":"","background-image":"","background-repeat":"repeat","background-position":"center center","background-size":"auto","background-attachment":"scroll","background-type":"","background-media":"","overlay-type":"","overlay-color":"","overlay-opacity":"","overlay-gradient":""}},"ast-content-background-meta":{"desktop":{"background-color":"var(--ast-global-color-5)","background-image":"","background-repeat":"repeat","background-position":"center center","background-size":"auto","background-attachment":"scroll","background-type":"","background-media":"","overlay-type":"","overlay-color":"","overlay-opacity":"","overlay-gradient":""},"tablet":{"background-color":"var(--ast-global-color-5)","background-image":"","background-repeat":"repeat","background-position":"center center","background-size":"auto","background-attachment":"scroll","background-type":"","background-media":"","overlay-type":"","overlay-color":"","overlay-opacity":"","overlay-gradient":""},"mobile":{"background-color":"var(--ast-global-color-5)","background-image":"","background-repeat":"repeat","background-position":"center center","background-size":"auto","background-attachment":"scroll","background-type":"","background-media":"","overlay-type":"","overlay-color":"","overlay-opacity":"","overlay-gradient":""}},"iawp_total_views":245,"footnotes":""},"class_list":["post-17828","page","type-page","status-publish","hentry"],"taxonomy_info":[],"featured_image_src_large":false,"author_info":{"display_name":"filialleiter","author_link":"https:\/\/www.kern-unternehmensnachfolge.com\/pl\/author\/filialleiter\/"},"comment_info":0,"_links":{"self":[{"href":"https:\/\/www.kern-unternehmensnachfolge.com\/pl\/wp-json\/wp\/v2\/pages\/17828","targetHints":{"allow":["GET"]}}],"collection":[{"href":"https:\/\/www.kern-unternehmensnachfolge.com\/pl\/wp-json\/wp\/v2\/pages"}],"about":[{"href":"https:\/\/www.kern-unternehmensnachfolge.com\/pl\/wp-json\/wp\/v2\/types\/page"}],"author":[{"embeddable":true,"href":"https:\/\/www.kern-unternehmensnachfolge.com\/pl\/wp-json\/wp\/v2\/users\/1"}],"replies":[{"embeddable":true,"href":"https:\/\/www.kern-unternehmensnachfolge.com\/pl\/wp-json\/wp\/v2\/comments?post=17828"}],"version-history":[{"count":0,"href":"https:\/\/www.kern-unternehmensnachfolge.com\/pl\/wp-json\/wp\/v2\/pages\/17828\/revisions"}],"wp:attachment":[{"href":"https:\/\/www.kern-unternehmensnachfolge.com\/pl\/wp-json\/wp\/v2\/media?parent=17828"}],"curies":[{"name":"wp","href":"https:\/\/api.w.org\/{rel}","templated":true}]}}