{"id":1626,"date":"2018-07-10T07:20:36","date_gmt":"2018-07-10T05:20:36","guid":{"rendered":"https:\/\/great-kare.185-125-174-66.plesk.page\/?page_id=1626"},"modified":"2025-01-13T01:38:13","modified_gmt":"2025-01-13T00:38:13","slug":"delfin","status":"publish","type":"page","link":"https:\/\/www.kern-unternehmensnachfolge.com\/pl\/der-delphin\/","title":{"rendered":"Delfin"},"content":{"rendered":"<h1>Der abstra\u00adhier\u00adte Delphin im Logo von <span class=\"caps\">KERN<\/span>. Beson\u00adde\u00adre Eigen\u00adschaf\u00adten, \u00fcbertrag\u00adbar auf das Wirtschaftsleben<\/h1>\n<h3>Warum hat <span class=\"caps\">KERN<\/span> mit zwei \u201eB\u00f6gen\u201c den Delphin im Firmenlogo?Warum passt ein Delphin zur Unternehmensnachfolge?<\/h3>\n<h3><span>1. Flexi\u00adbi\u00adli\u00adt\u00e4t<\/span><\/h3>\n<p>L\u00f6sun\u00adgen suchen, sich dabei st\u00e4ndig hinter\u00adfra\u00adgen. Wenn Delphi\u00adne nicht bekom\u00admen, was sie wollen, ver\u00e4n\u00addern sie sehr schnell ihre Vorgehensweise.<\/p>\n<h3>2. Kwesti\u00ado\u00adno\u00adwa\u00adnie<\/h3>\n<p align=\"justify\"><span style=\"color: rgb(112, 112, 112);\">Dysoc\u00adja\u00adc\u00adja i przyj\u00admo\u00adwa\u00adnie metapo\u00adzy\u00adc\u00adji w rozwo\u00adju strategii.<\/span><\/p>\n<h3><span style=\"color: rgb(0, 115, 198);\">3. Z\u00e4hig\u00adkeit<\/span><\/h3>\n<p align=\"justify\">Delphi\u00adne geben nicht leicht auf. Es sei denn, sie erken\u00adnen einen Nutzen darin \u2013 im Sinne einer besse\u00adren L\u00f6sung.<\/p>\n<h3><span style=\"color: rgb(0, 115, 198);\">4. Wygra\u00adna<\/span><\/h3>\n<p align=\"justify\"><span style=\"color: rgb(112, 112, 112);\">Delphi\u00adne haben Freude daran zu gewin\u00adnen. Ihr Gehirn ist zu emotio\u00adna\u00adlen Empfin\u00addun\u00adgen f\u00e4hig. Manager, die dementspre\u00adchend handeln, haben nicht das Bed\u00fcrf\u00adnis, dass ein anderer verliert.<\/span><\/p>\n<h3><span style=\"color: rgb(0, 115, 198);\">5. Wsp\u00f3\u0142pra\u00adca<\/span><\/h3>\n<p><span style=\"color: rgb(112, 112, 112);\">Delphi\u00adne arbei\u00adten gut mit anderen zusam\u00admen, aber handeln auch allein auf kompe\u00adten\u00adte Weise. Koope\u00adrie\u00adren bringt in der Summe mehr als Konkur\u00adrenz oder die unabh\u00e4n\u00adgi\u00adge Suche nach priva\u00adten Vorteilen.<\/span><\/p>\n<h3>6. Wizja<\/h3>\n<p><span>Wizje w\u0142asnej drogi, celu zespo\u0142u, czy celu firmy to pierw\u00ads\u00adze, co tworzy identy\u00adfi\u00adka\u00adc\u00adj\u0119 z&nbsp;celem.<\/span><\/p>\n<h3><span style=\"color: rgb(0, 115, 198);\">7. Elegan\u00adc\u00adja<\/span><\/h3>\n<p>Delphi\u00adne lieben pr\u00e4zi\u00adse, saube\u00adre und vor allem einfa\u00adche \u2013 eben elegan\u00adte \u2013 L\u00f6sun\u00adgen. <a href=\"https:\/\/www.kern-unternehmensnachfolge.com\/pl\/jak-najlepiej-sprzedac-mojej-firmie-czynniki-sukcesu\/\" target=\"_blank\" style=\"outline: none;\">Elegan\u00adte Verhand\u00adlungs\u00adf\u00fch\u00adrung<\/a> hei\u00dft beispiels\u00adwei\u00adse, dass die L\u00f6sung f\u00fcr beide Partei\u00aden langfris\u00adtig zur Zufrie\u00adden\u00adheit f\u00fchren und Sinn ergeben muss.<\/p>\n<p align=\"justify\">Uwaga na temat histo\u00adrii delfi\u00adna w logo marki&nbsp;<span class=\"caps\">KERN<\/span>:&nbsp;<\/p>\n<p align=\"justify\">Im Jahr 2004 bis Anfang 2023 hatten wir unser Marken\u00adlo\u00adgo mit einem stili\u00adsier\u00adten, sprin\u00adgen\u00adden Delphin ausge\u00adstat\u00adtet. Im Rahmen unserer weite\u00adren Inter\u00adna\u00adtio\u00adna\u00adli\u00adsie\u00adrung und einem Relaunch unseres Marken\u00adlo\u00adgos und der Subli\u00adne, haben wir den Delphin stark \u201emoder\u00adni\u00adsiert\u201c und abstra\u00adhiert. Die beiden dynami\u00adschen B\u00f6gen \u00fcber dem N symbo\u00adli\u00adsie\u00adren heute den Delphin aus der Geschich\u00adte von&nbsp;<span class=\"caps\">KERN<\/span>.<\/p>\n<p align=\"justify\">Wi\u0119cej cieka\u00adwych rzeczy mog\u0105 Pa\u0144st\u00adwo znale\u017a\u0107 w ksi\u0105\u017cce <a href=\"https:\/\/www.amazon.de\/DelphinStrategien-ManagementStrategien-chaotischen-Dudley-Lynch\/dp\/3980636313\" target=\"_blank\" style=\"outline: none;\" rel=\"noopener\">\u201eDelphin\u00adstra\u00adte\u00adgien\u201c<\/a> von Dudley Lynch und Paul Kordis. (Zu bestel\u00adlen unter der ISBN-Nummer 3-89459-009-2 \/ Business\u00adbook of the year in den <span class=\"caps\">USA<\/span>). Hier finden Sie \u00fcbrigens auch auf Seite 289 ff die Liste aller Eigen\u00adschaf\u00adten von Delphinen.<\/p>\n<p align=\"justify\" style>Und <span class=\"caps\">KERN<\/span> ist seit Jahren aktives F\u00f6rder\u00admit\u00adglied im Verein \u201cGesell\u00adschaft zur Rettung der Delphine\u201d.<\/p>\n<p align=\"justify\">Die \u201cGesell\u00adschaft zur Rettung der Delphi\u00adne e.V.\u201d setzt sich weltweit f\u00fcr wild leben\u00adde Delfi\u00adne, den Schutz ihrer Lebens\u00adr\u00e4u\u00adme, f\u00fcr Nachhal\u00adtig\u00adkeit, Meeres\u00adschutz, sanften Delfin\u00adtou\u00adris\u00admus und gegen Delfina\u00adri\u00aden&nbsp;ein.<\/p>\n<p align=\"justify\" style>Weite\u00adre, allge\u00admei\u00adne Infor\u00adma\u00adtio\u00adnen \u00fcber Delphi\u00adne finden Sie in einer Dokumen\u00adta\u00adti\u00adon &gt; <a href=\"https:\/\/www.youtube.com\/watch?v=qF4C-1jhXTo\" target=\"_blank\" style=\"outline: none;\" rel=\"noopener\">tutaj.<\/a><\/p>","protected":false},"excerpt":{"rendered":"<p>Der abstrahierte Delphin im Logo von KERN. Besondere Eigenschaften, \u00fcbertragbar auf das Wirtschaftsleben Warum hat KERN mit zwei &#8222;B\u00f6gen&#8220; den [&hellip;]<\/p>\n","protected":false},"author":1,"featured_media":0,"parent":0,"menu_order":0,"comment_status":"closed","ping_status":"closed","template":"","meta":{"wp_typography_post_enhancements_disabled":false,"_kad_blocks_custom_css":"","_kad_blocks_head_custom_js":"","_kad_blocks_body_custom_js":"","_kad_blocks_footer_custom_js":"","site-sidebar-layout":"no-sidebar","site-content-layout":"plain-container","ast-site-content-layout":"default","site-content-style":"default","site-sidebar-style":"default","ast-global-header-display":"","ast-banner-title-visibility":"","ast-main-header-display":"","ast-hfb-above-header-display":"","ast-hfb-below-header-display":"","ast-hfb-mobile-header-display":"","site-post-title":"disabled","ast-breadcrumbs-content":"","ast-featured-img":"disabled","footer-sml-layout":"","ast-disable-related-posts":"","theme-transparent-header-meta":"default","adv-header-id-meta":"","stick-header-meta":"default","header-above-stick-meta":"","header-main-stick-meta":"","header-below-stick-meta":"","astra-migrate-meta-layouts":"default","ast-page-background-enabled":"default","ast-page-background-meta":{"desktop":{"background-color":"","background-image":"","background-repeat":"repeat","background-position":"center center","background-size":"auto","background-attachment":"scroll","background-type":"","background-media":"","overlay-type":"","overlay-color":"","overlay-opacity":"","overlay-gradient":""},"tablet":{"background-color":"","background-image":"","background-repeat":"repeat","background-position":"center center","background-size":"auto","background-attachment":"scroll","background-type":"","background-media":"","overlay-type":"","overlay-color":"","overlay-opacity":"","overlay-gradient":""},"mobile":{"background-color":"","background-image":"","background-repeat":"repeat","background-position":"center center","background-size":"auto","background-attachment":"scroll","background-type":"","background-media":"","overlay-type":"","overlay-color":"","overlay-opacity":"","overlay-gradient":""}},"ast-content-background-meta":{"desktop":{"background-color":"var(--ast-global-color-5)","background-image":"","background-repeat":"repeat","background-position":"center center","background-size":"auto","background-attachment":"scroll","background-type":"","background-media":"","overlay-type":"","overlay-color":"","overlay-opacity":"","overlay-gradient":""},"tablet":{"background-color":"var(--ast-global-color-5)","background-image":"","background-repeat":"repeat","background-position":"center center","background-size":"auto","background-attachment":"scroll","background-type":"","background-media":"","overlay-type":"","overlay-color":"","overlay-opacity":"","overlay-gradient":""},"mobile":{"background-color":"var(--ast-global-color-5)","background-image":"","background-repeat":"repeat","background-position":"center center","background-size":"auto","background-attachment":"scroll","background-type":"","background-media":"","overlay-type":"","overlay-color":"","overlay-opacity":"","overlay-gradient":""}},"iawp_total_views":36,"footnotes":""},"class_list":["post-1626","page","type-page","status-publish","hentry"],"taxonomy_info":[],"featured_image_src_large":false,"author_info":{"display_name":"filialleiter","author_link":"https:\/\/www.kern-unternehmensnachfolge.com\/pl\/author\/filialleiter\/"},"comment_info":0,"_links":{"self":[{"href":"https:\/\/www.kern-unternehmensnachfolge.com\/pl\/wp-json\/wp\/v2\/pages\/1626","targetHints":{"allow":["GET"]}}],"collection":[{"href":"https:\/\/www.kern-unternehmensnachfolge.com\/pl\/wp-json\/wp\/v2\/pages"}],"about":[{"href":"https:\/\/www.kern-unternehmensnachfolge.com\/pl\/wp-json\/wp\/v2\/types\/page"}],"author":[{"embeddable":true,"href":"https:\/\/www.kern-unternehmensnachfolge.com\/pl\/wp-json\/wp\/v2\/users\/1"}],"replies":[{"embeddable":true,"href":"https:\/\/www.kern-unternehmensnachfolge.com\/pl\/wp-json\/wp\/v2\/comments?post=1626"}],"version-history":[{"count":0,"href":"https:\/\/www.kern-unternehmensnachfolge.com\/pl\/wp-json\/wp\/v2\/pages\/1626\/revisions"}],"wp:attachment":[{"href":"https:\/\/www.kern-unternehmensnachfolge.com\/pl\/wp-json\/wp\/v2\/media?parent=1626"}],"curies":[{"name":"wp","href":"https:\/\/api.w.org\/{rel}","templated":true}]}}