{"id":9692,"date":"2020-05-26T07:07:20","date_gmt":"2020-05-26T05:07:20","guid":{"rendered":"https:\/\/great-kare.185-125-174-66.plesk.page\/?page_id=9692"},"modified":"2025-07-04T14:39:55","modified_gmt":"2025-07-04T12:39:55","slug":"buecher","status":"publish","type":"page","link":"https:\/\/www.kern-unternehmensnachfolge.com\/it\/buecher\/","title":{"rendered":"B\u00fccher \u00dcbersicht"},"content":{"rendered":"<p><a href=\"https:\/\/www.kern-unternehmensnachfolge.com\" data-id-d=\"0\" data-img-style=\"width: 100%;\"><img decoding=\"async\" src=\"https:\/\/www.kern-unternehmensnachfolge.com\/wp-content\/uploads\/2023\/05\/kern_logo2023_rgb_farbig_transparent.png\" height=\"502\" width=\"1317\" alt=\"\" style=\"width: 100%;\" loading=\"lazy\"><\/img><\/a><\/p>\n<p style=\"text-align: right;\">            <a href=\"#\" title=\"German\" onclick=\"event.preventDefault()\"><img loading=\"lazy\" decoding=\"async\" src=\"https:\/\/www.kern-unternehmensnachfolge.com\/wp-content\/plugins\/translatepress-multilingual\/assets\/images\/flags\/de_DE.png\" width=\"18\" height=\"12\" alt=\"de_DE\" title=\"German\"> <\/a>                        <a href=\"#\"  title=\"German\" onclick=\"event.preventDefault()\"><img loading=\"lazy\" decoding=\"async\" src=\"https:\/\/www.kern-unternehmensnachfolge.com\/wp-content\/plugins\/translatepress-multilingual\/assets\/images\/flags\/de_DE.png\" width=\"18\" height=\"12\" alt=\"de_DE\" title=\"German\"> <\/a>                    <a href=\"https:\/\/www.kern-unternehmensnachfolge.com\/wp-admin\/admin-ajax.php\" title=\"English\">            <img loading=\"lazy\" decoding=\"async\" src=\"https:\/\/www.kern-unternehmensnachfolge.com\/wp-content\/plugins\/translatepress-multilingual\/assets\/images\/flags\/en_GB.png\" width=\"18\" height=\"12\" alt=\"en_GB\" title=\"English\">         <\/a>            <a href=\"https:\/\/www.kern-unternehmensnachfolge.com\/wp-admin\/admin-ajax.php\" title=\"Polish\">            <img loading=\"lazy\" decoding=\"async\" src=\"https:\/\/www.kern-unternehmensnachfolge.com\/wp-content\/plugins\/translatepress-multilingual\/assets\/images\/flags\/pl_PL.png\" width=\"18\" height=\"12\" alt=\"pl_PL\" title=\"Polish\">         <\/a>            <a href=\"https:\/\/www.kern-unternehmensnachfolge.com\/wp-admin\/admin-ajax.php\" title=\"Hungarian\">            <img loading=\"lazy\" decoding=\"async\" src=\"https:\/\/www.kern-unternehmensnachfolge.com\/wp-content\/plugins\/translatepress-multilingual\/assets\/images\/flags\/hu_HU.png\" width=\"18\" height=\"12\" alt=\"hu_HU\" title=\"Hungarian\">         <\/a>            <a href=\"https:\/\/www.kern-unternehmensnachfolge.com\/wp-admin\/admin-ajax.php\" title=\"Portuguese\">            <img loading=\"lazy\" decoding=\"async\" src=\"https:\/\/www.kern-unternehmensnachfolge.com\/wp-content\/plugins\/translatepress-multilingual\/assets\/images\/flags\/pt_PT.png\" width=\"18\" height=\"12\" alt=\"pt_PT\" title=\"Portuguese\">         <\/a>            <\/p>\n<h1 style=\"\"><span style=\"color: rgb(255, 255, 255);\">KERN-B\u00fccher zu Unternehmensnachfolge, Prozesswissen und Unternehmertum&nbsp;<\/span><\/h1>\n<h4 style=\"\">Fr\u00fcher selber Familienunternehmer, heute Spezialist f\u00fcr Unternehmensnachfolge und Gr\u00fcnder von KERN \u2013 er wei\u00df, wie schwer der Schritt ins Ungewisse ist und wie sehr er sich lohnen kann.<\/h4>\n<p>     <!-- Original logos -->  <a href=\"#lightbox-1\" data-lightbox=\"lightbox-1\" data-img=\"https:\/\/www.kern-unternehmensnachfolge.com\/wp-content\/uploads\/2025\/03\/UDZ-Siegel_Nils-Koerber.webp\" target=\"_blank\" > <img decoding=\"async\" src=\"https:\/\/www.kern-unternehmensnachfolge.com\/wp-content\/uploads\/2025\/03\/UDZ-Siegel_Nils-Koerber.webp\" alt=\"UDZ Siegel Nils K\u00f6rber\" \/> <\/a>   <a href=\"#lightbox-2\" data-lightbox=\"lightbox-2\" data-img=\"https:\/\/www.kern-unternehmensnachfolge.com\/wp-content\/uploads\/2024\/05\/german-customer-arwards2024-150x150.jpeg\" target=\"_blank\" > <img decoding=\"async\" src=\"https:\/\/www.kern-unternehmensnachfolge.com\/wp-content\/uploads\/2024\/05\/german-customer-arwards2024-150x150.jpeg\" alt=\"German Customer Awards 2024\" \/> <\/a>   <a href=\"https:\/\/www.provenexpert.com\/kern-zukunft-fuer-lebenswerke\/\" target=\"_blank\" rel=\"noopener\"> <img decoding=\"async\" src=\"https:\/\/www.kern-unternehmensnachfolge.com\/wp-content\/uploads\/2023\/07\/22-Von-Kunden-Empfohlen_DE-Gross-150x150.jpeg\" alt=\"Von Kunden Empfohlen\" \/> <\/a>   <a href=\"https:\/\/die-deutsche-wirtschaft.de\/exzellenzberater\/kern-unternehmensnachfolge-erfolgreicher\/\" target=\"_blank\" rel=\"noopener\"> <img decoding=\"async\" src=\"https:\/\/www.kern-unternehmensnachfolge.com\/wp-content\/uploads\/2025\/03\/Exzellenzberater-Deutscher-Mittelstand-2023.webp\" alt=\"Exzellenzberater 2023\" \/> <\/a>   <a href=\"https:\/\/die-deutsche-wirtschaft.de\/exzellenzberater\/kern-unternehmensnachfolge-erfolgreicher\/\" target=\"_blank\" rel=\"noopener\"> <img decoding=\"async\" src=\"https:\/\/www.kern-unternehmensnachfolge.com\/wp-content\/uploads\/2025\/03\/Exzellenzberater-Deutscher-Mittelstand-2024.webp\" alt=\"Exzellenzberater 2024\" \/> <\/a>   <a href=\"https:\/\/vimeo.com\/775891851\" target=\"_blank\" rel=\"noopener\"> <img decoding=\"async\" src=\"https:\/\/www.kern-unternehmensnachfolge.com\/wp-content\/uploads\/2023\/07\/kern-german-brand-award-2021-132x300.jpeg\" alt=\"German Brand Award 2021\" \/> <\/a>   <a href=\"https:\/\/vimeo.com\/787837024\" target=\"_blank\" rel=\"noopener\"> <img decoding=\"async\" src=\"https:\/\/www.kern-unternehmensnachfolge.com\/wp-content\/uploads\/2025\/03\/Innovator-des-Jahres-2021.webp\" alt=\"Innovator 2021\" \/> <\/a>   <a href=\"#lightbox-3\" data-lightbox=\"lightbox-3\" data-img=\"https:\/\/www.kern-unternehmensnachfolge.com\/wp-content\/uploads\/2023\/06\/TC_19_Member_Strich-211x300.jpg\" target=\"_blank\" > <img decoding=\"async\" src=\"https:\/\/www.kern-unternehmensnachfolge.com\/wp-content\/uploads\/2023\/06\/TC_19_Member_Strich-211x300.jpg\" alt=\"TC 19 Member\" \/> <\/a>   <a href=\"https:\/\/vimeo.com\/775920300\" target=\"_blank\" rel=\"noopener\"> <img decoding=\"async\" src=\"https:\/\/www.kern-unternehmensnachfolge.com\/wp-content\/uploads\/2023\/06\/TC_20_Member_Strich-210x300.jpg\" alt=\"TC 20 Member\" \/> <\/a>   <a href=\"https:\/\/www.top-consultant.de\/kern-unternehmensnachfolge-erfolgreicher-2023\/\" target=\"_blank\" rel=\"noopener\"> <img decoding=\"async\" src=\"https:\/\/www.kern-unternehmensnachfolge.com\/wp-content\/uploads\/2023\/06\/tc_23_member_strich-210x300.jpg\" alt=\"TC 23 Member\" \/> <\/a>   <a href=\"#lightbox-4\" data-lightbox=\"lightbox-4\" data-img=\"https:\/\/www.kern-unternehmensnachfolge.com\/wp-content\/uploads\/2025\/04\/SZ-Institut-Beste-Berater-Mittelstand.webp\" target=\"_blank\" > <img decoding=\"async\" src=\"https:\/\/www.kern-unternehmensnachfolge.com\/wp-content\/uploads\/2025\/04\/SZ-Institut-Beste-Berater-Mittelstand.webp\" alt=\"SZ Beste Berater Mittelstand\" \/> <\/a>   <a href=\"#lightbox-5\" data-lightbox=\"lightbox-5\" data-img=\"https:\/\/www.kern-unternehmensnachfolge.com\/wp-content\/uploads\/2025\/06\/WirtschaftsWoche-Beste-Berater-Mittelstand.webp\" target=\"_blank\" > <img decoding=\"async\" src=\"https:\/\/www.kern-unternehmensnachfolge.com\/wp-content\/uploads\/2025\/06\/WirtschaftsWoche-Beste-Berater-Mittelstand.webp\" alt=\"WirtschaftsWoche Beste Berater Mittelstand\" \/> <\/a>  <!-- Duplicate logos for seamless loop -->  <a href=\"#lightbox-1\" data-lightbox=\"lightbox-1\" data-img=\"https:\/\/www.kern-unternehmensnachfolge.com\/wp-content\/uploads\/2025\/03\/UDZ-Siegel_Nils-Koerber.webp\" target=\"_blank\" > <img decoding=\"async\" src=\"https:\/\/www.kern-unternehmensnachfolge.com\/wp-content\/uploads\/2025\/03\/UDZ-Siegel_Nils-Koerber.webp\" alt=\"UDZ Siegel Nils K\u00f6rber\" \/> <\/a>   <a href=\"#lightbox-2\" data-lightbox=\"lightbox-2\" data-img=\"https:\/\/www.kern-unternehmensnachfolge.com\/wp-content\/uploads\/2024\/05\/german-customer-arwards2024-150x150.jpeg\" target=\"_blank\" > <img decoding=\"async\" src=\"https:\/\/www.kern-unternehmensnachfolge.com\/wp-content\/uploads\/2024\/05\/german-customer-arwards2024-150x150.jpeg\" alt=\"German Customer Awards 2024\" \/> <\/a>   <a href=\"https:\/\/www.provenexpert.com\/kern-zukunft-fuer-lebenswerke\/\" target=\"_blank\" rel=\"noopener\"> <img decoding=\"async\" src=\"https:\/\/www.kern-unternehmensnachfolge.com\/wp-content\/uploads\/2023\/07\/22-Von-Kunden-Empfohlen_DE-Gross-150x150.jpeg\" alt=\"Von Kunden Empfohlen\" \/> <\/a>   <a href=\"https:\/\/die-deutsche-wirtschaft.de\/exzellenzberater\/kern-unternehmensnachfolge-erfolgreicher\/\" target=\"_blank\" rel=\"noopener\"> <img decoding=\"async\" src=\"https:\/\/www.kern-unternehmensnachfolge.com\/wp-content\/uploads\/2025\/03\/Exzellenzberater-Deutscher-Mittelstand-2023.webp\" alt=\"Exzellenzberater 2023\" \/> <\/a>   <a href=\"https:\/\/die-deutsche-wirtschaft.de\/exzellenzberater\/kern-unternehmensnachfolge-erfolgreicher\/\" target=\"_blank\" rel=\"noopener\"> <img decoding=\"async\" src=\"https:\/\/www.kern-unternehmensnachfolge.com\/wp-content\/uploads\/2025\/03\/Exzellenzberater-Deutscher-Mittelstand-2024.webp\" alt=\"Exzellenzberater 2024\" \/> <\/a>   <a href=\"https:\/\/vimeo.com\/775891851\" target=\"_blank\" rel=\"noopener\"> <img decoding=\"async\" src=\"https:\/\/www.kern-unternehmensnachfolge.com\/wp-content\/uploads\/2023\/07\/kern-german-brand-award-2021-132x300.jpeg\" alt=\"German Brand Award 2021\" \/> <\/a>   <a href=\"https:\/\/vimeo.com\/787837024\" target=\"_blank\" rel=\"noopener\"> <img decoding=\"async\" src=\"https:\/\/www.kern-unternehmensnachfolge.com\/wp-content\/uploads\/2025\/03\/Innovator-des-Jahres-2021.webp\" alt=\"Innovator 2021\" \/> <\/a>   <a href=\"#lightbox-3\" data-lightbox=\"lightbox-3\" data-img=\"https:\/\/www.kern-unternehmensnachfolge.com\/wp-content\/uploads\/2023\/06\/TC_19_Member_Strich-211x300.jpg\" target=\"_blank\" > <img decoding=\"async\" src=\"https:\/\/www.kern-unternehmensnachfolge.com\/wp-content\/uploads\/2023\/06\/TC_19_Member_Strich-211x300.jpg\" alt=\"TC 19 Member\" \/> <\/a>   <a href=\"https:\/\/vimeo.com\/775920300\" target=\"_blank\" rel=\"noopener\"> <img decoding=\"async\" src=\"https:\/\/www.kern-unternehmensnachfolge.com\/wp-content\/uploads\/2023\/06\/TC_20_Member_Strich-210x300.jpg\" alt=\"TC 20 Member\" \/> <\/a>   <a href=\"https:\/\/www.top-consultant.de\/kern-unternehmensnachfolge-erfolgreicher-2023\/\" target=\"_blank\" rel=\"noopener\"> <img decoding=\"async\" src=\"https:\/\/www.kern-unternehmensnachfolge.com\/wp-content\/uploads\/2023\/06\/tc_23_member_strich-210x300.jpg\" alt=\"TC 23 Member\" \/> <\/a>   <a href=\"#lightbox-4\" data-lightbox=\"lightbox-4\" data-img=\"https:\/\/www.kern-unternehmensnachfolge.com\/wp-content\/uploads\/2025\/04\/SZ-Institut-Beste-Berater-Mittelstand.webp\" target=\"_blank\" > <img decoding=\"async\" src=\"https:\/\/www.kern-unternehmensnachfolge.com\/wp-content\/uploads\/2025\/04\/SZ-Institut-Beste-Berater-Mittelstand.webp\" alt=\"SZ Beste Berater Mittelstand\" \/> <\/a>   <a href=\"#lightbox-5\" data-lightbox=\"lightbox-5\" data-img=\"https:\/\/www.kern-unternehmensnachfolge.com\/wp-content\/uploads\/2025\/06\/WirtschaftsWoche-Beste-Berater-Mittelstand.webp\" target=\"_blank\" > <img decoding=\"async\" src=\"https:\/\/www.kern-unternehmensnachfolge.com\/wp-content\/uploads\/2025\/06\/WirtschaftsWoche-Beste-Berater-Mittelstand.webp\" alt=\"WirtschaftsWoche Beste Berater Mittelstand\" \/> <\/a>    <!-- Lightbox containers -->   <span>\u2715<\/span> <img decoding=\"async\" src=\"https:\/\/www.kern-unternehmensnachfolge.com\/wp-content\/uploads\/2025\/03\/UDZ-Siegel_Nils-Koerber.webp\" alt=\"UDZ Siegel Nils K\u00f6rber\" \/> UDZ Siegel Nils K\u00f6rber     <span>\u2715<\/span> <img decoding=\"async\" src=\"https:\/\/www.kern-unternehmensnachfolge.com\/wp-content\/uploads\/2024\/05\/german-customer-arwards2024-150x150.jpeg\" alt=\"German Customer Awards 2024\" \/> German Customer Awards 2024     <span>\u2715<\/span> <img decoding=\"async\" src=\"https:\/\/www.kern-unternehmensnachfolge.com\/wp-content\/uploads\/2023\/06\/TC_19_Member_Strich-211x300.jpg\" alt=\"TC 19 Member\" \/> TC 19 Member     <span>\u2715<\/span> <img decoding=\"async\" src=\"https:\/\/www.kern-unternehmensnachfolge.com\/wp-content\/uploads\/2025\/04\/SZ-Institut-Beste-Berater-Mittelstand.webp\" alt=\"SZ - Beste Berater Mittelstand\" \/>  Beste Berater Mittelstand &#8211; SZ Institut      <span>\u2715<\/span> <img decoding=\"async\" src=\"https:\/\/www.kern-unternehmensnachfolge.com\/wp-content\/uploads\/2025\/06\/WirtschaftsWoche-Beste-Berater-Mittelstand.webp\" alt=\"WirtschaftsWoche - Beste Berater Mittelstand\" \/>  Beste Berater Mittelstand &#8211; WirtschaftsWoche    <!-- JavaScript for lightbox functionality -->  [tcb-script src=&#8220;https:\/\/play.pod.co\/embed\/frame-v1.js&#8220;][\/tcb-script]<span><a href=\"https:\/\/www.amazon.de\/Unternehmensnachfolge-Das-Prozesswissen-Nils-Koerber\/dp\/3525403992\/ref=sr_1_2?__mk_de_DE=%C3%85M%C3%85%C5%BD%C3%95%C3%91&amp;dchild=1&amp;keywords=nils+koerber&amp;qid=1621606407&amp;sr=8-2\" target=\"_blank\" rel=\"noopener\"><img decoding=\"async\" alt=\"\" data-id=\"32488\" width=\"444\" data-init-width=\"500\" height=\"322\" data-init-height=\"363\" title=\"Kern_29_04\" src=\"https:\/\/www.kern-unternehmensnachfolge.com\/wp-content\/uploads\/2025\/01\/Kern_29_04.jpg\" data-width=\"444\" data-link-wrap=\"true\" data-height=\"322\" style=\"aspect-ratio: auto 500 \/ 363;\" loading=\"lazy\"><\/a><\/span><span><a href=\"https:\/\/www.amazon.de\/Unternehmensnachfolge-Kunst-Loslassens-Nils-Koerber\/dp\/3525403984\/\" target=\"_blank\" rel=\"noopener\"><img decoding=\"async\" alt=\"\" data-id=\"32490\" width=\"349\" data-init-width=\"511\" height=\"206\" data-init-height=\"302\" title=\"bestseller\" src=\"https:\/\/www.kern-unternehmensnachfolge.com\/wp-content\/uploads\/2025\/01\/bestseller.png\" data-width=\"349\" data-height=\"206\" data-link-wrap=\"true\" style=\"aspect-ratio: auto 511 \/ 302;\" loading=\"lazy\"><\/a><\/span><\/p>\n<h2 style=\"text-align: left;\">&#8222;Unternehmensnachfolge: Das Prozesswissen&#8220;. Perfekte Vorbereitung f\u00fcr die \u00dcbergabe Ihres Unternehmens<\/h2>\n<p style=\"\">Sie geben ihr \u00bbBaby\u00ab in neue H\u00e4nde. Doch wie bereitet sich ein Unternehmer auf die \u00dcbergabe seiner Firma vor? Was ist zu tun? Welche wesentlichen Meilensteine sind zu bew\u00e4ltigen und wo liegen typische Stolperfallen? Die Nachfolgeexperten Ingo Claus und Nils Koerber vom Beratungsunternehmen KERN begleiten Unternehmerfamilien beim Generationswechsel oder Unternehmensverkauf und beantworten in diesem Buch die wichtigsten Fragen zur Unternehmensnachfolge.<\/p>\n<p><span style=\"\"><img decoding=\"async\" alt=\"\" data-id=\"25759\" width=\"195\" data-init-width=\"1680\" height=\"292\" data-init-height=\"2520\" title=\"Cover Mein Lebenswerk\" src=\"https:\/\/www.kern-unternehmensnachfolge.com\/wp-content\/uploads\/2023\/02\/Cover-Mein-Lebenswerk-scaled.jpg\" data-width=\"195\" data-height=\"292\" style=\"aspect-ratio: auto 1680 \/ 2520;\" ml-d=\"-1.46875\" mt-d=\"0\" loading=\"lazy\"><\/span><\/p>\n<p style=\"\">Es ist von besonderer Bedeutung, dass die zahlreichen mittelst\u00e4ndischen Unternehmen, die f\u00fcr die Innovationskraft und wirtschaftliche St\u00e4rke Deutschlands stehen, in gute Nachfolgeh\u00e4nde \u00fcbergeben werden. Unternehmensnachfolge ist kein Tagesgesch\u00e4ft &#8211; das stellen immer mehr Familienunternehmen fest.<\/p>\n<h2 style=\"text-align: left;\">&#8222;Mein Lebenswerk in besten H\u00e4nden&#8220;. Geschichten, die das Leben schreibt<\/h2>\n<p style=\"\">Der ehemalige Familienunternehmer und jetzige Unternehmensberater Klaus-Christian Knuffmann pr\u00e4sentiert aus dem gro\u00dfen Spektrum seiner langj\u00e4hrigen Erfahrung zw\u00f6lf lebenswirkliche und lehrreiche Geschichten rund um das Thema Unternehmensnachfolge.<\/p>\n<p>[tcb-script src=&#8220;https:\/\/play.pod.co\/embed\/frame-v1.js&#8220;][\/tcb-script]<span><a href=\"https:\/\/www.amazon.de\/Unternehmensnachfolge-Kunst-Loslassens-Nils-Koerber\/dp\/3525403984\/\" target=\"_blank\" rel=\"noopener\"><img decoding=\"async\" alt=\"\" data-id=\"32487\" width=\"447\" data-init-width=\"500\" height=\"320\" data-init-height=\"358\" title=\"Kernbuch-amazon-bestsellerweiss1\" src=\"https:\/\/www.kern-unternehmensnachfolge.com\/wp-content\/uploads\/2025\/01\/Kernbuch-amazon-bestsellerweiss1.jpg\" data-width=\"447\" data-link-wrap=\"true\" data-height=\"320\" style=\"aspect-ratio: auto 500 \/ 358;\" loading=\"lazy\"><\/a><\/span><\/p>\n<h2 style=\"text-align: left;\">&#8222;Unternehmensnachfolge. Die Kunst des Loslassens&#8220;. Warum dieses Buch? Eine komplett andere Blickrichtung<\/h2>\n<p>[tcb-script src=&#8220;https:\/\/play.pod.co\/embed\/frame-v1.js&#8220;][\/tcb-script]<span><a href=\"https:\/\/www.amazon.de\/Wie-Freiheit-schmeckt-Unternehmertum-selbstbestimmte\/dp\/3347300467\/ref=sr_1_3?__mk_de_DE=%C3%85M%C3%85%C5%BD%C3%95%C3%91&amp;dchild=1&amp;keywords=nils+koerber&amp;qid=1621606424&amp;sr=8-3\" target=\"_blank\" rel=\"noopener\"><img decoding=\"async\" alt=\"\" data-id=\"32486\" width=\"500\" data-init-width=\"500\" height=\"361\" data-init-height=\"361\" title=\"KERN-Buch-Freiheit\" src=\"https:\/\/www.kern-unternehmensnachfolge.com\/wp-content\/uploads\/2025\/01\/KERN-Buch-Freiheit.jpg\" data-width=\"500\" data-link-wrap=\"true\" style=\"aspect-ratio: auto 500 \/ 361;\" data-height=\"361\" loading=\"lazy\"><\/a><\/span><\/p>\n<h2 style=\"text-align: left;\">&#8222;Wie Freiheit schmeckt&#8220;. Ein Appetit-Macher f\u00fcr Unternehmertum<\/h2>\n<p style=\"\">Schon immer sind Familienunternehmen der Treiber f\u00fcr Innovationen und Ver\u00e4nderungen. Unternehmen im Mittelstand als konkretes Vorbild f\u00fcr einen Wertewandel. F\u00fcr ein neues Denken und Handeln ohne Abh\u00e4ngigkeiten. Wie kann das Prinzip der Eigenverantwortung auf Mitarbeiter, Organisationen und Gesellschaft \u00fcbertragen werden?<\/p>\n<h3 style=\"text-align: center;\">Das sagen Leser und H\u00f6rer der KERN-B\u00fccher<\/h3>\n<p><span><img decoding=\"async\" alt=\"\" data-id=\"32595\" width=\"100\" data-init-width=\"100\" height=\"100\" data-init-height=\"100\" title=\"Marcel-Zitat-KERN-100x100\" src=\"https:\/\/www.kern-unternehmensnachfolge.com\/wp-content\/uploads\/2025\/01\/Marcel-Zitat-KERN-100x100-1.jpg\" data-width=\"100\" data-height=\"100\" style=\"aspect-ratio: auto 100 \/ 100;\" loading=\"lazy\"><\/span><\/p>\n<p style=\"text-align: center;\">Dr. Marcel Megerle, FamilienKulturStratege, Gesch\u00e4ftsf\u00fchrer der FUTUN: GmbH<\/p>\n<p style=\"text-align: center;\">&#8222;<em>Einfach machen. Etwas, das Unternehmern und Unternehmerinnen im Blut liegt. Etwas, das unsere Gesellschaft braucht. Und etwas, das Ihnen nach dem Lesen dieses Buchs (noch besser) gelingt<\/em>&#8222;<\/p>\n<p><span><img decoding=\"async\" alt=\"\" data-id=\"29140\" width=\"100\" data-init-width=\"288\" height=\"100\" data-init-height=\"288\" title=\"matthiasboehme\" src=\"https:\/\/www.kern-unternehmensnachfolge.com\/wp-content\/uploads\/2023\/10\/matthiasboehme.jpeg\" data-width=\"100\" data-height=\"100\" style=\"aspect-ratio: auto 288 \/ 288;\" loading=\"lazy\"><\/span><\/p>\n<p style=\"text-align: center;\">Matthias B\u00f6hmeGesch\u00e4ftsf\u00fchrer und Gesellschafter SHZ GmbH<\/p>\n<p style=\"text-align: center;\">&#8222;<em>Das Buch &#8222;Mein Lebenswerk in besten H\u00e4nden&#8220; von Klaus-Christian Knuffmann bietet eine \u00e4u\u00dferst kurzweilige Lekt\u00fcre zu dem Thema der Unternehmensnachfolge. Die wichtigsten Learnings aus dem Buch f\u00fcr mich waren,dass es nie zu fr\u00fch ist sich mit dem Thema der Nachfolge zu besch\u00e4ftigen und dass es am Ende immer anders kommt als man am Anfang denkt.&#8220;<\/em><\/p>\n<h5 style=\"text-align: center;\"><a href=\"https:\/\/www.kern-unternehmensnachfolge.com\" style=\"outline: currentcolor;\">Startseite<\/a> | <a href=\"\/impressum\" target=\"_blank\" style=\"outline: currentcolor;\">Impressum<\/a> | <a href=\"\/datenschutz\" target=\"_blank\" style=\"outline: currentcolor;\">Datenschutz<\/a><\/h5>\n","protected":false},"excerpt":{"rendered":"<p>KERN-B\u00fccher zu Unternehmensnachfolge, Prozesswissen und Unternehmertum&nbsp; Fr\u00fcher selber Familienunternehmer, heute Spezialist f\u00fcr Unternehmensnachfolge und Gr\u00fcnder von KERN \u2013 er wei\u00df, [&hellip;]<\/p>\n","protected":false},"author":1,"featured_media":0,"parent":0,"menu_order":0,"comment_status":"closed","ping_status":"closed","template":"","meta":{"wp_typography_post_enhancements_disabled":false,"_kad_blocks_custom_css":"","_kad_blocks_head_custom_js":"","_kad_blocks_body_custom_js":"","_kad_blocks_footer_custom_js":"","site-sidebar-layout":"default","site-content-layout":"default","ast-site-content-layout":"default","site-content-style":"default","site-sidebar-style":"default","ast-global-header-display":"","ast-banner-title-visibility":"","ast-main-header-display":"","ast-hfb-above-header-display":"","ast-hfb-below-header-display":"","ast-hfb-mobile-header-display":"","site-post-title":"","ast-breadcrumbs-content":"","ast-featured-img":"","footer-sml-layout":"","ast-disable-related-posts":"","theme-transparent-header-meta":"default","adv-header-id-meta":"","stick-header-meta":"default","header-above-stick-meta":"","header-main-stick-meta":"","header-below-stick-meta":"","astra-migrate-meta-layouts":"set","ast-page-background-enabled":"default","ast-page-background-meta":{"desktop":{"background-color":"","background-image":"","background-repeat":"repeat","background-position":"center center","background-size":"auto","background-attachment":"scroll","background-type":"","background-media":"","overlay-type":"","overlay-color":"","overlay-opacity":"","overlay-gradient":""},"tablet":{"background-color":"","background-image":"","background-repeat":"repeat","background-position":"center center","background-size":"auto","background-attachment":"scroll","background-type":"","background-media":"","overlay-type":"","overlay-color":"","overlay-opacity":"","overlay-gradient":""},"mobile":{"background-color":"","background-image":"","background-repeat":"repeat","background-position":"center center","background-size":"auto","background-attachment":"scroll","background-type":"","background-media":"","overlay-type":"","overlay-color":"","overlay-opacity":"","overlay-gradient":""}},"ast-content-background-meta":{"desktop":{"background-color":"var(--ast-global-color-5)","background-image":"","background-repeat":"repeat","background-position":"center center","background-size":"auto","background-attachment":"scroll","background-type":"","background-media":"","overlay-type":"","overlay-color":"","overlay-opacity":"","overlay-gradient":""},"tablet":{"background-color":"var(--ast-global-color-5)","background-image":"","background-repeat":"repeat","background-position":"center center","background-size":"auto","background-attachment":"scroll","background-type":"","background-media":"","overlay-type":"","overlay-color":"","overlay-opacity":"","overlay-gradient":""},"mobile":{"background-color":"var(--ast-global-color-5)","background-image":"","background-repeat":"repeat","background-position":"center center","background-size":"auto","background-attachment":"scroll","background-type":"","background-media":"","overlay-type":"","overlay-color":"","overlay-opacity":"","overlay-gradient":""}},"iawp_total_views":65,"footnotes":""},"class_list":["post-9692","page","type-page","status-publish","hentry"],"taxonomy_info":[],"featured_image_src_large":false,"author_info":{"display_name":"filialleiter","author_link":"https:\/\/www.kern-unternehmensnachfolge.com\/it\/author\/filialleiter\/"},"comment_info":0,"_links":{"self":[{"href":"https:\/\/www.kern-unternehmensnachfolge.com\/it\/wp-json\/wp\/v2\/pages\/9692","targetHints":{"allow":["GET"]}}],"collection":[{"href":"https:\/\/www.kern-unternehmensnachfolge.com\/it\/wp-json\/wp\/v2\/pages"}],"about":[{"href":"https:\/\/www.kern-unternehmensnachfolge.com\/it\/wp-json\/wp\/v2\/types\/page"}],"author":[{"embeddable":true,"href":"https:\/\/www.kern-unternehmensnachfolge.com\/it\/wp-json\/wp\/v2\/users\/1"}],"replies":[{"embeddable":true,"href":"https:\/\/www.kern-unternehmensnachfolge.com\/it\/wp-json\/wp\/v2\/comments?post=9692"}],"version-history":[{"count":0,"href":"https:\/\/www.kern-unternehmensnachfolge.com\/it\/wp-json\/wp\/v2\/pages\/9692\/revisions"}],"wp:attachment":[{"href":"https:\/\/www.kern-unternehmensnachfolge.com\/it\/wp-json\/wp\/v2\/media?parent=9692"}],"curies":[{"name":"wp","href":"https:\/\/api.w.org\/{rel}","templated":true}]}}