{"id":8691,"date":"2020-01-09T18:05:42","date_gmt":"2020-01-09T17:05:42","guid":{"rendered":"https:\/\/great-kare.185-125-174-66.plesk.page\/?page_id=8691"},"modified":"2024-05-24T18:58:46","modified_gmt":"2024-05-24T16:58:46","slug":"target-scouting-unternehmenskauf","status":"publish","type":"page","link":"https:\/\/www.kern-unternehmensnachfolge.com\/it\/target-scouting-unternehmenskauf\/","title":{"rendered":"Target-Scouting bei Unternehmenskauf"},"content":{"rendered":"<p><a data-id-d=\"0\" data-img-style=\"width: 100%;\"><img loading=\"lazy\" decoding=\"async\" src=\"https:\/\/www.kern-unternehmensnachfolge.com\/wp-content\/uploads\/2023\/05\/kern_logo2023_rgb_farbig_transparent.png\" height=\"502\" width=\"1317\" alt=\"\" style=\"width: 100%;\"><\/img><\/a><\/p>\n<h5 style=\"text-align: left;\">Starten Sie jetzt Ihr Projekt Unternehmenskauf!<\/h5>\n<h2 style=\"text-align: left;\">Das <strong>KERN-Targetscouting<\/strong>. Die bew\u00e4hrte Strategie f\u00fcr Ihren Firmenkauf.<\/h2>\n<p>[tcb-script src=&#8220;https:\/\/player.vimeo.com\/api\/player.js&#8220;][\/tcb-script]<\/p>\n<h2 style=\"text-align: center;\">Wollen Sie in einem \u00fcberschaubaren Zeitrahmen gezielt eine Unternehmung kaufen?<\/h2>\n<p style=\"text-align: center;\">Wir haben f\u00fcr Sie drei verschiedene Optionen f\u00fcr die Suche und Auswahl von passenden Firmen entwickelt:<\/p>\n<table data-rows=\"14\" data-cols=\"4\" data-v=\"middle\">\n<thead>\n<tr>\n<th style=\"border: 0px none rgb(0, 115, 198);\">\n<p><strong>Leistungen<\/strong><\/p>\n<\/th>\n<th colspan=\"1\" rowspan=\"1\" style=\"border: 0px none rgb(0, 115, 198);\">\n<p><strong>Investors-Paket Bronze<\/strong><\/p>\n<\/th>\n<th colspan=\"1\" rowspan=\"1\" style=\"border: 0px none rgb(0, 115, 198);\">\n<p><strong>Investors-Paket Silber<\/strong><\/p>\n<\/th>\n<th colspan=\"1\" rowspan=\"1\" style=\"border: 0px none rgb(0, 115, 198);\">\n<p><strong>Investors-Paket Gold<\/strong><\/p>\n<\/th>\n<\/tr>\n<\/thead>\n<tbody>\n<tr>\n<td data-th=\"Leistungen\" style=\"\">\n<p>Aufnahme Ihres Suchprofils in die KERN-Datenbank<\/p>\n<\/td>\n<td colspan=\"1\" rowspan=\"1\" data-th=\"Investors-Paket Bronze\" style=\"\"><\/td>\n<td colspan=\"1\" rowspan=\"1\" data-th=\"Investors-Paket Silber\" style=\"\"><\/td>\n<td colspan=\"1\" rowspan=\"1\" data-th=\"Investors-Paket Gold\" style=\"\"><\/td>\n<\/tr>\n<tr>\n<td data-th=\"Leistungen\" rowspan=\"1\" colspan=\"1\" style=\"\">\n<p>Erstellung Ihres individuellen, neutralen K\u00e4uferprofils<\/p>\n<\/td>\n<td colspan=\"1\" rowspan=\"1\" data-th=\"Investors-Paket Bronze\" style=\"\"><\/td>\n<td colspan=\"1\" rowspan=\"1\" data-th=\"Investors-Paket Silber\" style=\"\"><\/td>\n<td colspan=\"1\" rowspan=\"1\" data-th=\"Investors-Paket Gold\" style=\"\"><\/td>\n<\/tr>\n<tr>\n<td data-th=\"Leistungen\" rowspan=\"1\" colspan=\"1\" style=\"\">\n<p>Bewerbung Ihres anonymen Suchprofils auf drei Unternehmensb\u00f6rsen<\/p>\n<\/td>\n<td colspan=\"1\" rowspan=\"1\" data-th=\"Investors-Paket Bronze\" style=\"\"><\/td>\n<td colspan=\"1\" rowspan=\"1\" data-th=\"Investors-Paket Silber\" style=\"\"><\/td>\n<td colspan=\"1\" rowspan=\"1\" data-th=\"Investors-Paket Gold\" style=\"\"><\/td>\n<\/tr>\n<tr>\n<td data-th=\"Leistungen\" rowspan=\"1\" colspan=\"1\" style=\"\">\n<p>Bewerbung in einem exklusiven Projektnewsletter an \u00fcber 500 Banken<\/p>\n<\/td>\n<td colspan=\"1\" rowspan=\"1\" data-th=\"Investors-Paket Bronze\" style=\"\"><\/td>\n<td colspan=\"1\" rowspan=\"1\" data-th=\"Investors-Paket Silber\" style=\"\"><\/td>\n<td colspan=\"1\" rowspan=\"1\" data-th=\"Investors-Paket Gold\" style=\"\"><\/td>\n<\/tr>\n<tr>\n<td data-th=\"Leistungen\" rowspan=\"1\" colspan=\"1\" style=\"\">\n<p>Newsletter mit neuen Kaufobjekten in der DACH-Region<\/p>\n<\/td>\n<td colspan=\"1\" rowspan=\"1\" data-th=\"Investors-Paket Bronze\" style=\"\"><\/td>\n<td colspan=\"1\" rowspan=\"1\" data-th=\"Investors-Paket Silber\" style=\"\"><\/td>\n<td colspan=\"1\" rowspan=\"1\" data-th=\"Investors-Paket Gold\" style=\"\"><\/td>\n<\/tr>\n<tr>\n<td data-th=\"Leistungen\" rowspan=\"1\" colspan=\"1\" style=\"\">\n<p>Bevorzugte Ansprache bei \u00dcbereinstimmung von Suchprofil und Kauf-\/Beteiligungsangebot<\/p>\n<\/td>\n<td colspan=\"1\" rowspan=\"1\" data-th=\"Investors-Paket Bronze\" style=\"\"><\/td>\n<td colspan=\"1\" rowspan=\"1\" data-th=\"Investors-Paket Silber\" style=\"\"><\/td>\n<td colspan=\"1\" rowspan=\"1\" data-th=\"Investors-Paket Gold\" style=\"\"><\/td>\n<\/tr>\n<tr>\n<td data-th=\"Leistungen\" rowspan=\"1\" colspan=\"1\" style=\"\">\n<p>Long-List von mindestens 50 Unternehmen lt. Profil zur Ansprache<\/p>\n<\/td>\n<td colspan=\"1\" rowspan=\"1\" data-th=\"Investors-Paket Bronze\" style=\"\"><\/td>\n<td colspan=\"1\" rowspan=\"1\" data-th=\"Investors-Paket Silber\" style=\"\"><\/td>\n<td colspan=\"1\" rowspan=\"1\" data-th=\"Investors-Paket Gold\" style=\"\"><\/td>\n<\/tr>\n<tr>\n<td data-th=\"Leistungen\" rowspan=\"1\" colspan=\"1\" style=\"\">\n<p>Bewertung nach individuellem Schema und Verdichtung zur Short-List<\/p>\n<\/td>\n<td colspan=\"1\" rowspan=\"1\" data-th=\"Investors-Paket Bronze\" style=\"\"><\/td>\n<td colspan=\"1\" rowspan=\"1\" data-th=\"Investors-Paket Silber\" style=\"\"><\/td>\n<td colspan=\"1\" rowspan=\"1\" data-th=\"Investors-Paket Gold\" style=\"\"><\/td>\n<\/tr>\n<tr>\n<td data-th=\"Leistungen\" rowspan=\"1\" colspan=\"1\" style=\"\">\n<p>Direkte Ansprache der Short-List bei \u00dcbereinstimmung von Suchprofil und Kauf-\/Beteiligungsangebot<\/p>\n<\/td>\n<td colspan=\"1\" rowspan=\"1\" data-th=\"Investors-Paket Bronze\" style=\"\"><\/td>\n<td colspan=\"1\" rowspan=\"1\" data-th=\"Investors-Paket Silber\" style=\"\"><\/td>\n<td colspan=\"1\" rowspan=\"1\" data-th=\"Investors-Paket Gold\" style=\"\"><\/td>\n<\/tr>\n<tr>\n<td data-th=\"Leistungen\" rowspan=\"1\" colspan=\"1\" style=\"\">\n<p>Ergebnisgarantie und m\u00f6gliche Terminvereinbarung zu Folgegespr\u00e4chen<\/p>\n<\/td>\n<td colspan=\"1\" rowspan=\"1\" data-th=\"Investors-Paket Bronze\" style=\"\"><\/td>\n<td colspan=\"1\" rowspan=\"1\" data-th=\"Investors-Paket Silber\" style=\"\"><\/td>\n<td colspan=\"1\" rowspan=\"1\" data-th=\"Investors-Paket Gold\" style=\"\"><\/td>\n<\/tr>\n<tr>\n<td data-th=\"Leistungen\" rowspan=\"1\" colspan=\"1\" style=\"\">\n<p>Auf Wunsch umfassende Prozessbegleitung in einer Transaktion nach Angebot.<\/p>\n<\/td>\n<td colspan=\"1\" rowspan=\"1\" data-th=\"Investors-Paket Bronze\" style=\"\"><\/td>\n<td colspan=\"1\" rowspan=\"1\" data-th=\"Investors-Paket Silber\" style=\"\"><\/td>\n<td colspan=\"1\" rowspan=\"1\" data-th=\"Investors-Paket Gold\" style=\"\"><\/td>\n<\/tr>\n<tr>\n<td data-th=\"Leistungen\" rowspan=\"1\" colspan=\"1\" style=\"\">\n<p>Erg\u00e4nzt um eine erfolgsorientierte Provision \u2013 nur bei Kaufrealisation<\/p>\n<\/td>\n<td colspan=\"1\" rowspan=\"1\" data-th=\"Investors-Paket Bronze\" style=\"\"><\/td>\n<td colspan=\"1\" rowspan=\"1\" data-th=\"Investors-Paket Silber\" style=\"\"><\/td>\n<td colspan=\"1\" rowspan=\"1\" data-th=\"Investors-Paket Gold\" style=\"\"><\/td>\n<\/tr>\n<tr>\n<td data-th=\"Leistungen\" rowspan=\"1\" colspan=\"1\" style=\"\">\n<h4><strong>Kosten in EUR\/CHF zzgl. MwSt.<\/strong><\/h4>\n<\/td>\n<td colspan=\"1\" rowspan=\"1\" data-th=\"Investors-Paket Bronze\" style=\"\">\n<h4 style=\"text-align: center;\"><strong>KOSTENLOS<\/strong><\/h4>\n<\/td>\n<td colspan=\"1\" rowspan=\"1\" data-th=\"Investors-Paket Silber\" style=\"\">\n<h4 style=\"text-align: center;\"><strong>1.490,-<\/strong><\/h4>\n<\/td>\n<td colspan=\"1\" rowspan=\"1\" data-th=\"Investors-Paket Gold\" style=\"\">\n<h4 style=\"text-align: center;\"><strong>5.990,-<\/strong><\/h4>\n<\/td>\n<\/tr>\n<\/tbody>\n<\/table>\n<h2 style=\"text-align: center;\">\u00dcberlassen Sie Ihr Investment nicht dem Zufall! &nbsp;Wir suchen und finden f\u00fcr Sie das passende Unternehmen.<\/h2>\n<h3>Termine jederzeit nach Absprache<\/h3>\n<p>Einer unserer Partner an \u00fcber 30 Standorten in Deutschland, \u00d6sterreich oder der Schweiz ruft Sie an oder Sie nehmen <a href=\"https:\/\/www.kern-unternehmensnachfolge.com\/partner\/\" style=\"outline: none;\" target=\"_blank\" rel=\"noopener\">hier<\/a> selbst Kontakt auf.<\/p>\n<h3>\u00dcber Ihren Berater<\/h3>\n<p>KERN-Partner sind ausgewiesene Spezialisten zum Thema Unternehmensnachfolge und begleiten Sie pers\u00f6nlich zu Ihren Fragen.<\/p>\n<p style=\"text-align: center;\">Ihre Investition in ein Target-Scouting mit unseren Investorenpaketen wird sich lohnen!<\/p>\n<h2 style=\"text-align: center;\">Mit jedem Investors-Paket erhalten Sie folgende Zugaben<\/h2>\n<p style=\"text-align: center;\">12-Fragen Check f\u00fcr Ihre pers\u00f6nliche Vorbereitung und Reflektion.<\/p>\n<p>Direkter Zugang zum M&amp;A-Markt in der gesamten DACH-Region.<\/p>\n<p style=\"text-align: center;\">Expertenratgeber von KERN zum Unternehmenskauf.<\/p>\n<h2 style=\"text-align: center;\">Machen Sie den n\u00e4chsten Schritt f\u00fcr die Umsetzung Ihrer Vision. W\u00e4hlen Sie jetzt Ihr Investors-Paket<\/h2>\n<p style=\"text-align: center;\">Danach erhalten Sie Ihr pers\u00f6nliches Angebot von Ihrem KERN-Partner vor Ort<\/p>\n<p>[tcb-script](function() {var script = document.createElement(&#8217;script&#8216;); script.src = &#8222;https:\/\/paperform.co\/__embed&#8220;; document.body.appendChild(script); })()[\/tcb-script]<\/p>\n","protected":false},"excerpt":{"rendered":"<p>Starten Sie jetzt Ihr Projekt Unternehmenskauf! Das KERN-Targetscouting. Die bew\u00e4hrte Strategie f\u00fcr Ihren Firmenkauf. [tcb-script src=&#8220;https:\/\/player.vimeo.com\/api\/player.js&#8220;][\/tcb-script] Wollen Sie in einem [&hellip;]<\/p>\n","protected":false},"author":1,"featured_media":0,"parent":0,"menu_order":0,"comment_status":"closed","ping_status":"closed","template":"","meta":{"wp_typography_post_enhancements_disabled":false,"site-sidebar-layout":"default","site-content-layout":"page-builder","ast-site-content-layout":"default","site-content-style":"default","site-sidebar-style":"default","ast-global-header-display":"","ast-banner-title-visibility":"","ast-main-header-display":"","ast-hfb-above-header-display":"","ast-hfb-below-header-display":"","ast-hfb-mobile-header-display":"","site-post-title":"","ast-breadcrumbs-content":"","ast-featured-img":"","footer-sml-layout":"","ast-disable-related-posts":"","theme-transparent-header-meta":"default","adv-header-id-meta":"","stick-header-meta":"default","header-above-stick-meta":"","header-main-stick-meta":"","header-below-stick-meta":"","astra-migrate-meta-layouts":"default","ast-page-background-enabled":"default","ast-page-background-meta":{"desktop":{"background-color":"","background-image":"","background-repeat":"repeat","background-position":"center center","background-size":"auto","background-attachment":"scroll","background-type":"","background-media":"","overlay-type":"","overlay-color":"","overlay-opacity":"","overlay-gradient":""},"tablet":{"background-color":"","background-image":"","background-repeat":"repeat","background-position":"center center","background-size":"auto","background-attachment":"scroll","background-type":"","background-media":"","overlay-type":"","overlay-color":"","overlay-opacity":"","overlay-gradient":""},"mobile":{"background-color":"","background-image":"","background-repeat":"repeat","background-position":"center center","background-size":"auto","background-attachment":"scroll","background-type":"","background-media":"","overlay-type":"","overlay-color":"","overlay-opacity":"","overlay-gradient":""}},"ast-content-background-meta":{"desktop":{"background-color":"var(--ast-global-color-5)","background-image":"","background-repeat":"repeat","background-position":"center center","background-size":"auto","background-attachment":"scroll","background-type":"","background-media":"","overlay-type":"","overlay-color":"","overlay-opacity":"","overlay-gradient":""},"tablet":{"background-color":"var(--ast-global-color-5)","background-image":"","background-repeat":"repeat","background-position":"center center","background-size":"auto","background-attachment":"scroll","background-type":"","background-media":"","overlay-type":"","overlay-color":"","overlay-opacity":"","overlay-gradient":""},"mobile":{"background-color":"var(--ast-global-color-5)","background-image":"","background-repeat":"repeat","background-position":"center center","background-size":"auto","background-attachment":"scroll","background-type":"","background-media":"","overlay-type":"","overlay-color":"","overlay-opacity":"","overlay-gradient":""}},"iawp_total_views":75,"footnotes":""},"class_list":["post-8691","page","type-page","status-publish","hentry"],"_links":{"self":[{"href":"https:\/\/www.kern-unternehmensnachfolge.com\/it\/wp-json\/wp\/v2\/pages\/8691","targetHints":{"allow":["GET"]}}],"collection":[{"href":"https:\/\/www.kern-unternehmensnachfolge.com\/it\/wp-json\/wp\/v2\/pages"}],"about":[{"href":"https:\/\/www.kern-unternehmensnachfolge.com\/it\/wp-json\/wp\/v2\/types\/page"}],"author":[{"embeddable":true,"href":"https:\/\/www.kern-unternehmensnachfolge.com\/it\/wp-json\/wp\/v2\/users\/1"}],"replies":[{"embeddable":true,"href":"https:\/\/www.kern-unternehmensnachfolge.com\/it\/wp-json\/wp\/v2\/comments?post=8691"}],"version-history":[{"count":0,"href":"https:\/\/www.kern-unternehmensnachfolge.com\/it\/wp-json\/wp\/v2\/pages\/8691\/revisions"}],"wp:attachment":[{"href":"https:\/\/www.kern-unternehmensnachfolge.com\/it\/wp-json\/wp\/v2\/media?parent=8691"}],"curies":[{"name":"wp","href":"https:\/\/api.w.org\/{rel}","templated":true}]}}