{"id":8130,"date":"2019-12-17T08:50:52","date_gmt":"2019-12-17T07:50:52","guid":{"rendered":"https:\/\/great-kare.185-125-174-66.plesk.page\/?page_id=8130"},"modified":"2022-12-07T22:14:34","modified_gmt":"2022-12-07T21:14:34","slug":"unternehmensverkauf-nuernberg-buerger-expertentipp","status":"publish","type":"page","link":"https:\/\/www.kern-unternehmensnachfolge.com\/it\/unternehmensverkauf-nuernberg-buerger-expertentipp\/","title":{"rendered":"Unter\u00adnehmens\u00adverkauf in N\u00fcrnberg \u2013 Wolfgang A. B\u00fcrgers Expertentipp"},"content":{"rendered":"<p>  <a href=\"https:\/\/www.kern-unternehmensnachfolge.com\/it\/\" data-id-d=\"0\" data-img-style><img loading=\"lazy\" decoding=\"async\" src=\"https:\/\/www.kern-unternehmensnachfolge.com\/wp-content\/uploads\/2019\/09\/kern-logo2019-final.png\" height=\"497\" width=\"1331\" alt=\"KERN Logo 2019 mit Delphin in Ocean Blue und Narrow Black\" style><\/a><\/p>\n<h4 style=\"text-align: center;\">Kosten\u00adlo\u00adse Erstbe\u00adra\u00adtung: <a href=\"tel:+4991147753138\" style=\"outline: none;\" target=\"_blank\" rel=\"noopener\">+49 911 47753138<\/a><\/h4>\n<h1 style=\"text-align: center;\">Wolfgang A. B\u00fcrgers Exper\u00adten\u00adtipp f\u00fcr Ihren <a href=\"https:\/\/www.kern-unternehmensnachfolge.com\/it\/standort\/nuernberg-buerger\/\" style=\"outline: none;\">Unter\u00adnehmens\u00adverkauf in N\u00fcrnberg<\/a><\/h1>\n<p style=\"text-align: center;\">Zum Profil Ihres Exper\u00adten f\u00fcr Unter\u00adnehmens\u00adverkauf und <a href=\"https:\/\/www.kern-unternehmensnachfolge.com\/it\/standort\/nuernberg-buerger\/\" style=\"outline: none;\">Unternehmens\u00adnachfolge<\/a> in N\u00fcrnberg<\/p>\n<h3 style=\"text-align: left;\">Ihr <span class=\"caps\">KERN<\/span> Partner in N\u00fcrnberg<\/h3>\n\n<p><span style=\"width: 100%;\"><img loading=\"lazy\" decoding=\"async\" alt title=\"portrait-kontakt-buerger\" data-id=\"8108\" src=\"https:\/\/www.kern-unternehmensnachfolge.com\/wp-content\/uploads\/2019\/12\/portrait-kontakt-buerger.jpg\" style width=\"597\" height=\"299\"><\/span><\/p>\n<p style=\"text-align: left;\"><strong><span class=\"caps\">KERN<\/span> Unternehmens\u00adnachfolge N\u00fcrnberg<\/strong>Recht\u00adlich eigen\u00adst\u00e4n\u00addi\u00adger Stand\u00adort\u00adFran\u00adken\u00adstra\u00ad\u00dfe 15290461 N\u00fcrnberg\u00adTe\u00adle\u00adfon <a href=\"tel:+49%20911%206844292\" style=\"outline: none;\" target=\"_blank\" rel=\"noopener\">+49 911 6844292<\/a><a href=\"mailto:buerger@kern-unternehmensnachfolge.com\" style=\"outline: none;\" target=\"_blank\" rel=\"noopener\">buerger@kern-unternehmensnachfolge.com<\/a><\/p>","protected":false},"excerpt":{"rendered":"<p>Kostenlose Erstberatung: +49 911 47753138 Wolfgang A. B\u00fcrgers Expertentipp f\u00fcr Ihren Unternehmensverkauf in N\u00fcrnberg Zum Profil Ihres Experten f\u00fcr Unternehmensverkauf [&hellip;]<\/p>\n","protected":false},"author":1,"featured_media":0,"parent":0,"menu_order":0,"comment_status":"closed","ping_status":"closed","template":"","meta":{"wp_typography_post_enhancements_disabled":false,"site-sidebar-layout":"no-sidebar","site-content-layout":"plain-container","ast-site-content-layout":"default","site-content-style":"default","site-sidebar-style":"default","ast-global-header-display":"","ast-banner-title-visibility":"","ast-main-header-display":"disabled","ast-hfb-above-header-display":"","ast-hfb-below-header-display":"","ast-hfb-mobile-header-display":"","site-post-title":"disabled","ast-breadcrumbs-content":"","ast-featured-img":"disabled","footer-sml-layout":"","ast-disable-related-posts":"","theme-transparent-header-meta":"default","adv-header-id-meta":"","stick-header-meta":"default","header-above-stick-meta":"","header-main-stick-meta":"","header-below-stick-meta":"","astra-migrate-meta-layouts":"default","ast-page-background-enabled":"default","ast-page-background-meta":{"desktop":{"background-color":"","background-image":"","background-repeat":"repeat","background-position":"center center","background-size":"auto","background-attachment":"scroll","background-type":"","background-media":"","overlay-type":"","overlay-color":"","overlay-opacity":"","overlay-gradient":""},"tablet":{"background-color":"","background-image":"","background-repeat":"repeat","background-position":"center center","background-size":"auto","background-attachment":"scroll","background-type":"","background-media":"","overlay-type":"","overlay-color":"","overlay-opacity":"","overlay-gradient":""},"mobile":{"background-color":"","background-image":"","background-repeat":"repeat","background-position":"center center","background-size":"auto","background-attachment":"scroll","background-type":"","background-media":"","overlay-type":"","overlay-color":"","overlay-opacity":"","overlay-gradient":""}},"ast-content-background-meta":{"desktop":{"background-color":"var(--ast-global-color-5)","background-image":"","background-repeat":"repeat","background-position":"center center","background-size":"auto","background-attachment":"scroll","background-type":"","background-media":"","overlay-type":"","overlay-color":"","overlay-opacity":"","overlay-gradient":""},"tablet":{"background-color":"var(--ast-global-color-5)","background-image":"","background-repeat":"repeat","background-position":"center center","background-size":"auto","background-attachment":"scroll","background-type":"","background-media":"","overlay-type":"","overlay-color":"","overlay-opacity":"","overlay-gradient":""},"mobile":{"background-color":"var(--ast-global-color-5)","background-image":"","background-repeat":"repeat","background-position":"center center","background-size":"auto","background-attachment":"scroll","background-type":"","background-media":"","overlay-type":"","overlay-color":"","overlay-opacity":"","overlay-gradient":""}},"iawp_total_views":0,"footnotes":""},"class_list":["post-8130","page","type-page","status-publish","hentry"],"_links":{"self":[{"href":"https:\/\/www.kern-unternehmensnachfolge.com\/it\/wp-json\/wp\/v2\/pages\/8130","targetHints":{"allow":["GET"]}}],"collection":[{"href":"https:\/\/www.kern-unternehmensnachfolge.com\/it\/wp-json\/wp\/v2\/pages"}],"about":[{"href":"https:\/\/www.kern-unternehmensnachfolge.com\/it\/wp-json\/wp\/v2\/types\/page"}],"author":[{"embeddable":true,"href":"https:\/\/www.kern-unternehmensnachfolge.com\/it\/wp-json\/wp\/v2\/users\/1"}],"replies":[{"embeddable":true,"href":"https:\/\/www.kern-unternehmensnachfolge.com\/it\/wp-json\/wp\/v2\/comments?post=8130"}],"version-history":[{"count":0,"href":"https:\/\/www.kern-unternehmensnachfolge.com\/it\/wp-json\/wp\/v2\/pages\/8130\/revisions"}],"wp:attachment":[{"href":"https:\/\/www.kern-unternehmensnachfolge.com\/it\/wp-json\/wp\/v2\/media?parent=8130"}],"curies":[{"name":"wp","href":"https:\/\/api.w.org\/{rel}","templated":true}]}}