{"id":4836,"date":"2018-12-15T15:29:54","date_gmt":"2018-12-15T14:29:54","guid":{"rendered":"https:\/\/great-kare.185-125-174-66.plesk.page\/?page_id=4836"},"modified":"2024-12-06T02:44:10","modified_gmt":"2024-12-06T01:44:10","slug":"fitnesscheck-kaufen","status":"publish","type":"page","link":"https:\/\/www.kern-unternehmensnachfolge.com\/it\/fitnesscheck-kaufen\/","title":{"rendered":"Fitnesscheck zur Unternehmensbewertung"},"content":{"rendered":"<p>Starten Sie jetzt Ihre Unternehmensnachfolge!<\/p>\n<h2 style=\"text-align: left;\">Der <strong>KERN-<\/strong><strong>Fitnesscheck mit Werteinsch\u00e4tzung<\/strong>. Der ideale Start zur Sicherung Ihrer Nachfolge.<\/h2>\n<p style=\"text-align: center;\">Sichere Zahlungsabwicklung durch CopeCart<\/p>\n<h2 style=\"text-align: center;\">Ist Ihre Firma fit f\u00fcr die Nachfolge und wo liegt der Wert Ihrer Unternehmung?<\/h2>\n<p>Sie erhalten zeitnah ein pers\u00f6nliches und vertrauliches Einzelgespr\u00e4ch. Telefonisch oder per Videocall, abstimmt auf Ihren Terminkalender. In einem ca. 1-2 st\u00fcndigen Gespr\u00e4ch kl\u00e4ren wir gemeinsam mit Ihnen die ersten und wichtigsten Voraussetzungen f\u00fcr eine erfolgreiche Unternehmensnachfolge. Im vertraulichen Austausch geben wir eine erste indikative, ungef\u00e4hre Werteinsch\u00e4tzung ab und Sie erhalten Hinweise, ob und wie ein m\u00f6glicher <a href=\"https:\/\/www.kern-unternehmensnachfolge.com\/unternehmensverkauf\/\" target=\"_blank\" style=\"outline: none;\">Verkauf <\/a>oder <a href=\"https:\/\/www.kern-unternehmensnachfolge.com\/generationswechsel\/\" target=\"_blank\" style=\"outline: none;\">Generationswechsel<\/a> gelingen kann. Anschlie\u00dfend erhalten Sie zu unserem Gespr\u00e4ch ein kurzes Protokoll der besprochenen Inhalte.<\/p>\n<h3><strong>Termine jederzeit nach Absprache<\/strong><\/h3>\n<p>Einer unserer Nachfolgespezialisten an den \u00fcber 35 Standorten in Deutschland, \u00d6sterreich oder der Schweiz ruft Sie vertraulich an. Alternativ k\u00f6nnen Sie nat\u00fcrlich auch uns <a href=\"https:\/\/www.kern-unternehmensnachfolge.com\/partner\/\" style=\"outline: none;\" target=\"_blank\">regional direkt kontaktieren<\/a>.<\/p>\n<h3><strong>\u00dcber Ihren Berater<\/strong><\/h3>\n<p>KERN-Partner sind ausgewiesene Spezialisten zum Thema Unternehmensnachfolge und begleiten Sie pers\u00f6nlich zu Ihren Fragen.<\/p>\n<p style=\"text-align: center;\">Ihre Investition in den kompakten Fitnesscheck wird sich lohnen!<\/p>\n<h2 style=\"text-align: center;\">Mit dem FITNESSCHECK KOMPAKT erhalten Sie folgende Zugaben<\/h2>\n<p style=\"text-align: center;\">12-Fragen Check f\u00fcr Ihre pers\u00f6nliche Vorbereitung und Reflektion.<\/p>\n<p style=\"text-align: center;\">Schriftliches Kurzprotokoll (digital) des Fitness-Checks inkl. der m\u00f6glichen Wertindikation.<\/p>\n<p style=\"text-align: center;\">Expertenratgeber mit 200 Seiten Fachwissen zu allen Fragestellungen im Rahmen einer Unternehmensnachfolge.<\/p>\n<h1 style=\"text-align: center;\">Sie m\u00f6chten eine <strong>umfassende Detailbewertung<\/strong> Ihrer Firma? Kein Problem!<\/h1>\n<p style=\"text-align: center;\">Sie m\u00f6chten nicht l\u00e4nger warten und gleich konkret und umfassend eine Bewertung Ihres Unternehmens beauftragen? Sie m\u00f6chten im Detail erfahren, was Ihre Firma wert ist und mit welchen Stellschrauben auch Ver\u00e4nderungen erzielt werden k\u00f6nnen? Sie wollen wissen, ob jetzt der richtige Zeitpunkt f\u00fcr einen <span style=\"color: rgb(255, 255, 255);\"><a href=\"https:\/\/www.kern-unternehmensnachfolge.com\/unternehmensverkauf\/\" target=\"_blank\" style=\"outline: none;\">Verkauf<\/a> <\/span>ist oder welche Werte f\u00fcr einen <a href=\"https:\/\/www.kern-unternehmensnachfolge.com\/generationswechsel\/\" target=\"_blank\" style=\"outline: none;\">Generationswechsel<\/a> zu ber\u00fccksichtigen sind.<\/p>\n<p style=\"text-align: center;\">Tragen Sie bitte nachfolgend Ihre Daten ein und fordern Sie damit regional vor Ort Ihre Unternehmensbewertung zum Festpreis von 5.900.\u2014Euro\/CHF zzgl. USt., inkl. aller Neben- und Reisekosten an. Bei konsolidierter Bewertung erfolgt ein separates Angebot nach Absprache.<\/p>\n<h2 style=\"text-align: center;\">Fordern Sie jetzt Ihre umfassende Detailbewertung an. Ihr KERN Partner vor Ort nimmt umgehend mit Ihnen Kontakt auf.<\/h2>\n<p>[tcb-script](function() {var script = document.createElement(&#8217;script&#8216;); script.src = &#8222;https:\/\/paperform.co\/__embed&#8220;; document.body.appendChild(script); })()[\/tcb-script]<\/p>\n","protected":false},"excerpt":{"rendered":"<p>Starten Sie jetzt Ihre Unternehmensnachfolge! Der KERN-Fitnesscheck mit Werteinsch\u00e4tzung. Der ideale Start zur Sicherung Ihrer Nachfolge. Sichere Zahlungsabwicklung durch CopeCart [&hellip;]<\/p>\n","protected":false},"author":1,"featured_media":0,"parent":0,"menu_order":0,"comment_status":"closed","ping_status":"closed","template":"","meta":{"wp_typography_post_enhancements_disabled":false,"_kad_blocks_custom_css":"","_kad_blocks_head_custom_js":"","_kad_blocks_body_custom_js":"","_kad_blocks_footer_custom_js":"","site-sidebar-layout":"no-sidebar","site-content-layout":"default","ast-site-content-layout":"default","site-content-style":"default","site-sidebar-style":"default","ast-global-header-display":"","ast-banner-title-visibility":"","ast-main-header-display":"","ast-hfb-above-header-display":"","ast-hfb-below-header-display":"","ast-hfb-mobile-header-display":"","site-post-title":"disabled","ast-breadcrumbs-content":"","ast-featured-img":"","footer-sml-layout":"","ast-disable-related-posts":"","theme-transparent-header-meta":"default","adv-header-id-meta":"","stick-header-meta":"default","header-above-stick-meta":"","header-main-stick-meta":"","header-below-stick-meta":"","astra-migrate-meta-layouts":"default","ast-page-background-enabled":"default","ast-page-background-meta":{"desktop":{"background-color":"","background-image":"","background-repeat":"repeat","background-position":"center center","background-size":"auto","background-attachment":"scroll","background-type":"","background-media":"","overlay-type":"","overlay-color":"","overlay-opacity":"","overlay-gradient":""},"tablet":{"background-color":"","background-image":"","background-repeat":"repeat","background-position":"center center","background-size":"auto","background-attachment":"scroll","background-type":"","background-media":"","overlay-type":"","overlay-color":"","overlay-opacity":"","overlay-gradient":""},"mobile":{"background-color":"","background-image":"","background-repeat":"repeat","background-position":"center center","background-size":"auto","background-attachment":"scroll","background-type":"","background-media":"","overlay-type":"","overlay-color":"","overlay-opacity":"","overlay-gradient":""}},"ast-content-background-meta":{"desktop":{"background-color":"var(--ast-global-color-5)","background-image":"","background-repeat":"repeat","background-position":"center center","background-size":"auto","background-attachment":"scroll","background-type":"","background-media":"","overlay-type":"","overlay-color":"","overlay-opacity":"","overlay-gradient":""},"tablet":{"background-color":"var(--ast-global-color-5)","background-image":"","background-repeat":"repeat","background-position":"center center","background-size":"auto","background-attachment":"scroll","background-type":"","background-media":"","overlay-type":"","overlay-color":"","overlay-opacity":"","overlay-gradient":""},"mobile":{"background-color":"var(--ast-global-color-5)","background-image":"","background-repeat":"repeat","background-position":"center center","background-size":"auto","background-attachment":"scroll","background-type":"","background-media":"","overlay-type":"","overlay-color":"","overlay-opacity":"","overlay-gradient":""}},"iawp_total_views":15,"footnotes":""},"class_list":["post-4836","page","type-page","status-publish","hentry"],"taxonomy_info":[],"featured_image_src_large":false,"author_info":{"display_name":"filialleiter","author_link":"https:\/\/www.kern-unternehmensnachfolge.com\/it\/author\/filialleiter\/"},"comment_info":0,"_links":{"self":[{"href":"https:\/\/www.kern-unternehmensnachfolge.com\/it\/wp-json\/wp\/v2\/pages\/4836","targetHints":{"allow":["GET"]}}],"collection":[{"href":"https:\/\/www.kern-unternehmensnachfolge.com\/it\/wp-json\/wp\/v2\/pages"}],"about":[{"href":"https:\/\/www.kern-unternehmensnachfolge.com\/it\/wp-json\/wp\/v2\/types\/page"}],"author":[{"embeddable":true,"href":"https:\/\/www.kern-unternehmensnachfolge.com\/it\/wp-json\/wp\/v2\/users\/1"}],"replies":[{"embeddable":true,"href":"https:\/\/www.kern-unternehmensnachfolge.com\/it\/wp-json\/wp\/v2\/comments?post=4836"}],"version-history":[{"count":0,"href":"https:\/\/www.kern-unternehmensnachfolge.com\/it\/wp-json\/wp\/v2\/pages\/4836\/revisions"}],"wp:attachment":[{"href":"https:\/\/www.kern-unternehmensnachfolge.com\/it\/wp-json\/wp\/v2\/media?parent=4836"}],"curies":[{"name":"wp","href":"https:\/\/api.w.org\/{rel}","templated":true}]}}