{"id":4347,"date":"2018-11-06T10:46:47","date_gmt":"2018-11-06T09:46:47","guid":{"rendered":"https:\/\/great-kare.185-125-174-66.plesk.page\/?page_id=4347"},"modified":"2022-07-05T16:54:48","modified_gmt":"2022-07-05T14:54:48","slug":"seminar-stabwechsel-unternehmenskauf","status":"publish","type":"page","link":"https:\/\/www.kern-unternehmensnachfolge.com\/it\/seminar-stabwechsel-unternehmenskauf\/","title":{"rendered":"Live-Seminar \u2013 Mein Stabwech\u00adsel Unternehmenskauf"},"content":{"rendered":"<p><span style=\"width: 100%;\"><img loading=\"lazy\" decoding=\"async\" alt=\"\" title=\"kern-logo2019-final\" data-id=\"7485\" src=\"https:\/\/www.kern-unternehmensnachfolge.com\/wp-content\/uploads\/2019\/09\/kern-logo2019-final.png\" style=\"\" width=\"1331\" height=\"497\"><\/span><\/p>\n<p>NEHMEN SIE AN DIESEM SEMINAR TEIL!<\/p>\n<h2 style=\"text-align: left;\"><strong>MEIN STABWECHSEL.<\/strong>Das Strategie-Seminar f\u00fcr den Unternehmenskauf<\/h2>\n<p>Die sichere Zahlungsabwicklung erfolgt durch unseren Partner Copecard<\/p>\n<h2 style=\"text-align: center;\">Ihre pers\u00f6nlichen Anliegen sind 100% gesch\u00fctzt<\/h2>\n<p>Sie erfahren unter Begleitung unserer erfahrenen Nachfolgespezialisten von KERN, an welchen Stellen Sie was und wie f\u00fcr sich und den anstehenden Prozess tun k\u00f6nnen.&nbsp;<\/p>\n<p>Sie reflektieren Ihre eigenen \u201eStolpersteine\u201c, die Sie bisher von einer L\u00f6sung abgehalten haben und erarbeiten sich Ihr Ziel Ihrer ganz pers\u00f6nlichen \u00dcbernahmel\u00f6sung. Egal ob Sie eine Beteiligung suchen oder eine Firma komplett \u00fcbernehmen m\u00f6chten (ohne steuerliche, wirtschaftliche oder juristische Inhalte).<\/p>\n<p>Sie m\u00fcssen keine vertraulichen Anliegen offen legen, sondern sind vollkommen gesch\u00fctzt und sicher mit Ihren eigenen Themen betraut.<\/p>\n<h3>Seminartermine und -orte<\/h3>\n<p>Nach Absprache im Einzeltermin oder als \u00f6ffentliches Seminar. Analog oder Digital.<\/p>\n<p>An \u00fcber 30 Standorten nach Ihrem Wunsch in Deutschland, \u00d6sterreich und der Schweiz.<\/p>\n<h3>\u00dcber Ihren Gastgeber<\/h3>\n<p>KERN-Partner sind ausgewiesene Spezialisten zum Thema Unternehmensnachfolge und Ihre pers\u00f6nlichen Coaches im Seminar &#8222;Mein Stabwechsel&#8220;.<\/p>\n<p style=\"text-align: center;\">Ihre wertvolle Zeit ist bestens investiert<\/p>\n<h2 style=\"text-align: center;\">Mit Ihrer Teilnahme am Seminar erhalten Sie folgende Zugaben:<\/h2>\n<p style=\"text-align: center;\">126 Fragen Checkliste zur Vorbereitung einer Unternehmensnachfolge.<\/p>\n<p style=\"text-align: center;\">Geld-zur\u00fcck-Garantie, falls Ihnen das Seminar nicht gefallen sollte<\/p>\n<p style=\"text-align: center;\">Expertenratgeber mit 150 Seiten Fachwissen zu allen Fragestellungen im Rahmen einer Unternehmensnachfolge.<\/p>\n<h1 style=\"text-align: center;\"><strong>Keine Zeit? Kein Problem!Hier ist der Exklusiv-Workshop in Ihrem Haus:<\/strong><\/h1>\n<p style=\"text-align: center;\"><strong><\/strong>Falls Ihnen kein Termin passt und Sie lieber eine ganz pers\u00f6nliche und ma\u00dfgeschneiderte Begleitung w\u00fcnschen, k\u00f6nnen Sie unsere Experten auch f\u00fcr einen Tag komplett exklusiv nur f\u00fcr sich buchen. Wir k\u00f6nnen dann noch individueller und gezielter Ihre Strategie entwickeln. Ihre Investition betr\u00e4gt dann 2.490.\u2014Euro zzgl. USt. inkl. aller Neben- und Reisekosten f\u00fcr unsere Anfahrt zu Ihrem Wunschort.<\/p>\n<p style=\"text-align: center;\">&nbsp;Tragen Sie dann bitte jetzt alle Daten nachfolgend ein und w\u00e4hlen einen der festgelegten Termine oder Ihren freien Wunschtermin aus.<\/p>\n<p>[tcb-script](function() {var script = document.createElement(&#8217;script&#8216;); script.src = &#8222;https:\/\/paperform.co\/__embed&#8220;; document.body.appendChild(script); })()[\/tcb-script]<\/p>\n<h3>Anmeldung zum Seminar am 20.09.2019<\/h3>\n<p>[tcb-script type=&#8220;text\/javascript&#8220; src=&#8220;https:\/\/NTJLOSH-modules.xing-events.com\/resources\/js\/amiandoExport.js&#8220;][\/tcb-script]&amp;amp;amp;amp;amp;amp;amp;amp;amp;amp;amp;amp;amp;amp;amp;amp;lt;p&amp;amp;amp;amp;amp;amp;amp;amp;amp;amp;amp;amp;amp;amp;amp;amp;gt;Diese Seite ben\u00f6tigt die Unterst\u00fctzung von Frames durch Ihren Browser. Bitte nutzen Sie einen Browser, der die Darstellung von Frames unterst\u00fctzt, damit das Ticketvorverkaufs-Modul angezeigt werden kann.&amp;amp;amp;amp;amp;amp;amp;amp;amp;amp;amp;amp;amp;amp;amp;amp;lt;\/p&amp;amp;amp;amp;amp;amp;amp;amp;amp;amp;amp;amp;amp;amp;amp;amp;gt;&amp;amp;amp;amp;amp;amp;amp;amp;amp;amp;amp;amp;amp;amp;amp;amp;lt;p&amp;amp;amp;amp;amp;amp;amp;amp;amp;amp;amp;amp;amp;amp;amp;amp;gt;Probieren Sie die XING Events &amp;amp;amp;amp;amp;amp;amp;amp;amp;amp;amp;amp;amp;amp;amp;amp;lt;a href=&#8220;https:\/\/www.xing-events.com&#8220;&amp;amp;amp;amp;amp;amp;amp;amp;amp;amp;amp;amp;amp;amp;amp;amp;gt;online Registrierung&amp;amp;amp;amp;amp;amp;amp;amp;amp;amp;amp;amp;amp;amp;amp;amp;lt;\/a&amp;amp;amp;amp;amp;amp;amp;amp;amp;amp;amp;amp;amp;amp;amp;amp;gt; noch heute aus.&amp;amp;amp;amp;amp;amp;amp;amp;amp;amp;amp;amp;amp;amp;amp;amp;lt;\/p&amp;amp;amp;amp;amp;amp;amp;amp;amp;amp;amp;amp;amp;amp;amp;amp;gt;Mehr Teilnehmer mit <a href=\"https:\/\/www.xing-events.com?viralRefId=NTJLOSH&amp;utm_campaign=ev-NTJLOSH&amp;utm_medium=viral&amp;utm_source=EventWebsite&amp;utm_content=TextLinkBottom&amp;utm_term=text-link\" target=\"_blank\" alt=\"XING Events\" title=\"XING Events\" rel=\"noopener\">Online Event Management-L\u00f6sungen<\/a> von XING Events.<\/p>\n<p style=\"text-align: center;\"><a href=\"https:\/\/www.kern-unternehmensnachfolge.com\/datenschutz\/\">Datenschutzerkl\u00e4rung<\/a>&nbsp; | &nbsp;<a href=\"https:\/\/www.kern-unternehmensnachfolge.com\/impressum\/\">Impressum<\/a>&nbsp; | &nbsp;<a href=\"https:\/\/www.kern-unternehmensnachfolge.com\/agb\/\">Allgemeine Gesch\u00e4ftsbedingungen<\/a><\/p>\n","protected":false},"excerpt":{"rendered":"<p>NEHMEN SIE AN DIESEM SEMINAR TEIL! MEIN STABWECHSEL.Das Strategie-Seminar f\u00fcr den Unternehmenskauf Die sichere Zahlungsabwicklung erfolgt durch unseren Partner Copecard [&hellip;]<\/p>\n","protected":false},"author":1,"featured_media":0,"parent":0,"menu_order":0,"comment_status":"closed","ping_status":"closed","template":"","meta":{"wp_typography_post_enhancements_disabled":false,"_kad_blocks_custom_css":"","_kad_blocks_head_custom_js":"","_kad_blocks_body_custom_js":"","_kad_blocks_footer_custom_js":"","site-sidebar-layout":"default","site-content-layout":"default","ast-site-content-layout":"default","site-content-style":"default","site-sidebar-style":"default","ast-global-header-display":"","ast-banner-title-visibility":"","ast-main-header-display":"","ast-hfb-above-header-display":"","ast-hfb-below-header-display":"","ast-hfb-mobile-header-display":"","site-post-title":"","ast-breadcrumbs-content":"","ast-featured-img":"","footer-sml-layout":"","ast-disable-related-posts":"","theme-transparent-header-meta":"default","adv-header-id-meta":"","stick-header-meta":"default","header-above-stick-meta":"","header-main-stick-meta":"","header-below-stick-meta":"","astra-migrate-meta-layouts":"default","ast-page-background-enabled":"default","ast-page-background-meta":{"desktop":{"background-color":"","background-image":"","background-repeat":"repeat","background-position":"center center","background-size":"auto","background-attachment":"scroll","background-type":"","background-media":"","overlay-type":"","overlay-color":"","overlay-opacity":"","overlay-gradient":""},"tablet":{"background-color":"","background-image":"","background-repeat":"repeat","background-position":"center center","background-size":"auto","background-attachment":"scroll","background-type":"","background-media":"","overlay-type":"","overlay-color":"","overlay-opacity":"","overlay-gradient":""},"mobile":{"background-color":"","background-image":"","background-repeat":"repeat","background-position":"center center","background-size":"auto","background-attachment":"scroll","background-type":"","background-media":"","overlay-type":"","overlay-color":"","overlay-opacity":"","overlay-gradient":""}},"ast-content-background-meta":{"desktop":{"background-color":"var(--ast-global-color-5)","background-image":"","background-repeat":"repeat","background-position":"center center","background-size":"auto","background-attachment":"scroll","background-type":"","background-media":"","overlay-type":"","overlay-color":"","overlay-opacity":"","overlay-gradient":""},"tablet":{"background-color":"var(--ast-global-color-5)","background-image":"","background-repeat":"repeat","background-position":"center center","background-size":"auto","background-attachment":"scroll","background-type":"","background-media":"","overlay-type":"","overlay-color":"","overlay-opacity":"","overlay-gradient":""},"mobile":{"background-color":"var(--ast-global-color-5)","background-image":"","background-repeat":"repeat","background-position":"center center","background-size":"auto","background-attachment":"scroll","background-type":"","background-media":"","overlay-type":"","overlay-color":"","overlay-opacity":"","overlay-gradient":""}},"iawp_total_views":0,"footnotes":""},"class_list":["post-4347","page","type-page","status-publish","hentry"],"taxonomy_info":[],"featured_image_src_large":false,"author_info":{"display_name":"filialleiter","author_link":"https:\/\/www.kern-unternehmensnachfolge.com\/it\/author\/filialleiter\/"},"comment_info":0,"_links":{"self":[{"href":"https:\/\/www.kern-unternehmensnachfolge.com\/it\/wp-json\/wp\/v2\/pages\/4347","targetHints":{"allow":["GET"]}}],"collection":[{"href":"https:\/\/www.kern-unternehmensnachfolge.com\/it\/wp-json\/wp\/v2\/pages"}],"about":[{"href":"https:\/\/www.kern-unternehmensnachfolge.com\/it\/wp-json\/wp\/v2\/types\/page"}],"author":[{"embeddable":true,"href":"https:\/\/www.kern-unternehmensnachfolge.com\/it\/wp-json\/wp\/v2\/users\/1"}],"replies":[{"embeddable":true,"href":"https:\/\/www.kern-unternehmensnachfolge.com\/it\/wp-json\/wp\/v2\/comments?post=4347"}],"version-history":[{"count":0,"href":"https:\/\/www.kern-unternehmensnachfolge.com\/it\/wp-json\/wp\/v2\/pages\/4347\/revisions"}],"wp:attachment":[{"href":"https:\/\/www.kern-unternehmensnachfolge.com\/it\/wp-json\/wp\/v2\/media?parent=4347"}],"curies":[{"name":"wp","href":"https:\/\/api.w.org\/{rel}","templated":true}]}}