{"id":36679,"date":"2026-03-27T13:26:17","date_gmt":"2026-03-27T12:26:17","guid":{"rendered":"https:\/\/www.kern-unternehmensnachfolge.com\/?page_id=36679"},"modified":"2026-03-27T13:38:01","modified_gmt":"2026-03-27T12:38:01","slug":"wien","status":"publish","type":"page","link":"https:\/\/www.kern-unternehmensnachfolge.com\/it\/standort\/wien\/","title":{"rendered":"<span class=\"caps\">KERN<\/span> \u2013 Stand\u00adort&nbsp;Wien"},"content":{"rendered":"<p><a target=\"_blank\" href=\"https:\/\/www.kern-unternehmensnachfolge.com\/it\/\" data-id-d=\"0\" data-img-style=\"width: 100%;\"><img decoding=\"async\" src=\"https:\/\/www.kern-unternehmensnachfolge.com\/wp-content\/uploads\/2023\/05\/kern_logo2023_rgb_farbig_transparent.png\" height=\"502\" width=\"1317\" alt=\"KERN Logo\" style=\"width: 100%;\" loading=\"lazy\"><\/a><\/p>\n<h2 style=\"text-align: left;\">Unternehmens\u00adnachfolge, Unter\u00adnehmens\u00adverkauf, Generationswechsel<\/h2>\n<h1>Treffen Sie die Spezia\u00adlis\u00adten f\u00fcr Unternehmens\u00adnachfolge in&nbsp;Wien<\/h1>\n<h3 style=\"text-align: left;\">Ihr <span class=\"caps\">KERN<\/span> Partner in&nbsp;Wien<\/h3>\n<h3 style>Micha\u00adel&nbsp;Feier<\/h3>\n<p>Micha\u00adel Feier bringt als erfah\u00adre\u00adner Berater f\u00fcr Unter\u00adnehmens\u00adverkauf, Generations\u00adwechsel und Unter\u00adnehmens\u00adkauf in \u00d6ster\u00adreich umfas\u00adsen\u00adde Exper\u00adti\u00adse in die Beglei\u00adtung mittel\u00adst\u00e4n\u00addi\u00adscher Famili\u00aden\u00adun\u00adter\u00adneh\u00admen&nbsp;ein.<\/p>\n<p><span style=\"width: 100%;\"><img decoding=\"async\" alt=\"M&amp;A Berater Michael Feier im Gespr\u00e4ch mit einem Unternehmer\" title=\"Michael Feier M&amp;A Berater Wien\" data-id=\"21201\" src=\"https:\/\/www.kern-unternehmensnachfolge.com\/wp-content\/uploads\/2022\/02\/Michael-Feier-MA-Berater-Wien.jpg\" style=\"aspect-ratio: auto 1080 \/ 608;\" width=\"493\" height=\"277\" data-width=\"493\" data-height=\"277\" data-init-width=\"1080\" data-init-height=\"608\" mt-d=\"0\" ml-d=\"0\" center-v-d=\"false\" mt-t=\"0\" ml-t=\"0\" center-h-d=\"false\" loading=\"lazy\"><\/span><\/p>\n<h3 style>Klaus M\u00fcller<\/h3>\n<p>Jahrgang 1977, Diplom Kaufmann (<span class=\"caps\">FH<\/span>). Umfang\u00adrei\u00adche inter\u00adna\u00adtio\u00adna\u00adle Gesch\u00e4fts\u00ader\u00adfah\u00adrung. Er hat pers\u00f6n\u00adli\u00adche Erfah\u00adrung in der Unternehmens\u00adnachfolge und in der Gr\u00fcndung und Gesch\u00e4fts\u00adf\u00fch\u00adrung im Handwerk\/Handel.<\/p>\n<p><span style=\"width: 100%;\"><img decoding=\"async\" alt=\"Klaus M\u00fcllers Expertise f\u00fcr Ihren Unternehmensverkauf\" title=\"Klaus M\u00fcllers Expertise f\u00fcr Ihren Unternehmensverkauf\" data-id=\"30485\" src=\"https:\/\/www.kern-unternehmensnachfolge.com\/wp-content\/uploads\/2024\/04\/klaus-mueller-linz01.jpeg\" style=\"aspect-ratio: auto 1280 \/ 718;\" width=\"493\" height=\"276\" data-width=\"493\" data-height=\"276\" data-init-width=\"1280\" data-init-height=\"718\" mt-d=\"0\" ml-d=\"0\" center-v-d=\"false\" mt-t=\"0\" ml-t=\"-21.625\" center-h-d=\"false\" loading=\"lazy\"><\/span><\/p>\n<h3 style=\"text-align: center;\">Bei uns sind Sie viel mehr als nur ein Kunde. Ihre Unternehmens\u00adnachfolge liegt uns am Herzen.<\/h3>\n<p>Sie sind auf der Suche nach einem Partner, der Ihre Unternehmens\u00adnachfolge vertrau\u00adens\u00advoll, kompe\u00adtent und engagiert beglei\u00adtet. Bei <span class=\"caps\">KERN<\/span> treffen Sie Menschen, f\u00fcr die Sie mehr sind als eine Beratungs\u00adkun\u00adde. Menschen, die Sie verste\u00adhen und die wissen, was dieser gro\u00dfe Schritt f\u00fcr Sie ganz pers\u00f6n\u00adlich bedeutet.<\/p>\n<p>Oft handelt es sich um hohe und sehr wichti\u00adge Verm\u00f6\u00adgens\u00adwer\u00adte. Es geht um Ihre pers\u00f6n\u00adli\u00adche Absiche\u00adrung, die Zukunft Ihrer Mitar\u00adbei\u00adter oder auch um Wachs\u00adtum und die konkre\u00adte Identi\u00adfi\u00adzie\u00adrung des passen\u00adden K\u00e4ufers oder Verk\u00e4ufers.<\/p>\n<p>Die Erfah\u00adrung und Exper\u00adti\u00adse Ihres <span class=\"caps\">KERN<\/span> Beraters kann Sie vor teuren und schwer\u00adwie\u00adgen\u00adden Fehlern sch\u00fct\u00adzen. Machen Sie jetzt den n\u00e4chs\u00adten Schritt bei Ihrer Unternehmens\u00adnachfolge, dem <a href=\"https:\/\/www.kern-unternehmensnachfolge.com\/it\/unternehmensverkauf\/\" target=\"_blank\" style=\"outline: none;\">Vendita d\u2019impre\u00adsa<\/a> , Unter\u00adnehmens\u00adkauf oder Generationswechsel.<\/p>\n<p><strong><span class=\"caps\">KERN<\/span> Unternehmens\u00adnachfolge Wien<\/strong><br> (alle Partner sind recht\u00adlich eigen\u00adst\u00e4n\u00addig) <br>Lange Gasse 50<br>1080 Wien<\/p>\n<p><a href=\"mailto:wien@kern-unternehmensnachfolge.com\" target=\"_blank\" style=\"outline: none;\">wien@kern-unternehmensnachfolge.com<\/a><\/p>","protected":false},"excerpt":{"rendered":"<p>Unternehmensnachfolge, Unternehmensverkauf, Generationswechsel Treffen Sie die Spezialisten f\u00fcr Unternehmensnachfolge in Wien Ihr KERN Partner in Wien Michael Feier Michael Feier [&hellip;]<\/p>\n","protected":false},"author":84,"featured_media":0,"parent":27709,"menu_order":0,"comment_status":"closed","ping_status":"closed","template":"","meta":{"wp_typography_post_enhancements_disabled":false,"_kad_blocks_custom_css":"","_kad_blocks_head_custom_js":"","_kad_blocks_body_custom_js":"","_kad_blocks_footer_custom_js":"","site-sidebar-layout":"no-sidebar","site-content-layout":"page-builder","ast-site-content-layout":"full-width-container","site-content-style":"unboxed","site-sidebar-style":"unboxed","ast-global-header-display":"disabled","ast-banner-title-visibility":"disabled","ast-main-header-display":"","ast-hfb-above-header-display":"","ast-hfb-below-header-display":"","ast-hfb-mobile-header-display":"","site-post-title":"","ast-breadcrumbs-content":"","ast-featured-img":"","footer-sml-layout":"disabled","ast-disable-related-posts":"","theme-transparent-header-meta":"","adv-header-id-meta":"","stick-header-meta":"","header-above-stick-meta":"","header-main-stick-meta":"","header-below-stick-meta":"","astra-migrate-meta-layouts":"set","ast-page-background-enabled":"default","ast-page-background-meta":{"desktop":{"background-color":"","background-image":"","background-repeat":"repeat","background-position":"center center","background-size":"auto","background-attachment":"scroll","background-type":"","background-media":"","overlay-type":"","overlay-color":"","overlay-opacity":"","overlay-gradient":""},"tablet":{"background-color":"","background-image":"","background-repeat":"repeat","background-position":"center center","background-size":"auto","background-attachment":"scroll","background-type":"","background-media":"","overlay-type":"","overlay-color":"","overlay-opacity":"","overlay-gradient":""},"mobile":{"background-color":"","background-image":"","background-repeat":"repeat","background-position":"center center","background-size":"auto","background-attachment":"scroll","background-type":"","background-media":"","overlay-type":"","overlay-color":"","overlay-opacity":"","overlay-gradient":""}},"ast-content-background-meta":{"desktop":{"background-color":"var(--ast-global-color-5)","background-image":"","background-repeat":"repeat","background-position":"center center","background-size":"auto","background-attachment":"scroll","background-type":"","background-media":"","overlay-type":"","overlay-color":"","overlay-opacity":"","overlay-gradient":""},"tablet":{"background-color":"var(--ast-global-color-5)","background-image":"","background-repeat":"repeat","background-position":"center center","background-size":"auto","background-attachment":"scroll","background-type":"","background-media":"","overlay-type":"","overlay-color":"","overlay-opacity":"","overlay-gradient":""},"mobile":{"background-color":"var(--ast-global-color-5)","background-image":"","background-repeat":"repeat","background-position":"center center","background-size":"auto","background-attachment":"scroll","background-type":"","background-media":"","overlay-type":"","overlay-color":"","overlay-opacity":"","overlay-gradient":""}},"iawp_total_views":13,"footnotes":""},"class_list":["post-36679","page","type-page","status-publish","hentry"],"taxonomy_info":[],"featured_image_src_large":false,"author_info":{"display_name":"Benjamin","author_link":"https:\/\/www.kern-unternehmensnachfolge.com\/it\/author\/benjamin-onestop\/"},"comment_info":0,"_links":{"self":[{"href":"https:\/\/www.kern-unternehmensnachfolge.com\/it\/wp-json\/wp\/v2\/pages\/36679","targetHints":{"allow":["GET"]}}],"collection":[{"href":"https:\/\/www.kern-unternehmensnachfolge.com\/it\/wp-json\/wp\/v2\/pages"}],"about":[{"href":"https:\/\/www.kern-unternehmensnachfolge.com\/it\/wp-json\/wp\/v2\/types\/page"}],"author":[{"embeddable":true,"href":"https:\/\/www.kern-unternehmensnachfolge.com\/it\/wp-json\/wp\/v2\/users\/84"}],"replies":[{"embeddable":true,"href":"https:\/\/www.kern-unternehmensnachfolge.com\/it\/wp-json\/wp\/v2\/comments?post=36679"}],"version-history":[{"count":5,"href":"https:\/\/www.kern-unternehmensnachfolge.com\/it\/wp-json\/wp\/v2\/pages\/36679\/revisions"}],"predecessor-version":[{"id":36686,"href":"https:\/\/www.kern-unternehmensnachfolge.com\/it\/wp-json\/wp\/v2\/pages\/36679\/revisions\/36686"}],"up":[{"embeddable":true,"href":"https:\/\/www.kern-unternehmensnachfolge.com\/it\/wp-json\/wp\/v2\/pages\/27709"}],"wp:attachment":[{"href":"https:\/\/www.kern-unternehmensnachfolge.com\/it\/wp-json\/wp\/v2\/media?parent=36679"}],"curies":[{"name":"wp","href":"https:\/\/api.w.org\/{rel}","templated":true}]}}