{"id":28350,"date":"2023-07-18T02:21:55","date_gmt":"2023-07-18T00:21:55","guid":{"rendered":"https:\/\/kern-unternehmensnachfolge.com\/?page_id=28350"},"modified":"2026-03-22T16:55:42","modified_gmt":"2026-03-22T15:55:42","slug":"muenchen","status":"publish","type":"page","link":"https:\/\/www.kern-unternehmensnachfolge.com\/it\/standort\/muenchen\/","title":{"rendered":"<span class=\"caps\">KERN<\/span> \u2013 Gesamt Unter\u00adnehmens\u00adverkauf M\u00fcnchen"},"content":{"rendered":"<p><a target=\"_blank\" href=\"https:\/\/www.kern-unternehmensnachfolge.com\" data-id-d=\"0\" data-img-style=\"width: 100%;\"><img decoding=\"async\" src=\"https:\/\/www.kern-unternehmensnachfolge.com\/wp-content\/uploads\/2023\/05\/kern_logo2023_rgb_farbig_transparent.png\" height=\"502\" width=\"1317\" alt=\"KERN Logo\" style=\"width: 100%;\" loading=\"lazy\"><\/img><\/a><\/p>\n<h2 style=\"text-align: left;\">Firmennachfolger gesucht? KERN ist der verl\u00e4ssliche Partner an Ihrer Seite.<\/h2>\n<h1 style=\"\"><span data-sheets-formula=\"=R[0]C[-6]&amp;&quot; - M&amp;A Beratung f\u00fcr Unternehmensnachfolge &amp; Unternehmensverkauf in&quot;&amp;&quot; &quot;&amp;R[0]C[-7]&amp;&quot; und Umgebung&quot;\" data-sheets-userformat=\"{&quot;2&quot;:2,&quot;4&quot;:{&quot;1&quot;:2,&quot;2&quot;:65280}}\" data-sheets-value=\"{&quot;1&quot;:2,&quot;2&quot;:&quot;Roland Greppmair, Holger Habermann - M&amp;A Beratung f\u00fcr Unternehmensnachfolge &amp; Unternehmensverkauf in M\u00fcnchen und Umgebung&quot;}\">Roland Greppmair &amp; Holger Habermann &#8211; M&amp;A Beratung f\u00fcr Unternehmensnachfolge &amp; Unternehmensverkauf in M\u00fcnchen und Umgebung<\/span><\/h1>\n<p>[tcb-script type=&#8220;application\/ld+json&#8220;]{  &#8222;@context&#8220;: &#8222;https:\/\/schema.org&#8220;,  &#8222;@type&#8220;: &#8222;LocalBusiness&#8220;,  &#8222;name&#8220;: &#8222;KERN \u2013 M&amp;A Beratung f\u00fcr Unternehmensnachfolge &amp; Unternehmensverkauf M\u00fcnchen&#8220;,  &#8222;image&#8220;: &#8222;https:\/\/www.kern-unternehmensnachfolge.com\/wp-content\/uploads\/2023\/05\/kern_logo2023_rgb_farbig_transparent.png&#8220;,  &#8222;@id&#8220;: &#8222;&#8220;,  &#8222;url&#8220;: &#8222;https:\/\/www.kern-unternehmensnachfolge.com\/standort\/muenchen\/&#8220;,  &#8222;telephone&#8220;: &#8222;+49 89 35473202&#8220;,  &#8222;address&#8220;: {    &#8222;@type&#8220;: &#8222;PostalAddress&#8220;,    &#8222;streetAddress&#8220;: &#8222;Theresienstra\u00dfe 1&#8220;,    &#8222;addressLocality&#8220;: &#8222;M\u00fcnchen&#8220;,    &#8222;postalCode&#8220;: &#8222;80333&#8220;,    &#8222;addressCountry&#8220;: &#8222;DE&#8220;  },  &#8222;geo&#8220;: {    &#8222;@type&#8220;: &#8222;GeoCoordinates&#8220;,    &#8222;latitude&#8220;: 48.146894,    &#8222;longitude&#8220;: 11.5787893  },  &#8222;openingHoursSpecification&#8220;: {    &#8222;@type&#8220;: &#8222;OpeningHoursSpecification&#8220;,    &#8222;dayOfWeek&#8220;: [      &#8222;Monday&#8220;,      &#8222;Tuesday&#8220;,      &#8222;Wednesday&#8220;,      &#8222;Thursday&#8220;,      &#8222;Friday&#8220;    ],    &#8222;opens&#8220;: &#8222;09:00&#8220;,    &#8222;closes&#8220;: &#8222;18:00&#8220;  },  &#8222;sameAs&#8220;: &#8222;https:\/\/www.linkedin.com\/in\/roland-greppmair-60a7737\/?originalSubdomain=de&#8220; }[\/tcb-script]<\/p>\n<h2 style=\"text-align: left;\">Ihre KERN Partner f\u00fcr Ihre Unternehmensnachfolge im Raum M\u00fcnchen<\/h2>\n<p style=\"\"><strong>Roland Greppmair<\/strong><\/p>\n<p>Jahrgang 1971, Studium als Dipl. Ing. Maschinenbau und Wirtschaftsingenieur (FH), Systemischer Coach und Mediator. Zertifizierter Changemanager. Experte f\u00fcr Unternehmensnachfolge und Unternehmensverkauf.<\/p>\n<p><span style=\"width: 100%;\"><img decoding=\"async\" alt=\"Portrait von Roland Greppmair - M&amp;A Beratung f\u00fcr Unternehmensverkauf und Unternehmensnachfolge\" title=\"unternehmensnachfolge-muenchen-greppmair5\" data-id=\"3385\" src=\"https:\/\/www.kern-unternehmensnachfolge.com\/wp-content\/uploads\/2018\/09\/unternehmensnachfolge-muenchen-greppmair5.jpg\" style=\"aspect-ratio: auto 1080 \/ 608;\" width=\"493\" height=\"277\" data-width=\"493\" data-height=\"277\" data-init-width=\"1080\" data-init-height=\"608\" loading=\"lazy\"><\/span><\/p>\n<p style=\"\"><strong>Holger Habermann<\/strong><\/p>\n<p>Jahrgang 1963, Diplom-Betriebswirt (FH), Fachrichtung Bank- und Investitionswirtschaft, systemischer Coach mit dem Schwerpunkt Strategieentwicklung und Nachfolgeprozesse in Unternehmen, Experte f\u00fcr Unternehmensverkauf.<\/p>\n<p><span style=\"width: 100%;\"><img decoding=\"async\" alt=\"\" title=\"holger-habermann-quer\" data-id=\"29792\" src=\"https:\/\/www.kern-unternehmensnachfolge.com\/wp-content\/uploads\/2024\/02\/holger-habermann-quer.webp\" style=\"aspect-ratio: auto 1280 \/ 720;\" width=\"493\" height=\"277\" data-width=\"493\" data-height=\"277\" data-init-width=\"1280\" data-init-height=\"720\" loading=\"lazy\"><\/span><\/p>\n<h2 style=\"text-align: center;\">Bei uns sind Sie viel mehr als nur ein Kunde. Ihr Unternehmensverkauf liegt uns am Herzen.<\/h2>\n<p>Sie sind auf der Suche nach einem Partner, der Ihre Unternehmensnachfolge vertrauensvoll, kompetent und engagiert begleitet. Bei KERN treffen Sie Menschen, f\u00fcr die Sie mehr sind als ein Beratungskunde. Menschen, die Sie verstehen und die wissen, was dieser gro\u00dfe Schritt &#8211; der Unternehmensverkauf- f\u00fcr Sie ganz pers\u00f6nlich bedeutet.<\/p>\n<p>Oft geht es um hohe und sehr wichtige Verm\u00f6genswerte. Es geht um Ihre pers\u00f6nliche Absicherung, die Zukunft Ihrer Mitarbeiter oder auch um Wachstum und die konkrete Identifizierung des passenden K\u00e4ufers oder Verk\u00e4ufers.<\/p>\n<p>Die Erfahrung und Expertise Ihres KERN Beraters kann Sie vor teuren und schwerwiegenden Fehlern sch\u00fctzen. Machen Sie jetzt den n\u00e4chsten Schritt bei Ihrer Unternehmensnachfolge, dem Unternehmensverkauf, Unternehmenskauf oder Generationswechsel.<\/p>\n<p><strong><span data-sheets-formula=\"=&quot;KERN \u2013 M&amp;A Beratung f\u00fcr Unternehmensnachfolge &amp; Unternehmensverkauf&quot;&amp;&quot; &quot;&amp;R[0]C[-4]\" data-sheets-userformat=\"{&quot;2&quot;:2,&quot;4&quot;:{&quot;1&quot;:2,&quot;2&quot;:65280}}\" data-sheets-value=\"{&quot;1&quot;:2,&quot;2&quot;:&quot;KERN \u2013 M&amp;A Beratung f\u00fcr Unternehmensnachfolge &amp; Unternehmensverkauf M\u00fcnchen&quot;}\">KERN \u2013 M&amp;A Beratung f\u00fcr Unternehmensnachfolge &amp; Unternehmensverkauf M\u00fcnche<\/span>n<\/strong><br \/><strong>(rechtlich eigenst\u00e4ndige Standorte)<\/strong><\/p>\n<p>Klugstra\u00dfe 47A<br \/>80638 M\u00fcnchen<br \/>Telefon <a href=\"tel:08935473201\" target=\"_blank\">089 354732 01<\/a><br \/>Telefon <a href=\"tel:08935473202\" target=\"_blank\">089 354732 02<\/a><br \/><a href=\"mailto:muenchen@kern-unternehmensnachfolge.com\" target=\"_blank\" style=\"outline: none;\">muenchen@kern-unternehmensnachfolge.com<br \/><\/a><br \/>Weitere Standortangaben:<br \/>&#8211; Parkpl\u00e4tze gut verf\u00fcgbar <br \/>&#8211; N\u00e4he U-Bahn Haltestelle Gern (U1\/U7)<\/p>\n<p><span style=\"width: 100%;\"><a href=\"https:\/\/search.google.com\/local\/writereview?placeid=ChIJ00oMybLYnUcRvZUCrIdBV8E\" target=\"_blank\" rel=\"noopener\"><img decoding=\"async\" alt=\"\" title=\"bewerten-sie-mich-google\" data-id=\"528\" src=\"https:\/\/www.kern-unternehmensnachfolge.com\/wp-content\/uploads\/2018\/06\/bewerten-sie-mich-google.png\" style=\"\" width=\"300\" height=\"300\" loading=\"lazy\"><\/a><\/span><\/p>\n","protected":false},"excerpt":{"rendered":"<p>Firmennachfolger gesucht? KERN ist der verl\u00e4ssliche Partner an Ihrer Seite. Roland Greppmair &amp; Holger Habermann &#8211; M&amp;A Beratung f\u00fcr Unternehmensnachfolge [&hellip;]<\/p>\n","protected":false},"author":1,"featured_media":0,"parent":27709,"menu_order":0,"comment_status":"closed","ping_status":"closed","template":"","meta":{"wp_typography_post_enhancements_disabled":false,"site-sidebar-layout":"no-sidebar","site-content-layout":"page-builder","ast-site-content-layout":"default","site-content-style":"default","site-sidebar-style":"default","ast-global-header-display":"disabled","ast-banner-title-visibility":"disabled","ast-main-header-display":"","ast-hfb-above-header-display":"","ast-hfb-below-header-display":"","ast-hfb-mobile-header-display":"","site-post-title":"","ast-breadcrumbs-content":"","ast-featured-img":"","footer-sml-layout":"disabled","ast-disable-related-posts":"","theme-transparent-header-meta":"","adv-header-id-meta":"","stick-header-meta":"","header-above-stick-meta":"","header-main-stick-meta":"","header-below-stick-meta":"","astra-migrate-meta-layouts":"default","ast-page-background-enabled":"default","ast-page-background-meta":{"desktop":{"background-color":"","background-image":"","background-repeat":"repeat","background-position":"center center","background-size":"auto","background-attachment":"scroll","background-type":"","background-media":"","overlay-type":"","overlay-color":"","overlay-opacity":"","overlay-gradient":""},"tablet":{"background-color":"","background-image":"","background-repeat":"repeat","background-position":"center center","background-size":"auto","background-attachment":"scroll","background-type":"","background-media":"","overlay-type":"","overlay-color":"","overlay-opacity":"","overlay-gradient":""},"mobile":{"background-color":"","background-image":"","background-repeat":"repeat","background-position":"center center","background-size":"auto","background-attachment":"scroll","background-type":"","background-media":"","overlay-type":"","overlay-color":"","overlay-opacity":"","overlay-gradient":""}},"ast-content-background-meta":{"desktop":{"background-color":"var(--ast-global-color-5)","background-image":"","background-repeat":"repeat","background-position":"center center","background-size":"auto","background-attachment":"scroll","background-type":"","background-media":"","overlay-type":"","overlay-color":"","overlay-opacity":"","overlay-gradient":""},"tablet":{"background-color":"var(--ast-global-color-5)","background-image":"","background-repeat":"repeat","background-position":"center center","background-size":"auto","background-attachment":"scroll","background-type":"","background-media":"","overlay-type":"","overlay-color":"","overlay-opacity":"","overlay-gradient":""},"mobile":{"background-color":"var(--ast-global-color-5)","background-image":"","background-repeat":"repeat","background-position":"center center","background-size":"auto","background-attachment":"scroll","background-type":"","background-media":"","overlay-type":"","overlay-color":"","overlay-opacity":"","overlay-gradient":""}},"iawp_total_views":183,"footnotes":""},"class_list":["post-28350","page","type-page","status-publish","hentry"],"_links":{"self":[{"href":"https:\/\/www.kern-unternehmensnachfolge.com\/it\/wp-json\/wp\/v2\/pages\/28350","targetHints":{"allow":["GET"]}}],"collection":[{"href":"https:\/\/www.kern-unternehmensnachfolge.com\/it\/wp-json\/wp\/v2\/pages"}],"about":[{"href":"https:\/\/www.kern-unternehmensnachfolge.com\/it\/wp-json\/wp\/v2\/types\/page"}],"author":[{"embeddable":true,"href":"https:\/\/www.kern-unternehmensnachfolge.com\/it\/wp-json\/wp\/v2\/users\/1"}],"replies":[{"embeddable":true,"href":"https:\/\/www.kern-unternehmensnachfolge.com\/it\/wp-json\/wp\/v2\/comments?post=28350"}],"version-history":[{"count":0,"href":"https:\/\/www.kern-unternehmensnachfolge.com\/it\/wp-json\/wp\/v2\/pages\/28350\/revisions"}],"up":[{"embeddable":true,"href":"https:\/\/www.kern-unternehmensnachfolge.com\/it\/wp-json\/wp\/v2\/pages\/27709"}],"wp:attachment":[{"href":"https:\/\/www.kern-unternehmensnachfolge.com\/it\/wp-json\/wp\/v2\/media?parent=28350"}],"curies":[{"name":"wp","href":"https:\/\/api.w.org\/{rel}","templated":true}]}}