{"id":19868,"date":"2021-11-02T11:01:16","date_gmt":"2021-11-02T10:01:16","guid":{"rendered":"https:\/\/great-kare.185-125-174-66.plesk.page\/?page_id=19868"},"modified":"2026-04-27T14:29:08","modified_gmt":"2026-04-27T12:29:08","slug":"franchising","status":"publish","type":"page","link":"https:\/\/www.kern-unternehmensnachfolge.com\/it\/franchising\/","title":{"rendered":"Die <span class=\"caps\">KERN<\/span> Franchising"},"content":{"rendered":"<h1 style=\"text-align: center;\">Sind Sie neugierig auf KERN als Beratungsmarke und Partnerschaftssystem?<\/h1>\n<p style=\"text-align: center;\">Unternehmensnachfolge als Erfolgskonzept f\u00fcr Berater in der DACH-Region und Europa. Leben Sie eine freie und selbst bestimmte Unternehmerschaft in einem Kreis gleichgesinnter Unternehmerinnen und Unternehmer. KERN ist gepr\u00fcftes und offizielles Mitglied im Deutschen Franchiseverband.<\/p>\n<p>     <!-- Original logos -->  <a href=\"#lightbox-2\" data-lightbox=\"lightbox-2\" data-img=\"https:\/\/www.kern-unternehmensnachfolge.com\/wp-content\/uploads\/2024\/05\/german-customer-arwards2024-150x150.jpeg\" target=\"_blank\" > <img decoding=\"async\" src=\"https:\/\/www.kern-unternehmensnachfolge.com\/wp-content\/uploads\/2024\/05\/german-customer-arwards2024-150x150.jpeg\" alt=\"German Customer Awards 2024\" \/> <\/a>   <a href=\"https:\/\/www.provenexpert.com\/kern-zukunft-fuer-lebenswerke\/\" target=\"_blank\" rel=\"noopener\"> <img decoding=\"async\" src=\"https:\/\/www.kern-unternehmensnachfolge.com\/wp-content\/uploads\/2025\/10\/Proven-Expert-Von-Kunden-Empfohlen-2025.webp\" alt=\"Proven Expert - Von Kunden Empfohlen 2025\" \/> <\/a>   <a href=\"https:\/\/die-deutsche-wirtschaft.de\/top-mittelstand-deutschland-kern-zukunft-fuer-lebenswerke\/\" target=\"_blank\" rel=\"noopener\"> <img decoding=\"async\" src=\"https:\/\/www.kern-unternehmensnachfolge.com\/wp-content\/uploads\/2025\/08\/Top-Branche-Siegel-KERN.webp\" alt=\"TOP mittelst\u00e4ndisches Unternehmen\" \/> <\/a>   <a href=\"https:\/\/die-deutsche-wirtschaft.de\/exzellenzberater\/kern-unternehmensnachfolge-erfolgreicher\/\" target=\"_blank\" rel=\"noopener\"> <img decoding=\"async\" src=\"https:\/\/www.kern-unternehmensnachfolge.com\/wp-content\/uploads\/2025\/03\/Exzellenzberater-Deutscher-Mittelstand-2023.webp\" alt=\"Exzellenzberater 2023\" \/> <\/a>   <a href=\"https:\/\/die-deutsche-wirtschaft.de\/exzellenzberater\/kern-unternehmensnachfolge-erfolgreicher\/\" target=\"_blank\" rel=\"noopener\"> <img decoding=\"async\" src=\"https:\/\/www.kern-unternehmensnachfolge.com\/wp-content\/uploads\/2025\/03\/Exzellenzberater-Deutscher-Mittelstand-2024.webp\" alt=\"Exzellenzberater 2024\" \/> <\/a>   <a href=\"#lightbox-6\" data-lightbox=\"lightbox-6\" data-img=\"https:\/\/www.kern-unternehmensnachfolge.com\/wp-content\/uploads\/2025\/09\/Exzellenter-Nachfolgeberater-Award-2025.webp\" target=\"_blank\" > <img decoding=\"async\" src=\"https:\/\/www.kern-unternehmensnachfolge.com\/wp-content\/uploads\/2025\/09\/Exzellenter-Nachfolgeberater-Award-2025.webp\" alt=\"Exzellenter Nachfolgeberater Award 2025\" \/> <\/a>   <a href=\"https:\/\/vimeo.com\/775891851\" target=\"_blank\" rel=\"noopener\"> <img decoding=\"async\" src=\"https:\/\/www.kern-unternehmensnachfolge.com\/wp-content\/uploads\/2023\/07\/kern-german-brand-award-2021-132x300.jpeg\" alt=\"German Brand Award 2021\" \/> <\/a>   <a href=\"https:\/\/vimeo.com\/787837024\" target=\"_blank\" rel=\"noopener\"> <img decoding=\"async\" src=\"https:\/\/www.kern-unternehmensnachfolge.com\/wp-content\/uploads\/2025\/03\/Innovator-des-Jahres-2021.webp\" alt=\"Innovator 2021\" \/> <\/a>   <a href=\"#lightbox-3\" data-lightbox=\"lightbox-3\" data-img=\"https:\/\/www.kern-unternehmensnachfolge.com\/wp-content\/uploads\/2023\/06\/TC_19_Member_Strich-211x300.jpg\" target=\"_blank\" > <img decoding=\"async\" src=\"https:\/\/www.kern-unternehmensnachfolge.com\/wp-content\/uploads\/2023\/06\/TC_19_Member_Strich-211x300.jpg\" alt=\"TC 19 Member\" \/> <\/a>   <a href=\"https:\/\/vimeo.com\/775920300\" target=\"_blank\" rel=\"noopener\"> <img decoding=\"async\" src=\"https:\/\/www.kern-unternehmensnachfolge.com\/wp-content\/uploads\/2023\/06\/TC_20_Member_Strich-210x300.jpg\" alt=\"TC 20 Member\" \/> <\/a>   <a href=\"https:\/\/www.top-consultant.de\/kern-unternehmensnachfolge-erfolgreicher-2023\/\" target=\"_blank\" rel=\"noopener\"> <img decoding=\"async\" src=\"https:\/\/www.kern-unternehmensnachfolge.com\/wp-content\/uploads\/2023\/06\/tc_23_member_strich-210x300.jpg\" alt=\"TC 23 Member\" \/> <\/a>   <a href=\"#lightbox-4\" data-lightbox=\"lightbox-4\" data-img=\"https:\/\/www.kern-unternehmensnachfolge.com\/wp-content\/uploads\/2025\/04\/SZ-Institut-Beste-Berater-Mittelstand.webp\" target=\"_blank\" > <img decoding=\"async\" src=\"https:\/\/www.kern-unternehmensnachfolge.com\/wp-content\/uploads\/2025\/04\/SZ-Institut-Beste-Berater-Mittelstand.webp\" alt=\"SZ Beste Berater Mittelstand\" \/> <\/a>   <a href=\"#lightbox-5\" data-lightbox=\"lightbox-5\" data-img=\"https:\/\/www.kern-unternehmensnachfolge.com\/wp-content\/uploads\/2025\/06\/WirtschaftsWoche-Beste-Berater-Mittelstand.webp\" target=\"_blank\" > <img decoding=\"async\" src=\"https:\/\/www.kern-unternehmensnachfolge.com\/wp-content\/uploads\/2025\/06\/WirtschaftsWoche-Beste-Berater-Mittelstand.webp\" alt=\"WirtschaftsWoche Beste Berater Mittelstand\" \/> <\/a>   <a href=\"#lightbox-7\" data-lightbox=\"lightbox-7\" data-img=\"https:\/\/www.kern-unternehmensnachfolge.com\/wp-content\/uploads\/2026\/03\/UDZ-Siegel_KERN.svg\" target=\"_blank\" > <img decoding=\"async\" src=\"https:\/\/www.kern-unternehmensnachfolge.com\/wp-content\/uploads\/2026\/03\/UDZ-Siegel_KERN.svg\" alt=\"UDZ-Siegel KERN\" \/> <\/a>  <!-- Duplicate logos for seamless loop -->  <a href=\"#lightbox-2\" data-lightbox=\"lightbox-2\" data-img=\"https:\/\/www.kern-unternehmensnachfolge.com\/wp-content\/uploads\/2024\/05\/german-customer-arwards2024-150x150.jpeg\" target=\"_blank\" > <img decoding=\"async\" src=\"https:\/\/www.kern-unternehmensnachfolge.com\/wp-content\/uploads\/2024\/05\/german-customer-arwards2024-150x150.jpeg\" alt=\"German Customer Awards 2024\" \/> <\/a>   <a href=\"https:\/\/www.provenexpert.com\/kern-zukunft-fuer-lebenswerke\/\" target=\"_blank\" rel=\"noopener\"> <img decoding=\"async\" src=\"https:\/\/www.kern-unternehmensnachfolge.com\/wp-content\/uploads\/2025\/10\/Proven-Expert-Von-Kunden-Empfohlen-2025.webp\" alt=\"Proven Expert - Von Kunden Empfohlen 2025\" \/> <\/a>   <a href=\"https:\/\/die-deutsche-wirtschaft.de\/top-mittelstand-deutschland-kern-zukunft-fuer-lebenswerke\/\" target=\"_blank\" rel=\"noopener\"> <img decoding=\"async\" src=\"https:\/\/www.kern-unternehmensnachfolge.com\/wp-content\/uploads\/2025\/08\/Top-Branche-Siegel-KERN.webp\" alt=\"TOP mittelst\u00e4ndisches Unternehmen\" \/> <\/a>   <a href=\"https:\/\/die-deutsche-wirtschaft.de\/exzellenzberater\/kern-unternehmensnachfolge-erfolgreicher\/\" target=\"_blank\" rel=\"noopener\"> <img decoding=\"async\" src=\"https:\/\/www.kern-unternehmensnachfolge.com\/wp-content\/uploads\/2025\/03\/Exzellenzberater-Deutscher-Mittelstand-2023.webp\" alt=\"Exzellenzberater 2023\" \/> <\/a>   <a href=\"https:\/\/die-deutsche-wirtschaft.de\/exzellenzberater\/kern-unternehmensnachfolge-erfolgreicher\/\" target=\"_blank\" rel=\"noopener\"> <img decoding=\"async\" src=\"https:\/\/www.kern-unternehmensnachfolge.com\/wp-content\/uploads\/2025\/03\/Exzellenzberater-Deutscher-Mittelstand-2024.webp\" alt=\"Exzellenzberater 2024\" \/> <\/a>   <a href=\"#lightbox-6\" data-lightbox=\"lightbox-6\" data-img=\"https:\/\/www.kern-unternehmensnachfolge.com\/wp-content\/uploads\/2025\/09\/Exzellenter-Nachfolgeberater-Award-2025.webp\" target=\"_blank\" > <img decoding=\"async\" src=\"https:\/\/www.kern-unternehmensnachfolge.com\/wp-content\/uploads\/2025\/09\/Exzellenter-Nachfolgeberater-Award-2025.webp\" alt=\"Exzellenter Nachfolgeberater Award 2025\" \/> <\/a>   <a href=\"https:\/\/vimeo.com\/775891851\" target=\"_blank\" rel=\"noopener\"> <img decoding=\"async\" src=\"https:\/\/www.kern-unternehmensnachfolge.com\/wp-content\/uploads\/2023\/07\/kern-german-brand-award-2021-132x300.jpeg\" alt=\"German Brand Award 2021\" \/> <\/a>   <a href=\"https:\/\/vimeo.com\/787837024\" target=\"_blank\" rel=\"noopener\"> <img decoding=\"async\" src=\"https:\/\/www.kern-unternehmensnachfolge.com\/wp-content\/uploads\/2025\/03\/Innovator-des-Jahres-2021.webp\" alt=\"Innovator 2021\" \/> <\/a>   <a href=\"#lightbox-3\" data-lightbox=\"lightbox-3\" data-img=\"https:\/\/www.kern-unternehmensnachfolge.com\/wp-content\/uploads\/2023\/06\/TC_19_Member_Strich-211x300.jpg\" target=\"_blank\" > <img decoding=\"async\" src=\"https:\/\/www.kern-unternehmensnachfolge.com\/wp-content\/uploads\/2023\/06\/TC_19_Member_Strich-211x300.jpg\" alt=\"TC 19 Member\" \/> <\/a>   <a href=\"https:\/\/vimeo.com\/775920300\" target=\"_blank\" rel=\"noopener\"> <img decoding=\"async\" src=\"https:\/\/www.kern-unternehmensnachfolge.com\/wp-content\/uploads\/2023\/06\/TC_20_Member_Strich-210x300.jpg\" alt=\"TC 20 Member\" \/> <\/a>   <a href=\"https:\/\/www.top-consultant.de\/kern-unternehmensnachfolge-erfolgreicher-2023\/\" target=\"_blank\" rel=\"noopener\"> <img decoding=\"async\" src=\"https:\/\/www.kern-unternehmensnachfolge.com\/wp-content\/uploads\/2023\/06\/tc_23_member_strich-210x300.jpg\" alt=\"TC 23 Member\" \/> <\/a>   <a href=\"#lightbox-4\" data-lightbox=\"lightbox-4\" data-img=\"https:\/\/www.kern-unternehmensnachfolge.com\/wp-content\/uploads\/2025\/04\/SZ-Institut-Beste-Berater-Mittelstand.webp\" target=\"_blank\" > <img decoding=\"async\" src=\"https:\/\/www.kern-unternehmensnachfolge.com\/wp-content\/uploads\/2025\/04\/SZ-Institut-Beste-Berater-Mittelstand.webp\" alt=\"SZ Beste Berater Mittelstand\" \/> <\/a>   <a href=\"#lightbox-5\" data-lightbox=\"lightbox-5\" data-img=\"https:\/\/www.kern-unternehmensnachfolge.com\/wp-content\/uploads\/2025\/06\/WirtschaftsWoche-Beste-Berater-Mittelstand.webp\" target=\"_blank\" > <img decoding=\"async\" src=\"https:\/\/www.kern-unternehmensnachfolge.com\/wp-content\/uploads\/2025\/06\/WirtschaftsWoche-Beste-Berater-Mittelstand.webp\" alt=\"WirtschaftsWoche Beste Berater Mittelstand\" \/> <\/a>   <a href=\"#lightbox-7\" data-lightbox=\"lightbox-7\" data-img=\"https:\/\/www.kern-unternehmensnachfolge.com\/wp-content\/uploads\/2026\/03\/UDZ-Siegel_KERN.svg\" target=\"_blank\" > <img decoding=\"async\" src=\"https:\/\/www.kern-unternehmensnachfolge.com\/wp-content\/uploads\/2026\/03\/UDZ-Siegel_KERN.svg\" alt=\"UDZ-Siegel KERN\" \/> <\/a>    <!-- Lightbox containers -->   <span>\u2715<\/span> <img decoding=\"async\" src=\"https:\/\/www.kern-unternehmensnachfolge.com\/wp-content\/uploads\/2024\/05\/german-customer-arwards2024-150x150.jpeg\" alt=\"German Customer Awards 2024\" \/> German Customer Awards 2024     <span>\u2715<\/span> <img decoding=\"async\" src=\"https:\/\/www.kern-unternehmensnachfolge.com\/wp-content\/uploads\/2023\/06\/TC_19_Member_Strich-211x300.jpg\" alt=\"TC 19 Member\" \/> TC 19 Member     <span>\u2715<\/span> <img decoding=\"async\" src=\"https:\/\/www.kern-unternehmensnachfolge.com\/wp-content\/uploads\/2025\/04\/SZ-Institut-Beste-Berater-Mittelstand.webp\" alt=\"SZ - Beste Berater Mittelstand\" \/>  Beste Berater Mittelstand &#8211; SZ Institut      <span>\u2715<\/span> <img decoding=\"async\" src=\"https:\/\/www.kern-unternehmensnachfolge.com\/wp-content\/uploads\/2025\/06\/WirtschaftsWoche-Beste-Berater-Mittelstand.webp\" alt=\"WirtschaftsWoche - Beste Berater Mittelstand\" \/>  Beste Berater Mittelstand &#8211; WirtschaftsWoche      <span>\u2715<\/span> <img decoding=\"async\" src=\"https:\/\/www.kern-unternehmensnachfolge.com\/wp-content\/uploads\/2025\/09\/Exzellenter-Nachfolgeberater-Award-2025.webp\" alt=\"Exzellenter Nachfolgeberater Award 2025\" \/>  Exzellenter Nachfolgeberater Award 2025      <span>\u2715<\/span> <img decoding=\"async\" src=\"https:\/\/www.kern-unternehmensnachfolge.com\/wp-content\/uploads\/2026\/03\/UDZ-Siegel_KERN.svg\" alt=\"UDZ-Siegel KERN\" \/>  UDZ-Siegel KERN    <!-- JavaScript for lightbox functionality -->  <\/p>\n<h2 style=\"text-align: center;\">Ein faires und transparentes System f\u00fcr den gemeinsamen Erfolg zur Beratung von Unternehmensnachfolgen in Familienunternehmen<\/h2>\n<h2 style=\"text-align: center;\">KERN ist in der gesamten DACH-Region der gr\u00f6\u00dfte Anbieter f\u00fcr ein Gesch\u00e4ftskonzept im Franchising zu Dienstleistungen und Produkten rund um die Unternehmensnachfolge im Mittelstand. Lassen Sie sich von unserer Leidenschaft anstecken.<\/h2>\n<h4 style=\"text-align: center;\">Unternehmensverkauf<\/h4>\n<h4 style=\"text-align: center;\">Generationswechsel<\/h4>\n<h4 style=\"text-align: center;\">Unternehmenskauf<\/h4>\n<p><span style=\"width: 100%;\"><img decoding=\"async\" alt=\"\" width=\"100\" height=\"100\" title=\"holger-habermann-autor-150x150\" data-id=\"32476\" src=\"https:\/\/www.kern-unternehmensnachfolge.com\/wp-content\/uploads\/2025\/01\/holger-habermann-autor-150x150-1.jpg\" style=\"aspect-ratio: auto 150 \/ 150;\" data-width=\"100\" data-height=\"100\" data-init-width=\"150\" data-init-height=\"150\" loading=\"lazy\"><\/span><\/p>\n<h5 style=\"text-align: center;\">Holger Habermann<\/h5>\n<h6 style=\"text-align: center;\">\u201eIch bin seit vielen Jahren KERN-Partner und w\u00fcrde mich jeden Tag voller Begeisterung erneut so beruflich entscheiden!\u201c&nbsp;<\/h6>\n<p>KERN-Partner in M\u00fcnchen und stellvertretender Vorsitzender des Beirats der KERN-System GmbH<span style=\"width: 100%;\"><img decoding=\"async\" alt=\"\" width=\"100\" height=\"100\" title=\"Bild-Slawek-e1635864192337-100x100\" data-id=\"32475\" src=\"https:\/\/www.kern-unternehmensnachfolge.com\/wp-content\/uploads\/2025\/01\/Bild-Slawek-e1635864192337-100x100-1.jpg\" style=\"aspect-ratio: auto 100 \/ 100;\" data-width=\"100\" data-height=\"100\" data-init-width=\"100\" data-init-height=\"100\" loading=\"lazy\"><\/span><\/p>\n<p style=\"text-align: center;\">Dr. Peter Slawek<\/p>\n<h6 style=\"text-align: center;\">\u201eMich erf\u00fcllt diese anspruchsvolle Beratung f\u00fcr Familienunternehmen jeden Tag. Ich h\u00e4tte nie gedacht, innerhalb k\u00fcrzester Zeit mit KERN so erfolgreich sein zu k\u00f6nnen\u201c<\/h6>\n<p>KERN-Partner in Essen und Landespate f\u00fcr KERN in Polen<span style=\"width: 100%;\"><img decoding=\"async\" alt=\"\" width=\"100\" height=\"100\" title=\"Ingo-Claus-Unternehmensverkauf-Osnabr\u00fcck-M\u00fcnster-OWL-100x100\" data-id=\"32474\" src=\"https:\/\/www.kern-unternehmensnachfolge.com\/wp-content\/uploads\/2025\/01\/Ingo-Claus-Unternehmensverkauf-Osnabrueck-Muenster-OWL-100x100-1.jpg\" style=\"aspect-ratio: auto 100 \/ 100;\" data-width=\"100\" data-height=\"100\" data-init-width=\"100\" data-init-height=\"100\" loading=\"lazy\"><\/span><\/p>\n<p style=\"text-align: center;\">Ingo Claus<\/p>\n<h6 style=\"text-align: center;\">\u201eBei KERN bin ich zu 100% Unternehmer. &nbsp;Die Systempartnerschaft gibt mir alle Chancen und Wachstumsm\u00f6glichkeiten, die ich immer gesucht habe. Auf Augenh\u00f6he mit unseren Mandanten und den Kollegen.\u201c<\/h6>\n<p style=\"text-align: center;\">KERN-Partner in Osnabr\u00fcck<\/p>\n<p><span><img decoding=\"async\" alt=\"Kern - Warum wir machen was wir machen\" data-id=\"37071\" width=\"310\" data-init-width=\"1200\" height=\"233\" data-init-height=\"750\" title=\"Kern - Warum wir machen was wir machen\" src=\"https:\/\/www.kern-unternehmensnachfolge.com\/wp-content\/uploads\/2026\/04\/Kern-Warum-wir-machen-was-wir-machen.webp\" data-width=\"310\" data-height=\"233\" style=\"aspect-ratio: auto 1200 \/ 750;\" data-link-wrap=\"true\" loading=\"lazy\"><\/span><span><img decoding=\"async\" alt=\"KERN - igenda Siegel - STANDARD 05.2025\" data-id=\"37068\" width=\"321\" data-init-width=\"600\" height=\"161\" data-init-height=\"300\" title=\"KERN - igenda Siegel - STANDARD 05.2025\" src=\"https:\/\/www.kern-unternehmensnachfolge.com\/wp-content\/uploads\/2026\/04\/KERN-igenda-Siegel-STANDARD-05.2025.webp\" data-width=\"321\" data-height=\"161\" style=\"aspect-ratio: auto 600 \/ 300;\" loading=\"lazy\"><\/span><\/p>\n<h2 style=\"text-align: center;\">Warum wir machen, was wir machen:<\/h2>\n<p style=\"text-align: center;\">Wir von KERN glauben, dass unsere t\u00e4gliche Arbeit den Sinn hat, die vielschichtigen Werte von Familienunternehmen achtsam zu erhalten, zu \u00fcbertragen und in die Zukunft zu transferieren.<\/p>\n<p style=\"text-align: center;\">Das ist unser konkreter Beitrag zum Erhalt und zur Entwicklung von Werten in der Gesellschaft.<\/p>\n<p style=\"text-align: center;\">Werte im Sinne von Haltung, Mensch-sein, Verantwortung, Respekt, Unternehmertum, Gesellschaft, Arbeitspl\u00e4tzen, Sachwerten, Identifizierung, Demokratie und Sicherheit. Und ebenso wirtschaftliche und monet\u00e4re Werte.<\/p>\n<p style=\"text-align: center;\">Familienunternehmen stehen weltweit f\u00fcr konkrete und erlebbare Werte im Miteinander und der Verantwortung f\u00fcr eine soziale Marktwirtschaft. Familienunternehmen sind eine wichtige Verbindung in die Gesellschaft und schaffen Stabilit\u00e4t und Wohlstand in einer Gesellschaft.<\/p>\n<h2 style=\"text-align: center;\">Unser Wunschprofil an zuk\u00fcnftige KERN-Experten:<\/h2>\n<ul>\n<li><span>Erfahrung in der Beratung von kleinen und mittelst\u00e4ndischen Unternehmen, &nbsp;eine ausgewiesene M&amp;A-Expertise oder Ausbildung ist von gro\u00dfem Vorteil (Wir empfehlen z.B. unterst\u00fctzend&nbsp;<a href=\"https:\/\/www.ellipsis.de\/ellipsis-campus\/unternehmensnachfolge\/\" target=\"_blank\" style=\"outline: none;\" rel=\"noopener\">Ellipsis<\/a>&nbsp;,<a href=\"https:\/\/www.kmu-berater.de\/fuer-berater\/akademie\/kmu-berater-unternehmensnachfolge\/\" target=\"_blank\" style=\"outline: none;\" rel=\"noopener\">KMU-Berater,&nbsp;<\/a><a href=\"https:\/\/www.unternehmensnachfolge.top\/\" target=\"_blank\" style=\"outline: none;\" rel=\"noopener\">IHK-Zertifikat Nachfolgeberatung<\/a> oder die <a href=\"https:\/\/www.frankfurt-school.de\/home\" target=\"_blank\" style=\"outline: none;\" rel=\"noopener\">Frankfurt School of Finance<\/a> &#8211; ohne jegliche Wertung)<\/span><\/li>\n<li><span>Netzwerke \/ Kontakte zu Verb\u00e4nden und Organisationen, regionale Vernetzung<\/span><\/li>\n<li><span>Hohes Ma\u00df an eigenst\u00e4ndiger Leistungsbereitschaft, Professionalit\u00e4t und Engagement, umfangreiche Vertriebserfahrung<\/span><\/li>\n<li><span>Prozesshaftes Denken und Handeln<\/span><\/li>\n<li><span>F\u00fchrungs- und Moderationsqualit\u00e4ten<\/span><\/li>\n<li><span>Idealerweise Erfahrungen als Coach\/ Trainer oder Moderator<\/span><\/li>\n<li><span>Verhandlungssicher auf \u201eAugenh\u00f6he\u201c mit Unternehmensinhabern<\/span><\/li>\n<\/ul>\n<p><span><img decoding=\"async\" alt=\"Standorte-KERN_10.2025\" data-id=\"35545\" width=\"360\" data-init-width=\"1140\" height=\"221\" data-init-height=\"700\" title=\"Standorte-KERN_10.2025\" loading=\"lazy\" src=\"https:\/\/www.kern-unternehmensnachfolge.com\/wp-content\/uploads\/2026\/01\/Standorte-KERN_10.2025.webp\" data-width=\"360\" data-height=\"221\" style=\"aspect-ratio: auto 1140 \/ 700;\"><\/span><span style=\"\"><img decoding=\"async\" alt=\"KERN Gruppe\" data-id=\"34937\" width=\"533\" data-init-width=\"1400\" height=\"329\" data-init-height=\"866\" title=\"KERN Gruppe\" src=\"https:\/\/www.kern-unternehmensnachfolge.com\/wp-content\/uploads\/2025\/09\/KERN-Gruppe.webp\" data-width=\"533\" data-height=\"329\" style=\"aspect-ratio: auto 1400 \/ 866;\" ml-d=\"0\" mt-d=\"0\" loading=\"lazy\"><\/span><\/p>\n<ul>\n<li><span>ggf. Kompetenzschwerpunkte innerhalb einer Branche<\/span><\/li>\n<li><span>Teamorientiertes Arbeiten in einem Netzwerkverbund<\/span><\/li>\n<li><span>Permanente Bereitschaft zur Weiterbildung<\/span><\/li>\n<li><span>Identifikation mit dem KERN \u2013 Unternehmensleitbild<\/span><\/li>\n<li><span>Fokussierung zu 100% auf das Thema Unternehmensnachfolge &#8211; alternativ eine enge Verbindung als KERN-Berater zu einem KERN-Partnerstandort<\/span><\/li>\n<li><span>Optional: Perfekte Sprachkenntnisse f\u00fcr europ\u00e4ische L\u00e4nder au\u00dferhalb der DACH-Region zum Aufbau von KERN-L\u00e4ndergesellschaften<br \/><\/span><\/li>\n<li><span>Informieren Sie sich jetzt auf der<a href=\"https:\/\/www.kfw.de\/inlandsfoerderung\/Unternehmen\/Gr%C3%BCndung-und-Nachfolge\/Gr%C3%BCndung\/\" target=\"_blank\" rel=\"noopener\"> Seite der KFW <\/a>f\u00fcr die tollen F\u00f6rderm\u00f6glichkeiten in Deutschland bei der Gr\u00fcndung von Unternehmen.<\/span><\/li>\n<\/ul>\n<h3 style=\"text-align: center;\">Schreiben Sie KERN-Gr\u00fcnder Nils Koerber pers\u00f6nlich<\/h3>\n<p style=\"text-align: center;\">Ihr m\u00f6gliches Interesse und Ihre Hintergr\u00fcnde und Motivation an einer Zusammenarbeit:<\/p>\n<p>[tcb-script src=&#8220;https:\/\/unternehmensnachfolge.activehosted.com\/f\/embed.php?id=164&#8243; charset=&#8220;utf-8&#8243;][\/tcb-script]<\/p>\n","protected":false},"excerpt":{"rendered":"<p>Sind Sie neugierig auf KERN als Beratungsmarke und Partnerschaftssystem? Unternehmensnachfolge als Erfolgskonzept f\u00fcr Berater in der DACH-Region und Europa. Leben [&hellip;]<\/p>\n","protected":false},"author":1,"featured_media":0,"parent":0,"menu_order":0,"comment_status":"closed","ping_status":"closed","template":"","meta":{"wp_typography_post_enhancements_disabled":false,"_kad_blocks_custom_css":"","_kad_blocks_head_custom_js":"","_kad_blocks_body_custom_js":"","_kad_blocks_footer_custom_js":"","site-sidebar-layout":"no-sidebar","site-content-layout":"default","ast-site-content-layout":"default","site-content-style":"default","site-sidebar-style":"default","ast-global-header-display":"","ast-banner-title-visibility":"","ast-main-header-display":"","ast-hfb-above-header-display":"","ast-hfb-below-header-display":"","ast-hfb-mobile-header-display":"","site-post-title":"disabled","ast-breadcrumbs-content":"","ast-featured-img":"","footer-sml-layout":"","ast-disable-related-posts":"","theme-transparent-header-meta":"default","adv-header-id-meta":"","stick-header-meta":"default","header-above-stick-meta":"","header-main-stick-meta":"","header-below-stick-meta":"","astra-migrate-meta-layouts":"default","ast-page-background-enabled":"default","ast-page-background-meta":{"desktop":{"background-color":"","background-image":"","background-repeat":"repeat","background-position":"center center","background-size":"auto","background-attachment":"scroll","background-type":"","background-media":"","overlay-type":"","overlay-color":"","overlay-opacity":"","overlay-gradient":""},"tablet":{"background-color":"","background-image":"","background-repeat":"repeat","background-position":"center center","background-size":"auto","background-attachment":"scroll","background-type":"","background-media":"","overlay-type":"","overlay-color":"","overlay-opacity":"","overlay-gradient":""},"mobile":{"background-color":"","background-image":"","background-repeat":"repeat","background-position":"center center","background-size":"auto","background-attachment":"scroll","background-type":"","background-media":"","overlay-type":"","overlay-color":"","overlay-opacity":"","overlay-gradient":""}},"ast-content-background-meta":{"desktop":{"background-color":"var(--ast-global-color-5)","background-image":"","background-repeat":"repeat","background-position":"center center","background-size":"auto","background-attachment":"scroll","background-type":"","background-media":"","overlay-type":"","overlay-color":"","overlay-opacity":"","overlay-gradient":""},"tablet":{"background-color":"var(--ast-global-color-5)","background-image":"","background-repeat":"repeat","background-position":"center center","background-size":"auto","background-attachment":"scroll","background-type":"","background-media":"","overlay-type":"","overlay-color":"","overlay-opacity":"","overlay-gradient":""},"mobile":{"background-color":"var(--ast-global-color-5)","background-image":"","background-repeat":"repeat","background-position":"center center","background-size":"auto","background-attachment":"scroll","background-type":"","background-media":"","overlay-type":"","overlay-color":"","overlay-opacity":"","overlay-gradient":""}},"iawp_total_views":238,"footnotes":""},"class_list":["post-19868","page","type-page","status-publish","hentry"],"taxonomy_info":[],"featured_image_src_large":false,"author_info":{"display_name":"filialleiter","author_link":"https:\/\/www.kern-unternehmensnachfolge.com\/it\/author\/filialleiter\/"},"comment_info":0,"_links":{"self":[{"href":"https:\/\/www.kern-unternehmensnachfolge.com\/it\/wp-json\/wp\/v2\/pages\/19868","targetHints":{"allow":["GET"]}}],"collection":[{"href":"https:\/\/www.kern-unternehmensnachfolge.com\/it\/wp-json\/wp\/v2\/pages"}],"about":[{"href":"https:\/\/www.kern-unternehmensnachfolge.com\/it\/wp-json\/wp\/v2\/types\/page"}],"author":[{"embeddable":true,"href":"https:\/\/www.kern-unternehmensnachfolge.com\/it\/wp-json\/wp\/v2\/users\/1"}],"replies":[{"embeddable":true,"href":"https:\/\/www.kern-unternehmensnachfolge.com\/it\/wp-json\/wp\/v2\/comments?post=19868"}],"version-history":[{"count":16,"href":"https:\/\/www.kern-unternehmensnachfolge.com\/it\/wp-json\/wp\/v2\/pages\/19868\/revisions"}],"predecessor-version":[{"id":37084,"href":"https:\/\/www.kern-unternehmensnachfolge.com\/it\/wp-json\/wp\/v2\/pages\/19868\/revisions\/37084"}],"wp:attachment":[{"href":"https:\/\/www.kern-unternehmensnachfolge.com\/it\/wp-json\/wp\/v2\/media?parent=19868"}],"curies":[{"name":"wp","href":"https:\/\/api.w.org\/{rel}","templated":true}]}}