{"id":1913,"date":"2018-07-22T17:48:25","date_gmt":"2018-07-22T15:48:25","guid":{"rendered":"https:\/\/great-kare.185-125-174-66.plesk.page\/?page_id=1913"},"modified":"2021-09-09T16:03:13","modified_gmt":"2021-09-09T14:03:13","slug":"beratung-und-coaching","status":"publish","type":"page","link":"https:\/\/www.kern-unternehmensnachfolge.com\/it\/beratung-und-coaching\/","title":{"rendered":"Beratung und Coaching aus einer Hand f\u00fcr Ihre indivi\u00addu\u00adel\u00adle Nachfolgel\u00f6sung"},"content":{"rendered":"<h1 style=\"text-align: left;\">Beratung oder Coaching. Zwei Ans\u00e4t\u00adze, ein&nbsp;Ziel.<\/h1>\n<h3><span>Analy\u00adsie\u00adren und L\u00f6sun\u00adgen aufzeigen&nbsp;<\/span><\/h3>\n<p>Wir beraten Sie mit unserer Erfah\u00adrung und Profes\u00adsio\u00adna\u00adli\u00adt\u00e4t aus mehre\u00adren hundert Nachfol\u00adge\u00adl\u00f6\u00adsun\u00adgen. Dabei profi\u00adtie\u00adren Sie von unserer Praxis und nachweis\u00adba\u00adren Erfol\u00adgen. Als Berater analy\u00adsie\u00adren wir Ihre Situa\u00adti\u00adon und zeigen Ihnen neue L\u00f6sungs\u00adwe\u00adge auf. Erwei\u00adtert beglei\u00adten wir Sie auf Wunsch auch ganz konkret in der gesam\u00adten Umset\u00adzung der gew\u00fcnsch\u00adten Ma\u00dfnah\u00admen. Sie profi\u00adtie\u00adren von unserem Exper\u00adten\u00adwis\u00adsen und sparen sich somit Zeit und teure Fehler.<\/p>\n<h3><span>Fragen stellen, damit Sie zu der besten Antwort kommen<\/span><\/h3>\n<p>Im Coaching nehmen wir f\u00fcr Sie eine 360 Grad Perspek\u00adti\u00adve ein und stellen Ihnen die richti\u00adgen Fragen im Themen\u00adum\u00adfeld einer Unternehmens\u00adnachfolge. So kommen Sie zu der f\u00fcr Sie indivi\u00addu\u00adell passen\u00adden L\u00f6sung. Im Sinne Ihrer Unter\u00adneh\u00admung, Ihrer Familie und Ihrer Ziele. Das schafft f\u00fcr Sie Klarheit und und einen Rahmen f\u00fcr Entschei\u00addun\u00adgen. Coaching mit uns ist eine profes\u00adsio\u00adnel\u00adle Erwei\u00adte\u00adrung Ihres Denk- und Handlungs\u00adspiel\u00adraums. Wir sind Ihr Sparrings\u00adpart\u00adner zur Kl\u00e4rung Ihrer Fragen.<\/p>\n<p>Sie werden l\u00f6sungs\u00adori\u00aden\u00adtiert und wertsch\u00e4t\u00adzend auf dem Weg zu Ihren eigenen, ma\u00dfge\u00adschnei\u00adder\u00adten L\u00f6sun\u00adgen von uns beglei\u00adtet und erwei\u00adtern Ihre Handlungs\u00adkom\u00adpe\u00adtenz. Sie gewin\u00adnen durch unsere syste\u00admi\u00adsche Haltung f\u00fcr diesen Prozess ein ausge\u00adspro\u00adchen hohes Ma\u00df an Vertrau\u00aden f\u00fcr Ihre Umset\u00adzungs\u00adschrit\u00adte. Ein KERN-Coaching ist eine freiwil\u00adlig gew\u00fcnsch\u00adte Beratungs\u00adbe\u00adzie\u00adhung. Bei Ihrem Coaching mit <span class=\"caps\">KERN<\/span> stehen immer das Ziel, die L\u00f6sung und das Poten\u00adti\u00adal im Vordergrund.<\/p>","protected":false},"excerpt":{"rendered":"<p>Beratung oder Coaching. Zwei Ans\u00e4tze, ein Ziel. Analysieren und L\u00f6sungen aufzeigen&nbsp; Wir beraten Sie mit unserer Erfahrung und Professionalit\u00e4t aus [&hellip;]<\/p>\n","protected":false},"author":1,"featured_media":0,"parent":0,"menu_order":0,"comment_status":"closed","ping_status":"closed","template":"","meta":{"wp_typography_post_enhancements_disabled":false,"site-sidebar-layout":"no-sidebar","site-content-layout":"page-builder","ast-site-content-layout":"default","site-content-style":"default","site-sidebar-style":"default","ast-global-header-display":"","ast-banner-title-visibility":"","ast-main-header-display":"","ast-hfb-above-header-display":"","ast-hfb-below-header-display":"","ast-hfb-mobile-header-display":"","site-post-title":"disabled","ast-breadcrumbs-content":"","ast-featured-img":"disabled","footer-sml-layout":"","ast-disable-related-posts":"","theme-transparent-header-meta":"default","adv-header-id-meta":"","stick-header-meta":"default","header-above-stick-meta":"","header-main-stick-meta":"","header-below-stick-meta":"","astra-migrate-meta-layouts":"default","ast-page-background-enabled":"default","ast-page-background-meta":{"desktop":{"background-color":"","background-image":"","background-repeat":"repeat","background-position":"center center","background-size":"auto","background-attachment":"scroll","background-type":"","background-media":"","overlay-type":"","overlay-color":"","overlay-opacity":"","overlay-gradient":""},"tablet":{"background-color":"","background-image":"","background-repeat":"repeat","background-position":"center center","background-size":"auto","background-attachment":"scroll","background-type":"","background-media":"","overlay-type":"","overlay-color":"","overlay-opacity":"","overlay-gradient":""},"mobile":{"background-color":"","background-image":"","background-repeat":"repeat","background-position":"center center","background-size":"auto","background-attachment":"scroll","background-type":"","background-media":"","overlay-type":"","overlay-color":"","overlay-opacity":"","overlay-gradient":""}},"ast-content-background-meta":{"desktop":{"background-color":"var(--ast-global-color-5)","background-image":"","background-repeat":"repeat","background-position":"center center","background-size":"auto","background-attachment":"scroll","background-type":"","background-media":"","overlay-type":"","overlay-color":"","overlay-opacity":"","overlay-gradient":""},"tablet":{"background-color":"var(--ast-global-color-5)","background-image":"","background-repeat":"repeat","background-position":"center center","background-size":"auto","background-attachment":"scroll","background-type":"","background-media":"","overlay-type":"","overlay-color":"","overlay-opacity":"","overlay-gradient":""},"mobile":{"background-color":"var(--ast-global-color-5)","background-image":"","background-repeat":"repeat","background-position":"center center","background-size":"auto","background-attachment":"scroll","background-type":"","background-media":"","overlay-type":"","overlay-color":"","overlay-opacity":"","overlay-gradient":""}},"iawp_total_views":4,"footnotes":""},"class_list":["post-1913","page","type-page","status-publish","hentry"],"_links":{"self":[{"href":"https:\/\/www.kern-unternehmensnachfolge.com\/it\/wp-json\/wp\/v2\/pages\/1913","targetHints":{"allow":["GET"]}}],"collection":[{"href":"https:\/\/www.kern-unternehmensnachfolge.com\/it\/wp-json\/wp\/v2\/pages"}],"about":[{"href":"https:\/\/www.kern-unternehmensnachfolge.com\/it\/wp-json\/wp\/v2\/types\/page"}],"author":[{"embeddable":true,"href":"https:\/\/www.kern-unternehmensnachfolge.com\/it\/wp-json\/wp\/v2\/users\/1"}],"replies":[{"embeddable":true,"href":"https:\/\/www.kern-unternehmensnachfolge.com\/it\/wp-json\/wp\/v2\/comments?post=1913"}],"version-history":[{"count":0,"href":"https:\/\/www.kern-unternehmensnachfolge.com\/it\/wp-json\/wp\/v2\/pages\/1913\/revisions"}],"wp:attachment":[{"href":"https:\/\/www.kern-unternehmensnachfolge.com\/it\/wp-json\/wp\/v2\/media?parent=1913"}],"curies":[{"name":"wp","href":"https:\/\/api.w.org\/{rel}","templated":true}]}}