{"id":1885,"date":"2018-07-21T20:34:31","date_gmt":"2018-07-21T18:34:31","guid":{"rendered":"https:\/\/great-kare.185-125-174-66.plesk.page\/?page_id=1885"},"modified":"2023-08-16T19:33:50","modified_gmt":"2023-08-16T17:33:50","slug":"kaeufersuche","status":"publish","type":"page","link":"https:\/\/www.kern-unternehmensnachfolge.com\/it\/kaeufersuche\/","title":{"rendered":"Die diskre\u00adte K\u00e4ufer\u00adsu\u00adche als  Kern des erfolg\u00adrei\u00adchen Verkaufsprozesses"},"content":{"rendered":"<h1 style=\"text-align: left;\">Die K\u00e4ufer\u00adsu\u00adche<\/h1>\n<p>Die Identi\u00adfi\u00adzie\u00adrung und diskre\u00adte Anspra\u00adche geeig\u00adne\u00adter Kaufin\u00adter\u00ades\u00adsen\u00adten ist der Kern eines jeden erfolg\u00adrei\u00adchen Verkaufs\u00adpro\u00adzes\u00adses. Wo finden Sie als verkaufs\u00adbe\u00adrei\u00adter Unter\u00adneh\u00admer den passen\u00adden K\u00e4ufer? Und wie k\u00f6nnen Sie schon im Vorfeld erken\u00adnen, womit die beste Anspra\u00adche erfol\u00adgen kann? Ist f\u00fcr Ihre Nachfol\u00adge\u00adsi\u00adche\u00adrung eine Einzel\u00adper\u00adson, ein strate\u00adgi\u00adscher Inves\u00adtor (manch\u00admal auch direkt aus dem Wettbe\u00adwerbs\u00adum\u00adfeld) oder ein Finanz\u00adin\u00adves\u00adtor der richti\u00adge Nachfol\u00adger und K\u00e4ufer?<\/p>\n<h3><span>Der richti\u00adge K\u00e4ufer f\u00e4llt nicht vom Himmel<\/span><\/h3>\n<p>Wichtig ist, den Suchra\u00addi\u00adus nicht zu eng zu ziehen, sondern breit Ausschau zu halten und auch \u00fcberre\u00adgio\u00adnal (ggf. auch inter\u00adna\u00adtio\u00adnal) &nbsp;anzuspre\u00adchen. Die poten\u00adti\u00adel\u00adlen K\u00e4ufer werden zun\u00e4chst anonym \u00fcber einen Nachfol\u00adge\u00adbe\u00adra\u00adter angespro\u00adchen und gepr\u00fcft. Verf\u00fc\u00adgen Kaufin\u00adter\u00ades\u00adsen\u00adten nicht \u00fcber eine Mindest\u00adaus\u00adstat\u00adtung an Eigen\u00adka\u00adpi\u00adtal, machen Gespr\u00e4\u00adche meist keinen Sinn. Erst nach Abschluss einer Vertrau\u00adlich\u00adkeits\u00ader\u00adkl\u00e4\u00adrung erhal\u00adten ernst\u00adhaf\u00adte Inter\u00ades\u00adsen\u00adten Zugang zu weite\u00adren Infor\u00adma\u00adtio\u00adnen. Viele Unter\u00adneh\u00admer machen den Fehler, nur bei bereits bekann\u00adten Wettbe\u00adwer\u00adbern, Kunden oder Liefe\u00adran\u00adten zu suchen. Wenn diese abwin\u00adken oder entt\u00e4u\u00adschen\u00adde Angebo\u00adte abgeben, fehlen weite\u00adre Kandi\u00adda\u00adten zur Nachfolgesicherung.<\/p>\n<h3><span>Keine Zeit mit den falschen Kandi\u00adda\u00adten verschwenden<\/span><\/h3>\n<p>Besser ist es, von Anfang an alle aktuell in Betracht kommen\u00adden Inter\u00ades\u00adsen\u00adten diskret zu sondie\u00adren. Viele Verk\u00e4u\u00adfer machen den Fehler, mit den falschen Kandi\u00adda\u00adten zu viel Zeit in Gespr\u00e4\u00adchen zu verlie\u00adren, die sich lange hinzie\u00adhen und h\u00e4ufig im Sande verlau\u00adfen. Ein erfah\u00adren\u00adder Nachfol\u00adge\u00adbe\u00adra\u00adter verf\u00fcgt \u00fcber einen guten Zugang zu aktuell suchen\u00adden MBI-Kandi\u00adda\u00adten und kennt passen\u00adde strate\u00adgi\u00adsche Inves\u00adto\u00adren. Nach ersten Sondie\u00adrun\u00adgen verdich\u00adtet sich das Feld der Inter\u00ades\u00adsen\u00adten meist recht schnell. Die sich dann anschlie\u00ad\u00dfen\u00adden Gespr\u00e4\u00adche und Verhand\u00adlun\u00adgen k\u00f6nnen dann effizi\u00aden\u00adter und zielge\u00adrich\u00adtet erfolgen.<\/p>\n<h3 style><span class=\"caps\">KERN<\/span> hat einen direk\u00adten Zugang zu \u00fcber 300.000 gepr\u00fcf\u00adten Kaufin\u00adter\u00ades\u00adsen\u00adten im Netzwerk und den KERN-Datenbanken.<\/h3>\n<p>Unsere natio\u00adna\u00adlen und inter\u00adna\u00adtio\u00adna\u00adlen Aktivi\u00adt\u00e4\u00adten und die Spezia\u00adli\u00adsie\u00adrung als Marke im Markt der Unternehmens\u00adnachfolge, sichert Ihnen den schnells\u00adten und besten Zugang zu allen relevan\u00adten K\u00e4ufer\u00adziel\u00adgrup\u00adpen. Wir sichern Ihnen die Anony\u00admi\u00adt\u00e4t Ihres Vorha\u00adbens gegen\u00ad\u00fcber den Kaufin\u00adter\u00ades\u00adsen\u00adten und bieten damit die bestm\u00f6g\u00adli\u00adche Sicher\u00adheit f\u00fcr ein erfolg\u00adrei\u00adches Gelin\u00adgen Ihrer geplan\u00adten Unternehmensnachfolge.&nbsp;<\/p>","protected":false},"excerpt":{"rendered":"<p>Die K\u00e4ufersuche Die Identifizierung und diskrete Ansprache geeigneter Kaufinteressenten ist der Kern eines jeden erfolgreichen Verkaufsprozesses. Wo finden Sie als [&hellip;]<\/p>\n","protected":false},"author":1,"featured_media":0,"parent":0,"menu_order":0,"comment_status":"closed","ping_status":"closed","template":"","meta":{"wp_typography_post_enhancements_disabled":false,"_kad_blocks_custom_css":"","_kad_blocks_head_custom_js":"","_kad_blocks_body_custom_js":"","_kad_blocks_footer_custom_js":"","site-sidebar-layout":"no-sidebar","site-content-layout":"page-builder","ast-site-content-layout":"default","site-content-style":"default","site-sidebar-style":"default","ast-global-header-display":"","ast-banner-title-visibility":"","ast-main-header-display":"","ast-hfb-above-header-display":"","ast-hfb-below-header-display":"","ast-hfb-mobile-header-display":"","site-post-title":"disabled","ast-breadcrumbs-content":"","ast-featured-img":"disabled","footer-sml-layout":"","ast-disable-related-posts":"","theme-transparent-header-meta":"default","adv-header-id-meta":"","stick-header-meta":"default","header-above-stick-meta":"","header-main-stick-meta":"","header-below-stick-meta":"","astra-migrate-meta-layouts":"default","ast-page-background-enabled":"default","ast-page-background-meta":{"desktop":{"background-color":"","background-image":"","background-repeat":"repeat","background-position":"center center","background-size":"auto","background-attachment":"scroll","background-type":"","background-media":"","overlay-type":"","overlay-color":"","overlay-opacity":"","overlay-gradient":""},"tablet":{"background-color":"","background-image":"","background-repeat":"repeat","background-position":"center center","background-size":"auto","background-attachment":"scroll","background-type":"","background-media":"","overlay-type":"","overlay-color":"","overlay-opacity":"","overlay-gradient":""},"mobile":{"background-color":"","background-image":"","background-repeat":"repeat","background-position":"center center","background-size":"auto","background-attachment":"scroll","background-type":"","background-media":"","overlay-type":"","overlay-color":"","overlay-opacity":"","overlay-gradient":""}},"ast-content-background-meta":{"desktop":{"background-color":"var(--ast-global-color-5)","background-image":"","background-repeat":"repeat","background-position":"center center","background-size":"auto","background-attachment":"scroll","background-type":"","background-media":"","overlay-type":"","overlay-color":"","overlay-opacity":"","overlay-gradient":""},"tablet":{"background-color":"var(--ast-global-color-5)","background-image":"","background-repeat":"repeat","background-position":"center center","background-size":"auto","background-attachment":"scroll","background-type":"","background-media":"","overlay-type":"","overlay-color":"","overlay-opacity":"","overlay-gradient":""},"mobile":{"background-color":"var(--ast-global-color-5)","background-image":"","background-repeat":"repeat","background-position":"center center","background-size":"auto","background-attachment":"scroll","background-type":"","background-media":"","overlay-type":"","overlay-color":"","overlay-opacity":"","overlay-gradient":""}},"iawp_total_views":3,"footnotes":""},"class_list":["post-1885","page","type-page","status-publish","hentry"],"taxonomy_info":[],"featured_image_src_large":false,"author_info":{"display_name":"filialleiter","author_link":"https:\/\/www.kern-unternehmensnachfolge.com\/it\/author\/filialleiter\/"},"comment_info":0,"_links":{"self":[{"href":"https:\/\/www.kern-unternehmensnachfolge.com\/it\/wp-json\/wp\/v2\/pages\/1885","targetHints":{"allow":["GET"]}}],"collection":[{"href":"https:\/\/www.kern-unternehmensnachfolge.com\/it\/wp-json\/wp\/v2\/pages"}],"about":[{"href":"https:\/\/www.kern-unternehmensnachfolge.com\/it\/wp-json\/wp\/v2\/types\/page"}],"author":[{"embeddable":true,"href":"https:\/\/www.kern-unternehmensnachfolge.com\/it\/wp-json\/wp\/v2\/users\/1"}],"replies":[{"embeddable":true,"href":"https:\/\/www.kern-unternehmensnachfolge.com\/it\/wp-json\/wp\/v2\/comments?post=1885"}],"version-history":[{"count":0,"href":"https:\/\/www.kern-unternehmensnachfolge.com\/it\/wp-json\/wp\/v2\/pages\/1885\/revisions"}],"wp:attachment":[{"href":"https:\/\/www.kern-unternehmensnachfolge.com\/it\/wp-json\/wp\/v2\/media?parent=1885"}],"curies":[{"name":"wp","href":"https:\/\/api.w.org\/{rel}","templated":true}]}}