{"id":1795,"date":"2018-07-19T20:15:27","date_gmt":"2018-07-19T18:15:27","guid":{"rendered":"https:\/\/great-kare.185-125-174-66.plesk.page\/?page_id=1795"},"modified":"2025-06-10T15:04:15","modified_gmt":"2025-06-10T13:04:15","slug":"firmenboerse","status":"publish","type":"page","link":"https:\/\/www.kern-unternehmensnachfolge.com\/it\/firmenboerse\/","title":{"rendered":"Scambio di aziende"},"content":{"rendered":"<h1>Die Firmen\u00adb\u00f6r\u00adse (M<span class=\"amp\">&amp;<\/span>A). Gepr\u00fcf\u00adte Insera\u00adte von K\u00e4ufern und Verk\u00e4ufern.<\/h1>\n<h4 style=\"text-align: left;\"><a href=\"https:\/\/www.provenexpert.com\/kern-zukunft-fuer-lebenswerke\/\" style=\"outline: none;\" target=\"_blank\" rel=\"noopener\">\u2605\u2605\u2605\u2605\u2605 &nbsp;5.0 Sterne aus Kunden\u00adbe\u00adwer\u00adtun\u00adgen auf Proven\u00adex\u00adpert<\/a>&nbsp;<\/h4>\n<p><span><a href=\"https:\/\/www.kern-unternehmensnachfolge.com\/it\/erfolgsgarantie\/\" rel target=\"_blank\"><img decoding=\"async\" alt data-id=\"31496\" width=\"177\" data-init-width=\"481\" height=\"171\" data-init-height=\"464\" title=\"KERN_Erfolgsgarantie_RGB_weiss_08.24\" src=\"https:\/\/www.kern-unternehmensnachfolge.com\/wp-content\/uploads\/2024\/08\/KERN_Erfolgsgarantie_RGB_weiss_08.24.png\" data-width=\"177\" data-link-wrap=\"true\" style=\"aspect-ratio: auto 481 \/ 464;\" data-height=\"171\" loading=\"lazy\"><\/a><\/span><\/p>\n<h2 data-pm-slice=\"1 1 []\">Was zeich\u00adnet eine Unternehmens\u00adnachfolge B\u00f6rse&nbsp;aus?<\/h2>\n<p>Unternehmens\u00adnachfolge im Mittel\u00adstand ist das entschei\u00adden\u00adde Zukunfts\u00adthe\u00adma f\u00fcr Arbeits\u00adplatz\u00adsi\u00adche\u00adrung und gesell\u00adschaft\u00adli\u00adchen Wohlstand in der gesam\u00adten D-A-CH-Region. Jedes Unter\u00adneh\u00admen verf\u00fcgt \u00fcber eine Gesch\u00e4ftsf\u00fchrung\/Inhaber und schon 2025 sind gut 70 % (!) aller Unternehmenslenker:innen \u00fcber 55 Jahre alt. Und nur noch gut 40 % aller Famili\u00aden\u00adun\u00adter\u00adneh\u00admen k\u00f6nnen die Nachfol\u00adge\u00adfra\u00adge intern l\u00f6sen.<\/p>\n<p>Eine Unternehmens\u00adnachfolge sollte gut durch\u00addacht und vor allem fr\u00fchzei\u00adtig und sorgf\u00e4l\u00adtig geplant werden. Egal, ob Sie das Unter\u00adneh\u00admen inner\u00adhalb der Familie weiter\u00adge\u00adben oder einen K\u00e4ufer finden wollen, <strong><span class=\"caps\">KERN<\/span> hilft Ihnen dabei, den Prozess so reibungs\u00adlos wie m\u00f6glich zu durchlaufen.<\/strong><\/p>\n<p dir=\"ltr\">Dabei sind neben den wirtschaft\u00adli\u00adchen, juris\u00adti\u00adschen und steuer\u00adli\u00adchen Aspek\u00adten, vorwie\u00adgend die emotio\u00adna\u00adlen Hinter\u00adgr\u00fcn\u00adde zu betrach\u00adten. Als Berater, welche die Situa\u00adti\u00adon mit einem au\u00dfen\u00adste\u00adhen\u00adden Blick\u00adwin\u00adkel betrach\u00adten k\u00f6nnen, sind wir in der Lage, Sie <strong>bestm\u00f6g\u00adlich und unter Einbe\u00adzug aller Fakto\u00adren zu unter\u00adst\u00fct\u00adzen<\/strong>.<\/p>\n<p dir=\"ltr\">Eine M\u00f6glich\u00adkeit, den passen\u00adden Nachfol\u00adger oder K\u00e4ufer zu finden, ist die Unter\u00adneh\u00admens\u00adb\u00f6r\u00adse von <span class=\"caps\">KERN<\/span> oder ein anderes, seri\u00f6\u00adses M<span class=\"amp\">&amp;<\/span>A-Portal. Dort treffen die beiden relevan\u00adten Partei\u00aden zusam\u00admen, n\u00e4mlich Verk\u00e4u\u00adfer und K\u00e4ufer. <strong>\u00dcber diesen Weg kann das Finden und W\u00e4hlen eines Nachfol\u00adgers oder Betriebs durch\u00adaus verein\u00adfacht werden.<\/strong><\/p>\n<p dir=\"ltr\">Bei der Auswahl selbst k\u00f6nnen Sie auf unsere Unter\u00adst\u00fct\u00adzung z\u00e4hlen. In der folgen\u00adden \u00dcbersicht erkl\u00e4\u00adren wir Ihnen genau\u00ader, wie eine Unter\u00adneh\u00admens\u00adb\u00f6r\u00adse funktio\u00adniert und was Sie unbedingt beach\u00adten sollten.<\/p>\n<p><span><img decoding=\"async\" alt=\"grafische \u00dcbersicht zu den Formen der Unternehmens\u00fcbernahme\" data-id=\"30628\" width=\"525\" data-init-width=\"1024\" height=\"394\" data-init-height=\"768\" title=\"Formen der Unternehmensu\u0308bernahme\" src=\"https:\/\/www.kern-unternehmensnachfolge.com\/wp-content\/uploads\/2024\/05\/Formen-der-Unternehmensuebernahme.png\" data-width=\"525\" data-height=\"394\" data-link-wrap=\"true\" style=\"aspect-ratio: auto 1024 \/ 768;\" loading=\"lazy\"><\/span><\/p>\n<h2>Wie funktio\u00adniert eine Unternehmensb\u00f6rse?<\/h2>\n<p dir=\"ltr\">Eine Unter\u00adneh\u00admens\u00adb\u00f6r\u00adse ist der <strong>Ort, an dem Verk\u00e4u\u00adfer und K\u00e4ufer von Unter\u00adneh\u00admen zusam\u00admen\u00adfin\u00adden<\/strong>. Mehrheit\u00adlich werden Unter\u00adneh\u00admen nicht mehr im eigenen Famili\u00aden\u00adkreis weiter\u00adge\u00adge\u00adben \u2013 in diesem Fall muss f\u00fcr die <a href=\"https:\/\/www.kern-unternehmensnachfolge.com\/it\/die-unternehmensnachfolge-in-5-schritten-regeln\/\" target=\"_blank\" style=\"outline: none;\">Unternehmens\u00adnachfolge<\/a> ein exter\u00adner <a href=\"https:\/\/www.kern-unternehmensnachfolge.com\/it\/firmennachfolger-gesucht\/\" target=\"_blank\">Nachfol\u00adger gesucht<\/a> werden.<\/p>\n<p dir=\"ltr\">Anders\u00adher\u00adum besteht der Bedarf ebenso \u2013 nicht immer wird man Unternehmer:in, indem man ein Unter\u00adneh\u00admen als Start-up gr\u00fcndet. <strong>\u00dcber die Firmen\u00adb\u00f6r\u00adse kann man als Interessent:in zum passen\u00adden Unter\u00adneh\u00admen gef\u00fchrt werden und eine Firma im laufen\u00adden Betrieb \u00fcberneh\u00admen.<\/strong> Nachfol\u00adgend erfah\u00adren Sie mehr dar\u00fcber, wie man inner\u00adhalb einer Unter\u00adneh\u00admens\u00adb\u00f6r\u00adse sowohl ein Unter\u00adneh\u00admen oder einen Nachfol\u00adger findet.<\/p>\n<h2 style=\"text-align: left;\">Nachfol\u00adger finden<\/h2>\n<p style>In Bezug auf die Nachfol\u00adge eignet sich eine Unter\u00adneh\u00admens\u00adb\u00f6r\u00adse beson\u00adders gut. Die eigene Firma ist f\u00fcr die meisten Unter\u00adneh\u00admer sehr viel mehr \u2013 <strong>sie ist ein Lebens\u00adwerk, welches einen gro\u00dfen Teil der eigenen Zeit in Anspruch genom\u00admen hat.<\/strong> Die Weiter\u00adga\u00adbe dieses Lebens\u00adwerkes kann beson\u00adders auf emotio\u00adna\u00adler Ebene sehr schwie\u00adrig werden.<\/p>\n<p style>Das ist vor allem dann der Fall, wenn die Weiter\u00adga\u00adbe nicht inner\u00adhalb des eigenen Famili\u00aden\u00adkrei\u00adses erfolgt. Aller\u00addings spielt nicht nur der emotio\u00adna\u00adle Aspekt eine Rolle \u2013 viele verschie\u00adde\u00adne Fakto\u00adren sind zu beach\u00adten. <strong>Sie sollten sich daher dar\u00fcber bewusst sein, dass die \u00dcbernah\u00adme eines Unter\u00adneh\u00admens nicht in k\u00fcrzes\u00adter Zeit erfol\u00adgen&nbsp;kann.<\/strong><\/p>\n<p style>Video starten<\/p>\n<p><span><a href=\"https:\/\/www.kern-unternehmensnachfolge.com\/it\/beratung-anfordern\/\" target=\"_blank\"><img decoding=\"async\" alt=\"Gratis Erstberatung zum Thema Unternehmens\u00fcbernahme erhalten\" data-id=\"24383\" width=\"500\" data-init-width=\"500\" height=\"348\" data-init-height=\"348\" title=\"KERN-Unternehmensuebernahme-Beratung-anfordern\" src=\"https:\/\/www.kern-unternehmensnachfolge.com\/wp-content\/uploads\/2022\/09\/KERN-Unternehmensuebernahme-Beratung-anfordern.jpg\" data-width=\"500\" data-height=\"348\" data-link-wrap=\"true\" style=\"aspect-ratio: auto 500 \/ 348;\" loading=\"lazy\"><\/a><\/span><\/p>\n<p>Die <span class=\"caps\">KERN<\/span> zentra\u00adle Rufnum\u00admer: +49 421 94 80&nbsp;2000<\/p>\n<p><span><img decoding=\"async\" alt=\"KERN-Standorte\" data-id=\"32415\" width=\"511\" data-init-width=\"768\" height=\"362\" data-init-height=\"545\" title=\"KERN-Standorte\" loading=\"lazy\" src=\"https:\/\/www.kern-unternehmensnachfolge.com\/wp-content\/uploads\/2025\/01\/KERN-Standorte_Faehnchen_mit_Hintergrund_09.2024.webp\" data-width=\"511\" data-height=\"362\" style=\"aspect-ratio: auto 768 \/ 545;\"><\/span><\/p>\n<h3 data-pm-slice=\"1 1 []\">Unter\u00adneh\u00admen finden<\/h3>\n<p><em>Sie haben sich dazu entschlos\u00adsen, ein Unter\u00adneh\u00admen zu kaufen. Aber was genau ist jetzt zu&nbsp;tun?<\/em><\/p>\n<p dir=\"ltr\">Da der Kauf eine Alter\u00adna\u00adti\u00adve zur Gr\u00fcndung eines Unter\u00adneh\u00admens darstellt, sollten Sie sich zun\u00e4chst genau \u00fcberle\u00adgen, was das bereits bestehen\u00adde Unter\u00adneh\u00admen erf\u00fcl\u00adlen soll. <strong>Welche Prinzi\u00adpi\u00aden und Inhal\u00adte eines Gesch\u00e4fts\u00admo\u00addells sind Ihnen wichtig? Welche Ziele wollen Sie mit Ihrem zuk\u00fcnf\u00adti\u00adgen Unter\u00adneh\u00admen verfol\u00adgen?<\/strong> Verk\u00e4u\u00adfer legen oft einen hohen Wert darauf, dass der bishe\u00adri\u00adge Weg der Firma weiter\u00adge\u00adf\u00fchrt und im besten Fall optimiert wird.<\/p>\n<p dir=\"ltr\">Die Unter\u00adneh\u00admens\u00adnach\u00adfol\u00adge\u00adb\u00f6r\u00adse ist das perfek\u00adte Netzwerk, um \u00fcberhaupt erst einmal einen \u00dcberblick dar\u00fcber zu bekom\u00admen, welche Unter\u00adneh\u00admen auf dem Markt sind. Das \u00e4ndert sich t\u00e4glich. Als <span class=\"caps\">MBI<\/span> und Inves\u00adtor, der einen Betrieb finden und erwer\u00adben m\u00f6chte, <strong>erhal\u00adten Sie so einen Einblick \u00fcber das aktuel\u00adle Gesche\u00adhen im Bereich der Unternehmensverk\u00e4ufe.<\/strong><\/p>\n<p dir=\"ltr\">Firmen\u00adb\u00f6r\u00adsen eignen sich nicht nur f\u00fcr den vollst\u00e4n\u00addi\u00adgen <a href=\"https:\/\/www.kern-unternehmensnachfolge.com\/it\/unternehmenskauf\/\" target=\"_blank\" style=\"outline: none;\">Acquis\u00adto d\u2019impre\u00adsa<\/a>, sondern auch f\u00fcr den antei\u00adli\u00adgen Einstieg in eine Gesell\u00adschaft. <strong>Das hat sowohl f\u00fcr Sie als auch den Verk\u00e4u\u00adfer der Antei\u00adle Vortei\u00adle:<\/strong> Sie inves\u00adtie\u00adren und erhal\u00adten damit nicht nur den Einstieg in eine Unter\u00adneh\u00admung und Mitspra\u00adche\u00adrecht, sondern auch eine<a href=\"https:\/\/www.sage.com\/de-de\/blog\/lexikon\/gewinnbeteiligung\/\" target=\"_blank\" style=\"outline: none;\" rel=\"noopener\"> Gewinn\u00adbe\u00adtei\u00adli\u00adgung<\/a> und k\u00f6nnen perspek\u00adti\u00advisch weite\u00adre Antei\u00adle \u00fcberneh\u00admen. &nbsp;Auf der anderen Seite kann Sie der Verk\u00e4u\u00adfer kennen\u00adler\u00adnen, die \u00dcberga\u00adbe Schritt f\u00fcr Schritt gemein\u00adsam umset\u00adzen und sein Lebens\u00adwerk in einem \u00fcberschau\u00adba\u00adren Zeitraum \u00fcbergeben.<\/p>\n<h3>Vortei\u00adle beim Kauf eines bestehen\u00adden Unternehmens<\/h3>\n<p dir=\"ltr\">Die Nachfol\u00adge anzutre\u00adten, indem man eine bereits bestehen\u00adde Firma kauft, bietet der Neugr\u00fcn\u00addung gegen\u00ad\u00fcber viele verschie\u00adde\u00adne Vortei\u00adle. F\u00fcr dieses Vorha\u00adben ist zwar i. d. R. pers\u00f6n\u00adli\u00adches Eigen\u00adka\u00adpi\u00adtal notwen\u00addig, aller\u00addings&nbsp;<strong>handelt es sich eben um ein Unter\u00adneh\u00admen, welches sich bereits etabliert hat und Gewin\u00adne erwirtschaftet.<\/strong><\/p>\n<p dir=\"ltr\">Sowohl der Kunden\u00adstamm als viele verschie\u00adde\u00adne Kompo\u00adnen\u00adten inner\u00adhalb der Firma sind bereits existent und m\u00fcssen gegebe\u00adnen\u00adfalls nur optimiert werden. Weiter\u00adhin verf\u00fcgt ein bestehen\u00addes Unter\u00adneh\u00admen \u00fcber&nbsp;<strong>Mitar\u00adbei\u00adter, welche bereits einge\u00adar\u00adbei\u00adtet sind und \u00fcber Know-how in ihrer Branche verf\u00fcgen.<\/strong><\/p>\n<p>Mithil\u00adfe von Unter\u00adneh\u00admens\u00adb\u00f6r\u00adsen sind Sie nah am K\u00e4ufer und im ersten Schritt anonym am poten\u00adzi\u00adel\u00adlen Nachfol\u00adger. Die Unter\u00adneh\u00admens\u00adnach\u00adfol\u00adge\u00adb\u00f6r\u00adse hilft Ihnen Inter\u00ades\u00adsen\u00adten zu finden, welche bereit sind,&nbsp;<strong>einen Preis zu zahlen und in Ihre Fu\u00dfstap\u00adfen zu treten.<\/strong> Zwar m\u00fcssen auch bei der Auswahl viele verschie\u00adde\u00adne Aspek\u00adte betrach\u00adtet werden, aller\u00addings machen Sie Ihren Betrieb auf diese Weise anonym sicht\u00adbar f\u00fcr zuk\u00fcnf\u00adti\u00adge \u00dcbernehmer.<\/p>\n<p><span><a href=\"https:\/\/www.kern-unternehmensnachfolge.com\/it\/erfolgsgarantie\/\" target=\"_blank\"><img decoding=\"async\" alt data-id=\"31534\" width=\"434\" data-init-width=\"1747\" height=\"417\" data-init-height=\"1680\" title=\"KERN_Erfolgsgarantie_RGB_mehrfarbig_08.24 (2)\" src=\"https:\/\/www.kern-unternehmensnachfolge.com\/wp-content\/uploads\/2023\/03\/KERN_Erfolgsgarantie_RGB_mehrfarbig_08.24-2.png\" data-width=\"434\" data-height=\"417\" data-link-wrap=\"true\" style=\"aspect-ratio: auto 1747 \/ 1680;\" loading=\"lazy\"><\/a><\/span><\/p>\n<p dir=\"ltr\">Mit unserer Hilfe durch\u00adlau\u00adfen Sie diese komple\u00adxen Prozes\u00adse nicht allein und k\u00f6nnen auf tatkr\u00e4f\u00adti\u00adge Unter\u00adst\u00fct\u00adzung setzen.<\/p>\n<p dir=\"ltr\"><strong>Wir handeln in Ihrem Inter\u00ades\u00adse und haben uns das Ziel gesetzt, Ihnen bestm\u00f6g\u00adlich bei der <\/strong><a href=\"https:\/\/www.kern-unternehmensnachfolge.com\/it\/unternehmensuebernahme\/\" target=\"_blank\"><strong>Unter\u00adneh\u00admens\u00ad\u00fcber\u00adnah\u00adme<\/strong><\/a><strong> (Kauf oder Verkauf) zu helfen.&nbsp;<\/strong><\/p>\n<p dir=\"ltr\"><strong>Dabei garan\u00adtie\u00adren wir Ihnen unter bestimm\u00adten Rahmen\u00adbe\u00addin\u00adgun\u00adgen sogar den Verkauf Ihrer Firma. Null Risiko f\u00fcr Sie! Mit Geld-zur\u00fcck-Garantie.<\/strong><\/p>\n<p dir=\"ltr\"><strong>Und ganz beson\u00adders wichtig: Mit uns, als neutra\u00adlen \u201ePuffer\u201c zwischen K\u00e4ufer und Verk\u00e4u\u00adfer, bleibt die Diskre\u00adti\u00adon und Anony\u00admi\u00adt\u00e4t am l\u00e4ngs\u00adten gewahrt.<\/strong><\/p>\n<h2 data-pm-slice=\"1 1 []\">Was Sie bei der Suche auf einer Firmen\u00adb\u00f6r\u00adse beach\u00adten sollten<\/h2>\n<p dir=\"ltr\">Eine Firmen\u00adb\u00f6r\u00adse gibt Ihnen die M\u00f6glich\u00adkeit, sowohl als K\u00e4ufer, als auch als Verk\u00e4u\u00adfer f\u00fcndig zu werden. Auf dieser k\u00f6nnen Sie Ihr Unter\u00adneh\u00admen dem Markt pr\u00e4sen\u00adtie\u00adren und somit darauf aufmerk\u00adsam machen, dass dieses zum Verkauf steht und einen Nachfol\u00adger&nbsp;sucht.<\/p>\n<p dir=\"ltr\">So haben <strong>poten\u00adzi\u00adel\u00adle K\u00e4ufer die M\u00f6glich\u00adkeit, Sie zu kontak\u00adtie\u00adren und gegebe\u00adnen\u00adfalls den Staffel\u00adstab der Firma zu \u00fcberneh\u00admen.<\/strong> Zwar beinhal\u00adtet der Prozess der Nachfol\u00adge einiges mehr als das Inserat Ihres Unter\u00adneh\u00admens, auf diese Weise kann aber \u00fcberhaupt erstmal eine Auswahl mit inter\u00ades\u00adsan\u00adten und m\u00f6gli\u00adchen Nachfol\u00adgern erarbei\u00adtet werden.&nbsp;<\/p>\n<p dir=\"ltr\">Als jemand, der sich daf\u00fcr entschie\u00adden hat, ein Unter\u00adneh\u00admen zu kaufen, sind Sie in einer Unter\u00adneh\u00admens\u00adb\u00f6r\u00adse genau richtig. Auf dieser finden Sie eine \u00fcbersicht\u00adli\u00adche Zusam\u00admen\u00adstel\u00adlung der Unter\u00adneh\u00admen, die zum Verkauf stehen. <strong>Zudem erhal\u00adten Sie weite\u00adre Infor\u00adma\u00adtio\u00adnen zur Firma und k\u00f6nnen sich vorab ein Bild machen.&nbsp;<\/strong>Wenn Sie sich Ihrer Inter\u00ades\u00adsen bewusst sind, k\u00f6nnen Sie mithil\u00adfe von Unter\u00adneh\u00admens\u00adb\u00f6r\u00adsen Angebo\u00adte verglei\u00adchen und die besten Angebo\u00adte f\u00fcr sich ausw\u00e4hlen.<\/p>\n<p dir=\"ltr\">Sowohl f\u00fcr Verk\u00e4u\u00adfer als auch f\u00fcr K\u00e4ufer sind einige Fakto\u00adren nicht au\u00dfer Acht zu lassen. Um dahin gehend, ohne Proble\u00adme ans Ziel zu kommen, bringen wir Ihnen einige Tipps n\u00e4her, welche Sie unter\u00adst\u00fct\u00adzen k\u00f6nnen.<\/p>\n<h3>Tipps f\u00fcr poten\u00adzi\u00adel\u00adle Nachfolger<\/h3>\n<p dir=\"ltr\">Um ein Unter\u00adneh\u00admen zu suchen, zu kaufen und damit die poten\u00adzi\u00adel\u00adle Nachfol\u00adge der Inhaber bzw. Gesell\u00adschaf\u00adter anzutre\u00adten, sollten Sie sich vorab \u00fcber einige Dinge bewusst werden und den Prozess durch\u00adpla\u00adnen. <strong>\u00dcberst\u00fcr\u00adzen Sie nichts, denn diese Entschei\u00addung ist eine gro\u00dfe Lebensentscheidung.<\/strong><\/p>\n<p dir=\"ltr\">Der wichtigs\u00adte Faktor sind mehrheit\u00adlich die finan\u00adzi\u00adel\u00adlen Mittel f\u00fcr den Erwerb einer Firma. Stellen Sie sicher, dass Sie in ausrei\u00adchen\u00addem Rahmen perspek\u00adti\u00advisch liqui\u00adde sind. Zum einen muss sicher\u00adge\u00adstellt werden k\u00f6nnen, dass die gefor\u00adder\u00adte Summe f\u00fcr den Kauf der Firma mit oder ohne Finanz\u00adierungs\u00adpartner darge\u00adstellt werden kann. Weiter\u00adhin sollten Sie <strong>gen\u00fcgend Liqui\u00addi\u00adt\u00e4t nach dem Kauf einpla\u00adnen, um eventu\u00adel\u00adle Ver\u00e4n\u00adde\u00adrun\u00adgen und Inves\u00adti\u00adtio\u00adnen umset\u00adzen zu k\u00f6nnen.<\/strong><\/p>\n<p dir=\"ltr\">Werden Sie sich genau dar\u00fcber bewusst, welche Art von Unter\u00adneh\u00admen Sie erwer\u00adben m\u00f6chten. <strong>Von welcher Branche m\u00f6chten Sie Teil werden und wo liegt Ihr pers\u00f6n\u00adli\u00adches Know-how und Ihre Netzwer\u00adke? Welche Werte vertre\u00adten Sie und wollen Sie im Rahmen dieser Firma vertre\u00adten?<\/strong> Machen Sie sich auch klar, welche Ziele Sie verfol\u00adgen und auf welche Weise Sie diese errei\u00adchen m\u00f6chten.<\/p>\n<p dir=\"ltr\">Pr\u00fcfen Sie die Vorge\u00adschich\u00adte des Unter\u00adneh\u00admens sorgf\u00e4l\u00adtig, um keine Fehlent\u00adschei\u00addung zu treffen. Besch\u00e4f\u00adti\u00adgen Sie sich genau mit den Produk\u00adten und Dienst\u00adleis\u00adtun\u00adgen, die diese Firma anbie\u00adtet. <strong>Sie sollten als Unter\u00adneh\u00admens\u00adnach\u00adfol\u00adger zudem gut \u00fcber die Zielgrup\u00adpe, den Markt selbst sowie die Konkur\u00adrenz infor\u00admiert&nbsp;sein.<\/strong><\/p>\n<p>Sie sollten sich au\u00dfer\u00addem dar\u00fcber bewusst sein, dass ein Unter\u00adneh\u00admen in den meisten F\u00e4llen immer die \u00dcbernah\u00adme der Mitar\u00adbei\u00adter bedeu\u00adtet. <strong>Das ist insofern gut, dass diese in den jewei\u00adli\u00adgen Berei\u00adchen bereits einge\u00adar\u00adbei\u00adtet sind und bedeut\u00adsa\u00admes Wissen besit\u00adzen, welches Ihnen sp\u00e4ter nutzen wird.<\/strong> Stellen Sie sicher, dass der \u00dcbergang den Mitar\u00adbei\u00adtern sicher und so trans\u00adpa\u00adrent wie m\u00f6glich gestal\u00adtet wird, denn auch f\u00fcr diese spielt ein Wechsel der F\u00fchrungs\u00adpo\u00adsi\u00adti\u00adon eine&nbsp;Rolle.<\/p>\n<h3>Tipps f\u00fcr poten\u00adzi\u00adel\u00adle Verk\u00e4ufer<\/h3>\n<p dir=\"ltr\">F\u00fcr einen umsich\u00adti\u00adgen Unter\u00adneh\u00admer ist es von gro\u00dfer Bedeu\u00adtung, das eigene Unter\u00adneh\u00admen in die richti\u00adgen H\u00e4nde weiter\u00adzu\u00adge\u00adben. <strong>Die Tipps f\u00fcr einen Verk\u00e4u\u00adfer unter\u00adschei\u00adden sich gar nicht so sehr von denen, die wir K\u00e4ufern geben.<\/strong><\/p>\n<p dir=\"ltr\">Seien Sie sich Ihrer Werte und Ziele bewusst. <strong>Was w\u00fcnschen Sie sich zuk\u00fcnf\u00adtig f\u00fcr Ihre Firma? Erf\u00fcllt der Nachfol\u00adger diese Prinzi\u00adpi\u00aden?<\/strong> Recher\u00adchie\u00adren Sie \u00fcber den poten\u00adzi\u00adel\u00adlen K\u00e4ufer, um auszu\u00adschlie\u00ad\u00dfen, dass Ihr Lebens\u00adwerk in falsche H\u00e4nde&nbsp;ger\u00e4t.<\/p>\n<p dir=\"ltr\">Kennen Sie den Wert Ihres Unter\u00adneh\u00admens. Verkau\u00adfen Sie nicht unter Wert und setzen Sie aller\u00addings auch nicht utopi\u00adsche H\u00f6hen f\u00fcr einen ideali\u00adsier\u00adten Kaufpreis an. Der Verkaufs\u00adpreis sollte und kann fr\u00fchzei\u00adtig \u00fcber anerkann\u00adte Wertermitt\u00adlungs\u00adver\u00adfah\u00adren gut einge\u00adgrenzt werden.<\/p>\n<p>Die Unternehmens\u00adnachfolge sollte geplant und struk\u00adtu\u00adriert ablau\u00adfen. <strong>Wir von <span class=\"caps\">KERN<\/span> unter\u00adst\u00fct\u00adzen Sie dabei \u2013 von der Planung bis zur \u00dcbergabe.<\/strong><span><a href=\"https:\/\/unternehmenswertrechner.com\/\" target=\"_blank\" rel=\"noopener\"><img decoding=\"async\" alt=\"CTA.Unternehmenswert ermitteln\" data-id=\"25027\" width=\"525\" data-init-width=\"1024\" height=\"249\" data-init-height=\"486\" title=\"CTA.Unternehmenswert ermitteln\" src=\"https:\/\/www.kern-unternehmensnachfolge.com\/wp-content\/uploads\/2022\/11\/CTA.Unternehmenswert-klein.png\" data-width=\"525\" data-height=\"249\" data-link-wrap=\"true\" style=\"aspect-ratio: auto 1024 \/ 486;\" loading=\"lazy\"><\/a><\/span><\/p>","protected":false},"excerpt":{"rendered":"<p>Die Firmenb\u00f6rse (M&amp;A). Gepr\u00fcfte Inserate von K\u00e4ufern und Verk\u00e4ufern. \u2605\u2605\u2605\u2605\u2605 &nbsp;5.0 Sterne aus Kundenbewertungen auf Provenexpert&nbsp; Was zeichnet eine Unternehmensnachfolge [&hellip;]<\/p>\n","protected":false},"author":1,"featured_media":0,"parent":0,"menu_order":0,"comment_status":"closed","ping_status":"closed","template":"","meta":{"wp_typography_post_enhancements_disabled":false,"site-sidebar-layout":"no-sidebar","site-content-layout":"plain-container","ast-site-content-layout":"normal-width-container","site-content-style":"unboxed","site-sidebar-style":"unboxed","ast-global-header-display":"","ast-banner-title-visibility":"","ast-main-header-display":"","ast-hfb-above-header-display":"","ast-hfb-below-header-display":"","ast-hfb-mobile-header-display":"","site-post-title":"disabled","ast-breadcrumbs-content":"","ast-featured-img":"disabled","footer-sml-layout":"","ast-disable-related-posts":"","theme-transparent-header-meta":"default","adv-header-id-meta":"","stick-header-meta":"default","header-above-stick-meta":"","header-main-stick-meta":"","header-below-stick-meta":"","astra-migrate-meta-layouts":"set","ast-page-background-enabled":"default","ast-page-background-meta":{"desktop":{"background-color":"","background-image":"","background-repeat":"repeat","background-position":"center center","background-size":"auto","background-attachment":"scroll","background-type":"","background-media":"","overlay-type":"","overlay-color":"","overlay-opacity":"","overlay-gradient":""},"tablet":{"background-color":"","background-image":"","background-repeat":"repeat","background-position":"center center","background-size":"auto","background-attachment":"scroll","background-type":"","background-media":"","overlay-type":"","overlay-color":"","overlay-opacity":"","overlay-gradient":""},"mobile":{"background-color":"","background-image":"","background-repeat":"repeat","background-position":"center center","background-size":"auto","background-attachment":"scroll","background-type":"","background-media":"","overlay-type":"","overlay-color":"","overlay-opacity":"","overlay-gradient":""}},"ast-content-background-meta":{"desktop":{"background-color":"var(--ast-global-color-5)","background-image":"","background-repeat":"repeat","background-position":"center center","background-size":"auto","background-attachment":"scroll","background-type":"","background-media":"","overlay-type":"","overlay-color":"","overlay-opacity":"","overlay-gradient":""},"tablet":{"background-color":"var(--ast-global-color-5)","background-image":"","background-repeat":"repeat","background-position":"center center","background-size":"auto","background-attachment":"scroll","background-type":"","background-media":"","overlay-type":"","overlay-color":"","overlay-opacity":"","overlay-gradient":""},"mobile":{"background-color":"var(--ast-global-color-5)","background-image":"","background-repeat":"repeat","background-position":"center center","background-size":"auto","background-attachment":"scroll","background-type":"","background-media":"","overlay-type":"","overlay-color":"","overlay-opacity":"","overlay-gradient":""}},"iawp_total_views":2086,"footnotes":""},"class_list":["post-1795","page","type-page","status-publish","hentry"],"_links":{"self":[{"href":"https:\/\/www.kern-unternehmensnachfolge.com\/it\/wp-json\/wp\/v2\/pages\/1795","targetHints":{"allow":["GET"]}}],"collection":[{"href":"https:\/\/www.kern-unternehmensnachfolge.com\/it\/wp-json\/wp\/v2\/pages"}],"about":[{"href":"https:\/\/www.kern-unternehmensnachfolge.com\/it\/wp-json\/wp\/v2\/types\/page"}],"author":[{"embeddable":true,"href":"https:\/\/www.kern-unternehmensnachfolge.com\/it\/wp-json\/wp\/v2\/users\/1"}],"replies":[{"embeddable":true,"href":"https:\/\/www.kern-unternehmensnachfolge.com\/it\/wp-json\/wp\/v2\/comments?post=1795"}],"version-history":[{"count":0,"href":"https:\/\/www.kern-unternehmensnachfolge.com\/it\/wp-json\/wp\/v2\/pages\/1795\/revisions"}],"wp:attachment":[{"href":"https:\/\/www.kern-unternehmensnachfolge.com\/it\/wp-json\/wp\/v2\/media?parent=1795"}],"curies":[{"name":"wp","href":"https:\/\/api.w.org\/{rel}","templated":true}]}}