{"id":16503,"date":"2021-03-03T13:22:41","date_gmt":"2021-03-03T12:22:41","guid":{"rendered":"https:\/\/great-kare.185-125-174-66.plesk.page\/?page_id=16503"},"modified":"2026-01-08T17:46:04","modified_gmt":"2026-01-08T16:46:04","slug":"unternehmen-kaufen","status":"publish","type":"page","link":"https:\/\/www.kern-unternehmensnachfolge.com\/it\/unternehmen-kaufen\/","title":{"rendered":"Unter\u00adneh\u00admen kaufen bei <span class=\"caps\">KERN<\/span>: gepr\u00fcf\u00adte <span class=\"amp\">&amp;<\/span> profi\u00adta\u00adble Firmen"},"content":{"rendered":"<h1 style=\"text-align: center;\">Profitable Unternehmen kaufen!<\/h1>\n<h2 style=\"text-align: center;\">Wir erfassen kostenfrei Ihr individuelles Suchprofil!<\/h2>\n<p data-pm-slice=\"1 1 []\" style=\"color: rgb(255, 255, 255) !important; --tcb-applied-color: rgb(255, 255, 255) !important; text-align: center;\">Ein <strong>etabliertes Unternehmen kaufen<\/strong> bietet entscheidende Vorteile gegen\u00fcber einer Neugr\u00fcndung: sofortiger Cashflow, bestehende Kundenst\u00e4mme und bew\u00e4hrte Gesch\u00e4ftsprozesse.&nbsp;<\/p>\n<p data-pm-slice=\"1 1 []\" style=\"color: rgb(255, 255, 255) !important; --tcb-applied-color: rgb(255, 255, 255) !important; text-align: center;\">Als Spezialist f\u00fcr M&amp;A-Beratung mit Erfolgsgarantie verf\u00fcgen wir \u00fcber profitable Unternehmen in unserem Online-Portal sowie exklusive Verkaufsmandate, die aus Diskretionsgr\u00fcnden nie \u00f6ffentlich ausgeschrieben werden.&nbsp;<\/p>\n<p data-pm-slice=\"1 1 []\" style=\"color: rgb(255, 255, 255) !important; --tcb-applied-color: rgb(255, 255, 255) !important; text-align: center;\"><strong>Erstellen Sie jetzt Ihr kostenloses Suchprofil<\/strong> und erhalten Sie Zugang zu unserem gesamten <strong>Unternehmensportfolio<\/strong> \u2013 einschlie\u00dflich der diskreten Angebote.<\/p>\n<p style=\"text-align: center;\"><span style=\"color: rgb(255, 255, 255);\">Als potentieller K\u00e4ufer, strategischer Investor oder MBI (Management Buy-In) ben\u00f6tigen Sie ein \u00fcberzeugendes Investorenprofil, um Verk\u00e4ufer von Ihrer Seriosit\u00e4t zu \u00fcberzeugen. Ein professionelles Investorenprofil stellt Ihre Erfahrung, finanziellen M\u00f6glichkeiten und Ihre Vision f\u00fcr das Zielunternehmen dar.Unsere bew\u00e4hrte KERN-Vorlage hilft Ihnen dabei, alle relevanten Informationen strukturiert zu pr\u00e4sentieren \u2013 von Ihrer Branchenexpertise bis zu konkreten Finanzierungsm\u00f6glichkeiten. So wecken Sie Vertrauen bei Verk\u00e4ufern und erh\u00f6hen Ihre Chancen auf exklusive Unternehmensangebote.Nutzen Sie jetzt unsere kostenlose Vorlage und positionieren Sie sich optimal als seri\u00f6ser Unternehmensk\u00e4ufer in unserer Datenbank.<\/span><\/p>\n<p><!-- Live Visitors Counter - JavaScript Version (Updated) --><!--     Verwendung in WP Code Snippets:    1. Als \"HTML Snippet\" einf\u00fcgen    2. Location: \"Site Wide Footer\" oder als \"Shortcode\"    3. Shortcode verwenden: [live_visitors_counter]        NEU in dieser Version:    - Automatische Aktualisierung alle 30 Sekunden    - Blink-Animation bei jedem Update    - Vermeidung von Zahlen mit 0 am Ende (90% der F\u00e4lle)--><!--==========================================\u00c4NDERUNGEN IN DIESER VERSION==========================================\u2705 Auto-Update alle 30 Sekunden aktiviert\u2705 Blink-Animation beim Update hinzugef\u00fcgt\u2705 Vermeidung von Zahlen mit 0 am Ende (90% der F\u00e4lle)\u2705 Sanfte \u00dcberg\u00e4nge und Animationen==========================================VERWENDUNG IN WP CODE SNIPPETS==========================================INSTALLATION:1. WP Code Snippets \u00f6ffnen \u2192 \"Add New Snippet\"2. \"Create Custom Snippet\" w\u00e4hlen3. Diesen Code einf\u00fcgen4. Snippet Type: \"HTML Snippet\" ausw\u00e4hlen5. Location: \"Site Wide Footer\" (empfohlen) oder als \"Shortcode\"6. Activate klickenSHORTCODE:Wenn du \"Shortcode\" als Location w\u00e4hlst, wird automatischein Shortcode erstellt (z.B. [wp_code_snippet_1])==========================================ANPASSUNGEN==========================================UPDATE-INTERVALL \u00c4NDERN:- Zeile 58: const updateInterval = 30;- F\u00fcr 60 Sekunden: const updateInterval = 60;- F\u00fcr 15 Sekunden: const updateInterval = 15;BESUCHERZAHLEN \u00c4NDERN:- Im hourlyVisitors Objekt (Zeile 19-44)FARBEN \u00c4NDERN:- Zeile 184: background: linear-gradient(...)ANIMATION DEAKTIVIEREN:- Zeile 251: () => renderCounter(true)- \u00c4ndern zu: () => renderCounter(false)NULLEN-VERMEIDUNG ANPASSEN:- Zeile 96: if (avoidChance > 0.1)- F\u00fcr 95%: if (avoidChance > 0.05)- F\u00fcr 100%: if (avoidChance > 0.0)==========================================FUNKTIONEN==========================================\u2713 Aktualisiert sich alle 30 Sekunden automatisch\u2713 Blinkt kurz auf bei jeder Aktualisierung\u2713 Zahlen mit 0 am Ende werden zu 90% vermieden\u2713 Funktioniert mit allen Caching-Plugins\u2713 Keine Server-Last\u2713 Responsive f\u00fcr Mobile optimiert-->&amp;amp;amp;amp;amp;amp;amp;amp;amp;amp;amp;amp;amp;amp;amp;amp;amp;amp;amp;amp;amp;amp;amp;amp;amp;amp;amp;amp;amp;amp;amp;amp;amp;amp;amp;amp;amp;amp;amp;amp;amp;amp;amp;amp;amp;amp;amp;amp;amp;amp;amp;amp;amp;amp;amp;amp;amp;amp;amp;amp;amp;amp;amp;amp;amp;lt;\/div&amp;amp;amp;amp;amp;amp;amp;amp;amp;amp;amp;amp;amp;amp;amp;amp;amp;amp;amp;amp;amp;amp;amp;amp;amp;amp;amp;amp;amp;amp;amp;amp;amp;amp;amp;amp;amp;amp;amp;amp;amp;amp;amp;amp;amp;amp;amp;amp;amp;amp;amp;amp;amp;amp;amp;amp;amp;amp;amp;amp;amp;amp;amp;amp;amp;gt;<\/p>\n<h3 style=\"text-align: center;\">Diskretion und Vertraulichkeit sind uns wichtig<\/h3>\n<p data-pm-slice=\"1 1 []\" style=\"text-align: center;\"><span data-color=\"var(--orange-10)\">Nicht alle Angebote k\u00f6nnen in unserem Online-Portal gelistet werden, da einige Verk\u00e4ufer besonderen Wert auf Vertraulichkeit legen.<\/span><span data-color=\"var(--orange-10)\">Um Zugriff auf exklusive und diskrete Angebote unserer Unternehmensb\u00f6rse zu erhalten, erstellen Sie ein kostenloses Suchprofil.<\/span><\/p>\n<h2 id=\"t-1657100931440\">10 wichtige Tipps f\u00fcr Unternehmensk\u00e4ufer<\/h2>\n<p dir=\"ltr\">Im Internet finden Sie viele Informationen dar\u00fcber, was Sie beim Kauf eines Unternehmens tun sollten. Allerdings sind nicht alle diese Informationen zuverl\u00e4ssig. Wenn Sie ein Unternehmen kaufen m\u00f6chten, sollten Sie <strong>einige wichtige Faktoren ber\u00fccksichtigen, um sicherzustellen, dass Sie die beste Entscheidung f\u00fcr eine erfolgreiche <a href=\"https:\/\/www.kern-unternehmensnachfolge.com\/\" style=\"outline: none;\" target=\"_blank\">Unternehmensnachfolge<\/a> treffen.<\/strong><\/p>\n<p>Tipp 1<\/p>\n<h3 id=\"t-1657100931441\">Respekt und Verst\u00e4ndnis f\u00fcr den Verk\u00e4ufer aufbringen<\/h3>\n<p dir=\"ltr\">Denken Sie zun\u00e4chst daran, dass der Verk\u00e4ufer etwas aufgibt, das er im Laufe der Zeit aufgebaut und zu dem er wahrscheinlich eine starke emotionale Bindung hat.<strong> Seien Sie also respektvoll in Ihrem Angebot und ber\u00fccksichtigen Sie das Herzblut, das im Unternehmen steckt.<\/strong> Versuchen Sie zu verstehen, was der <a href=\"https:\/\/www.kern-unternehmensnachfolge.com\/unternehmensverkauf\/\" target=\"_blank\" style=\"outline: none;\">Unternehmensverkauf<\/a> f\u00fcr den Unternehmer bedeutet und was er mit diesem Schritt zu erreichen hofft.<\/p>\n<p>Tipp 2<\/p>\n<h3 id=\"t-1657100931442\">Ansprache individuell und gut vorbereitet<\/h3>\n<p dir=\"ltr\">Wenn Sie den richtigen Verk\u00e4ufer gefunden haben, m\u00fcssen Sie ihm im n\u00e4chsten Schritt Ihre Vorstellungen erl\u00e4utern. Sie sollten sich dar\u00fcber im Klaren sein, was Sie wollen und warum Sie es wollen. Au\u00dferdem sollten Sie darauf vorbereitet sein, alle Fragen zu beantworten, die der Verk\u00e4ufer hat. Der Verk\u00e4ufer wird wissen wollen, was Sie mit dem Unternehmen vorhaben.<strong> Eine gute Vorbereitung ist deshalb entscheidend.<\/strong><\/p>\n<p>Tipp 3<\/p>\n<h3 id=\"t-1657100931445\">Vorab Gedanken \u00fcber die Finanzierung machen<\/h3>\n<p>Sie sollten wissen, welche Art von Finanzierung Sie ben\u00f6tigen und wie Sie diese bekommen. Es stehen Ihnen verschiedene M\u00f6glichkeiten zur Verf\u00fcgung und die beste f\u00fcr Sie h\u00e4ngt von Ihrer speziellen Situation ab.<\/p>\n<p>Es gibt vier Hauptarten der Finanzierung: Eigenkapital, Fremdkapital, <a href=\"https:\/\/www.leipzig.ihk.de\/unternehmen\/geschaeftsfelder\/existenzgruendung-und-unternehmensfoerderung\/finanzierung-foerderung\/alternative-finanzierungsformen\/mezzanine\/\" target=\"_blank\" style=\"outline: none;\" rel=\"noopener\">Mezzanine<\/a> und Verk\u00e4uferdarlehen. <strong>Wenn Sie \u00fcber eine Finanzierung nachdenken, ist es wichtig, dass Sie im Voraus mit Ihrer Bank sprechen.<\/strong><\/p>\n<p>Tipp 4<\/p>\n<h3 id=\"t-1657100931446\">Kaufangebote sorgf\u00e4ltig pr\u00fcfen<\/h3>\n<p>Hier gibt es eine Reihe von Faktoren zu ber\u00fccksichtigen:<\/p>\n<ul>\n<li>Passen die Produkte oder Dienstleistungen des Unternehmens zu Ihrem bestehenden Gesch\u00e4ft? Wenn nicht, k\u00f6nnen Sie Ihr Unternehmen so adaptieren, dass es zu Ihnen und Ihrer Branche passt?<\/li>\n<li>Erf\u00fcllt der Kundenstamm des Unternehmens Ihren Zielmarkt?<\/li>\n<li>Hat der bisherige Unternehmer&nbsp;<span data-color=\"var(--orange-10)\">oder die bisherige Unternehmerin einen <strong>guten Ruf<\/strong>?<\/span><\/li>\n<li>Verf\u00fcgt das Unternehmen \u00fcber eine <strong>solide finanzielle Grundlage<\/strong>?<\/li>\n<li>Ist das Managementteam des Unternehmens <strong>erfahren und seri\u00f6s<\/strong>?<\/li>\n<li>Verf\u00fcgt das Unternehmen \u00fcber ein <strong>gutes Wachstumspotenzial<\/strong>?<\/li>\n<li>Ist der Standort des Unternehmens f\u00fcr Sie g\u00fcnstig?<\/li>\n<li>Hat das Unternehmen eine <strong>stabile Mitarbeiterbindung<\/strong>?<\/li>\n<li>Kann das Unternehmen auf eine <strong>gute Rentabilit\u00e4t<\/strong> verweisen?<\/li>\n<li>Hat das Unternehmen eine n\u00fctzliche Produkt- oder Service-Roadmap?<\/li>\n<\/ul>\n<p>Tipp 5<\/p>\n<h3 id=\"t-1657100931447\">Verkaufsgrund, Potenziale und \u00dcbergangszeit nach Transaktion<\/h3>\n<p dir=\"ltr\">Es ist wichtig, die Motivation des Verk\u00e4ufers zu verstehen, da Sie so eine bessere Vorstellung davon bekommen, was Sie w\u00e4hrend der \u00dcbergangszeit erwarten k\u00f6nnen. Auch sollten Sie das Potenzial des Unternehmens verstehen. <strong>Wie sind die Wachstumsaussichten nach Ihrem Einstieg? Wie sieht die Wettbewerbslandschaft aus? Welches sind die Schl\u00fcsselbereiche und Branchen des Unternehmens, die gest\u00e4rkt werden m\u00fcssen?<\/strong><\/p>\n<p>Tipp 6<\/p>\n<h3 id=\"t-1657100931448\">Unternehmensbewertung pr\u00fcfen lassen<\/h3>\n<p><span><img decoding=\"async\" alt=\"IDW-Methode\" data-id=\"30581\" width=\"320\" data-init-width=\"320\" height=\"320\" data-init-height=\"320\" title=\"IDW-Methode\" src=\"https:\/\/www.kern-unternehmensnachfolge.com\/wp-content\/uploads\/2024\/05\/IDW-Methode.png\" data-width=\"320\" data-height=\"320\" style=\"aspect-ratio: auto 320 \/ 320;\" loading=\"lazy\"><\/span><span><img decoding=\"async\" alt=\"DCF-Methode\" data-id=\"30583\" width=\"320\" data-init-width=\"320\" height=\"320\" data-init-height=\"320\" title=\"DCF-Methode\" src=\"https:\/\/www.kern-unternehmensnachfolge.com\/wp-content\/uploads\/2024\/05\/DCF-Methode.png\" data-width=\"320\" data-height=\"320\" style=\"aspect-ratio: auto 320 \/ 320;\" loading=\"lazy\"><\/span><span><img decoding=\"async\" alt=\"Multiple-Methode\" data-id=\"30584\" width=\"320\" data-init-width=\"320\" height=\"320\" data-init-height=\"320\" title=\"Multiple-Methode\" src=\"https:\/\/www.kern-unternehmensnachfolge.com\/wp-content\/uploads\/2024\/05\/Multiple-Methode.png\" data-width=\"320\" data-height=\"320\" style=\"aspect-ratio: auto 320 \/ 320;\" loading=\"lazy\"><\/span><\/p>\n<p>Um die <a href=\"https:\/\/www.kern-unternehmensnachfolge.com\/unternehmensbewertung-so-viel-ist-ihre-firma-wert\/\" target=\"_blank\" style=\"outline: none;\">Unternehmensbewertung<\/a> zu \u00fcberpr\u00fcfen, gibt es eine Reihe von Methoden, darunter die <strong>IDW-Methode, die <\/strong><a href=\"https:\/\/www.kern-unternehmensnachfolge.com\/das-dcf-verfahren\" target=\"_blank\"><strong>DCF-Methode<\/strong><\/a><strong>&nbsp;und die Multiple-Methode<\/strong>.<\/p>\n<p>Die IDW-Methode basiert auf dem allgemeinen Ertragswertverfahren. Bei der DCF-Methode werden die zuk\u00fcnftigen Cashflows des Unternehmens gesch\u00e4tzt und auf den Gegenwartswert abgezinst. Bei der Multiple-Methode werden die Zahlen des Unternehmens mit denen \u00e4hnlicher Unternehmen in der gleichen Branche verglichen.<\/p>\n<p>Sobald Sie entschieden haben, welche Bewertungsmethode f\u00fcr den <a href=\"https:\/\/www.kern-unternehmensnachfolge.com\/unternehmenswert-berechnen-so-einfach-gehts\/\" target=\"_blank\">Unternehmenswert<\/a> f\u00fcr Sie die richtige ist, sollten Sie ein seri\u00f6ses Unternehmen w\u00e4hlen, das die Bewertung vornimmt. Das ist wichtig, denn wenn die Bewertung nicht stimmt, kann Sie das eine Menge Geld kosten.<\/p>\n<p>Tipp 7<\/p>\n<h3 id=\"t-1657100931449\">Due Diligence durchf\u00fchren<\/h3>\n<p>Sie haben das perfekte Unternehmen zum Kauf gefunden. Die Firma l\u00e4uft gut, der Eigent\u00fcmer ist motiviert zu verkaufen und der Preis stimmt. Doch bevor Sie unterschreiben, sollten Sie eine <a href=\"https:\/\/www.kern-unternehmensnachfolge.com\/due-diligence\/\" target=\"_blank\" style=\"outline: none;\">Due Diligence<\/a> durchf\u00fchren, um sicherzustellen, dass das Unternehmen gut zu Ihnen als Nachfolger passt.<\/p>\n<p>Dazu geh\u00f6rt die Pr\u00fcfung der Finanzen des Unternehmens, die Durchsicht der Vertr\u00e4ge und Gespr\u00e4che mit den Mitarbeitern und Kunden des Unternehmens. Sie k\u00f6nnten etwa feststellen, dass das Unternehmen hoch verschuldet ist, dass sein Kundenstamm schrumpft oder dass seine Produkte veraltet sind.<\/p>\n<p><strong>Wenn Sie rote Flaggen finden, k\u00f6nnen Sie entweder einen niedrigeren Preis f\u00fcr das Unternehmen aushandeln oder ganz aus dem Gesch\u00e4ft aussteigen.<\/strong><\/p>\n<p>Tipp 8<\/p>\n<h3 id=\"t-1657100931451\">M&amp;A Beratung zur Unterst\u00fctzung zuziehen<\/h3>\n<p dir=\"ltr\">Es ist wichtig, dass Sie sich professionell beraten lassen, um sicherzustellen, dass Sie die richtige Wahl treffen und das f\u00fcr Sie optimale Unternehmen kaufen. Eine gute <a href=\"https:\/\/www.kern-unternehmensnachfolge.com\/m-a-beratung\/\" target=\"_blank\" style=\"outline: none;\" data-lt-tmp-id=\"lt-797741\" spellcheck=\"false\">M&amp;A-Beratung<\/a> kann <strong>Ihnen dabei helfen, den Prozess zu steuern, die Risiken zu bewerten und den besten Preis auszuhandeln<\/strong>.<\/p>\n<p>Tipp 9<\/p>\n<h3 id=\"t-1657100931452\">Vereinbaren Sie einen Letter of Intent<\/h3>\n<p>Wenn Sie mit dem Gedanken spielen, ein Unternehmen zu kaufen, sollten Sie sich mit dem Verk\u00e4ufer auf eine Absichtserkl\u00e4rung (<a href=\"https:\/\/www.kern-unternehmensnachfolge.com\/letter-of-intent-loi\/\" target=\"_blank\">Letter of Intent<\/a>) einigen.<\/p>\n<p>Eine Absichtserkl\u00e4rung ist ein Dokument, das die wichtigsten Bedingungen einer vorgeschlagenen Transaktion umrei\u00dft. Sie dient dazu, sich auf die wichtigsten Bedingungen eines Gesch\u00e4fts zu einigen.<\/p>\n<p><strong>Die wichtigsten Begriffe, die in einer Absichtserkl\u00e4rung enthalten sein sollten, sind:<\/strong><\/p>\n<ul>\n<li>Der Kaufpreis<\/li>\n<li>Die Struktur des Gesch\u00e4fts (etwa der Verkauf von Verm\u00f6genswerten, Verkauf von Aktien)<\/li>\n<li>Eine Frist f\u00fcr die Sorgfaltspr\u00fcfung<\/li>\n<li>Eine Exklusivit\u00e4tsfrist<\/li>\n<li>Die wichtigsten Bedingungen der Transaktion (etwa Garantien, Freistellungen)<\/li>\n<li>Es ist wichtig, daran zu denken, dass eine Absichtserkl\u00e4rung kein verbindlicher Vertrag ist. Dennoch ist sie ein n\u00fctzliches Dokument, das Missverst\u00e4ndnisse vermeiden hilft und den Verhandlungsprozess vorantreibt.<\/li>\n<\/ul>\n<p>Tipp 10<\/p>\n<h3 id=\"t-1657100931453\">Pr\u00fcfen Sie, ob Pensionsverpflichtungen bestehen<\/h3>\n<p>Pensionsverpflichtungen k\u00f6nnen sowohl eine finanzielle als auch eine rechtliche Verpflichtung darstellen. Daher ist es wichtig, dass Sie wissen, worauf Sie sich einlassen, bevor Sie ein Angebot f\u00fcr einen <a href=\"https:\/\/www.kern-unternehmensnachfolge.com\/firmenkauf\/\" target=\"_blank\">Firmenkauf<\/a> abgeben.<\/p>\n<p>Wenn das Unternehmen, das Sie kaufen m\u00f6chten, Pensionsverpflichtungen hat, m\u00fcssen Sie dies in Ihrem Angebotspreis ber\u00fccksichtigen. <strong>Sie sollten tendenziell eher nicht bereit sein, die Verantwortung f\u00fcr die Erf\u00fcllung dieser Verpflichtungen zu \u00fcbernehmen.<\/strong><\/p>\n<h3 dir=\"ltr\" id=\"t-1657100931454\">Fazit<\/h3>\n<p dir=\"ltr\">Jetzt, da Sie die 10 wichtigsten Tipps f\u00fcr die \u00dcbernahme eines Unternehmens kennen, k\u00f6nnen Sie sich innerhalb der Vielzahl der Firmen auf dem Markt auf die Suche nach dem richtigen Unternehmen machen. <strong>Denken Sie daran, gr\u00fcndlich zu recherchieren, viele Fragen zu stellen und professionelle Hilfe in Anspruch zu nehmen.<\/strong><\/p>\n<p style=\"text-align: left;\">Tragen Sie sich jetzt gratis ein f\u00fcr Ihr individuelles Suchprofil!<\/p>\n<p style=\"text-align: left;\">Wir nehmen regional \u00fcber einen unserer Standorte direkt Kontakt mit Ihnen auf. Au\u00dferdem senden wir Ihnen monatlich unseren Investoren-Newsletter f\u00fcr neue Projekte zu. Und werden Sie jetzt Mitglied in der <a href=\"https:\/\/www.kern-unternehmensnachfolge.com\/kern-campus\/\" target=\"_blank\">KERN-Community<\/a>. Mit dem Push-Service f\u00fcr Ihr Smartphone verpassen Sie keine Investitionsgelegenheit!<\/p>\n<p><span><img decoding=\"async\" alt=\"Standorte-KERN_10.2025\" data-id=\"35545\" width=\"360\" data-init-width=\"1140\" height=\"221\" data-init-height=\"700\" title=\"Standorte-KERN_10.2025\" loading=\"lazy\" src=\"https:\/\/www.kern-unternehmensnachfolge.com\/wp-content\/uploads\/2026\/01\/Standorte-KERN_10.2025.webp\" data-width=\"360\" data-height=\"221\" style=\"aspect-ratio: auto 1140 \/ 700;\"><\/span><\/p>\n<h2 dir=\"ltr\">FAQ<\/h2>\n","protected":false},"excerpt":{"rendered":"<p>Profitable Unternehmen kaufen! Wir erfassen kostenfrei Ihr individuelles Suchprofil! Ein etabliertes Unternehmen kaufen bietet entscheidende Vorteile gegen\u00fcber einer Neugr\u00fcndung: sofortiger [&hellip;]<\/p>\n","protected":false},"author":1,"featured_media":0,"parent":0,"menu_order":0,"comment_status":"closed","ping_status":"closed","template":"","meta":{"wp_typography_post_enhancements_disabled":false,"site-sidebar-layout":"no-sidebar","site-content-layout":"page-builder","ast-site-content-layout":"full-width-container","site-content-style":"unboxed","site-sidebar-style":"unboxed","ast-global-header-display":"","ast-banner-title-visibility":"","ast-main-header-display":"","ast-hfb-above-header-display":"","ast-hfb-below-header-display":"","ast-hfb-mobile-header-display":"","site-post-title":"disabled","ast-breadcrumbs-content":"","ast-featured-img":"disabled","footer-sml-layout":"","ast-disable-related-posts":"","theme-transparent-header-meta":"default","adv-header-id-meta":"","stick-header-meta":"default","header-above-stick-meta":"","header-main-stick-meta":"","header-below-stick-meta":"","astra-migrate-meta-layouts":"set","ast-page-background-enabled":"default","ast-page-background-meta":{"desktop":{"background-color":"","background-image":"","background-repeat":"repeat","background-position":"center center","background-size":"auto","background-attachment":"scroll","background-type":"","background-media":"","overlay-type":"","overlay-color":"","overlay-opacity":"","overlay-gradient":""},"tablet":{"background-color":"","background-image":"","background-repeat":"repeat","background-position":"center center","background-size":"auto","background-attachment":"scroll","background-type":"","background-media":"","overlay-type":"","overlay-color":"","overlay-opacity":"","overlay-gradient":""},"mobile":{"background-color":"","background-image":"","background-repeat":"repeat","background-position":"center center","background-size":"auto","background-attachment":"scroll","background-type":"","background-media":"","overlay-type":"","overlay-color":"","overlay-opacity":"","overlay-gradient":""}},"ast-content-background-meta":{"desktop":{"background-color":"var(--ast-global-color-5)","background-image":"","background-repeat":"repeat","background-position":"center center","background-size":"auto","background-attachment":"scroll","background-type":"","background-media":"","overlay-type":"","overlay-color":"","overlay-opacity":"","overlay-gradient":""},"tablet":{"background-color":"var(--ast-global-color-5)","background-image":"","background-repeat":"repeat","background-position":"center center","background-size":"auto","background-attachment":"scroll","background-type":"","background-media":"","overlay-type":"","overlay-color":"","overlay-opacity":"","overlay-gradient":""},"mobile":{"background-color":"var(--ast-global-color-5)","background-image":"","background-repeat":"repeat","background-position":"center center","background-size":"auto","background-attachment":"scroll","background-type":"","background-media":"","overlay-type":"","overlay-color":"","overlay-opacity":"","overlay-gradient":""}},"iawp_total_views":4914,"footnotes":""},"class_list":["post-16503","page","type-page","status-publish","hentry"],"_links":{"self":[{"href":"https:\/\/www.kern-unternehmensnachfolge.com\/it\/wp-json\/wp\/v2\/pages\/16503","targetHints":{"allow":["GET"]}}],"collection":[{"href":"https:\/\/www.kern-unternehmensnachfolge.com\/it\/wp-json\/wp\/v2\/pages"}],"about":[{"href":"https:\/\/www.kern-unternehmensnachfolge.com\/it\/wp-json\/wp\/v2\/types\/page"}],"author":[{"embeddable":true,"href":"https:\/\/www.kern-unternehmensnachfolge.com\/it\/wp-json\/wp\/v2\/users\/1"}],"replies":[{"embeddable":true,"href":"https:\/\/www.kern-unternehmensnachfolge.com\/it\/wp-json\/wp\/v2\/comments?post=16503"}],"version-history":[{"count":0,"href":"https:\/\/www.kern-unternehmensnachfolge.com\/it\/wp-json\/wp\/v2\/pages\/16503\/revisions"}],"wp:attachment":[{"href":"https:\/\/www.kern-unternehmensnachfolge.com\/it\/wp-json\/wp\/v2\/media?parent=16503"}],"curies":[{"name":"wp","href":"https:\/\/api.w.org\/{rel}","templated":true}]}}