{"id":11609,"date":"2021-01-25T17:06:55","date_gmt":"2021-01-25T16:06:55","guid":{"rendered":"https:\/\/great-kare.185-125-174-66.plesk.page\/?page_id=11609"},"modified":"2026-02-27T08:53:05","modified_gmt":"2026-02-27T07:53:05","slug":"newsletter","status":"publish","type":"page","link":"https:\/\/www.kern-unternehmensnachfolge.com\/it\/newsletter\/","title":{"rendered":"Newslet\u00adter"},"content":{"rendered":"<h2 style=\"text-align: left;\">Abonnie\u00adren Sie kosten\u00adlos unseren Newslet\u00adter und erhal\u00adten&nbsp;Sie&nbsp;\u2026<\/h2>\n<ul>\n<li><span style>Neuig\u00adkei\u00adten aus der KERN-Welt<\/span><\/li>\n<li><span style>Fachin\u00adfor\u00adma\u00adtio\u00adnen und Wissens\u00adwer\u00adtes rund um M<span class=\"amp\">&amp;<\/span>A<\/span><\/li>\n<li><span style>Alle aktuel\u00adlen Kauf- und Verkaufs\u00adob\u00adjek\u00adte in einer Kurz\u00fcbersicht<\/span><\/li>\n<\/ul>\n<p style>12 x im Jahr kurz und knackig die aller\u00adneu\u00ades\u00adten Projek\u00adte f\u00fcr K\u00e4ufer und Verk\u00e4u\u00adfer von Unter\u00adneh\u00admen inkl. den Kurzbe\u00adschrei\u00adbun\u00adgen mit ersten Details und direk\u00adten Kontakt\u00adda\u00adten zu den verant\u00adwort\u00adli\u00adchen KERN-Stand\u00ador\u00adten. Sie k\u00f6nnen unser Newslet\u00adter-Angebot jeder\u00adzeit abbestellen.<\/p>\n<h3 id=\"t-1654808931776\" style=\"text-align: center;\">Bekannt aus zahlrei\u00adchen Ver\u00f6ffentlichungen<\/h3>\n<p><span style=\"width: 100%;\"><img decoding=\"async\" alt=\"Frankfurter Allgemeine\" width=\"255\" height=\"54\" title=\"Frankfurter Allgemeine\" data-id=\"32412\" src=\"https:\/\/www.kern-unternehmensnachfolge.com\/wp-content\/uploads\/2025\/01\/Frankfurter-Allgemeine.png\" style=\"aspect-ratio: auto 408 \/ 86;\" data-width=\"255\" data-height=\"54\" data-init-width=\"408\" data-init-height=\"86\" loading=\"lazy\"><\/span><span style=\"width: 100%;\"><img decoding=\"async\" alt=\"S\u00fcddeutsche Zeitung\" width=\"130\" height=\"49\" title=\"S\u00fcddeutsche Zeitung\" data-id=\"32411\" src=\"https:\/\/www.kern-unternehmensnachfolge.com\/wp-content\/uploads\/2025\/01\/Sueddeutsche-Zeitung.jpg\" style=\"aspect-ratio: auto 400 \/ 150;\" data-width=\"130\" data-height=\"49\" data-init-width=\"400\" data-init-height=\"150\" loading=\"lazy\"><\/span><span style=\"width: 100%;\"><img decoding=\"async\" alt=\"Thueringer allgemeine Zeitung\" width=\"192\" height=\"34\" title=\"Thueringer allgemeine Zeitung\" data-id=\"32405\" src=\"https:\/\/www.kern-unternehmensnachfolge.com\/wp-content\/uploads\/2025\/01\/Thueringer-allgemeine-Zeitung.webp\" style=\"aspect-ratio: auto 401 \/ 71;\" data-width=\"192\" data-height=\"34\" data-init-width=\"401\" data-init-height=\"71\" loading=\"lazy\"><\/span><span style=\"width: 100%;\"><img decoding=\"async\" alt=\"Handelsblatt\" width=\"192\" height=\"30\" title=\"Handelsblatt\" data-id=\"32410\" src=\"https:\/\/www.kern-unternehmensnachfolge.com\/wp-content\/uploads\/2025\/01\/Handelsblatt.png\" style=\"aspect-ratio: auto 399 \/ 63;\" data-width=\"192\" data-height=\"30\" data-init-width=\"399\" data-init-height=\"63\" loading=\"lazy\"><\/span><span style=\"width: 100%;\"><img decoding=\"async\" alt=\"Saarbr\u00fccker Zeitung\" width=\"151\" height=\"25\" title=\"Saarbr\u00fccker Zeitung\" data-id=\"32409\" src=\"https:\/\/www.kern-unternehmensnachfolge.com\/wp-content\/uploads\/2025\/01\/Saarbruecker-Zeitung.gif\" style=\"aspect-ratio: auto 304 \/ 51;\" data-width=\"151\" data-height=\"25\" data-init-width=\"304\" data-init-height=\"51\" loading=\"lazy\"><\/span><span style=\"width: 100%;\"><img decoding=\"async\" alt=\"Mittelstand Nachrichten\" width=\"178\" height=\"60\" title=\"Mittelstand Nachrichten\" data-id=\"32408\" src=\"https:\/\/www.kern-unternehmensnachfolge.com\/wp-content\/uploads\/2025\/01\/Mittelstand-Nachrichten.jpg\" style=\"aspect-ratio: auto 401 \/ 135;\" data-width=\"178\" data-height=\"60\" data-init-width=\"401\" data-init-height=\"135\" loading=\"lazy\"><\/span><span style=\"width: 100%;\"><img decoding=\"async\" alt=\"Radio Bremen\" width=\"192\" height=\"40\" title=\"Radio Bremen\" data-id=\"32407\" src=\"https:\/\/www.kern-unternehmensnachfolge.com\/wp-content\/uploads\/2025\/01\/Radio-Bremen.png\" style=\"aspect-ratio: auto 359 \/ 74;\" data-width=\"192\" data-height=\"40\" data-init-width=\"359\" data-init-height=\"74\" loading=\"lazy\"><\/span><span style=\"width: 100%;\"><img decoding=\"async\" alt=\"impulse\" width=\"137\" height=\"40\" title=\"impulse\" data-id=\"32406\" src=\"https:\/\/www.kern-unternehmensnachfolge.com\/wp-content\/uploads\/2025\/01\/impulse.png\" style=\"aspect-ratio: auto 350 \/ 102;\" data-width=\"137\" data-height=\"40\" data-init-width=\"350\" data-init-height=\"102\" loading=\"lazy\"><\/span><span style=\"width: 100%;\"><img decoding=\"async\" alt=\"Zeit Campus\" width=\"171\" height=\"71\" title=\"Zeit Campus\" data-id=\"32402\" src=\"https:\/\/www.kern-unternehmensnachfolge.com\/wp-content\/uploads\/2025\/01\/Zeit-Campus.webp\" style=\"aspect-ratio: auto 350 \/ 146;\" data-width=\"171\" data-height=\"71\" data-init-width=\"350\" data-init-height=\"146\" loading=\"lazy\"><\/span><span style=\"width: 100%;\"><img decoding=\"async\" alt=\"Handwerk Magazin\" width=\"151\" height=\"43\" title=\"Handwerk Magazin\" data-id=\"32401\" src=\"https:\/\/www.kern-unternehmensnachfolge.com\/wp-content\/uploads\/2025\/01\/Handwerk-Magazin.png\" style=\"aspect-ratio: auto 301 \/ 85;\" data-width=\"151\" data-height=\"43\" data-init-width=\"301\" data-init-height=\"85\" loading=\"lazy\"><\/span><span style=\"width: 100%;\"><img decoding=\"async\" alt=\"Osnabruecker Zeitung\" width=\"192\" height=\"32\" title=\"Osnabruecker Zeitung\" data-id=\"32399\" src=\"https:\/\/www.kern-unternehmensnachfolge.com\/wp-content\/uploads\/2025\/01\/Osnabruecker-Zeitung.webp\" style=\"aspect-ratio: auto 350 \/ 58;\" data-width=\"192\" data-height=\"32\" data-init-width=\"350\" data-init-height=\"58\" loading=\"lazy\"><\/span><span style=\"width: 100%;\"><img decoding=\"async\" alt=\"Financial Planning\" width=\"170\" height=\"54\" title=\"Financial Planning\" data-id=\"32398\" src=\"https:\/\/www.kern-unternehmensnachfolge.com\/wp-content\/uploads\/2025\/01\/Financial-Planning.webp\" style=\"aspect-ratio: auto 339 \/ 107;\" data-width=\"170\" data-height=\"54\" data-init-width=\"339\" data-init-height=\"107\" loading=\"lazy\"><\/span><span style=\"width: 100%;\"><img decoding=\"async\" alt=\"Weser Kurier\" width=\"130\" height=\"55\" title=\"Weser Kurier\" data-id=\"32397\" src=\"https:\/\/www.kern-unternehmensnachfolge.com\/wp-content\/uploads\/2025\/01\/Weser-Kurier.webp\" style=\"aspect-ratio: auto 351 \/ 149;\" data-width=\"130\" data-height=\"55\" data-init-width=\"351\" data-init-height=\"149\" loading=\"lazy\"><\/span><span style=\"width: 100%;\"><img decoding=\"async\" alt=\"Unternehmer Radio\" width=\"185\" height=\"36\" title=\"Unternehmer Radio\" data-id=\"32396\" src=\"https:\/\/www.kern-unternehmensnachfolge.com\/wp-content\/uploads\/2025\/01\/Unternehmer-Radio.webp\" style=\"aspect-ratio: auto 368 \/ 72;\" data-width=\"185\" data-height=\"36\" data-init-width=\"368\" data-init-height=\"72\" loading=\"lazy\"><\/span><span style=\"width: 100%;\"><img decoding=\"async\" alt=\"Kronen Zeitung\" width=\"89\" height=\"83\" title=\"Kronen Zeitung\" data-id=\"32395\" src=\"https:\/\/www.kern-unternehmensnachfolge.com\/wp-content\/uploads\/2025\/01\/Kronen-Zeitung.png\" style=\"aspect-ratio: auto 200 \/ 187;\" data-width=\"89\" data-height=\"83\" data-init-width=\"200\" data-init-height=\"187\" loading=\"lazy\"><\/span> <\/p>","protected":false},"excerpt":{"rendered":"<p>Abonnieren Sie kostenlos unseren Newsletter und erhalten Sie &#8230; Neuigkeiten aus der KERN-Welt Fachinformationen und Wissenswertes rund um M&amp;A Alle [&hellip;]<\/p>\n","protected":false},"author":1,"featured_media":0,"parent":0,"menu_order":0,"comment_status":"closed","ping_status":"closed","template":"","meta":{"wp_typography_post_enhancements_disabled":false,"_kad_blocks_custom_css":"","_kad_blocks_head_custom_js":"","_kad_blocks_body_custom_js":"","_kad_blocks_footer_custom_js":"","site-sidebar-layout":"no-sidebar","site-content-layout":"plain-container","ast-site-content-layout":"default","site-content-style":"default","site-sidebar-style":"default","ast-global-header-display":"","ast-banner-title-visibility":"","ast-main-header-display":"","ast-hfb-above-header-display":"","ast-hfb-below-header-display":"","ast-hfb-mobile-header-display":"","site-post-title":"disabled","ast-breadcrumbs-content":"","ast-featured-img":"disabled","footer-sml-layout":"","ast-disable-related-posts":"","theme-transparent-header-meta":"default","adv-header-id-meta":"","stick-header-meta":"default","header-above-stick-meta":"","header-main-stick-meta":"","header-below-stick-meta":"","astra-migrate-meta-layouts":"default","ast-page-background-enabled":"default","ast-page-background-meta":{"desktop":{"background-color":"","background-image":"","background-repeat":"repeat","background-position":"center center","background-size":"auto","background-attachment":"scroll","background-type":"","background-media":"","overlay-type":"","overlay-color":"","overlay-opacity":"","overlay-gradient":""},"tablet":{"background-color":"","background-image":"","background-repeat":"repeat","background-position":"center center","background-size":"auto","background-attachment":"scroll","background-type":"","background-media":"","overlay-type":"","overlay-color":"","overlay-opacity":"","overlay-gradient":""},"mobile":{"background-color":"","background-image":"","background-repeat":"repeat","background-position":"center center","background-size":"auto","background-attachment":"scroll","background-type":"","background-media":"","overlay-type":"","overlay-color":"","overlay-opacity":"","overlay-gradient":""}},"ast-content-background-meta":{"desktop":{"background-color":"var(--ast-global-color-5)","background-image":"","background-repeat":"repeat","background-position":"center center","background-size":"auto","background-attachment":"scroll","background-type":"","background-media":"","overlay-type":"","overlay-color":"","overlay-opacity":"","overlay-gradient":""},"tablet":{"background-color":"var(--ast-global-color-5)","background-image":"","background-repeat":"repeat","background-position":"center center","background-size":"auto","background-attachment":"scroll","background-type":"","background-media":"","overlay-type":"","overlay-color":"","overlay-opacity":"","overlay-gradient":""},"mobile":{"background-color":"var(--ast-global-color-5)","background-image":"","background-repeat":"repeat","background-position":"center center","background-size":"auto","background-attachment":"scroll","background-type":"","background-media":"","overlay-type":"","overlay-color":"","overlay-opacity":"","overlay-gradient":""}},"iawp_total_views":69,"footnotes":""},"class_list":["post-11609","page","type-page","status-publish","hentry"],"taxonomy_info":[],"featured_image_src_large":false,"author_info":{"display_name":"filialleiter","author_link":"https:\/\/www.kern-unternehmensnachfolge.com\/it\/author\/filialleiter\/"},"comment_info":0,"_links":{"self":[{"href":"https:\/\/www.kern-unternehmensnachfolge.com\/it\/wp-json\/wp\/v2\/pages\/11609","targetHints":{"allow":["GET"]}}],"collection":[{"href":"https:\/\/www.kern-unternehmensnachfolge.com\/it\/wp-json\/wp\/v2\/pages"}],"about":[{"href":"https:\/\/www.kern-unternehmensnachfolge.com\/it\/wp-json\/wp\/v2\/types\/page"}],"author":[{"embeddable":true,"href":"https:\/\/www.kern-unternehmensnachfolge.com\/it\/wp-json\/wp\/v2\/users\/1"}],"replies":[{"embeddable":true,"href":"https:\/\/www.kern-unternehmensnachfolge.com\/it\/wp-json\/wp\/v2\/comments?post=11609"}],"version-history":[{"count":0,"href":"https:\/\/www.kern-unternehmensnachfolge.com\/it\/wp-json\/wp\/v2\/pages\/11609\/revisions"}],"wp:attachment":[{"href":"https:\/\/www.kern-unternehmensnachfolge.com\/it\/wp-json\/wp\/v2\/media?parent=11609"}],"curies":[{"name":"wp","href":"https:\/\/api.w.org\/{rel}","templated":true}]}}