{"id":6805,"date":"2019-04-24T12:11:51","date_gmt":"2019-04-24T10:11:51","guid":{"rendered":"https:\/\/great-kare.185-125-174-66.plesk.page\/?page_id=6805"},"modified":"2022-12-07T22:15:58","modified_gmt":"2022-12-07T21:15:58","slug":"company-sale-osnabrueck-claus-expert-tip","status":"publish","type":"page","link":"https:\/\/www.kern-unternehmensnachfolge.com\/hu\/unternehmensverkauf-osnabrueck-claus-expertentipp\/","title":{"rendered":"Unter\u00adnehmens\u00adverkauf in Osnabr\u00fcck \u2013 Ingo Claus Expertentipp"},"content":{"rendered":"<p><span style=\"width: 100%;\"><a href=\"\/hu\/\"><img decoding=\"async\" alt title=\"core-logo2019-d\u00f6nt\u0151\" data-id=\"7485\" src=\"https:\/\/www.kern-unternehmensnachfolge.com\/wp-content\/uploads\/2019\/09\/kern-logo2019-final.png\" style width=\"160\" height=\"60\" data-width=\"160\" data-height=\"60\" data-init-width=\"1331\" data-init-height=\"497\" loading=\"lazy\"><\/a><\/span><\/p>\n<h4 style=\"text-align: right;\">Ingyenes kezde\u00adti konzul\u00adt\u00e1\u00adci\u00f3: <a href=\"tel:+49-5461-8092840\" target=\"_blank\" rel=\"noopener\">+49 5461 \u2013 80 92&nbsp;840<\/a><\/h4>\n<h1 style=\"text-align: center;\">Ingo Claus Exper\u00adten\u00adtipp f\u00fcr Ihren <a href=\"https:\/\/www.kern-unternehmensnachfolge.com\/hu\/partner-a-helyszinen\/vallalati-utodlas-wiesbaden3\/\">C\u00e9gela\u00add\u00e1s<\/a> in Osnabr\u00fcck, M\u00fcnster, Ostwest\u00adfa\u00adlen und dem Emsland<\/h1>\n<p style=\"text-align: center;\">Zum Profil Ihres Exper\u00adten f\u00fcr <a href=\"https:\/\/www.kern-unternehmensnachfolge.com\/hu\/partner-a-helyszinen\/vallalati-utodlas-wiesbaden3\/\">C\u00e9gela\u00add\u00e1s<\/a> \u00e9s <a href=\"https:\/\/www.kern-unternehmensnachfolge.com\/hu\/partner-a-helyszinen\/vallalati-utodlas-wiesbaden3\/\">V\u00e1llala\u00adti ut\u00f3dl\u00e1s<\/a> in Osnabr\u00fcck<\/p>\n<h3 style=\"text-align: left;\">Ihr <span class=\"caps\">KERN<\/span> Partner f\u00fcr den Firmen\u00adver\u00adkauf in Osnabr\u00fcck, M\u00fcnster, Ostwest\u00adfa\u00adlen und dem Emsland<\/h3>\n\n<p><span style=\"width: 100%;\"><img loading=\"lazy\" decoding=\"async\" alt title=\"ingo-claus-partner\" data-id=\"2957\" src=\"https:\/\/www.kern-unternehmensnachfolge.com\/wp-content\/uploads\/2018\/08\/ingo-claus-partner.jpg\" style width=\"900\" height=\"623\"><\/span><\/p>\n<p style=\"text-align: left;\"><strong><span class=\"caps\">KERN<\/span> Unternehmens\u00adnachfolge Osnabr\u00fcck<\/strong>Recht\u00adlich eigen\u00adst\u00e4n\u00addi\u00adger Stand\u00adort\u00adIn\u00adgo ClausT\u00f6m\u00admern 449565 Bramsche\u00adTe\u00adle\u00adfon <a href=\"tel:+49%205461-8092849\" target=\"_blank\" rel=\"noopener\">+49 5461 \u2013 80 92 849<\/a><a href=\"mailto:claus@die-nachfolgespezialisten.eu\" target=\"_blank\" rel=\"noopener\">claus@die-nachfolgespezialisten.eu<\/a><\/p>\n<p><span style=\"width: 100%;\"><a href=\"https:\/\/search.google.com\/local\/writereview?placeid=ChIJ95Oo48TfuUcRJQQEwflzYeA\" target=\"_blank\" rel=\"noopener\"><img loading=\"lazy\" decoding=\"async\" alt title=\"rate-me-google\" data-id=\"528\" src=\"https:\/\/www.kern-unternehmensnachfolge.com\/wp-content\/uploads\/2018\/06\/bewerten-sie-mich-google.png\" style width=\"300\" height=\"300\"><\/a><\/span><a href=\"https:\/\/plus.google.com\/+IngoClaus\" target=\"_blank\" rel=\"noopener\"><\/a><a href=\"https:\/\/twitter.com\/nachfolgenews\" target=\"_blank\" rel=\"noopener\"><\/a><a href=\"https:\/\/www.facebook.com\/ingo.claus.98\" target=\"_blank\" rel=\"noopener\"><\/a><a href=\"https:\/\/www.linkedin.com\/in\/ingoclaus\/\" target=\"_blank\" rel=\"noopener\"><\/a><a href=\"https:\/\/www.xing.com\/profile\/Ingo_Claus\/portfolio\" target=\"_blank\" rel=\"noopener\"><\/a><\/p>","protected":false},"excerpt":{"rendered":"<p>Kostenlose Erstberatung: +49 5461 &#8211; 80 92 840 Ingo Claus Expertentipp f\u00fcr Ihren Unternehmensverkauf in Osnabr\u00fcck, M\u00fcnster, Ostwestfalen und dem [&hellip;]<\/p>\n","protected":false},"author":5,"featured_media":0,"parent":0,"menu_order":0,"comment_status":"closed","ping_status":"closed","template":"","meta":{"wp_typography_post_enhancements_disabled":false,"_kad_blocks_custom_css":"","_kad_blocks_head_custom_js":"","_kad_blocks_body_custom_js":"","_kad_blocks_footer_custom_js":"","site-sidebar-layout":"no-sidebar","site-content-layout":"plain-container","ast-site-content-layout":"default","site-content-style":"default","site-sidebar-style":"default","ast-global-header-display":"","ast-banner-title-visibility":"","ast-main-header-display":"disabled","ast-hfb-above-header-display":"","ast-hfb-below-header-display":"","ast-hfb-mobile-header-display":"","site-post-title":"disabled","ast-breadcrumbs-content":"","ast-featured-img":"disabled","footer-sml-layout":"","ast-disable-related-posts":"","theme-transparent-header-meta":"default","adv-header-id-meta":"","stick-header-meta":"default","header-above-stick-meta":"","header-main-stick-meta":"","header-below-stick-meta":"","astra-migrate-meta-layouts":"default","ast-page-background-enabled":"default","ast-page-background-meta":{"desktop":{"background-color":"","background-image":"","background-repeat":"repeat","background-position":"center center","background-size":"auto","background-attachment":"scroll","background-type":"","background-media":"","overlay-type":"","overlay-color":"","overlay-opacity":"","overlay-gradient":""},"tablet":{"background-color":"","background-image":"","background-repeat":"repeat","background-position":"center center","background-size":"auto","background-attachment":"scroll","background-type":"","background-media":"","overlay-type":"","overlay-color":"","overlay-opacity":"","overlay-gradient":""},"mobile":{"background-color":"","background-image":"","background-repeat":"repeat","background-position":"center center","background-size":"auto","background-attachment":"scroll","background-type":"","background-media":"","overlay-type":"","overlay-color":"","overlay-opacity":"","overlay-gradient":""}},"ast-content-background-meta":{"desktop":{"background-color":"var(--ast-global-color-5)","background-image":"","background-repeat":"repeat","background-position":"center center","background-size":"auto","background-attachment":"scroll","background-type":"","background-media":"","overlay-type":"","overlay-color":"","overlay-opacity":"","overlay-gradient":""},"tablet":{"background-color":"var(--ast-global-color-5)","background-image":"","background-repeat":"repeat","background-position":"center center","background-size":"auto","background-attachment":"scroll","background-type":"","background-media":"","overlay-type":"","overlay-color":"","overlay-opacity":"","overlay-gradient":""},"mobile":{"background-color":"var(--ast-global-color-5)","background-image":"","background-repeat":"repeat","background-position":"center center","background-size":"auto","background-attachment":"scroll","background-type":"","background-media":"","overlay-type":"","overlay-color":"","overlay-opacity":"","overlay-gradient":""}},"iawp_total_views":0,"footnotes":""},"class_list":["post-6805","page","type-page","status-publish","hentry"],"taxonomy_info":[],"featured_image_src_large":false,"author_info":{"display_name":"Nils Koerber","author_link":"https:\/\/www.kern-unternehmensnachfolge.com\/hu\/author\/nils-koerber\/"},"comment_info":0,"_links":{"self":[{"href":"https:\/\/www.kern-unternehmensnachfolge.com\/hu\/wp-json\/wp\/v2\/pages\/6805","targetHints":{"allow":["GET"]}}],"collection":[{"href":"https:\/\/www.kern-unternehmensnachfolge.com\/hu\/wp-json\/wp\/v2\/pages"}],"about":[{"href":"https:\/\/www.kern-unternehmensnachfolge.com\/hu\/wp-json\/wp\/v2\/types\/page"}],"author":[{"embeddable":true,"href":"https:\/\/www.kern-unternehmensnachfolge.com\/hu\/wp-json\/wp\/v2\/users\/5"}],"replies":[{"embeddable":true,"href":"https:\/\/www.kern-unternehmensnachfolge.com\/hu\/wp-json\/wp\/v2\/comments?post=6805"}],"version-history":[{"count":0,"href":"https:\/\/www.kern-unternehmensnachfolge.com\/hu\/wp-json\/wp\/v2\/pages\/6805\/revisions"}],"wp:attachment":[{"href":"https:\/\/www.kern-unternehmensnachfolge.com\/hu\/wp-json\/wp\/v2\/media?parent=6805"}],"curies":[{"name":"wp","href":"https:\/\/api.w.org\/{rel}","templated":true}]}}