{"id":22754,"date":"2022-05-10T08:27:33","date_gmt":"2022-05-10T06:27:33","guid":{"rendered":"https:\/\/great-kare.185-125-174-66.plesk.page\/?page_id=22754"},"modified":"2022-05-12T10:11:02","modified_gmt":"2022-05-12T08:11:02","slug":"befektetoi-profil","status":"publish","type":"page","link":"https:\/\/www.kern-unternehmensnachfolge.com\/hu\/investorenprofil\/","title":{"rendered":"Befek\u00adte\u00adt\u0151i profil"},"content":{"rendered":"<h1>Az \u00d6n befek\u00adte\u00adt\u0151i profil\u00adja. Az els\u0151 megje\u00adle\u00adn\u00e9s&nbsp;d\u00f6nt<\/h1>\n<p>Wie k\u00f6nnen Sie sich als m\u00f6gli\u00adcher K\u00e4ufer, strate\u00adgi\u00adscher Inves\u00adtor oder <span class=\"caps\">MBI<\/span> f\u00fcr ein Unter\u00adneh\u00admen optimal darstel\u00adlen? <strong>Az \u00d6n befek\u00adte\u00adt\u0151i profilj\u00e1val.<\/strong><\/p>\n<p>Jeder Verk\u00e4u\u00adfer einer Firma m\u00f6chte wissen, wer sich f\u00fcr sein Unter\u00adneh\u00admen inter\u00ades\u00adsiert und was der Hinter\u00adgrund dieser Pers\u00f6n\u00adlich\u00adkeit oder Firma ist. Es geht um einen sehr pers\u00f6n\u00adli\u00adchen Eindruck. Um die erste Verbin\u00addung zu Ihnen \u2013 und um eine ausge\u00adwo\u00adge\u00adne Selbst\u00addar\u00adstel\u00adlung als Mensch und\/oder Unternehmen.<\/p>\n<p>Sie wollen zu den Kaufin\u00adter\u00ades\u00adsen\u00adten geh\u00f6ren, die f\u00fcr das Lebens\u00adwerk des Verk\u00e4u\u00adfers ernst\u00adhaft als poten\u00adti\u00adel\u00adler Nachfol\u00adger in Frage kommen. Und Sie wollen im Wettbe\u00adwerb mit anderen Kaufin\u00adter\u00ades\u00adsen\u00adten die Nase vorn haben. Deshalb bitten wir Sie um ein indivi\u00addu\u00adel\u00adles Inves\u00adto\u00adren\u00adpro\u00adfil. Egal ob Sie eine Firma sind oder eine Einzelperson.<\/p>\n<p>Ein Verk\u00e4u\u00adfer m\u00f6chte in wenigen S\u00e4tzen verste\u00adhen, warum Sie sich f\u00fcr sein Unter\u00adneh\u00admen inter\u00ades\u00adsie\u00adren und warum es konkret zu Ihnen passen k\u00f6nnte.<\/p>\n<p>Nachfol\u00adgend finden Sie ein Muster im Word-Format. Bitte lassen Sie Ihrer Phanta\u00adsie freien Lauf und zugleich sollten zwei Seiten im Umfang nicht \u00fcberschrit\u00adten werden. Entschei\u00adden Sie, was Sie unver\u00adwech\u00adsel\u00adbar macht und warum Sie der passen\u00adde Nachfol\u00adger (auch wenn eine Firma eine Firma kaufen m\u00f6chte) sein k\u00f6nnten.<\/p>\n<p>Die KERN-Vorla\u00adge f\u00fcr Ihr Inves\u00adto\u00adren\u00adpro\u00adfil ber\u00fcck\u00adsich\u00adtigt die wesent\u00adli\u00adchen Infor\u00adma\u00adtio\u00adnen \u2013 vom Kurzpro\u00adfil bis zu Ihrer Investmentvorstellung.<\/p>\n<h3 style=\"text-align: left;\">KERN-Vorla\u00adge f\u00fcr Ihr aussa\u00adge\u00adkr\u00e4f\u00adti\u00adges Investorenprofil<\/h3>\n<p><span><img decoding=\"async\" alt data-id=\"22868\" width=\"318\" data-init-width=\"595\" height=\"449\" data-init-height=\"841\" title=\"KERN befektet\u0151i profil sablon\" loading=\"lazy\" src=\"https:\/\/www.kern-unternehmensnachfolge.com\/wp-content\/uploads\/2022\/05\/KERN-investorenprofil-vorlage.jpg\" data-width=\"318\" data-height=\"449\" data-link-wrap=\"true\"><\/span><\/p>","protected":false},"excerpt":{"rendered":"<p>Ihr Investorenprofil. Der erste Auftritt entscheidet Wie k\u00f6nnen Sie sich als m\u00f6glicher K\u00e4ufer, strategischer Investor oder MBI f\u00fcr ein Unternehmen [&hellip;]<\/p>\n","protected":false},"author":1,"featured_media":0,"parent":0,"menu_order":0,"comment_status":"closed","ping_status":"closed","template":"","meta":{"wp_typography_post_enhancements_disabled":false,"_kad_blocks_custom_css":"","_kad_blocks_head_custom_js":"","_kad_blocks_body_custom_js":"","_kad_blocks_footer_custom_js":"","site-sidebar-layout":"no-sidebar","site-content-layout":"plain-container","ast-site-content-layout":"default","site-content-style":"default","site-sidebar-style":"default","ast-global-header-display":"","ast-banner-title-visibility":"","ast-main-header-display":"","ast-hfb-above-header-display":"","ast-hfb-below-header-display":"","ast-hfb-mobile-header-display":"","site-post-title":"disabled","ast-breadcrumbs-content":"","ast-featured-img":"disabled","footer-sml-layout":"","ast-disable-related-posts":"","theme-transparent-header-meta":"default","adv-header-id-meta":"","stick-header-meta":"default","header-above-stick-meta":"","header-main-stick-meta":"","header-below-stick-meta":"","astra-migrate-meta-layouts":"default","ast-page-background-enabled":"default","ast-page-background-meta":{"desktop":{"background-color":"","background-image":"","background-repeat":"repeat","background-position":"center center","background-size":"auto","background-attachment":"scroll","background-type":"","background-media":"","overlay-type":"","overlay-color":"","overlay-opacity":"","overlay-gradient":""},"tablet":{"background-color":"","background-image":"","background-repeat":"repeat","background-position":"center center","background-size":"auto","background-attachment":"scroll","background-type":"","background-media":"","overlay-type":"","overlay-color":"","overlay-opacity":"","overlay-gradient":""},"mobile":{"background-color":"","background-image":"","background-repeat":"repeat","background-position":"center center","background-size":"auto","background-attachment":"scroll","background-type":"","background-media":"","overlay-type":"","overlay-color":"","overlay-opacity":"","overlay-gradient":""}},"ast-content-background-meta":{"desktop":{"background-color":"var(--ast-global-color-5)","background-image":"","background-repeat":"repeat","background-position":"center center","background-size":"auto","background-attachment":"scroll","background-type":"","background-media":"","overlay-type":"","overlay-color":"","overlay-opacity":"","overlay-gradient":""},"tablet":{"background-color":"var(--ast-global-color-5)","background-image":"","background-repeat":"repeat","background-position":"center center","background-size":"auto","background-attachment":"scroll","background-type":"","background-media":"","overlay-type":"","overlay-color":"","overlay-opacity":"","overlay-gradient":""},"mobile":{"background-color":"var(--ast-global-color-5)","background-image":"","background-repeat":"repeat","background-position":"center center","background-size":"auto","background-attachment":"scroll","background-type":"","background-media":"","overlay-type":"","overlay-color":"","overlay-opacity":"","overlay-gradient":""}},"iawp_total_views":199,"footnotes":""},"class_list":["post-22754","page","type-page","status-publish","hentry"],"taxonomy_info":[],"featured_image_src_large":false,"author_info":{"display_name":"filialleiter","author_link":"https:\/\/www.kern-unternehmensnachfolge.com\/hu\/author\/filialleiter\/"},"comment_info":0,"_links":{"self":[{"href":"https:\/\/www.kern-unternehmensnachfolge.com\/hu\/wp-json\/wp\/v2\/pages\/22754","targetHints":{"allow":["GET"]}}],"collection":[{"href":"https:\/\/www.kern-unternehmensnachfolge.com\/hu\/wp-json\/wp\/v2\/pages"}],"about":[{"href":"https:\/\/www.kern-unternehmensnachfolge.com\/hu\/wp-json\/wp\/v2\/types\/page"}],"author":[{"embeddable":true,"href":"https:\/\/www.kern-unternehmensnachfolge.com\/hu\/wp-json\/wp\/v2\/users\/1"}],"replies":[{"embeddable":true,"href":"https:\/\/www.kern-unternehmensnachfolge.com\/hu\/wp-json\/wp\/v2\/comments?post=22754"}],"version-history":[{"count":0,"href":"https:\/\/www.kern-unternehmensnachfolge.com\/hu\/wp-json\/wp\/v2\/pages\/22754\/revisions"}],"wp:attachment":[{"href":"https:\/\/www.kern-unternehmensnachfolge.com\/hu\/wp-json\/wp\/v2\/media?parent=22754"}],"curies":[{"name":"wp","href":"https:\/\/api.w.org\/{rel}","templated":true}]}}