{"id":16299,"date":"2021-02-05T12:58:19","date_gmt":"2021-02-05T11:58:19","guid":{"rendered":"https:\/\/great-kare.185-125-174-66.plesk.page\/?page_id=16299"},"modified":"2021-02-05T13:18:32","modified_gmt":"2021-02-05T12:18:32","slug":"calculator-data-sent","status":"publish","type":"page","link":"https:\/\/www.kern-unternehmensnachfolge.com\/hu\/kalkulator-daten-gesendet\/","title":{"rendered":"Sz\u00e1mol\u00f3\u00adg\u00e9p K\u00f6sz\u00f6\u00adnet V\u00e1llala\u00adti&nbsp;\u00e9rt\u00e9k"},"content":{"rendered":"<h1>Vielen Dank f\u00fcr Ihre Teilnah\u00adme an dem Unternehmenswert-Rechner!<\/h1>\n<h3 style>Az \u00e9rt\u00e9kel\u00e9st n\u00e9h\u00e1ny percen bel\u00fcl megkapja.<\/h3>\n<h3 style>In der Zwischen\u00adzeit empfeh\u00adlen wir Ihnen unser Online-Seminar Unter\u00adneh\u00admens\u00adbe\u00adwer\u00adtung, an dem Sie kosten\u00adlos teilneh\u00admen k\u00f6nnen.<\/h3>\n<p><span style=\"width: 100%;\"><img decoding=\"async\" alt width=\"800\" height=\"450\" title=\"KERN webin\u00e1riumok\" data-id=\"4807\" src=\"https:\/\/www.kern-unternehmensnachfolge.com\/wp-content\/uploads\/2018\/12\/KERN-Webinare.png\" style loading=\"lazy\" data-width=\"800\" data-height=\"450\" data-init-width=\"1280\" data-init-height=\"720\"><\/span><\/p>\n<h4 style=\"text-align: center;\">F\u00fcr K\u00e4ufer und Verk\u00e4u\u00adfer: Optima\u00adle Ergeb\u00adnis\u00adse f\u00fcr einen Kaufpreis \u2013 Inves\u00adtie\u00adren und verkau\u00adfen zum besten Preis.&nbsp;<\/h4>","protected":false},"excerpt":{"rendered":"<p>Vielen Dank f\u00fcr Ihre Teilnahme an dem Unternehmenswert-Rechner! In wenigen Minuten erhalten Sie Ihre Auswertung. In der Zwischenzeit empfehlen wir [&hellip;]<\/p>\n","protected":false},"author":1,"featured_media":4545,"parent":0,"menu_order":0,"comment_status":"closed","ping_status":"closed","template":"","meta":{"wp_typography_post_enhancements_disabled":false,"site-sidebar-layout":"no-sidebar","site-content-layout":"plain-container","ast-site-content-layout":"default","site-content-style":"default","site-sidebar-style":"default","ast-global-header-display":"","ast-banner-title-visibility":"","ast-main-header-display":"","ast-hfb-above-header-display":"","ast-hfb-below-header-display":"","ast-hfb-mobile-header-display":"","site-post-title":"disabled","ast-breadcrumbs-content":"","ast-featured-img":"disabled","footer-sml-layout":"","ast-disable-related-posts":"","theme-transparent-header-meta":"","adv-header-id-meta":"","stick-header-meta":"default","header-above-stick-meta":"","header-main-stick-meta":"","header-below-stick-meta":"","astra-migrate-meta-layouts":"default","ast-page-background-enabled":"default","ast-page-background-meta":{"desktop":{"background-color":"","background-image":"","background-repeat":"repeat","background-position":"center center","background-size":"auto","background-attachment":"scroll","background-type":"","background-media":"","overlay-type":"","overlay-color":"","overlay-opacity":"","overlay-gradient":""},"tablet":{"background-color":"","background-image":"","background-repeat":"repeat","background-position":"center center","background-size":"auto","background-attachment":"scroll","background-type":"","background-media":"","overlay-type":"","overlay-color":"","overlay-opacity":"","overlay-gradient":""},"mobile":{"background-color":"","background-image":"","background-repeat":"repeat","background-position":"center center","background-size":"auto","background-attachment":"scroll","background-type":"","background-media":"","overlay-type":"","overlay-color":"","overlay-opacity":"","overlay-gradient":""}},"ast-content-background-meta":{"desktop":{"background-color":"var(--ast-global-color-5)","background-image":"","background-repeat":"repeat","background-position":"center center","background-size":"auto","background-attachment":"scroll","background-type":"","background-media":"","overlay-type":"","overlay-color":"","overlay-opacity":"","overlay-gradient":""},"tablet":{"background-color":"var(--ast-global-color-5)","background-image":"","background-repeat":"repeat","background-position":"center center","background-size":"auto","background-attachment":"scroll","background-type":"","background-media":"","overlay-type":"","overlay-color":"","overlay-opacity":"","overlay-gradient":""},"mobile":{"background-color":"var(--ast-global-color-5)","background-image":"","background-repeat":"repeat","background-position":"center center","background-size":"auto","background-attachment":"scroll","background-type":"","background-media":"","overlay-type":"","overlay-color":"","overlay-opacity":"","overlay-gradient":""}},"iawp_total_views":0,"footnotes":""},"class_list":["post-16299","page","type-page","status-publish","has-post-thumbnail","hentry"],"_links":{"self":[{"href":"https:\/\/www.kern-unternehmensnachfolge.com\/hu\/wp-json\/wp\/v2\/pages\/16299","targetHints":{"allow":["GET"]}}],"collection":[{"href":"https:\/\/www.kern-unternehmensnachfolge.com\/hu\/wp-json\/wp\/v2\/pages"}],"about":[{"href":"https:\/\/www.kern-unternehmensnachfolge.com\/hu\/wp-json\/wp\/v2\/types\/page"}],"author":[{"embeddable":true,"href":"https:\/\/www.kern-unternehmensnachfolge.com\/hu\/wp-json\/wp\/v2\/users\/1"}],"replies":[{"embeddable":true,"href":"https:\/\/www.kern-unternehmensnachfolge.com\/hu\/wp-json\/wp\/v2\/comments?post=16299"}],"version-history":[{"count":0,"href":"https:\/\/www.kern-unternehmensnachfolge.com\/hu\/wp-json\/wp\/v2\/pages\/16299\/revisions"}],"wp:featuredmedia":[{"embeddable":true,"href":"https:\/\/www.kern-unternehmensnachfolge.com\/hu\/wp-json\/wp\/v2\/media\/4545"}],"wp:attachment":[{"href":"https:\/\/www.kern-unternehmensnachfolge.com\/hu\/wp-json\/wp\/v2\/media?parent=16299"}],"curies":[{"name":"wp","href":"https:\/\/api.w.org\/{rel}","templated":true}]}}