{"id":3825,"date":"2018-09-25T11:12:01","date_gmt":"2018-09-25T09:12:01","guid":{"rendered":"https:\/\/great-kare.185-125-174-66.plesk.page\/?page_id=3825"},"modified":"2024-09-03T10:47:59","modified_gmt":"2024-09-03T08:47:59","slug":"agb","status":"publish","type":"page","link":"https:\/\/www.kern-unternehmensnachfolge.com\/en\/agb\/","title":{"rendered":"General terms and conditions"},"content":{"rendered":"<h1 style=\"text-align: left;\">General terms and conditions<\/h1>\n<h3>Hinweis zum Einsatz von <span class=\"caps\">AGB<\/span> in Deutsch\u00adland, \u00d6ster\u00adreich und der Schweiz (unter <span class=\"caps\">AGB<\/span> verste\u00adhen wir den umgangs\u00adsprach\u00adli\u00adchen Begriff des \u201eKlein\u00adge\u00addruck\u00adten\u201c, der h\u00e4ufig bei Dienst\u00adleis\u00adtern auf vielen Seiten Rechte von Kunden einschr\u00e4nkt oder ausschlie\u00dft oder sogar mit einer P\u00f6nale\/Strafzahlungen versieht)&nbsp;<\/h3>\n<p>Auf der Basis von Vertrau\u00aden, Trans\u00adpa\u00adrenz und Klarheit, verzich\u00adten wir in Deutsch\u00adland, \u00d6ster\u00adreich und der Schweiz auf den zus\u00e4tz\u00adli\u00adchen Einsatz von <span class=\"caps\">AGB<\/span>. Mit <span class=\"caps\">AGB<\/span> meinen wir die nervi\u00adgen, unend\u00adlich vielen Seiten mit klein\u00adge\u00addruck\u00adten Hinwei\u00adsen, Regeln und Ausschl\u00fcs\u00adsen, die eigent\u00adlich niemand als Anlage zu einem Angebot oder Vertrag lesen m\u00f6chte und die gerne auch unver\u00adst\u00e4nd\u00adlich geschrie\u00adben sind. Darauf verzich\u00adten wir. Einfach, klar und transparent.<\/p>\n<p>Unsere Kunden erhal\u00adten ein trans\u00adpa\u00adren\u00adtes, nachvoll\u00adzieh\u00adba\u00adres Angebot und einen Vertrag (Vertr\u00e4\u00adge nur dort, wo sie Sinn machen). Mehr&nbsp;nicht.&nbsp;<\/p>\n<p>Aus unserer Sicht regeln die Geset\u00adze ausrei\u00adchend alle wichti\u00adgen Standards f\u00fcr eine Zusammenarbeit.<\/p>\n<p>Wir m\u00f6chten unseren Kunden damit die Zusam\u00admen\u00adar\u00adbeit so leicht und verst\u00e4nd\u00adlich machen, wie nur irgend\u00adwie m\u00f6glich.<\/p>\n<p><strong>Erg\u00e4n\u00adzen\u00adder Hinweis zu allen KERN-Partnern auf dieser Homepage:&nbsp;<\/strong><\/p>\n<p>We are an adviso\u00adry group in which all partners and locati\u00adons are <strong>recht\u00adlich selbst\u00e4n\u00addig<\/strong> be operated.<\/p>\n<p>Wir sind somit ausdr\u00fcck\u00adlich keine Partner\u00adschaft im Sinne der deutschen Rechts\u00adauf\u00adfas\u00adsung. Eine gesamtschuldnerische<\/p>\n<p>Haftung ist grund\u00ads\u00e4tz\u00adlich ausgeschlossen.<\/p>","protected":false},"excerpt":{"rendered":"<p>Allgemeine Gesch\u00e4ftsbedingungen Hinweis zum Einsatz von AGB in Deutschland, \u00d6sterreich und der Schweiz (unter AGB verstehen wir den umgangssprachlichen Begriff [&hellip;]<\/p>\n","protected":false},"author":1,"featured_media":0,"parent":0,"menu_order":0,"comment_status":"closed","ping_status":"closed","template":"","meta":{"wp_typography_post_enhancements_disabled":false,"_kad_blocks_custom_css":"","_kad_blocks_head_custom_js":"","_kad_blocks_body_custom_js":"","_kad_blocks_footer_custom_js":"","site-sidebar-layout":"no-sidebar","site-content-layout":"plain-container","ast-site-content-layout":"default","site-content-style":"default","site-sidebar-style":"default","ast-global-header-display":"","ast-banner-title-visibility":"","ast-main-header-display":"","ast-hfb-above-header-display":"","ast-hfb-below-header-display":"","ast-hfb-mobile-header-display":"","site-post-title":"disabled","ast-breadcrumbs-content":"","ast-featured-img":"disabled","footer-sml-layout":"","ast-disable-related-posts":"","theme-transparent-header-meta":"default","adv-header-id-meta":"","stick-header-meta":"default","header-above-stick-meta":"","header-main-stick-meta":"","header-below-stick-meta":"","astra-migrate-meta-layouts":"default","ast-page-background-enabled":"default","ast-page-background-meta":{"desktop":{"background-color":"","background-image":"","background-repeat":"repeat","background-position":"center center","background-size":"auto","background-attachment":"scroll","background-type":"","background-media":"","overlay-type":"","overlay-color":"","overlay-opacity":"","overlay-gradient":""},"tablet":{"background-color":"","background-image":"","background-repeat":"repeat","background-position":"center center","background-size":"auto","background-attachment":"scroll","background-type":"","background-media":"","overlay-type":"","overlay-color":"","overlay-opacity":"","overlay-gradient":""},"mobile":{"background-color":"","background-image":"","background-repeat":"repeat","background-position":"center center","background-size":"auto","background-attachment":"scroll","background-type":"","background-media":"","overlay-type":"","overlay-color":"","overlay-opacity":"","overlay-gradient":""}},"ast-content-background-meta":{"desktop":{"background-color":"var(--ast-global-color-5)","background-image":"","background-repeat":"repeat","background-position":"center center","background-size":"auto","background-attachment":"scroll","background-type":"","background-media":"","overlay-type":"","overlay-color":"","overlay-opacity":"","overlay-gradient":""},"tablet":{"background-color":"var(--ast-global-color-5)","background-image":"","background-repeat":"repeat","background-position":"center center","background-size":"auto","background-attachment":"scroll","background-type":"","background-media":"","overlay-type":"","overlay-color":"","overlay-opacity":"","overlay-gradient":""},"mobile":{"background-color":"var(--ast-global-color-5)","background-image":"","background-repeat":"repeat","background-position":"center center","background-size":"auto","background-attachment":"scroll","background-type":"","background-media":"","overlay-type":"","overlay-color":"","overlay-opacity":"","overlay-gradient":""}},"iawp_total_views":13,"footnotes":""},"class_list":["post-3825","page","type-page","status-publish","hentry"],"taxonomy_info":[],"featured_image_src_large":false,"author_info":{"display_name":"filialleiter","author_link":"https:\/\/www.kern-unternehmensnachfolge.com\/en\/author\/filialleiter\/"},"comment_info":0,"_links":{"self":[{"href":"https:\/\/www.kern-unternehmensnachfolge.com\/en\/wp-json\/wp\/v2\/pages\/3825","targetHints":{"allow":["GET"]}}],"collection":[{"href":"https:\/\/www.kern-unternehmensnachfolge.com\/en\/wp-json\/wp\/v2\/pages"}],"about":[{"href":"https:\/\/www.kern-unternehmensnachfolge.com\/en\/wp-json\/wp\/v2\/types\/page"}],"author":[{"embeddable":true,"href":"https:\/\/www.kern-unternehmensnachfolge.com\/en\/wp-json\/wp\/v2\/users\/1"}],"replies":[{"embeddable":true,"href":"https:\/\/www.kern-unternehmensnachfolge.com\/en\/wp-json\/wp\/v2\/comments?post=3825"}],"version-history":[{"count":0,"href":"https:\/\/www.kern-unternehmensnachfolge.com\/en\/wp-json\/wp\/v2\/pages\/3825\/revisions"}],"wp:attachment":[{"href":"https:\/\/www.kern-unternehmensnachfolge.com\/en\/wp-json\/wp\/v2\/media?parent=3825"}],"curies":[{"name":"wp","href":"https:\/\/api.w.org\/{rel}","templated":true}]}}