{"id":32919,"date":"2025-02-25T21:17:28","date_gmt":"2025-02-25T20:17:28","guid":{"rendered":"https:\/\/www.kern-unternehmensnachfolge.com\/?page_id=32919"},"modified":"2025-02-25T21:45:33","modified_gmt":"2025-02-25T20:45:33","slug":"company-succession-wiesbaden3-57","status":"publish","type":"page","link":"https:\/\/www.kern-unternehmensnachfolge.com\/en\/standort\/stuttgart\/","title":{"rendered":"<span class=\"caps\">KERN<\/span> \u2013 Unternehmens\u00adnachfolge Stuttgart"},"content":{"rendered":"<p><a target=\"_blank\" href=\"https:\/\/www.kern-unternehmensnachfolge.com\/en\/\" data-id-d=\"0\" data-img-style=\"width: 100%;\"><img decoding=\"async\" src=\"https:\/\/www.kern-unternehmensnachfolge.com\/wp-content\/uploads\/2023\/05\/kern_logo2023_rgb_farbig_transparent.png\" height=\"502\" width=\"1317\" alt=\"KERN logo\" style=\"width: 100%;\" loading=\"lazy\"><\/a><\/p>\n<h4 style=\"text-align: center;\">Free initi\u00adal consultation<\/h4>\n<h2 style=\"text-align: left;\">Compa\u00adny succes\u00adsi\u00adon, compa\u00adny sale, genera\u00adti\u00adon change<\/h2>\n<h1>Treffen Sie die Spezia\u00adlis\u00adten f\u00fcr Unternehmens\u00adnachfolge in Stutt\u00adgart und Umgebung<\/h1>\n<h2 style=\"text-align: left;\">Ihre <span class=\"caps\">KERN<\/span> Partner in der Region Stuttgart<\/h2>\n<h3 style><strong>Karl Rehfu\u00df<\/strong><\/h3>\n<p>Jahrgang 1968, Handels\u00adfach\u00adwirt (<span class=\"caps\">IHK<\/span>). Umfang\u00adrei\u00adche Erfah\u00adrung im Auf- und Ausbau mittel\u00adst\u00e4n\u00addi\u00adscher Unter\u00adneh\u00admen des Fachgro\u00df\u00adhan\u00addels und der Indus\u00adtrie inner\u00adhalb der Baubran\u00adche. Zudem langj\u00e4h\u00adri\u00adge F\u00fchrungs\u00ader\u00adfah\u00adrung mit Schwer\u00adpunkt Supply Chain Manage\u00adment, natio\u00adna\u00adler-\/und inter\u00adna\u00adtio\u00adna\u00adler Vertrieb sowie Personalmanagement.<\/p>\n<p><span style=\"width: 100%;\"><img decoding=\"async\" alt title=\"Rehfuss-22\" data-id=\"32449\" src=\"https:\/\/www.kern-unternehmensnachfolge.com\/wp-content\/uploads\/2025\/01\/Rehfuss-22.jpg\" style=\"aspect-ratio: auto 800 \/ 394;\" width=\"493\" height=\"243\" data-width=\"493\" data-height=\"243\" data-init-width=\"800\" data-init-height=\"394\" loading=\"lazy\"><\/span><\/p>\n<h3 style><strong>Matthi\u00adas Kr<\/strong><strong>ause<\/strong><\/h3>\n<p>Jahrgang 1968, Diplom-Wirtschafts\u00adin\u00adfor\u00adma\u00adti\u00adker, Execu\u00adti\u00adve <span class=\"caps\">MBA<\/span> der <span class=\"caps\">IE<\/span> Business School Madrid und zerti\u00adfi\u00adzier\u00adter M<span class=\"amp\">&amp;<\/span>A-Experte. Er verbin\u00addet analy\u00adti\u00adsches Denken mit praxis\u00adna\u00adher Umset\u00adzung und unter\u00adst\u00fctzt Unter\u00adneh\u00admer bei einer struk\u00adtu\u00adrier\u00adten und effizi\u00aden\u00adten Nachfol\u00adge\u00adpla\u00adnung sowie deren Umsetzung.<\/p>\n<p><span style=\"width: 100%;\"><img decoding=\"async\" alt=\"Matthias Krause - Kern Standort Stuttgart\" title=\"Matthias Krause - Kern Standort Stuttgart\" data-id=\"32891\" src=\"https:\/\/www.kern-unternehmensnachfolge.com\/wp-content\/uploads\/2025\/02\/Matthias-Krause-Kern-Standort-Stuttgart.webp\" style=\"aspect-ratio: auto 800 \/ 394;\" width=\"493\" height=\"243\" data-width=\"493\" data-height=\"243\" data-init-width=\"800\" data-init-height=\"394\" loading=\"lazy\"><\/span><\/p>\n<h2 style=\"text-align: left;\">With us, you are much more than just a client. Your compa\u00adny succes\u00adsi\u00adon is close to our hearts.<\/h2>\n<p>Sie sind auf der Suche nach einem Partner, der Ihre Unternehmens\u00adnachfolge vertrau\u00adens\u00advoll, kompe\u00adtent und engagiert beglei\u00adtet. Bei <span class=\"caps\">KERN<\/span> treffen Sie Menschen, f\u00fcr die Sie mehr sind als ein Beratungs\u00adkun\u00adde. Menschen, die Sie verste\u00adhen und die wissen, was dieser gro\u00dfe Schritt f\u00fcr Sie ganz pers\u00f6n\u00adlich bedeutet.<\/p>\n<p>Oft geht es um hohe und sehr wichti\u00adge Verm\u00f6\u00adgens\u00adwer\u00adte. Es geht um Ihre pers\u00f6n\u00adli\u00adche Absiche\u00adrung, die Zukunft Ihrer Mitar\u00adbei\u00adter oder auch um Wachs\u00adtum und die konkre\u00adte Identi\u00adfi\u00adzie\u00adrung des passen\u00adden K\u00e4ufers oder Verk\u00e4ufers.<\/p>\n<p>The experi\u00adence and exper\u00adti\u00adse of your <span class=\"caps\">KERN<\/span> consul\u00adtant can protect you from costly and serious mista\u00adkes. Take the next step in your business succes\u00adsi\u00adon now, the <a href=\"https:\/\/www.kern-unternehmensnachfolge.com\/en\/company-sale-5\/\" target=\"_blank\" style=\"outline: currentcolor;\">Compa\u00adny sale<\/a>compa\u00adny acqui\u00adsi\u00adti\u00adon or genera\u00adti\u00adon change.<\/p>\n<p><strong><span class=\"caps\">KERN<\/span> Business Succes\u00adsi\u00adon Stutt\u00adgart<\/strong>(alle Partner sind recht\u00adlich eigenst\u00e4ndig)Heilbronner Str. 15070191 Stuttgart<\/p>\n<p><a href=\"mailto:stuttgart@kern-unternehmensnachfolge.com\" target=\"_blank\" style=\"outline: none;\">stuttgart@kern-unternehmensnachfolge.com<\/a><\/p>\n<p><span style=\"width: 100%;\"><img decoding=\"async\" alt title=\"rate me - Google\" data-id=\"32554\" src=\"https:\/\/www.kern-unternehmensnachfolge.com\/wp-content\/uploads\/2025\/01\/bewerten-Sie-mich-Google.png\" style=\"aspect-ratio: auto 300 \/ 300;\" width=\"220\" height=\"220\" data-width=\"220\" data-height=\"220\" data-init-width=\"300\" data-init-height=\"300\" loading=\"lazy\"><\/span><\/p>","protected":false},"excerpt":{"rendered":"<p>Kostenlose Erstberatung Unternehmensnachfolge, Unternehmensverkauf, Generationswechsel Treffen Sie die Spezialisten f\u00fcr Unternehmensnachfolge in Stuttgart und Umgebung Ihre KERN Partner in der [&hellip;]<\/p>\n","protected":false},"author":84,"featured_media":0,"parent":27709,"menu_order":0,"comment_status":"closed","ping_status":"closed","template":"","meta":{"wp_typography_post_enhancements_disabled":false,"site-sidebar-layout":"no-sidebar","site-content-layout":"page-builder","ast-site-content-layout":"full-width-container","site-content-style":"unboxed","site-sidebar-style":"unboxed","ast-global-header-display":"disabled","ast-banner-title-visibility":"disabled","ast-main-header-display":"","ast-hfb-above-header-display":"","ast-hfb-below-header-display":"","ast-hfb-mobile-header-display":"","site-post-title":"","ast-breadcrumbs-content":"","ast-featured-img":"","footer-sml-layout":"disabled","ast-disable-related-posts":"","theme-transparent-header-meta":"","adv-header-id-meta":"","stick-header-meta":"","header-above-stick-meta":"","header-main-stick-meta":"","header-below-stick-meta":"","astra-migrate-meta-layouts":"set","ast-page-background-enabled":"default","ast-page-background-meta":{"desktop":{"background-color":"","background-image":"","background-repeat":"repeat","background-position":"center center","background-size":"auto","background-attachment":"scroll","background-type":"","background-media":"","overlay-type":"","overlay-color":"","overlay-opacity":"","overlay-gradient":""},"tablet":{"background-color":"","background-image":"","background-repeat":"repeat","background-position":"center center","background-size":"auto","background-attachment":"scroll","background-type":"","background-media":"","overlay-type":"","overlay-color":"","overlay-opacity":"","overlay-gradient":""},"mobile":{"background-color":"","background-image":"","background-repeat":"repeat","background-position":"center center","background-size":"auto","background-attachment":"scroll","background-type":"","background-media":"","overlay-type":"","overlay-color":"","overlay-opacity":"","overlay-gradient":""}},"ast-content-background-meta":{"desktop":{"background-color":"var(--ast-global-color-5)","background-image":"","background-repeat":"repeat","background-position":"center center","background-size":"auto","background-attachment":"scroll","background-type":"","background-media":"","overlay-type":"","overlay-color":"","overlay-opacity":"","overlay-gradient":""},"tablet":{"background-color":"var(--ast-global-color-5)","background-image":"","background-repeat":"repeat","background-position":"center center","background-size":"auto","background-attachment":"scroll","background-type":"","background-media":"","overlay-type":"","overlay-color":"","overlay-opacity":"","overlay-gradient":""},"mobile":{"background-color":"var(--ast-global-color-5)","background-image":"","background-repeat":"repeat","background-position":"center center","background-size":"auto","background-attachment":"scroll","background-type":"","background-media":"","overlay-type":"","overlay-color":"","overlay-opacity":"","overlay-gradient":""}},"iawp_total_views":59,"footnotes":""},"class_list":["post-32919","page","type-page","status-publish","hentry"],"_links":{"self":[{"href":"https:\/\/www.kern-unternehmensnachfolge.com\/en\/wp-json\/wp\/v2\/pages\/32919","targetHints":{"allow":["GET"]}}],"collection":[{"href":"https:\/\/www.kern-unternehmensnachfolge.com\/en\/wp-json\/wp\/v2\/pages"}],"about":[{"href":"https:\/\/www.kern-unternehmensnachfolge.com\/en\/wp-json\/wp\/v2\/types\/page"}],"author":[{"embeddable":true,"href":"https:\/\/www.kern-unternehmensnachfolge.com\/en\/wp-json\/wp\/v2\/users\/84"}],"replies":[{"embeddable":true,"href":"https:\/\/www.kern-unternehmensnachfolge.com\/en\/wp-json\/wp\/v2\/comments?post=32919"}],"version-history":[{"count":0,"href":"https:\/\/www.kern-unternehmensnachfolge.com\/en\/wp-json\/wp\/v2\/pages\/32919\/revisions"}],"up":[{"embeddable":true,"href":"https:\/\/www.kern-unternehmensnachfolge.com\/en\/wp-json\/wp\/v2\/pages\/27709"}],"wp:attachment":[{"href":"https:\/\/www.kern-unternehmensnachfolge.com\/en\/wp-json\/wp\/v2\/media?parent=32919"}],"curies":[{"name":"wp","href":"https:\/\/api.w.org\/{rel}","templated":true}]}}