{"id":29790,"date":"2024-02-01T18:19:33","date_gmt":"2024-02-01T17:19:33","guid":{"rendered":"https:\/\/kern-unternehmensnachfolge.com\/?page_id=29790"},"modified":"2025-01-25T22:16:27","modified_gmt":"2025-01-25T21:16:27","slug":"company-succession-wiesbaden3-45","status":"publish","type":"page","link":"https:\/\/www.kern-unternehmensnachfolge.com\/en\/standort\/ingolstadt\/","title":{"rendered":"<span class=\"caps\">KERN<\/span> \u2013 Gesamt Unter\u00adnehmens\u00adverkauf Ingolstadt"},"content":{"rendered":"<p><a target=\"_blank\" href=\"https:\/\/www.kern-unternehmensnachfolge.com\/en\/\" data-id-d=\"0\" data-img-style=\"width: 100%;\"><img loading=\"lazy\" decoding=\"async\" src=\"https:\/\/www.kern-unternehmensnachfolge.com\/wp-content\/uploads\/2023\/05\/kern_logo2023_rgb_farbig_transparent.png\" height=\"502\" width=\"1317\" alt=\"KERN logo\" style=\"width: 100%;\"><\/a><\/p>\n<h4 style=\"text-align: center;\">Free initi\u00adal consultation<\/h4>\n<h2 style=\"text-align: left;\">Compa\u00adny succes\u00adsi\u00adon, compa\u00adny sale, genera\u00adti\u00adon change<\/h2>\n<h1>Treffen Sie die Spezia\u00adlis\u00adten f\u00fcr Unternehmens\u00adnachfolge in Ingol\u00adstadt und Umgebung<\/h1>\n<h3 style=\"text-align: left;\">Your <span class=\"caps\">KERN<\/span> partners in the Ingol\u00adstadt region<\/h3>\n<p><strong>Holger Haber\u00admann<\/strong><\/p>\n<p>Born in 1963, gradua\u00adte in business adminis\u00adtra\u00adti\u00adon (<span class=\"caps\">FH<\/span>), specia\u00adli\u00adsing in banking and invest\u00adment manage\u00adment, syste\u00admic coach specia\u00adli\u00adsing in strategy develo\u00adp\u00adment and succes\u00adsi\u00adon proces\u00adses in companies.<\/p>\n<p><span style=\"width: 100%;\"><img decoding=\"async\" alt title=\"holger-habermann-quer\" data-id=\"29792\" src=\"https:\/\/www.kern-unternehmensnachfolge.com\/wp-content\/uploads\/2024\/02\/holger-habermann-quer.webp\" style=\"aspect-ratio: auto 1280 \/ 720;\" width=\"493\" height=\"277\" data-width=\"493\" data-height=\"277\" data-init-width=\"1280\" data-init-height=\"720\" loading=\"lazy\"><\/span><\/p>\n<p><strong>Roland Grepp\u00admair<\/strong><\/p>\n<p>Jahrgang 1971, Studi\u00adum als Dipl.&nbsp;Ing.&nbsp;Maschi\u00adnen\u00adbau- und Wirtschafts\u00adin\u00adge\u00adnieur (<span class=\"caps\">FH<\/span>), Syste\u00admi\u00adscher Coach und Media\u00adtor.&nbsp;Zerti\u00adfi\u00adzier\u00adter Change\u00adma\u00adna\u00adger.&nbsp;Berater f\u00fcr Unternehmens\u00adnachfolge in Ingolstadt.<\/p>\n<p><span style=\"width: 100%;\"><img decoding=\"async\" alt title=\"roland-greppmair-ingolstadt-quer\" data-id=\"29793\" src=\"https:\/\/www.kern-unternehmensnachfolge.com\/wp-content\/uploads\/2024\/02\/roland-greppmair-ingolstadt-quer.webp\" style=\"aspect-ratio: auto 1280 \/ 720;\" width=\"493\" height=\"277\" data-width=\"493\" data-height=\"277\" data-init-width=\"1280\" data-init-height=\"720\" loading=\"lazy\"><\/span><\/p>\n<h3 style=\"text-align: center;\">With us, you are much more than just a client. Your compa\u00adny succes\u00adsi\u00adon is close to our hearts.<\/h3>\n<p>Sie sind auf der Suche nach einem Partner, der Ihre Unternehmens\u00adnachfolge vertrau\u00adens\u00advoll, kompe\u00adtent und engagiert beglei\u00adtet. Bei <span class=\"caps\">KERN<\/span> treffen Sie Menschen, f\u00fcr die Sie mehr sind als ein Beratungs\u00adkun\u00adde. Menschen, die Sie verste\u00adhen und die wissen, was dieser gro\u00dfe Schritt f\u00fcr Sie ganz pers\u00f6n\u00adlich bedeutet.<\/p>\n<p>Oft geht es um hohe und sehr wichti\u00adge Verm\u00f6\u00adgens\u00adwer\u00adte. Es geht um Ihre pers\u00f6n\u00adli\u00adche Absiche\u00adrung, die Zukunft Ihrer Mitar\u00adbei\u00adter oder auch um Wachs\u00adtum und die konkre\u00adte Identi\u00adfi\u00adzie\u00adrung des passen\u00adden K\u00e4ufers oder Verk\u00e4ufers.<\/p>\n<p>The experi\u00adence and exper\u00adti\u00adse of your <span class=\"caps\">KERN<\/span> consul\u00adtant can protect you from costly and serious mista\u00adkes. Take the next step in your business succes\u00adsi\u00adon now, the <a href=\"https:\/\/www.kern-unternehmensnachfolge.com\/en\/company-sale-5\/\" target=\"_blank\" style=\"outline: currentcolor;\">Compa\u00adny sale<\/a>compa\u00adny acqui\u00adsi\u00adti\u00adon or genera\u00adti\u00adon change.<\/p>\n<p><strong><span class=\"caps\">KERN<\/span> Compa\u00adny succes\u00adsi\u00adon Ingol\u00adstadt<\/strong>(alle Partner sind recht\u00adlich eigenst\u00e4ndig)Donaustra\u00dfe 885049 Ingolstadt<\/p>\n<p><a href=\"mailto:ingolstadt@kern-unternehmensnachfolge.com\" target=\"_blank\" style=\"outline: none;\">ingolstadt@kern-unternehmensnachfolge.com<\/a><\/p>\n<p><span style=\"width: 100%;\"><img decoding=\"async\" alt title=\"rate me - Google\" data-id=\"32554\" src=\"https:\/\/www.kern-unternehmensnachfolge.com\/wp-content\/uploads\/2025\/01\/bewerten-Sie-mich-Google.png\" style=\"aspect-ratio: auto 300 \/ 300;\" width=\"220\" height=\"220\" data-width=\"220\" data-height=\"220\" data-init-width=\"300\" data-init-height=\"300\" loading=\"lazy\"><\/span><\/p>","protected":false},"excerpt":{"rendered":"<p>Kostenlose Erstberatung Unternehmensnachfolge, Unternehmensverkauf, Generationswechsel Treffen Sie die Spezialisten f\u00fcr Unternehmensnachfolge in Ingolstadt und Umgebung Ihre KERN Partner in der [&hellip;]<\/p>\n","protected":false},"author":1,"featured_media":0,"parent":27709,"menu_order":0,"comment_status":"closed","ping_status":"closed","template":"","meta":{"wp_typography_post_enhancements_disabled":false,"_kad_blocks_custom_css":"","_kad_blocks_head_custom_js":"","_kad_blocks_body_custom_js":"","_kad_blocks_footer_custom_js":"","site-sidebar-layout":"no-sidebar","site-content-layout":"page-builder","ast-site-content-layout":"full-width-container","site-content-style":"unboxed","site-sidebar-style":"unboxed","ast-global-header-display":"disabled","ast-banner-title-visibility":"disabled","ast-main-header-display":"","ast-hfb-above-header-display":"","ast-hfb-below-header-display":"","ast-hfb-mobile-header-display":"","site-post-title":"","ast-breadcrumbs-content":"","ast-featured-img":"","footer-sml-layout":"disabled","ast-disable-related-posts":"","theme-transparent-header-meta":"","adv-header-id-meta":"","stick-header-meta":"","header-above-stick-meta":"","header-main-stick-meta":"","header-below-stick-meta":"","astra-migrate-meta-layouts":"set","ast-page-background-enabled":"default","ast-page-background-meta":{"desktop":{"background-color":"","background-image":"","background-repeat":"repeat","background-position":"center center","background-size":"auto","background-attachment":"scroll","background-type":"","background-media":"","overlay-type":"","overlay-color":"","overlay-opacity":"","overlay-gradient":""},"tablet":{"background-color":"","background-image":"","background-repeat":"repeat","background-position":"center center","background-size":"auto","background-attachment":"scroll","background-type":"","background-media":"","overlay-type":"","overlay-color":"","overlay-opacity":"","overlay-gradient":""},"mobile":{"background-color":"","background-image":"","background-repeat":"repeat","background-position":"center center","background-size":"auto","background-attachment":"scroll","background-type":"","background-media":"","overlay-type":"","overlay-color":"","overlay-opacity":"","overlay-gradient":""}},"ast-content-background-meta":{"desktop":{"background-color":"var(--ast-global-color-5)","background-image":"","background-repeat":"repeat","background-position":"center center","background-size":"auto","background-attachment":"scroll","background-type":"","background-media":"","overlay-type":"","overlay-color":"","overlay-opacity":"","overlay-gradient":""},"tablet":{"background-color":"var(--ast-global-color-5)","background-image":"","background-repeat":"repeat","background-position":"center center","background-size":"auto","background-attachment":"scroll","background-type":"","background-media":"","overlay-type":"","overlay-color":"","overlay-opacity":"","overlay-gradient":""},"mobile":{"background-color":"var(--ast-global-color-5)","background-image":"","background-repeat":"repeat","background-position":"center center","background-size":"auto","background-attachment":"scroll","background-type":"","background-media":"","overlay-type":"","overlay-color":"","overlay-opacity":"","overlay-gradient":""}},"iawp_total_views":33,"footnotes":""},"class_list":["post-29790","page","type-page","status-publish","hentry"],"taxonomy_info":[],"featured_image_src_large":false,"author_info":{"display_name":"filialleiter","author_link":"https:\/\/www.kern-unternehmensnachfolge.com\/en\/author\/filialleiter\/"},"comment_info":0,"_links":{"self":[{"href":"https:\/\/www.kern-unternehmensnachfolge.com\/en\/wp-json\/wp\/v2\/pages\/29790","targetHints":{"allow":["GET"]}}],"collection":[{"href":"https:\/\/www.kern-unternehmensnachfolge.com\/en\/wp-json\/wp\/v2\/pages"}],"about":[{"href":"https:\/\/www.kern-unternehmensnachfolge.com\/en\/wp-json\/wp\/v2\/types\/page"}],"author":[{"embeddable":true,"href":"https:\/\/www.kern-unternehmensnachfolge.com\/en\/wp-json\/wp\/v2\/users\/1"}],"replies":[{"embeddable":true,"href":"https:\/\/www.kern-unternehmensnachfolge.com\/en\/wp-json\/wp\/v2\/comments?post=29790"}],"version-history":[{"count":0,"href":"https:\/\/www.kern-unternehmensnachfolge.com\/en\/wp-json\/wp\/v2\/pages\/29790\/revisions"}],"up":[{"embeddable":true,"href":"https:\/\/www.kern-unternehmensnachfolge.com\/en\/wp-json\/wp\/v2\/pages\/27709"}],"wp:attachment":[{"href":"https:\/\/www.kern-unternehmensnachfolge.com\/en\/wp-json\/wp\/v2\/media?parent=29790"}],"curies":[{"name":"wp","href":"https:\/\/api.w.org\/{rel}","templated":true}]}}