{"id":22754,"date":"2022-05-10T08:27:33","date_gmt":"2022-05-10T06:27:33","guid":{"rendered":"https:\/\/great-kare.185-125-174-66.plesk.page\/?page_id=22754"},"modified":"2022-05-12T10:11:02","modified_gmt":"2022-05-12T08:11:02","slug":"mission-statement-2","status":"publish","type":"page","link":"https:\/\/www.kern-unternehmensnachfolge.com\/en\/investorenprofil\/","title":{"rendered":"Inves\u00adtor profile"},"content":{"rendered":"<h1>Ihr Inves\u00adto\u00adren\u00adpro\u00adfil. Der erste Auftritt entscheidet<\/h1>\n<p>Wie k\u00f6nnen Sie sich als m\u00f6gli\u00adcher K\u00e4ufer, strate\u00adgi\u00adscher Inves\u00adtor oder <span class=\"caps\">MBI<\/span> f\u00fcr ein Unter\u00adneh\u00admen optimal darstel\u00adlen? <strong>Mit Ihrem Investorenprofil.<\/strong><\/p>\n<p>Jeder Verk\u00e4u\u00adfer einer Firma m\u00f6chte wissen, wer sich f\u00fcr sein Unter\u00adneh\u00admen inter\u00ades\u00adsiert und was der Hinter\u00adgrund dieser Pers\u00f6n\u00adlich\u00adkeit oder Firma ist. Es geht um einen sehr pers\u00f6n\u00adli\u00adchen Eindruck. Um die erste Verbin\u00addung zu Ihnen \u2013 und um eine ausge\u00adwo\u00adge\u00adne Selbst\u00addar\u00adstel\u00adlung als Mensch und\/oder Unternehmen.<\/p>\n<p>Sie wollen zu den Kaufin\u00adter\u00ades\u00adsen\u00adten geh\u00f6ren, die f\u00fcr das Lebens\u00adwerk des Verk\u00e4u\u00adfers ernst\u00adhaft als poten\u00adti\u00adel\u00adler Nachfol\u00adger in Frage kommen. Und Sie wollen im Wettbe\u00adwerb mit anderen Kaufin\u00adter\u00ades\u00adsen\u00adten die Nase vorn haben. Deshalb bitten wir Sie um ein indivi\u00addu\u00adel\u00adles Inves\u00adto\u00adren\u00adpro\u00adfil. Egal ob Sie eine Firma sind oder eine Einzelperson.<\/p>\n<p>Ein Verk\u00e4u\u00adfer m\u00f6chte in wenigen S\u00e4tzen verste\u00adhen, warum Sie sich f\u00fcr sein Unter\u00adneh\u00admen inter\u00ades\u00adsie\u00adren und warum es konkret zu Ihnen passen k\u00f6nnte.<\/p>\n<p>Nachfol\u00adgend finden Sie ein Muster im Word-Format. Bitte lassen Sie Ihrer Phanta\u00adsie freien Lauf und zugleich sollten zwei Seiten im Umfang nicht \u00fcberschrit\u00adten werden. Entschei\u00adden Sie, was Sie unver\u00adwech\u00adsel\u00adbar macht und warum Sie der passen\u00adde Nachfol\u00adger (auch wenn eine Firma eine Firma kaufen m\u00f6chte) sein k\u00f6nnten.<\/p>\n<p>Die KERN-Vorla\u00adge f\u00fcr Ihr Inves\u00adto\u00adren\u00adpro\u00adfil ber\u00fcck\u00adsich\u00adtigt die wesent\u00adli\u00adchen Infor\u00adma\u00adtio\u00adnen \u2013 vom Kurzpro\u00adfil bis zu Ihrer Investmentvorstellung.<\/p>\n<h3 style=\"text-align: left;\">KERN-Vorla\u00adge f\u00fcr Ihr aussa\u00adge\u00adkr\u00e4f\u00adti\u00adges Investorenprofil<\/h3>\n<p><span><img decoding=\"async\" alt data-id=\"22868\" width=\"318\" data-init-width=\"595\" height=\"449\" data-init-height=\"841\" title=\"KERN investor profile template\" loading=\"lazy\" src=\"https:\/\/www.kern-unternehmensnachfolge.com\/wp-content\/uploads\/2022\/05\/KERN-investorenprofil-vorlage.jpg\" data-width=\"318\" data-height=\"449\" data-link-wrap=\"true\"><\/span><\/p>","protected":false},"excerpt":{"rendered":"<p>Ihr Investorenprofil. Der erste Auftritt entscheidet Wie k\u00f6nnen Sie sich als m\u00f6glicher K\u00e4ufer, strategischer Investor oder MBI f\u00fcr ein Unternehmen [&hellip;]<\/p>\n","protected":false},"author":1,"featured_media":0,"parent":0,"menu_order":0,"comment_status":"closed","ping_status":"closed","template":"","meta":{"wp_typography_post_enhancements_disabled":false,"_kad_blocks_custom_css":"","_kad_blocks_head_custom_js":"","_kad_blocks_body_custom_js":"","_kad_blocks_footer_custom_js":"","site-sidebar-layout":"no-sidebar","site-content-layout":"plain-container","ast-site-content-layout":"default","site-content-style":"default","site-sidebar-style":"default","ast-global-header-display":"","ast-banner-title-visibility":"","ast-main-header-display":"","ast-hfb-above-header-display":"","ast-hfb-below-header-display":"","ast-hfb-mobile-header-display":"","site-post-title":"disabled","ast-breadcrumbs-content":"","ast-featured-img":"disabled","footer-sml-layout":"","ast-disable-related-posts":"","theme-transparent-header-meta":"default","adv-header-id-meta":"","stick-header-meta":"default","header-above-stick-meta":"","header-main-stick-meta":"","header-below-stick-meta":"","astra-migrate-meta-layouts":"default","ast-page-background-enabled":"default","ast-page-background-meta":{"desktop":{"background-color":"","background-image":"","background-repeat":"repeat","background-position":"center center","background-size":"auto","background-attachment":"scroll","background-type":"","background-media":"","overlay-type":"","overlay-color":"","overlay-opacity":"","overlay-gradient":""},"tablet":{"background-color":"","background-image":"","background-repeat":"repeat","background-position":"center center","background-size":"auto","background-attachment":"scroll","background-type":"","background-media":"","overlay-type":"","overlay-color":"","overlay-opacity":"","overlay-gradient":""},"mobile":{"background-color":"","background-image":"","background-repeat":"repeat","background-position":"center center","background-size":"auto","background-attachment":"scroll","background-type":"","background-media":"","overlay-type":"","overlay-color":"","overlay-opacity":"","overlay-gradient":""}},"ast-content-background-meta":{"desktop":{"background-color":"var(--ast-global-color-5)","background-image":"","background-repeat":"repeat","background-position":"center center","background-size":"auto","background-attachment":"scroll","background-type":"","background-media":"","overlay-type":"","overlay-color":"","overlay-opacity":"","overlay-gradient":""},"tablet":{"background-color":"var(--ast-global-color-5)","background-image":"","background-repeat":"repeat","background-position":"center center","background-size":"auto","background-attachment":"scroll","background-type":"","background-media":"","overlay-type":"","overlay-color":"","overlay-opacity":"","overlay-gradient":""},"mobile":{"background-color":"var(--ast-global-color-5)","background-image":"","background-repeat":"repeat","background-position":"center center","background-size":"auto","background-attachment":"scroll","background-type":"","background-media":"","overlay-type":"","overlay-color":"","overlay-opacity":"","overlay-gradient":""}},"iawp_total_views":230,"footnotes":"","tve_updated_post":"<div class=\"thrv_wrapper thrv-page-section tcb-window-width\" style=\"\" data-css=\"tve-u-16482907d10\">\n<div class=\"tve-page-section-out\" data-css=\"tve-u-16482907d11\"><\/div>\n<div class=\"tve-page-section-in tve_empty_dropzone\" data-css=\"tve-u-16482907d0e\"><div class=\"tcb-clear\" data-css=\"tve-u-16482907d0d\"><div class=\"thrv_wrapper thrv_text_element\" data-tag=\"h1\" data-css=\"tve-u-16482907d0f\"><h1 class=\"\" data-css=\"tve-u-165205ff096\">Ihr Investorenprofil. Der erste Auftritt entscheidet<\/h1><\/div><\/div><\/div>\n<\/div><div class=\"thrv_wrapper thrv-page-section tcb-window-width\" style=\"\" data-css=\"tve-u-1648292109c\">\n<div class=\"tve-page-section-out\" data-css=\"tve-u-1648292109b\"><\/div>\n<div class=\"tve-page-section-in tve_empty_dropzone\" data-css=\"tve-u-1648292109d\"><div class=\"thrv_wrapper thrv-columns\" style=\"--tcb-col-el-width:1080;\"><div class=\"tcb-flex-row tcb-resized tcb--cols--2\" data-css=\"tve-u-1648299be4f\"><div class=\"tcb-flex-col\" data-css=\"tve-u-180b730f398\" style=\"\"><div class=\"tcb-col\"><div class=\"thrv_wrapper thrv_text_element tve_empty_dropzone\" style=\"\" data-css=\"tve-u-16339520431\" data-float=\"1\"><p>Wie k\u00f6nnen Sie sich als m\u00f6glicher K\u00e4ufer, strategischer Investor oder MBI f\u00fcr ein Unternehmen optimal darstellen? <strong>Mit Ihrem Investorenprofil.<\/strong><\/p><p>Jeder Verk\u00e4ufer einer Firma m\u00f6chte wissen, wer sich f\u00fcr sein Unternehmen interessiert und was der Hintergrund dieser Pers\u00f6nlichkeit oder Firma ist. Es geht um einen sehr pers\u00f6nlichen Eindruck. Um die erste Verbindung zu Ihnen \u2013 und um eine ausgewogene Selbstdarstellung als Mensch und\/oder Unternehmen.<\/p><p>Sie wollen zu den Kaufinteressenten geh\u00f6ren, die f\u00fcr das Lebenswerk des Verk\u00e4ufers ernsthaft als potentieller Nachfolger in Frage kommen. Und Sie wollen im Wettbewerb mit anderen Kaufinteressenten die Nase vorn haben. Deshalb bitten wir Sie um ein individuelles Investorenprofil. Egal ob Sie eine Firma sind oder eine Einzelperson.<\/p><p>Ein Verk\u00e4ufer m\u00f6chte in wenigen S\u00e4tzen verstehen, warum Sie sich f\u00fcr sein Unternehmen interessieren und warum es konkret zu Ihnen passen k\u00f6nnte.<\/p><p>Nachfolgend finden Sie ein Muster im Word-Format. Bitte lassen Sie Ihrer Phantasie freien Lauf und zugleich sollten zwei Seiten im Umfang nicht \u00fcberschritten werden. Entscheiden Sie, was Sie unverwechselbar macht und warum Sie der passende Nachfolger (auch wenn eine Firma eine Firma kaufen m\u00f6chte) sein k\u00f6nnten.<\/p><p>Die KERN-Vorlage f\u00fcr Ihr Investorenprofil ber\u00fccksichtigt die wesentlichen Informationen \u2013 vom Kurzprofil bis zu Ihrer Investmentvorstellung.<\/p><\/div><\/div><\/div><div class=\"tcb-flex-col\" data-css=\"tve-u-180acace603\" style=\"\"><div class=\"tcb-col\"><div class=\"thrv_wrapper thrv_contentbox_shortcode thrv-content-box\" data-css=\"tve-u-164829210a0\">\n<div class=\"tve-content-box-background\" data-css=\"tve-u-164829210a7\"><\/div>\n<div class=\"tve-cb tve_empty_dropzone\" data-css=\"tve-u-164829434a1\"><div class=\"thrv_wrapper thrv_text_element tve_empty_dropzone\" style=\"\" data-css=\"tve-u-16339520431\" data-float=\"1\" data-tag=\"h3\"><h3 class=\"\" data-css=\"tve-u-1648297ebd9\" style=\"text-align: left;\">KERN-Vorlage f\u00fcr Ihr aussagekr\u00e4ftiges Investorenprofil<\/h3><\/div><div class=\"thrv_wrapper thrv-button\" data-css=\"tve-u-180b7303180\" data-tcb_hover_state_parent=\"\" data-button-style=\"rounded\" style=\"\">\n<a href=\"https:\/\/www.kern-unternehmensnachfolge.com\/wp-content\/uploads\/2022\/05\/Muster-KERN-Investorenprofil-03.2022.docx\" class=\"tcb-button-link\" target=\"_blank\">\n<span class=\"tcb-button-texts\"><span class=\"tcb-button-text thrv-inline-text\" data-css=\"tve-u-180b7303184\">Download Word-Vorlage &gt;<\/span><\/span>\n<\/a>\n<\/div><div class=\"thrv_wrapper tve_image_caption tve_ea_thrive_zoom\" data-css=\"tve-u-180b72b042b\" style=\"\"><span class=\"tve_image_frame\"><img class=\"tve_image wp-image-22868 tve_evt_manager_listen tve_et_click\" alt=\"\" data-id=\"22868\" width=\"318\" data-init-width=\"595\" height=\"449\" data-init-height=\"841\" title=\"KERN-investorenprofil-vorlage\" loading=\"lazy\" src=\"https:\/\/www.kern-unternehmensnachfolge.com\/wp-content\/uploads\/2022\/05\/KERN-investorenprofil-vorlage.jpg\" data-width=\"318\" data-height=\"449\" data-css=\"tve-u-180b730e9d3\" data-link-wrap=\"true\" data-tcb-events=\"__TCB_EVENT_[{&quot;t&quot;:&quot;click&quot;,&quot;a&quot;:&quot;thrive_zoom&quot;,&quot;config&quot;:{&quot;id&quot;:&quot;22868&quot;,&quot;size&quot;:&quot;full&quot;}}]_TNEVE_BCT__\"><\/span><\/div><\/div>\n<\/div><\/div><\/div><\/div><\/div><\/div>\n<\/div>","tve_custom_css":"@media (min-width: 300px){[data-css=\"tve-u-1648299be4f\"] { margin-left: -30px; }[data-css=\"tve-u-1648299be4f\"] > .tcb-flex-col { padding-left: 30px; }:not(#tve) [data-css=\"tve-u-1648297ebd9\"] { color: rgb(0, 115, 198) !important; padding-bottom: 0px !important; margin-bottom: 0px !important; }[data-css=\"tve-u-16482907d0d\"]::after { clear: both; }[data-css=\"tve-u-16482907d0e\"] { max-width: 1080px; min-height: 180px !important; }[data-css=\"tve-u-16482907d0f\"] { max-width: 730px; float: left; z-index: 3; position: relative; width: 100%; margin-bottom: 0px !important; margin-left: auto !important; margin-right: auto !important; }[data-css=\"tve-u-16482907d10\"] .tve-page-section-in { display: flex; justify-content: center; flex-direction: column; }[data-css=\"tve-u-16482907d10\"] { border: medium none; margin-top: -60px !important; padding: 50px 10px 40px !important; }[data-css=\"tve-u-16482907d11\"] { box-shadow: rgba(0, 0, 0, 0.2) 0px 3px 10px inset; background-image: linear-gradient(rgba(0, 115, 198, 0.6), rgba(0, 115, 198, 0.6)), url(\"https:\/\/www.kern-unternehmensnachfolge.com\/wp-content\/uploads\/2018\/06\/coins-948603_1280-1.jpg\") !important; background-size: auto, cover !important; background-attachment: scroll, fixed !important; --background-image: linear-gradient(rgba(0,115,198,0.6),rgba(0,115,198,0.6)),url(\"https:\/\/www.kern-unternehmensnachfolge.com\/wp-content\/uploads\/2018\/06\/coins-948603_1280-1.jpg\") !important; --background-size: auto,cover !important; --background-position: 50% 50%,50% 100% !important; --background-attachment: scroll,fixed !important; --background-repeat: no-repeat,no-repeat !important; --tve-applied-background-image: linear-gradient(rgba(0,115,198,0.6),rgba(0,115,198,0.6)),url(\"https:\/\/www.kern-unternehmensnachfolge.com\/wp-content\/uploads\/2018\/06\/coins-948603_1280-1.jpg\") !important; background-position: 50% 50%, 50% 100% !important; background-repeat: no-repeat, no-repeat !important; }[data-css=\"tve-u-1648292109b\"] { background-color: rgb(255, 255, 255) !important; }[data-css=\"tve-u-1648292109c\"] { padding: 50px 10px 70px !important; }[data-css=\"tve-u-1648292109d\"] { max-width: 1080px; }[data-css=\"tve-u-164829210a0\"] { padding: 20px !important; margin-bottom: 0px !important; margin-top: 0px !important; }[data-css=\"tve-u-164829210a7\"] { background-color: rgb(248, 248, 248) !important; }[data-css=\"tve-u-164829434a1\"] { min-height: 1px; }:not(#tve) [data-css=\"tve-u-165205ff096\"] { color: rgb(246, 247, 249) !important; }[data-css=\"tve-u-180acace603\"] { max-width: 35%; }[data-css=\"tve-u-180b72b042b\"] { width: 318px; }:not(#tve) [data-css=\"tve-u-180b7303180\"] .tcb-button-link span { color: rgb(17, 17, 17); }:not(#tve) [data-css=\"tve-u-180b7303180\"]:hover .tcb-button-link { border: 1px solid rgb(17, 17, 17) !important; background-color: rgb(240, 187, 55) !important; background-image: linear-gradient(360deg, rgba(0, 0, 0, 0.35) 0%, rgba(0, 0, 0, 0) 47%) !important; background-size: auto !important; background-attachment: scroll !important; background-position: 0px 0px !important; background-repeat: no-repeat no-repeat !important; }[data-css=\"tve-u-180b7303180\"] { display: block; max-width: 100%; width: 100%; }[data-css=\"tve-u-180b7303180\"] .tcb-button-link { min-height: 54.7619px; font-size: 1.33333em; padding-top: 0px; padding-bottom: 0px; overflow: hidden; border-radius: 8px; border: 1px solid rgb(17, 17, 17); background-image: linear-gradient(360deg, rgba(0, 0, 0, 0.247) 0%, rgba(0, 0, 0, 0) 47%) !important; background-color: rgb(240, 193, 75) !important; background-size: auto !important; background-attachment: scroll !important; background-position: 50% 50% !important; background-repeat: no-repeat no-repeat !important; }:not(#tve) [data-css=\"tve-u-180b7303184\"] { color: rgb(17, 17, 17) !important; }[data-css=\"tve-u-180b730f398\"] { max-width: 65%; }}","tve_user_custom_css":"","tve_globals":{"e":"1","font_cls":[]},"tcb2_ready":1,"tcb_editor_enabled":1,"tve_landing_page":"","_tve_header":"0","_tve_footer":"0"},"class_list":["post-22754","page","type-page","status-publish","hentry"],"taxonomy_info":[],"featured_image_src_large":false,"author_info":{"display_name":"filialleiter","author_link":"https:\/\/www.kern-unternehmensnachfolge.com\/en\/author\/filialleiter\/"},"comment_info":0,"_links":{"self":[{"href":"https:\/\/www.kern-unternehmensnachfolge.com\/en\/wp-json\/wp\/v2\/pages\/22754","targetHints":{"allow":["GET"]}}],"collection":[{"href":"https:\/\/www.kern-unternehmensnachfolge.com\/en\/wp-json\/wp\/v2\/pages"}],"about":[{"href":"https:\/\/www.kern-unternehmensnachfolge.com\/en\/wp-json\/wp\/v2\/types\/page"}],"author":[{"embeddable":true,"href":"https:\/\/www.kern-unternehmensnachfolge.com\/en\/wp-json\/wp\/v2\/users\/1"}],"replies":[{"embeddable":true,"href":"https:\/\/www.kern-unternehmensnachfolge.com\/en\/wp-json\/wp\/v2\/comments?post=22754"}],"version-history":[{"count":0,"href":"https:\/\/www.kern-unternehmensnachfolge.com\/en\/wp-json\/wp\/v2\/pages\/22754\/revisions"}],"wp:attachment":[{"href":"https:\/\/www.kern-unternehmensnachfolge.com\/en\/wp-json\/wp\/v2\/media?parent=22754"}],"curies":[{"name":"wp","href":"https:\/\/api.w.org\/{rel}","templated":true}]}}