{"id":16299,"date":"2021-02-05T12:58:19","date_gmt":"2021-02-05T11:58:19","guid":{"rendered":"https:\/\/great-kare.185-125-174-66.plesk.page\/?page_id=16299"},"modified":"2021-02-05T13:18:32","modified_gmt":"2021-02-05T12:18:32","slug":"calculator-data-sent","status":"publish","type":"page","link":"https:\/\/www.kern-unternehmensnachfolge.com\/en\/kalkulator-daten-gesendet\/","title":{"rendered":"Calcu\u00adla\u00adtor Thanks Enter\u00adpri\u00adse&nbsp;Value"},"content":{"rendered":"<h1>Vielen Dank f\u00fcr Ihre Teilnah\u00adme an dem Unternehmenswert-Rechner!<\/h1>\n<h3 style>You will recei\u00adve your evalua\u00adti\u00adon in a few minutes.<\/h3>\n<h3 style>In der Zwischen\u00adzeit empfeh\u00adlen wir Ihnen unser Online-Seminar Unter\u00adneh\u00admens\u00adbe\u00adwer\u00adtung, an dem Sie kosten\u00adlos teilneh\u00admen k\u00f6nnen.<\/h3>\n<p><span style=\"width: 100%;\"><img decoding=\"async\" alt width=\"800\" height=\"450\" title=\"KERN webinars\" data-id=\"4807\" src=\"https:\/\/www.kern-unternehmensnachfolge.com\/wp-content\/uploads\/2018\/12\/KERN-Webinare.png\" style loading=\"lazy\" data-width=\"800\" data-height=\"450\" data-init-width=\"1280\" data-init-height=\"720\"><\/span><\/p>\n<h4 style=\"text-align: center;\">F\u00fcr K\u00e4ufer und Verk\u00e4u\u00adfer: Optima\u00adle Ergeb\u00adnis\u00adse f\u00fcr einen Kaufpreis \u2013 Inves\u00adtie\u00adren und verkau\u00adfen zum besten Preis.&nbsp;<\/h4>","protected":false},"excerpt":{"rendered":"<p>Vielen Dank f\u00fcr Ihre Teilnahme an dem Unternehmenswert-Rechner! In wenigen Minuten erhalten Sie Ihre Auswertung. In der Zwischenzeit empfehlen wir [&hellip;]<\/p>\n","protected":false},"author":1,"featured_media":4545,"parent":0,"menu_order":0,"comment_status":"closed","ping_status":"closed","template":"","meta":{"wp_typography_post_enhancements_disabled":false,"_kad_blocks_custom_css":"","_kad_blocks_head_custom_js":"","_kad_blocks_body_custom_js":"","_kad_blocks_footer_custom_js":"","site-sidebar-layout":"no-sidebar","site-content-layout":"plain-container","ast-site-content-layout":"default","site-content-style":"default","site-sidebar-style":"default","ast-global-header-display":"","ast-banner-title-visibility":"","ast-main-header-display":"","ast-hfb-above-header-display":"","ast-hfb-below-header-display":"","ast-hfb-mobile-header-display":"","site-post-title":"disabled","ast-breadcrumbs-content":"","ast-featured-img":"disabled","footer-sml-layout":"","ast-disable-related-posts":"","theme-transparent-header-meta":"","adv-header-id-meta":"","stick-header-meta":"default","header-above-stick-meta":"","header-main-stick-meta":"","header-below-stick-meta":"","astra-migrate-meta-layouts":"default","ast-page-background-enabled":"default","ast-page-background-meta":{"desktop":{"background-color":"","background-image":"","background-repeat":"repeat","background-position":"center center","background-size":"auto","background-attachment":"scroll","background-type":"","background-media":"","overlay-type":"","overlay-color":"","overlay-opacity":"","overlay-gradient":""},"tablet":{"background-color":"","background-image":"","background-repeat":"repeat","background-position":"center center","background-size":"auto","background-attachment":"scroll","background-type":"","background-media":"","overlay-type":"","overlay-color":"","overlay-opacity":"","overlay-gradient":""},"mobile":{"background-color":"","background-image":"","background-repeat":"repeat","background-position":"center center","background-size":"auto","background-attachment":"scroll","background-type":"","background-media":"","overlay-type":"","overlay-color":"","overlay-opacity":"","overlay-gradient":""}},"ast-content-background-meta":{"desktop":{"background-color":"var(--ast-global-color-5)","background-image":"","background-repeat":"repeat","background-position":"center center","background-size":"auto","background-attachment":"scroll","background-type":"","background-media":"","overlay-type":"","overlay-color":"","overlay-opacity":"","overlay-gradient":""},"tablet":{"background-color":"var(--ast-global-color-5)","background-image":"","background-repeat":"repeat","background-position":"center center","background-size":"auto","background-attachment":"scroll","background-type":"","background-media":"","overlay-type":"","overlay-color":"","overlay-opacity":"","overlay-gradient":""},"mobile":{"background-color":"var(--ast-global-color-5)","background-image":"","background-repeat":"repeat","background-position":"center center","background-size":"auto","background-attachment":"scroll","background-type":"","background-media":"","overlay-type":"","overlay-color":"","overlay-opacity":"","overlay-gradient":""}},"iawp_total_views":0,"footnotes":"","tve_updated_post":"<div class=\"thrv_wrapper thrv-page-section tcb-window-width\" style=\"width: 1140px; left: -20px;\" data-css=\"tve-u-16482907d10\">\n<div class=\"tve-page-section-out\" data-css=\"tve-u-16482907d11\"><\/div>\n<div class=\"tve-page-section-in tve_empty_dropzone\" data-css=\"tve-u-16482907d0e\"><div class=\"thrv_wrapper thrv-columns\" style=\"\" data-css=\"tve-u-177721c5f1c\"><div class=\"tcb-flex-row tcb--cols--1\" data-css=\"tve-u-177721c62d1\" style=\"\"><div class=\"tcb-flex-col\"><div class=\"tcb-col\"><div class=\"tcb-clear\" data-css=\"tve-u-16482907d0d\"><div class=\"thrv_wrapper thrv_text_element\" data-tag=\"h1\" data-css=\"tve-u-16482907d0f\"><h1 class=\"\" data-css=\"tve-u-165206bb4e8\"><font style=\"vertical-align: inherit;\"><font style=\"vertical-align: inherit;\"><font style=\"vertical-align: inherit;\"><font style=\"vertical-align: inherit;\"><font style=\"vertical-align: inherit;\"><font style=\"vertical-align: inherit;\">Vielen Dank f\u00fcr Ihre Teilnahme an dem Unternehmenswert-Rechner!<\/font><\/font><\/font><\/font><\/font><\/font><font style=\"vertical-align: inherit;\"><font style=\"vertical-align: inherit;\"><font style=\"vertical-align: inherit;\"><font style=\"vertical-align: inherit;\"><font style=\"vertical-align: inherit;\"><font style=\"vertical-align: inherit;\"><\/font><\/font><\/font><\/font><\/font><\/font><\/h1><\/div><\/div><\/div><\/div><\/div><\/div><div class=\"thrv_wrapper thrv-columns\" style=\"\" data-css=\"tve-u-177721c8714\"><div class=\"tcb-flex-row tcb--cols--1\" data-css=\"tve-u-177721c89b8\" style=\"\"><div class=\"tcb-flex-col\"><div class=\"tcb-col\"><div class=\"tcb-clear\" data-css=\"tve-u-16482907d0d\"><div class=\"thrv_wrapper thrv_text_element\" data-tag=\"h1\" data-css=\"tve-u-16482907d0f\"><h3 class=\"\" data-css=\"tve-u-177721c1a25\" style=\"\"><font style=\"vertical-align: inherit;\"><font style=\"vertical-align: inherit;\"><font style=\"vertical-align: inherit;\"><font style=\"vertical-align: inherit;\"><font style=\"vertical-align: inherit;\"><font style=\"vertical-align: inherit;\">In wenigen Minuten erhalten Sie Ihre Auswertung.<\/font><\/font><\/font><\/font><\/font><\/font><\/h3><h3 class=\"\" data-css=\"tve-u-177721c1a25\" style=\"\"><font style=\"vertical-align: inherit;\"><font style=\"vertical-align: inherit;\"><font style=\"vertical-align: inherit;\"><font style=\"vertical-align: inherit;\"><font style=\"vertical-align: inherit;\"><font style=\"vertical-align: inherit;\">In der Zwischenzeit empfehlen wir Ihnen unser Online-Seminar Unternehmensbewertung, an dem Sie kostenlos teilnehmen k\u00f6nnen.<\/font><\/font><\/font><\/font><\/font><\/font><\/h3><\/div><\/div><\/div><\/div><\/div><\/div><\/div>\n<\/div><div class=\"thrv_wrapper thrv-page-section tcb-window-width\" style=\"width: 1140px; left: -20px;\" data-css=\"tve-u-1658d92f282\">\n<div class=\"tve-page-section-out\" data-css=\"tve-u-1658d928199\"><\/div>\n<div class=\"tve-page-section-in tve_empty_dropzone\" data-css=\"tve-u-1648292109d\" style=\"\"><div class=\"thrv_wrapper thrv-columns\" data-css=\"tve-u-166a1068539\"><div class=\"tcb-flex-row tcb--cols--1\" data-css=\"tve-u-166a10b79c2\"><div class=\"tcb-flex-col\"><div class=\"tcb-col\"><div class=\"thrv_wrapper tve_image_caption img_style_lifted_style1\" data-css=\"tve-u-166a104cc4b\" style=\"\"><span class=\"tve_image_frame\" style=\"width: 100%;\"><img class=\"tve_image wp-image-4807\" alt=\"\" width=\"800\" height=\"450\" title=\"KERN-Webinare\" data-id=\"4807\" src=\"https:\/\/www.kern-unternehmensnachfolge.com\/wp-content\/uploads\/2018\/12\/KERN-Webinare.png\" style=\"\" loading=\"lazy\" data-width=\"800\" data-height=\"450\" data-init-width=\"1280\" data-init-height=\"720\" data-css=\"tve-u-177721d7c87\"><\/span><\/div><div class=\"thrv_wrapper thrv_text_element tve_empty_dropzone\" style=\"\" data-css=\"tve-u-16339520431\" data-float=\"1\"><h4 class=\"\" style=\"text-align: center;\"><font style=\"vertical-align: inherit;\"><font style=\"vertical-align: inherit;\"><font style=\"vertical-align: inherit;\"><font style=\"vertical-align: inherit;\"><font style=\"vertical-align: inherit;\"><font style=\"vertical-align: inherit;\">F\u00fcr K\u00e4ufer und Verk\u00e4ufer: Optimale Ergebnisse f\u00fcr einen Kaufpreis - Investieren und verkaufen zum besten Preis.&nbsp;<\/font><\/font><\/font><\/font><\/font><\/font>&nbsp;<\/h4><\/div><div class=\"thrv_wrapper thrv-button\" data-css=\"tve-u-17588745307\" data-button-style=\"tcb-saved-button-template-9\">\n<a href=\"https:\/\/webinaris.co\/customer\/seminar\/8235_was_ist__m_eine_firma_wirklich_wert__die_7_teuersten_fehler_beim_unternehmenswert\/13382\/8235.html\" class=\"tcb-button-link\" rel=\"nofollow\" target=\"_blank\">\n<span class=\"tcb-button-texts\"><span class=\"tcb-button-text thrv-inline-text\" data-css=\"tve-u-166a109fcc8\"><font style=\"vertical-align: inherit;\"><font style=\"vertical-align: inherit;\"><font style=\"vertical-align: inherit;\"><font style=\"vertical-align: inherit;\"><font style=\"vertical-align: inherit;\"><font style=\"vertical-align: inherit;\">Zum Online-Seminar Unternehmensbewertung<\/font><\/font><\/font><\/font><\/font><\/font><\/span><\/span>\n<\/a>\n<\/div><\/div><\/div><\/div><\/div><\/div>\n<\/div>","tve_custom_css":"@media (min-width: 300px){[data-css=\"tve-u-16482907d0d\"]::after { clear: both; }[data-css=\"tve-u-16482907d0e\"] { max-width: 1080px; min-height: 180px !important; }[data-css=\"tve-u-16482907d0f\"] { max-width: 100%; float: left; z-index: 3; position: relative; width: 100%; margin-bottom: 0px !important; margin-left: auto !important; margin-right: auto !important; }[data-css=\"tve-u-16482907d10\"] .tve-page-section-in { display: flex; justify-content: center; flex-direction: column; }[data-css=\"tve-u-16482907d10\"] { border: none; margin-top: -60px !important; padding: 50px 10px 40px !important; }[data-css=\"tve-u-16482907d11\"] { box-shadow: rgba(0, 0, 0, 0.2) 0px 3px 10px inset; background-image: linear-gradient(rgb(0, 115, 198), rgb(0, 115, 198)) !important; background-size: auto !important; background-attachment: scroll !important; background-position: 50% 50% !important; background-repeat: no-repeat !important; }[data-css=\"tve-u-1648292109d\"] { max-width: 1062px; }:not(#tve) [data-css=\"tve-u-165206bb4e8\"] { color: rgb(246, 247, 249) !important; }[data-css=\"tve-u-1658d928199\"] { background-color: rgb(248, 248, 248) !important; }[data-css=\"tve-u-1658d92f282\"] { padding: 50px 10px !important; }[data-css=\"tve-u-166a104cc4b\"] { width: 100%; float: none; z-index: 3; position: relative; --tve-alignment:center; margin-top: 0px !important; margin-left: auto !important; margin-right: auto !important; }[data-css=\"tve-u-166a1068539\"] { margin-bottom: 20px !important; }:not(#tve) [data-css=\"tve-u-166a109fcc8\"] { color: rgb(17, 17, 17) !important; }[data-css=\"tve-u-166a10b79c2\"] { margin-left: -25px; padding-bottom: 0px !important; padding-top: 0px !important; }[data-css=\"tve-u-166a10b79c2\"] > .tcb-flex-col { padding-left: 25px; }:not(#tve) [data-css=\"tve-u-17588745307\"] .tcb-button-link span { color: rgb(17, 17, 17); }:not(#tve) [data-css=\"tve-u-17588745307\"]:hover .tcb-button-link { border: 1px solid rgb(17, 17, 17) !important; background-color: rgb(240, 187, 55) !important; background-image: linear-gradient(360deg, rgba(0, 0, 0, 0.35) 0%, rgba(0, 0, 0, 0) 47%) !important; background-size: auto !important; background-attachment: scroll !important; background-position: 0px 0px !important; background-repeat: no-repeat !important; }[data-css=\"tve-u-17588745307\"] { display: block; max-width: 390px; width: 390px; margin-top: 0px !important; min-width: 100% !important; }[data-css=\"tve-u-17588745307\"] .tcb-button-link { min-height: 54.7619px; font-size: 1.33333em; padding-top: 0px; padding-bottom: 0px; overflow: hidden; border-radius: 8px; border: 1px solid rgb(17, 17, 17); background-image: linear-gradient(360deg, rgba(0, 0, 0, 0.247) 0%, rgba(0, 0, 0, 0) 47%) !important; background-color: rgb(240, 193, 75) !important; background-size: auto !important; background-attachment: scroll !important; background-position: 50% 50% !important; background-repeat: no-repeat !important; }:not(#tve) [data-css=\"tve-u-177721c1a25\"] { color: var(--tcb-color-0)  !important; --tcb-applied-color:var$(--tcb-color-0)  !important; --tve-applied-color:var$(--tcb-color-0)  !important; font-size: 28px !important; }[data-css=\"tve-u-177721c5f1c\"] { margin-bottom: 1px !important; }[data-css=\"tve-u-177721c62d1\"] { padding-bottom: 0px !important; }[data-css=\"tve-u-177721c8714\"] { margin-top: 0px !important; }[data-css=\"tve-u-177721c89b8\"] { padding-top: 0px !important; }[data-css=\"tve-u-1658d92f282\"] .tve-page-section-in { display: block; }}","tve_user_custom_css":"","tve_globals":{"e":"1","font_cls":[]},"tcb2_ready":1,"tcb_editor_enabled":1,"tve_landing_page":"","_tve_header":"0","_tve_footer":"0"},"class_list":["post-16299","page","type-page","status-publish","has-post-thumbnail","hentry"],"taxonomy_info":[],"featured_image_src_large":["https:\/\/www.kern-unternehmensnachfolge.com\/wp-content\/uploads\/2018\/11\/KERN-Webinare-1024x576.jpg",1024,576,true],"author_info":{"display_name":"filialleiter","author_link":"https:\/\/www.kern-unternehmensnachfolge.com\/en\/author\/filialleiter\/"},"comment_info":0,"_links":{"self":[{"href":"https:\/\/www.kern-unternehmensnachfolge.com\/en\/wp-json\/wp\/v2\/pages\/16299","targetHints":{"allow":["GET"]}}],"collection":[{"href":"https:\/\/www.kern-unternehmensnachfolge.com\/en\/wp-json\/wp\/v2\/pages"}],"about":[{"href":"https:\/\/www.kern-unternehmensnachfolge.com\/en\/wp-json\/wp\/v2\/types\/page"}],"author":[{"embeddable":true,"href":"https:\/\/www.kern-unternehmensnachfolge.com\/en\/wp-json\/wp\/v2\/users\/1"}],"replies":[{"embeddable":true,"href":"https:\/\/www.kern-unternehmensnachfolge.com\/en\/wp-json\/wp\/v2\/comments?post=16299"}],"version-history":[{"count":0,"href":"https:\/\/www.kern-unternehmensnachfolge.com\/en\/wp-json\/wp\/v2\/pages\/16299\/revisions"}],"wp:featuredmedia":[{"embeddable":true,"href":"https:\/\/www.kern-unternehmensnachfolge.com\/en\/wp-json\/wp\/v2\/media\/4545"}],"wp:attachment":[{"href":"https:\/\/www.kern-unternehmensnachfolge.com\/en\/wp-json\/wp\/v2\/media?parent=16299"}],"curies":[{"name":"wp","href":"https:\/\/api.w.org\/{rel}","templated":true}]}}